{"id":9714,"date":"2020-09-02T12:51:51","date_gmt":"2020-09-02T09:51:51","guid":{"rendered":"https:\/\/suomenash.upcloud-1.web-veistamo.fi\/?page_id=9714"},"modified":"2024-03-26T09:53:38","modified_gmt":"2024-03-26T07:53:38","slug":"tobaken-strider-mot-barnens-rattigheter-i-finland-an-idag","status":"publish","type":"page","link":"https:\/\/suomenash.fi\/sv\/fakta-om-tobak\/tobaken-strider-mot-barnens-rattigheter-i-finland-an-idag\/","title":{"rendered":"Tobaken strider mot barnens r\u00e4ttigheter i Finland \u2013 \u00e4n idag"},"content":{"rendered":"\n<div class=\"main-and-sidebar-container\">\n<div class=\"main-content\">\n<h1 class=\"page-title\">\n                        Tobaken strider mot barnens r\u00e4ttigheter i Finland \u2013 \u00e4n idag                    <\/h1>\n<p>                    PRESSMEDDELANDE 1.9.2020<\/p>\n<p><strong>Konventionen om barnets r\u00e4ttigheter tr\u00e4dde i kraft f\u00f6r 30 \u00e5r sedan, men det fortfarande brister i efterlevnaden av konventionen i Finland. Konventionen f\u00f6rpliktar dem som undertecknat den att se till att barn inte uts\u00e4tts f\u00f6r marknadsf\u00f6ring av tobak och f\u00f6r tobaksr\u00f6k. <\/strong><\/p>\n<p>ASH Finland p\u00e5minner beslutsfattarna om att de b\u00e4r ansvar f\u00f6r att barnens r\u00e4ttigheter skyddas. Fortfarande uts\u00e4tts barn f\u00f6r tobaksr\u00f6k i milj\u00f6n, t.ex. i lekparker och p\u00e5 badstr\u00e4nder. Dessutom har det blivit vanligt att cigarrettaskar anv\u00e4nds f\u00f6r marknadsf\u00f6ring av tobaksbolagen.<\/p>\n<p>\u201dOm Finland verkligen vill f\u00f6lja den konvention som landet sj\u00e4lvt ratificerat, ska alla medel som leder till minskad r\u00f6kning tas i bruk. Lekparker och badstr\u00e4nder ska vara r\u00f6kfria. Alla reklamelement ska tas bort fr\u00e5n cigarrettaskarna, och f\u00f6rpackningarna ska vara enhetliga, enf\u00e4rgade och inneh\u00e5lla endast h\u00e4lsovarningar. Det \u00e4r beslutsfattarna som har makt och ansvar i fr\u00e5gan\u201d, konstaterar Mervi Hara, verksamhetsledare f\u00f6r ASH Finland.<\/p>\n<p>Konventionen om barnets r\u00e4ttigheter \u00e4r den m\u00e4nniskor\u00e4ttskonvention som ratificerats av de flesta l\u00e4nderna i hela v\u00e4rlden. Julia Kuokkanen, sakkunnig vid Centralf\u00f6rbundet f\u00f6r Barnskydd, po\u00e4ngterar att konventionen binder undertecknarl\u00e4nderna, ocks\u00e5 Finland.<\/p>\n<p>\u201dEnligt konventionen ska barnets b\u00e4sta beaktas i allt beslutsfattande. Hos oss b\u00f6r barnets r\u00e4ttigheter till h\u00e4lsa befr\u00e4mjas t.ex. genom att vi motarbetar oj\u00e4mlikhet och satsar p\u00e5 f\u00f6rebyggande folkh\u00e4lsoarbete\u201d, konstaterar Julia Kuokkanen.<\/p>\n<h2>Ett r\u00f6kfritt Finland f\u00f6r barnets b\u00e4sta<\/h2>\n<p>Enligt Mervi Hara kan Finland skydda barnets r\u00e4ttigheter till ett tobaksfritt liv p\u00e5 m\u00e5nga s\u00e4tt.<\/p>\n<p>\u201dVi kan se till att barnen inte uts\u00e4tts f\u00f6r tobaksr\u00f6k genom att minska konsumtionen av tobaksvaror \u00f6verlag. Samtidigt minskar barnens modellinl\u00e4rning. Cigaretter kan inte utbytas mot nikotinprodukter, eftersom nikotin \u00e4r skadligt f\u00f6r barnens h\u00e4lsa. Ett r\u00f6kfritt och nikotinfritt Finland \u00e4r det b\u00e4sta f\u00f6r barnen.\u201d<\/p>\n<p>\u201dEnligt konventionen har barnet r\u00e4tt att f\u00e5 njuta av det b\u00e4sta m\u00f6jliga h\u00e4lsotillst\u00e5ndet. Om modern exempelvis r\u00f6ker under graviditeten, \u00e4ventyras barnets h\u00e4lsa och liv redan innan barnet f\u00f6tts. H\u00e4r kunde l\u00f6sningen vara t.ex. utvidgade r\u00f6kfria zoner och kostnadsfritt st\u00f6d f\u00f6r r\u00f6kfrihet f\u00f6r b\u00e5da f\u00f6r\u00e4ldrarna.\u201d<\/p>\n<p>Enligt konventionen har barnet r\u00e4tt till tillr\u00e4cklig levnadsstandard. I u-l\u00e4nderna \u00e4r denna r\u00e4ttighet mer kritisk \u00e4n hos oss, men tobaken inverkar p\u00e5 barnets levnadsf\u00f6rh\u00e5llanden ocks\u00e5 hos oss i Finland. Om f\u00f6r\u00e4ldrarna r\u00f6ker, avspeglas detta p\u00e5 m\u00e5nga s\u00e4tt i barnets liv. Och vidare \u2013 f\u00f6ljderna av eventuella tobaksrelaterade sjukdomar ber\u00f6r inte v\u00e4lbefinnandet f\u00f6r bara en familj utan v\u00e4lbefinnandet i hela landet och d\u00e4rigenom landets ekonomi. Internationellt trampas barnets r\u00e4ttigheter bl.a. genom barnarbetskraft som anv\u00e4nds p\u00e5 tobaksodlingar.<\/p>\n<p>ASH Finland har alldeles nyligen utgett n\u00e4tpublikationen <a href=\"https:\/\/suomenash.fi\/wp-content\/uploads\/2020\/08\/Raportti-Tupakka-ja-lapsen-oikeudet-Final.pdf\">Tupakka ja lapsen oikeudet<\/a> (Tobaken och barnets r\u00e4ttigheter) som redog\u00f6r ing\u00e5ende f\u00f6r hur tobaken p\u00e5verkar barnets r\u00e4ttigheter. P\u00e5 n\u00e4tsidan finns ocks\u00e5 <a href=\"https:\/\/suomenash.fi\/blogi\/jokaisella-lapsella-on-oikeus-terveyteen\/\">en blogg<\/a> av Julia Kuokkanen, sakkunnig vid Centralf\u00f6rbundet f\u00f6r Barnskydd, om barnets r\u00e4ttigheter.<\/p>\n<h2>43 miljoner barn r\u00f6ker<\/h2>\n<p>Ungef\u00e4r h\u00e4lften av alla barn i v\u00e4rlden uts\u00e4tts f\u00f6r tobaksr\u00f6k p\u00e5 offentliga platser. \u00c5rligen d\u00f6r 65 000 av dessa barn av sjukdomar som de \u00e5dragit sig av passiv r\u00f6kning.<\/p>\n<p>Cirka 43 miljoner barn i \u00e5ldern 13\u201315 \u00e5r anv\u00e4nde tobak \u00e5r 2018. Ungef\u00e4r h\u00e4lften av barnen som b\u00f6rjat anv\u00e4nda tobaksprodukter i unga \u00e5r avlider i n\u00e5gon tobaksrelaterad sjukdom.                <\/p><\/div>\n<div class=\"nostopalkki\">\n<h5>Visste du, att<\/h5>\n<ul>\n<li>M\u00e5nga l\u00e4nder utnyttjar barnarbete f\u00f6r tobaksproduktion (17 l\u00e4nder \u00e5r 2018). Enbart i Malawi arbetar 78 000 barn p\u00e5 tobaksodlingar.\u00a0Barnarbetarna \u00e4r 5\u201317 \u00e5r gamla.<\/li>\n<li>Barnen som arbetar p\u00e5 tobaksodlingarna uts\u00e4tts f\u00f6r sjukdomar, milj\u00f6gifter, \u00f6vergrepp och misshandel. Dessa barn kan inte g\u00e5 i skola.<\/li>\n<li>I Indien och Bangladesh utnyttjas barnarbetskraft f\u00f6r produktionen av bidicigaretter. I Indien uppg\u00e5r antalet barnarbetare som rullar bidicigaretter till 325 000.<\/li>\n<li><span style=\"font-family: var(--wp--preset--font-family--wv-primary);\">Man f\u00f6ruts\u00e4tter att barnen arbetar sex dagar i veckan, 12\u201314 timmar per dag.<\/span><\/li>\n<\/ul>\n<h5>Titta ocks\u00e5<\/h5>\n<div style=\"width: 900px;\" class=\"wp-video\"><!--[if lt IE 9]><script>document.createElement('video');<\/script><![endif]--><br \/>\n<video class=\"wp-video-shortcode\" id=\"video-9714-1\" width=\"900\" height=\"1125\" preload=\"metadata\" controls=\"controls\"><source type=\"video\/mp4\" src=\"https:\/\/suomenash.fi\/wp-content\/uploads\/2019\/05\/Tupakkateollisuus_sve_pieni.mp4?_=1\" \/><a href=\"https:\/\/suomenash.fi\/wp-content\/uploads\/2019\/05\/Tupakkateollisuus_sve_pieni.mp4\">https:\/\/suomenash.fi\/wp-content\/uploads\/2019\/05\/Tupakkateollisuus_sve_pieni.mp4<\/a><\/video><\/div>\n<\/p><\/div>\n<\/p><\/div>\n<p><!-- .main-and-sidebar-container --><\/p>\n","protected":false},"excerpt":{"rendered":"Tobaken strider mot barnens r\u00e4ttigheter i Finland \u2013 \u00e4n idag PRESSMEDDELANDE 1.9.2020 Konventionen om barnets r\u00e4ttigheter tr\u00e4dde i kraft f\u00f6r&#8230; <a class=\"view-article\" href=\"https:\/\/suomenash.fi\/sv\/fakta-om-tobak\/tobaken-strider-mot-barnens-rattigheter-i-finland-an-idag\/\">View Article<\/a>","protected":false},"author":54,"featured_media":9707,"parent":2804,"menu_order":0,"comment_status":"closed","ping_status":"closed","template":"","meta":{"_acf_changed":false,"footnotes":""},"categories":[],"tags":[463,464],"coauthors":[231],"class_list":["post-9714","page","type-page","status-publish","has-post-thumbnail","hentry","tag-barn","tag-barnens-rattigheter"],"acf":[],"yoast_head":"<!-- This site is optimized with the Yoast SEO plugin v27.3 - https:\/\/yoast.com\/product\/yoast-seo-wordpress\/ -->\n<title>Tobaken strider mot barnens r\u00e4ttigheter i Finland \u2013 \u00e4n idag - Suomen ASH ry | Suomen ASH ry<\/title>\n<meta name=\"robots\" content=\"index, follow, max-snippet:-1, max-image-preview:large, max-video-preview:-1\" \/>\n<link rel=\"canonical\" href=\"https:\/\/suomenash.fi\/sv\/fakta-om-tobak\/tobaken-strider-mot-barnens-rattigheter-i-finland-an-idag\/\" \/>\n<meta property=\"og:locale\" content=\"sv_SE\" \/>\n<meta property=\"og:type\" content=\"article\" \/>\n<meta property=\"og:title\" content=\"Tobaken strider mot barnens r\u00e4ttigheter i Finland \u2013 \u00e4n idag - Suomen ASH ry\" \/>\n<meta property=\"og:description\" content=\"Tobaken strider mot barnens r\u00e4ttigheter i Finland \u2013 \u00e4n idag PRESSMEDDELANDE 1.9.2020 Konventionen om barnets r\u00e4ttigheter tr\u00e4dde i kraft f\u00f6r... View Article\" \/>\n<meta property=\"og:url\" content=\"https:\/\/suomenash.fi\/sv\/fakta-om-tobak\/tobaken-strider-mot-barnens-rattigheter-i-finland-an-idag\/\" \/>\n<meta property=\"og:site_name\" content=\"Suomen ASH ry\" \/>\n<meta property=\"article:modified_time\" content=\"2024-03-26T07:53:38+00:00\" \/>\n<meta property=\"og:image\" content=\"https:\/\/suomenash.fi\/wp-content\/uploads\/2020\/09\/iStock-1132714589-1-scaled.jpg\" \/>\n\t<meta property=\"og:image:width\" content=\"2000\" \/>\n\t<meta property=\"og:image:height\" content=\"1333\" \/>\n\t<meta property=\"og:image:type\" content=\"image\/jpeg\" \/>\n<meta name=\"twitter:card\" content=\"summary_large_image\" \/>\n<meta name=\"twitter:label1\" content=\"Ber\u00e4knad l\u00e4stid\" \/>\n\t<meta name=\"twitter:data1\" content=\"4 minuter\" \/>\n\t<meta name=\"twitter:label2\" content=\"Skriven av\" \/>\n\t<meta name=\"twitter:data2\" content=\"Elina Ala-Heikkil\u00e4\" \/>\n<script type=\"application\/ld+json\" class=\"yoast-schema-graph\">{\"@context\":\"https:\\\/\\\/schema.org\",\"@graph\":[{\"@type\":\"WebPage\",\"@id\":\"https:\\\/\\\/suomenash.fi\\\/sv\\\/fakta-om-tobak\\\/tobaken-strider-mot-barnens-rattigheter-i-finland-an-idag\\\/\",\"url\":\"https:\\\/\\\/suomenash.fi\\\/sv\\\/fakta-om-tobak\\\/tobaken-strider-mot-barnens-rattigheter-i-finland-an-idag\\\/\",\"name\":\"Tobaken strider mot barnens r\u00e4ttigheter i Finland \u2013 \u00e4n idag - Suomen ASH ry\",\"isPartOf\":{\"@id\":\"https:\\\/\\\/suomenash.fi\\\/#website\"},\"primaryImageOfPage\":{\"@id\":\"https:\\\/\\\/suomenash.fi\\\/sv\\\/fakta-om-tobak\\\/tobaken-strider-mot-barnens-rattigheter-i-finland-an-idag\\\/#primaryimage\"},\"image\":{\"@id\":\"https:\\\/\\\/suomenash.fi\\\/sv\\\/fakta-om-tobak\\\/tobaken-strider-mot-barnens-rattigheter-i-finland-an-idag\\\/#primaryimage\"},\"thumbnailUrl\":\"https:\\\/\\\/suomenash.fi\\\/wp-content\\\/uploads\\\/2020\\\/09\\\/iStock-1132714589-1-scaled.jpg\",\"datePublished\":\"2020-09-02T09:51:51+00:00\",\"dateModified\":\"2024-03-26T07:53:38+00:00\",\"breadcrumb\":{\"@id\":\"https:\\\/\\\/suomenash.fi\\\/sv\\\/fakta-om-tobak\\\/tobaken-strider-mot-barnens-rattigheter-i-finland-an-idag\\\/#breadcrumb\"},\"inLanguage\":\"sv-SE\",\"potentialAction\":[{\"@type\":\"ReadAction\",\"target\":[\"https:\\\/\\\/suomenash.fi\\\/sv\\\/fakta-om-tobak\\\/tobaken-strider-mot-barnens-rattigheter-i-finland-an-idag\\\/\"]}]},{\"@type\":\"ImageObject\",\"inLanguage\":\"sv-SE\",\"@id\":\"https:\\\/\\\/suomenash.fi\\\/sv\\\/fakta-om-tobak\\\/tobaken-strider-mot-barnens-rattigheter-i-finland-an-idag\\\/#primaryimage\",\"url\":\"https:\\\/\\\/suomenash.fi\\\/wp-content\\\/uploads\\\/2020\\\/09\\\/iStock-1132714589-1-scaled.jpg\",\"contentUrl\":\"https:\\\/\\\/suomenash.fi\\\/wp-content\\\/uploads\\\/2020\\\/09\\\/iStock-1132714589-1-scaled.jpg\",\"width\":2000,\"height\":1333,\"caption\":\"Baby sleeping with teddy bear. Shadow DOF. Developed from RAW; retouched with special care and attention; Small amount of grain added for best final impression. 16 bit Adobe RGB color profile.\"},{\"@type\":\"BreadcrumbList\",\"@id\":\"https:\\\/\\\/suomenash.fi\\\/sv\\\/fakta-om-tobak\\\/tobaken-strider-mot-barnens-rattigheter-i-finland-an-idag\\\/#breadcrumb\",\"itemListElement\":[{\"@type\":\"ListItem\",\"position\":1,\"name\":\"Home\",\"item\":\"https:\\\/\\\/suomenash.fi\\\/sv\\\/\"},{\"@type\":\"ListItem\",\"position\":2,\"name\":\"Fakta om tobak\",\"item\":\"https:\\\/\\\/suomenash.fi\\\/sv\\\/fakta-om-tobak\\\/\"},{\"@type\":\"ListItem\",\"position\":3,\"name\":\"Tobaken strider mot barnens r\u00e4ttigheter i Finland \u2013 \u00e4n idag\"}]},{\"@type\":\"WebSite\",\"@id\":\"https:\\\/\\\/suomenash.fi\\\/#website\",\"url\":\"https:\\\/\\\/suomenash.fi\\\/\",\"name\":\"Suomen ASH ry\",\"description\":\"Just another WordPress site\",\"potentialAction\":[{\"@type\":\"SearchAction\",\"target\":{\"@type\":\"EntryPoint\",\"urlTemplate\":\"https:\\\/\\\/suomenash.fi\\\/?s={search_term_string}\"},\"query-input\":{\"@type\":\"PropertyValueSpecification\",\"valueRequired\":true,\"valueName\":\"search_term_string\"}}],\"inLanguage\":\"sv-SE\"}]}<\/script>\n<!-- \/ Yoast SEO plugin. -->","yoast_head_json":{"title":"Tobaken strider mot barnens r\u00e4ttigheter i Finland \u2013 \u00e4n idag - Suomen ASH ry | Suomen ASH ry","robots":{"index":"index","follow":"follow","max-snippet":"max-snippet:-1","max-image-preview":"max-image-preview:large","max-video-preview":"max-video-preview:-1"},"canonical":"https:\/\/suomenash.fi\/sv\/fakta-om-tobak\/tobaken-strider-mot-barnens-rattigheter-i-finland-an-idag\/","og_locale":"sv_SE","og_type":"article","og_title":"Tobaken strider mot barnens r\u00e4ttigheter i Finland \u2013 \u00e4n idag - Suomen ASH ry","og_description":"Tobaken strider mot barnens r\u00e4ttigheter i Finland \u2013 \u00e4n idag PRESSMEDDELANDE 1.9.2020 Konventionen om barnets r\u00e4ttigheter tr\u00e4dde i kraft f\u00f6r... View Article","og_url":"https:\/\/suomenash.fi\/sv\/fakta-om-tobak\/tobaken-strider-mot-barnens-rattigheter-i-finland-an-idag\/","og_site_name":"Suomen ASH ry","article_modified_time":"2024-03-26T07:53:38+00:00","og_image":[{"width":2000,"height":1333,"url":"https:\/\/suomenash.fi\/wp-content\/uploads\/2020\/09\/iStock-1132714589-1-scaled.jpg","type":"image\/jpeg"}],"twitter_card":"summary_large_image","twitter_misc":{"Ber\u00e4knad l\u00e4stid":"4 minuter","Skriven av":"Elina Ala-Heikkil\u00e4"},"schema":{"@context":"https:\/\/schema.org","@graph":[{"@type":"WebPage","@id":"https:\/\/suomenash.fi\/sv\/fakta-om-tobak\/tobaken-strider-mot-barnens-rattigheter-i-finland-an-idag\/","url":"https:\/\/suomenash.fi\/sv\/fakta-om-tobak\/tobaken-strider-mot-barnens-rattigheter-i-finland-an-idag\/","name":"Tobaken strider mot barnens r\u00e4ttigheter i Finland \u2013 \u00e4n idag - Suomen ASH ry","isPartOf":{"@id":"https:\/\/suomenash.fi\/#website"},"primaryImageOfPage":{"@id":"https:\/\/suomenash.fi\/sv\/fakta-om-tobak\/tobaken-strider-mot-barnens-rattigheter-i-finland-an-idag\/#primaryimage"},"image":{"@id":"https:\/\/suomenash.fi\/sv\/fakta-om-tobak\/tobaken-strider-mot-barnens-rattigheter-i-finland-an-idag\/#primaryimage"},"thumbnailUrl":"https:\/\/suomenash.fi\/wp-content\/uploads\/2020\/09\/iStock-1132714589-1-scaled.jpg","datePublished":"2020-09-02T09:51:51+00:00","dateModified":"2024-03-26T07:53:38+00:00","breadcrumb":{"@id":"https:\/\/suomenash.fi\/sv\/fakta-om-tobak\/tobaken-strider-mot-barnens-rattigheter-i-finland-an-idag\/#breadcrumb"},"inLanguage":"sv-SE","potentialAction":[{"@type":"ReadAction","target":["https:\/\/suomenash.fi\/sv\/fakta-om-tobak\/tobaken-strider-mot-barnens-rattigheter-i-finland-an-idag\/"]}]},{"@type":"ImageObject","inLanguage":"sv-SE","@id":"https:\/\/suomenash.fi\/sv\/fakta-om-tobak\/tobaken-strider-mot-barnens-rattigheter-i-finland-an-idag\/#primaryimage","url":"https:\/\/suomenash.fi\/wp-content\/uploads\/2020\/09\/iStock-1132714589-1-scaled.jpg","contentUrl":"https:\/\/suomenash.fi\/wp-content\/uploads\/2020\/09\/iStock-1132714589-1-scaled.jpg","width":2000,"height":1333,"caption":"Baby sleeping with teddy bear. Shadow DOF. Developed from RAW; retouched with special care and attention; Small amount of grain added for best final impression. 16 bit Adobe RGB color profile."},{"@type":"BreadcrumbList","@id":"https:\/\/suomenash.fi\/sv\/fakta-om-tobak\/tobaken-strider-mot-barnens-rattigheter-i-finland-an-idag\/#breadcrumb","itemListElement":[{"@type":"ListItem","position":1,"name":"Home","item":"https:\/\/suomenash.fi\/sv\/"},{"@type":"ListItem","position":2,"name":"Fakta om tobak","item":"https:\/\/suomenash.fi\/sv\/fakta-om-tobak\/"},{"@type":"ListItem","position":3,"name":"Tobaken strider mot barnens r\u00e4ttigheter i Finland \u2013 \u00e4n idag"}]},{"@type":"WebSite","@id":"https:\/\/suomenash.fi\/#website","url":"https:\/\/suomenash.fi\/","name":"Suomen ASH ry","description":"Just another WordPress site","potentialAction":[{"@type":"SearchAction","target":{"@type":"EntryPoint","urlTemplate":"https:\/\/suomenash.fi\/?s={search_term_string}"},"query-input":{"@type":"PropertyValueSpecification","valueRequired":true,"valueName":"search_term_string"}}],"inLanguage":"sv-SE"}]}},"_links":{"self":[{"href":"https:\/\/suomenash.fi\/sv\/wp-json\/wp\/v2\/pages\/9714","targetHints":{"allow":["GET"]}}],"collection":[{"href":"https:\/\/suomenash.fi\/sv\/wp-json\/wp\/v2\/pages"}],"about":[{"href":"https:\/\/suomenash.fi\/sv\/wp-json\/wp\/v2\/types\/page"}],"author":[{"embeddable":true,"href":"https:\/\/suomenash.fi\/sv\/wp-json\/wp\/v2\/users\/54"}],"replies":[{"embeddable":true,"href":"https:\/\/suomenash.fi\/sv\/wp-json\/wp\/v2\/comments?post=9714"}],"version-history":[{"count":10,"href":"https:\/\/suomenash.fi\/sv\/wp-json\/wp\/v2\/pages\/9714\/revisions"}],"predecessor-version":[{"id":19975,"href":"https:\/\/suomenash.fi\/sv\/wp-json\/wp\/v2\/pages\/9714\/revisions\/19975"}],"up":[{"embeddable":true,"href":"https:\/\/suomenash.fi\/sv\/wp-json\/wp\/v2\/pages\/2804"}],"wp:featuredmedia":[{"embeddable":true,"href":"https:\/\/suomenash.fi\/sv\/wp-json\/wp\/v2\/media\/9707"}],"wp:attachment":[{"href":"https:\/\/suomenash.fi\/sv\/wp-json\/wp\/v2\/media?parent=9714"}],"wp:term":[{"taxonomy":"category","embeddable":true,"href":"https:\/\/suomenash.fi\/sv\/wp-json\/wp\/v2\/categories?post=9714"},{"taxonomy":"post_tag","embeddable":true,"href":"https:\/\/suomenash.fi\/sv\/wp-json\/wp\/v2\/tags?post=9714"},{"taxonomy":"author","embeddable":true,"href":"https:\/\/suomenash.fi\/sv\/wp-json\/wp\/v2\/coauthors?post=9714"}],"curies":[{"name":"wp","href":"https:\/\/api.w.org\/{rel}","templated":true}]}}