{"id":3242,"date":"2023-04-24T11:00:32","date_gmt":"2023-04-24T08:00:32","guid":{"rendered":"https:\/\/suomenash.upcloud-1.web-veistamo.fi\/?page_id=3242"},"modified":"2024-03-26T09:56:40","modified_gmt":"2024-03-26T07:56:40","slug":"ny-vagkarta-tobaks-och-nikotinpolitiken-finland","status":"publish","type":"page","link":"https:\/\/suomenash.fi\/sv\/ny-vagkarta-tobaks-och-nikotinpolitiken-finland\/","title":{"rendered":"Nya planen f\u00f6r tobakspolitiken"},"content":{"rendered":"            <div class=\"main-and-sidebar-container\">\n                <div class=\"main-content\">\n                    <h1 class=\"page-title\">\n                        Nya planen f\u00f6r tobakspolitiken                    <\/h1>\n                    \n<p><\/p>\n\n\n<p>Social- och h\u00e4lsov\u00e5rdsministeriets m\u00e5l \u00e4r att bruket av tobaks- och nikotinprodukter i Finland upph\u00f6r fram till 2030. Social- och h\u00e4lsov\u00e5rdsministeriet har offentliggjort en v\u00e4gkarta, det vill s\u00e4ga en plan, f\u00f6r att uppn\u00e5 detta m\u00e5l. Ministeriet tillsatte en arbetsgrupp 2022 och arbetsgruppen offentliggjorde sitt f\u00f6rslag 2023.<\/p>\n<p>R\u00f6kning och bruket av nikotinprodukter har redan begr\u00e4nsats p\u00e5 m\u00e5nga s\u00e4tt. Arbetsgruppen vill i sin nya plan ut\u00f6ka begr\u00e4nsningarna. Arbetsgruppen betonade att dess f\u00f6rslag endast utg\u00f6r ett mellansteg.&nbsp; Varje regering m\u00e5ste bed\u00f6ma uppn\u00e5endet av m\u00e5let och f\u00f6resl\u00e5 de \u00e5tg\u00e4rder som kr\u00e4vs f\u00f6r att n\u00e5 m\u00e5let. \u00c5tg\u00e4rderna m\u00e5ste alltid skrivas in i ett nytt regeringsprogram.<\/p>\n<h2>Centrala f\u00f6rslag<\/h2>\n<h3>Skatteh\u00f6jningarna m\u00e5ste forts\u00e4tta<\/h3>\n<p>Arbetsgruppen f\u00f6reslog att skatten p\u00e5 tobak och nikotinprodukter h\u00f6js. Beskattningen av tobak p\u00e5verkar starkt tobaksprodukternas pris. Skatteh\u00f6jningar minskar effektivt r\u00f6kningen och antalet som b\u00f6rjar r\u00f6ka. Om nya produkter b\u00f6rjar s\u00e4ljas m\u00e5ste skatten \u00e4ven g\u00e4lla s\u00e5dana.<\/p>\n<p>Sedan 2009 har tobaksskatten h\u00f6jts n\u00e4stan varje \u00e5r. Sedan 2016 har tobaksskatten h\u00f6jts varje halv\u00e5r. Arbetsgruppen s\u00e5g skatteh\u00f6jningarna som lyckade.<br>\nGruppen f\u00f6reslog att h\u00f6jningarna forts\u00e4tts p\u00e5 samma s\u00e4tt.<\/p>\n<p>\u00c5r 2022 kostade ett cigarettpaket n\u00e4ra 10 euro. 2023 h\u00f6js priset s\u00e5 att ett paket kostar mer \u00e4n 10 euro.<\/p>\n<h3>Unga skyddas p\u00e5 m\u00e5nga s\u00e4tt<\/h3>\n<p>Arbetsgruppen f\u00f6reslog att \u00e5ldersgr\u00e4nsen f\u00f6r k\u00f6p av tobak och nikotinprodukter h\u00f6js. Enligt f\u00f6rslaget skulle inte tobak i forts\u00e4ttningen f\u00e5 s\u00e4ljas till personer under 20 \u00e5r. \u00c5ldersgr\u00e4nsen skulle ocks\u00e5 g\u00e4lla inf\u00f6rsel och innehav av tobak. Idag \u00e4r \u00e5ldersgr\u00e4nsen 18 \u00e5r.<\/p>\n<p>En 18-\u00e5ring skulle fortfarande f\u00e5 k\u00f6pa r\u00f6ktillbeh\u00f6r och tobakssurrogat, d\u00e4r f\u00f6r\u00e4ndras inte \u00e5ldersgr\u00e4nsen.<\/p>\n<p>Bruket av tobak och nikotinprodukter m\u00e5ste f\u00f6rebyggas \u00e4ven i ungas fritidssyssels\u00e4ttningar. Arbetsgruppen f\u00f6reslog att statligt bidrag skulle endast kunna ges till idrottsf\u00f6reningar som f\u00f6rbinder sig att f\u00f6rebygga anv\u00e4ndningen av tobak och nikotinprodukter i verksamheten. Detta skulle speciellt g\u00e4lla verksamhet som riktar sig till minder\u00e5riga.<\/p>\n<p>Samma krav skulle \u00e4ven g\u00e4lla undervisnings- och kulturministeriet n\u00e4r det beviljar medel f\u00f6r minder\u00e5rigas verksamhet.<\/p>\n<h3>Fler r\u00f6kfria lokaler<\/h3>\n<p>Arbetsgruppen f\u00f6reslog att r\u00f6kf\u00f6rbuden ut\u00f6kas. I forts\u00e4ttningen skulle f\u00f6rbudet g\u00e4lla alla tobaks- och nikotinprodukter som r\u00e4knas upp i tobakslagen och vars anv\u00e4ndning f\u00f6rs\u00e4mrar inomhusluften. S\u00e5dana produkter \u00e4r till exempel nya slag av vattenpipsprodukter och e-cigaretter f\u00f6r eng\u00e5ngsbruk.<\/p>\n<p>Arbetsgruppen f\u00f6reslog att r\u00f6kf\u00f6rbuden ut\u00f6kas \u00e4ven p\u00e5 omr\u00e5den utomhus. I forts\u00e4ttningen skulle r\u00f6kning vara f\u00f6rbjuden p\u00e5 restaurangterasser, idrottsplatser och sportarenor, utomhusbass\u00e4nger och n\u00f6jesparker.<\/p>\n<p>R\u00f6kning skulle ocks\u00e5 vara f\u00f6rbjuden i lokaler d\u00e4r det ordnas verksamhet f\u00f6r unga.<\/p>\n<p>Om ett offentligt evenemang arrangeras utomhus skulle r\u00f6kning vara till\u00e5ten endast inom ett omr\u00e5de reserverat f\u00f6r det.<\/p>\n<h3>R\u00f6kf\u00f6rbud i bost\u00e4der m\u00f6jligt<\/h3>\n<p>Arbetsgruppen f\u00f6reslog att bostadssammanslutningar med st\u00f6d av tobakslagen skulle kunna f\u00f6rbjuda r\u00f6kning i bost\u00e4der, balkonger samt utomhusomr\u00e5den. F\u00f6rbudet skulle kr\u00e4va majoritetsbeslut i bostadssammanslutningen.<\/p>\n<p>Dessutom skulle r\u00f6kf\u00f6rbudet g\u00e4lla bostadssammanslutningars lekplatser samt nya hyresavtal. Det skulle allts\u00e5 var m\u00f6jligt att f\u00f6rbjuda r\u00f6kning n\u00e4r bostaden f\u00e5r en ny hyresg\u00e4st.<\/p>\n<h3>Mer begr\u00e4nsningar f\u00f6r f\u00f6rs\u00e4ljning<\/h3>\n<p>Handelsf\u00f6rpackningarna f\u00f6r tobaksprodukter, e-cigaretter och deras p\u00e5fyllningskapslar \u00e4r redan nu lika. De kan m\u00e4rkas med olika namn, men varum\u00e4rkena f\u00e5r inte s\u00e4rskiljas. \u00c4ven alla cigaretter, p\u00e5fyllningskapslar och nikotinv\u00e4tskor f\u00f6r e-cigaretter \u00e4r likadana.<\/p>\n<p>Arbetsgruppen f\u00f6reslog att i forts\u00e4ttningen skulle \u00e4ven f\u00e4rgen och varum\u00e4rket f\u00f6r e-cigarettutrustning vara lika till utseendet.<\/p>\n<p>Arbetsgruppen f\u00f6reslog ocks\u00e5 att f\u00f6rs\u00e4ljningen av tobak och nikotinprodukter f\u00f6rbjuds i tillf\u00e4lliga och mobila f\u00f6rs\u00e4ljningsst\u00e4llen. S\u00e5dana f\u00f6rs\u00e4ljningsst\u00e4llen \u00e4r till exempel pop-upbutiker.<\/p>\n<p>En tillsynsavgift tas ut f\u00f6r f\u00f6rs\u00e4ljning av tobak och nikotinprodukter. Arbetsgruppen f\u00f6reslog att tillsynsavgiften i forts\u00e4ttningen skulle vara 800 euro n\u00e4r den idag \u00e4r 500 euro. Om f\u00f6rs\u00e4ljaren p\u00e5 samma plats s\u00e4ljer s\u00e5v\u00e4l tobak som nikotinv\u00e4tskor borde avgiften enligt arbetsgruppen vara dubbel, det vill s\u00e4ga 1600 euro.<\/p>\n<p>Arbetsgruppen f\u00f6reslog att det ska kr\u00e4vas tillst\u00e5nd f\u00f6r partif\u00f6rs\u00e4ljning av tobak och nikotinprodukter.<\/p>\n<h3>St\u00f6d f\u00f6r att sluta r\u00f6ka<\/h3>\n<p>Arbetsgruppen f\u00f6resl\u00e5r en f\u00f6rb\u00e4ttring av st\u00f6det f\u00f6r att sluta r\u00f6ka. I forts\u00e4ttningen b\u00f6r klienten f\u00e5 l\u00e4kemedelsers\u00e4ttning fr\u00e5n Fpa f\u00f6r nikotiners\u00e4ttningsbehandlingar och l\u00e4kemedel som \u00e4r avsedda f\u00f6r att sluta r\u00f6ka och som ordinerats av l\u00e4kare. F\u00f6ruts\u00e4ttningen \u00e4r att klienten f\u00f6rbinder sig att sluta r\u00f6ka. Arbetsgruppen f\u00f6reslog att f\u00f6rslaget provas f\u00f6rst i en liten grupp och d\u00e4refter fattas beslut om forts\u00e4ttningen.<\/p>\n<p>Majoriteten i arbetsgruppen var av \u00e5sikten att f\u00f6rs\u00e4ljningen av nikotiners\u00e4ttningspreparat b\u00f6r flyttas tillbaka till apoteken. Anv\u00e4ndningen av s\u00e5dana har \u00f6kat kraftigt. Det tyder p\u00e5 att produkterna anv\u00e4nds f\u00f6r n\u00e5got annat \u00e4n f\u00f6r att sluta r\u00f6ka. Endast apotek har m\u00f6jlighet att ge r\u00e5d och v\u00e4gledning f\u00f6r anv\u00e4ndning av dem.<\/p>\n<h3>Mindre tobak skattefritt<\/h3>\n<p>Arbetsgruppen f\u00f6reslog att m\u00e4ngden cigaretter som f\u00e5r f\u00f6ras in skattefritt fr\u00e5n utanf\u00f6r Europeiska unionen minskas.<\/p>\n<p>De nya m\u00e4ngderna skulle vara:<\/p>\n<ul>\n<li>i forts\u00e4ttningen 40 cigaretter (tv\u00e5 paket med 20 cigaretter), nu 200 cigaretter<\/li>\n<li>i forts\u00e4ttningen 10 cigarrer, nu 50 cigarrer<\/li>\n<li>i forts\u00e4ttningen 20 stycken cigariller, nu 100 cigariller<\/li>\n<li>i forts\u00e4ttningen 50 gram pip-, vattenpips- och cigarettobak, nu 250 gram.<\/li>\n<\/ul>\n<p>Resandes inf\u00f6rsel av snus, tuggtobak och luktsnus skulle f\u00f6rbjudas helt.<\/p>\n<h3>Nya produkter ska omfattas av regleringen<\/h3>\n<p>Nya produkter vars anv\u00e4ndning p\u00e5minner om tobaksprodukter kommer st\u00e4ndigt ut till f\u00f6rs\u00e4ljning. De inneh\u00e5ller nikotin, men inneh\u00e5ller inte tobaksv\u00e4xten. S\u00e5dana produkter \u00e4r till exempel snusliknande p\u00e5sar, geler som anv\u00e4nds i vattenpipor och v\u00e4xtbaserade produkter med nikotin, avsedda att upphettas.<\/p>\n<p>Arbetsgruppen f\u00f6reslog att dessa nya produkter ska regleras p\u00e5 samma s\u00e4tt som tobaksprodukter och nikotinv\u00e4tskor. Till exempel ska det kr\u00e4vas tillst\u00e5nd f\u00f6r att s\u00e4lja s\u00e5dana.<\/p>\n<p>Dessutom b\u00f6r egenskaperna hos tobakssurrogat regleras p\u00e5 samma s\u00e4tt som tobaksprodukter och nikotinv\u00e4tskor. S\u00e5dana egenskaper \u00e4r till exempel smaker, dofter och nikotinhalter.<br>\nI forts\u00e4ttningen skulle till exempel nikotinsnus regleras p\u00e5 samma s\u00e4tt som traditionellt snus.<\/p>\n<h3>Internationellt tobaksavtal<\/h3>\n<p>Finlands riksdag godk\u00e4nde 2005 det internationella tobaksavtalet. Avtalet har som m\u00e5l att minska r\u00f6kning permanent och f\u00f6rebygga tobakens h\u00e4lsool\u00e4genheter.<\/p>\n<p>Tobaksavtalet f\u00f6rpliktigar till att skydda antir\u00f6kningspolitik mot tobaksindustrins str\u00e4van efter f\u00f6rdelar. Arbetsgruppen f\u00f6reslog att till m\u00e5let i tobakslagen l\u00e4ggs till en punkt d\u00e4r denna skyldighet lyfts fram.<\/p>\n<h3>Forskning, uppf\u00f6ljning och bed\u00f6mning ska s\u00e4kerst\u00e4llas<\/h3>\n<p>Arbetsgruppen f\u00f6reslog att genomf\u00f6rda \u00e5tg\u00e4rder och deras konsekvenser p\u00e5 r\u00f6kning och anv\u00e4ndning av nikotinprodukter ska f\u00f6ljas upp och uppf\u00f6ljningen effektiviseras.<\/p>\n<p>Uppn\u00e5endet av tobakslagens m\u00e5l kr\u00e4ver fortsatt forskning. Finansieringen av forskningen m\u00e5ste s\u00e4kerst\u00e4llas.<\/p>\n<p>&nbsp;<\/p>\n<p>&nbsp;<\/p>                <\/div>\n\n                                    <div class=\"nostopalkki\">\n                                                <h3>Mer information<\/h3>\n<p>Social- och h\u00e4lsov\u00e5rdsministeriet (12.4.2023):\u00a0<a href=\"https:\/\/suomenash.fi\/wp-content\/uploads\/2023\/04\/STM_2023_13_rap.pdf\" target=\"_blank\" rel=\"noopener\">Utveckling av tobaks- och nikotinpolitiken: \u00c5tg\u00e4rdsf\u00f6rslag av arbetsgruppen 2023<\/a>\u00a0(pdf)<\/p>\n                    <\/div>\n                            <\/div><!-- .main-and-sidebar-container -->\n        ","protected":false},"excerpt":{"rendered":"Nya planen f\u00f6r tobakspolitiken Social- och h\u00e4lsov\u00e5rdsministeriets m\u00e5l \u00e4r att bruket av tobaks- och nikotinprodukter i Finland upph\u00f6r fram till&#8230; <a class=\"view-article\" href=\"https:\/\/suomenash.fi\/sv\/ny-vagkarta-tobaks-och-nikotinpolitiken-finland\/\">View Article<\/a>","protected":false},"author":8,"featured_media":1789,"parent":0,"menu_order":0,"comment_status":"closed","ping_status":"closed","template":"","meta":{"_acf_changed":false,"footnotes":""},"categories":[],"tags":[],"coauthors":[16],"class_list":["post-3242","page","type-page","status-publish","has-post-thumbnail","hentry"],"acf":[],"yoast_head":"<!-- This site is optimized with the Yoast SEO plugin v27.3 - https:\/\/yoast.com\/product\/yoast-seo-wordpress\/ -->\n<title>Nya planen f\u00f6r tobakspolitiken - Suomen ASH ry | Suomen ASH ry<\/title>\n<meta name=\"description\" content=\"Social- och h\u00e4lsov\u00e5rdsministeriets m\u00e5l \u00e4r att bruket av tobaks- och nikotinprodukter i Finland upph\u00f6r fram till 2030.\" \/>\n<meta name=\"robots\" content=\"index, follow, max-snippet:-1, max-image-preview:large, max-video-preview:-1\" \/>\n<link rel=\"canonical\" href=\"https:\/\/suomenash.fi\/sv\/ny-vagkarta-tobaks-och-nikotinpolitiken-finland\/\" \/>\n<meta property=\"og:locale\" content=\"sv_SE\" \/>\n<meta property=\"og:type\" content=\"article\" \/>\n<meta property=\"og:title\" content=\"Nya planen f\u00f6r tobakspolitiken - Suomen ASH ry\" \/>\n<meta property=\"og:description\" content=\"Social- och h\u00e4lsov\u00e5rdsministeriets m\u00e5l \u00e4r att bruket av tobaks- och nikotinprodukter i Finland upph\u00f6r fram till 2030.\" \/>\n<meta property=\"og:url\" content=\"https:\/\/suomenash.fi\/sv\/ny-vagkarta-tobaks-och-nikotinpolitiken-finland\/\" \/>\n<meta property=\"og:site_name\" content=\"Suomen ASH ry\" \/>\n<meta property=\"article:modified_time\" content=\"2024-03-26T07:56:40+00:00\" \/>\n<meta property=\"og:image\" content=\"https:\/\/suomenash.fi\/wp-content\/uploads\/2018\/01\/Suomen-ASH_vesipiippu.jpg\" \/>\n\t<meta property=\"og:image:width\" content=\"2000\" \/>\n\t<meta property=\"og:image:height\" content=\"1333\" \/>\n\t<meta property=\"og:image:type\" content=\"image\/jpeg\" \/>\n<meta name=\"twitter:card\" content=\"summary_large_image\" \/>\n<meta name=\"twitter:label1\" content=\"Ber\u00e4knad l\u00e4stid\" \/>\n\t<meta name=\"twitter:data1\" content=\"6 minuter\" \/>\n\t<meta name=\"twitter:label2\" content=\"Skriven av\" \/>\n\t<meta name=\"twitter:data2\" content=\"Pirjo\" \/>\n<script type=\"application\/ld+json\" class=\"yoast-schema-graph\">{\"@context\":\"https:\\\/\\\/schema.org\",\"@graph\":[{\"@type\":\"WebPage\",\"@id\":\"https:\\\/\\\/suomenash.fi\\\/sv\\\/ny-vagkarta-tobaks-och-nikotinpolitiken-finland\\\/\",\"url\":\"https:\\\/\\\/suomenash.fi\\\/sv\\\/ny-vagkarta-tobaks-och-nikotinpolitiken-finland\\\/\",\"name\":\"Nya planen f\u00f6r tobakspolitiken - Suomen ASH ry\",\"isPartOf\":{\"@id\":\"https:\\\/\\\/suomenash.fi\\\/#website\"},\"primaryImageOfPage\":{\"@id\":\"https:\\\/\\\/suomenash.fi\\\/sv\\\/ny-vagkarta-tobaks-och-nikotinpolitiken-finland\\\/#primaryimage\"},\"image\":{\"@id\":\"https:\\\/\\\/suomenash.fi\\\/sv\\\/ny-vagkarta-tobaks-och-nikotinpolitiken-finland\\\/#primaryimage\"},\"thumbnailUrl\":\"https:\\\/\\\/suomenash.fi\\\/wp-content\\\/uploads\\\/2018\\\/01\\\/Suomen-ASH_vesipiippu.jpg\",\"datePublished\":\"2023-04-24T08:00:32+00:00\",\"dateModified\":\"2024-03-26T07:56:40+00:00\",\"description\":\"Social- och h\u00e4lsov\u00e5rdsministeriets m\u00e5l \u00e4r att bruket av tobaks- och nikotinprodukter i Finland upph\u00f6r fram till 2030.\",\"breadcrumb\":{\"@id\":\"https:\\\/\\\/suomenash.fi\\\/sv\\\/ny-vagkarta-tobaks-och-nikotinpolitiken-finland\\\/#breadcrumb\"},\"inLanguage\":\"sv-SE\",\"potentialAction\":[{\"@type\":\"ReadAction\",\"target\":[\"https:\\\/\\\/suomenash.fi\\\/sv\\\/ny-vagkarta-tobaks-och-nikotinpolitiken-finland\\\/\"]}]},{\"@type\":\"ImageObject\",\"inLanguage\":\"sv-SE\",\"@id\":\"https:\\\/\\\/suomenash.fi\\\/sv\\\/ny-vagkarta-tobaks-och-nikotinpolitiken-finland\\\/#primaryimage\",\"url\":\"https:\\\/\\\/suomenash.fi\\\/wp-content\\\/uploads\\\/2018\\\/01\\\/Suomen-ASH_vesipiippu.jpg\",\"contentUrl\":\"https:\\\/\\\/suomenash.fi\\\/wp-content\\\/uploads\\\/2018\\\/01\\\/Suomen-ASH_vesipiippu.jpg\",\"width\":2000,\"height\":1333,\"caption\":\"Suomen ASH_hein\u00e4nkorsia\"},{\"@type\":\"BreadcrumbList\",\"@id\":\"https:\\\/\\\/suomenash.fi\\\/sv\\\/ny-vagkarta-tobaks-och-nikotinpolitiken-finland\\\/#breadcrumb\",\"itemListElement\":[{\"@type\":\"ListItem\",\"position\":1,\"name\":\"Home\",\"item\":\"https:\\\/\\\/suomenash.fi\\\/sv\\\/\"},{\"@type\":\"ListItem\",\"position\":2,\"name\":\"Nya planen f\u00f6r tobakspolitiken\"}]},{\"@type\":\"WebSite\",\"@id\":\"https:\\\/\\\/suomenash.fi\\\/#website\",\"url\":\"https:\\\/\\\/suomenash.fi\\\/\",\"name\":\"Suomen ASH ry\",\"description\":\"Just another WordPress site\",\"potentialAction\":[{\"@type\":\"SearchAction\",\"target\":{\"@type\":\"EntryPoint\",\"urlTemplate\":\"https:\\\/\\\/suomenash.fi\\\/?s={search_term_string}\"},\"query-input\":{\"@type\":\"PropertyValueSpecification\",\"valueRequired\":true,\"valueName\":\"search_term_string\"}}],\"inLanguage\":\"sv-SE\"}]}<\/script>\n<!-- \/ Yoast SEO plugin. -->","yoast_head_json":{"title":"Nya planen f\u00f6r tobakspolitiken - Suomen ASH ry | Suomen ASH ry","description":"Social- och h\u00e4lsov\u00e5rdsministeriets m\u00e5l \u00e4r att bruket av tobaks- och nikotinprodukter i Finland upph\u00f6r fram till 2030.","robots":{"index":"index","follow":"follow","max-snippet":"max-snippet:-1","max-image-preview":"max-image-preview:large","max-video-preview":"max-video-preview:-1"},"canonical":"https:\/\/suomenash.fi\/sv\/ny-vagkarta-tobaks-och-nikotinpolitiken-finland\/","og_locale":"sv_SE","og_type":"article","og_title":"Nya planen f\u00f6r tobakspolitiken - Suomen ASH ry","og_description":"Social- och h\u00e4lsov\u00e5rdsministeriets m\u00e5l \u00e4r att bruket av tobaks- och nikotinprodukter i Finland upph\u00f6r fram till 2030.","og_url":"https:\/\/suomenash.fi\/sv\/ny-vagkarta-tobaks-och-nikotinpolitiken-finland\/","og_site_name":"Suomen ASH ry","article_modified_time":"2024-03-26T07:56:40+00:00","og_image":[{"width":2000,"height":1333,"url":"https:\/\/suomenash.fi\/wp-content\/uploads\/2018\/01\/Suomen-ASH_vesipiippu.jpg","type":"image\/jpeg"}],"twitter_card":"summary_large_image","twitter_misc":{"Ber\u00e4knad l\u00e4stid":"6 minuter","Skriven av":"Pirjo"},"schema":{"@context":"https:\/\/schema.org","@graph":[{"@type":"WebPage","@id":"https:\/\/suomenash.fi\/sv\/ny-vagkarta-tobaks-och-nikotinpolitiken-finland\/","url":"https:\/\/suomenash.fi\/sv\/ny-vagkarta-tobaks-och-nikotinpolitiken-finland\/","name":"Nya planen f\u00f6r tobakspolitiken - Suomen ASH ry","isPartOf":{"@id":"https:\/\/suomenash.fi\/#website"},"primaryImageOfPage":{"@id":"https:\/\/suomenash.fi\/sv\/ny-vagkarta-tobaks-och-nikotinpolitiken-finland\/#primaryimage"},"image":{"@id":"https:\/\/suomenash.fi\/sv\/ny-vagkarta-tobaks-och-nikotinpolitiken-finland\/#primaryimage"},"thumbnailUrl":"https:\/\/suomenash.fi\/wp-content\/uploads\/2018\/01\/Suomen-ASH_vesipiippu.jpg","datePublished":"2023-04-24T08:00:32+00:00","dateModified":"2024-03-26T07:56:40+00:00","description":"Social- och h\u00e4lsov\u00e5rdsministeriets m\u00e5l \u00e4r att bruket av tobaks- och nikotinprodukter i Finland upph\u00f6r fram till 2030.","breadcrumb":{"@id":"https:\/\/suomenash.fi\/sv\/ny-vagkarta-tobaks-och-nikotinpolitiken-finland\/#breadcrumb"},"inLanguage":"sv-SE","potentialAction":[{"@type":"ReadAction","target":["https:\/\/suomenash.fi\/sv\/ny-vagkarta-tobaks-och-nikotinpolitiken-finland\/"]}]},{"@type":"ImageObject","inLanguage":"sv-SE","@id":"https:\/\/suomenash.fi\/sv\/ny-vagkarta-tobaks-och-nikotinpolitiken-finland\/#primaryimage","url":"https:\/\/suomenash.fi\/wp-content\/uploads\/2018\/01\/Suomen-ASH_vesipiippu.jpg","contentUrl":"https:\/\/suomenash.fi\/wp-content\/uploads\/2018\/01\/Suomen-ASH_vesipiippu.jpg","width":2000,"height":1333,"caption":"Suomen ASH_hein\u00e4nkorsia"},{"@type":"BreadcrumbList","@id":"https:\/\/suomenash.fi\/sv\/ny-vagkarta-tobaks-och-nikotinpolitiken-finland\/#breadcrumb","itemListElement":[{"@type":"ListItem","position":1,"name":"Home","item":"https:\/\/suomenash.fi\/sv\/"},{"@type":"ListItem","position":2,"name":"Nya planen f\u00f6r tobakspolitiken"}]},{"@type":"WebSite","@id":"https:\/\/suomenash.fi\/#website","url":"https:\/\/suomenash.fi\/","name":"Suomen ASH ry","description":"Just another WordPress site","potentialAction":[{"@type":"SearchAction","target":{"@type":"EntryPoint","urlTemplate":"https:\/\/suomenash.fi\/?s={search_term_string}"},"query-input":{"@type":"PropertyValueSpecification","valueRequired":true,"valueName":"search_term_string"}}],"inLanguage":"sv-SE"}]}},"_links":{"self":[{"href":"https:\/\/suomenash.fi\/sv\/wp-json\/wp\/v2\/pages\/3242","targetHints":{"allow":["GET"]}}],"collection":[{"href":"https:\/\/suomenash.fi\/sv\/wp-json\/wp\/v2\/pages"}],"about":[{"href":"https:\/\/suomenash.fi\/sv\/wp-json\/wp\/v2\/types\/page"}],"author":[{"embeddable":true,"href":"https:\/\/suomenash.fi\/sv\/wp-json\/wp\/v2\/users\/8"}],"replies":[{"embeddable":true,"href":"https:\/\/suomenash.fi\/sv\/wp-json\/wp\/v2\/comments?post=3242"}],"version-history":[{"count":10,"href":"https:\/\/suomenash.fi\/sv\/wp-json\/wp\/v2\/pages\/3242\/revisions"}],"predecessor-version":[{"id":19978,"href":"https:\/\/suomenash.fi\/sv\/wp-json\/wp\/v2\/pages\/3242\/revisions\/19978"}],"wp:featuredmedia":[{"embeddable":true,"href":"https:\/\/suomenash.fi\/sv\/wp-json\/wp\/v2\/media\/1789"}],"wp:attachment":[{"href":"https:\/\/suomenash.fi\/sv\/wp-json\/wp\/v2\/media?parent=3242"}],"wp:term":[{"taxonomy":"category","embeddable":true,"href":"https:\/\/suomenash.fi\/sv\/wp-json\/wp\/v2\/categories?post=3242"},{"taxonomy":"post_tag","embeddable":true,"href":"https:\/\/suomenash.fi\/sv\/wp-json\/wp\/v2\/tags?post=3242"},{"taxonomy":"author","embeddable":true,"href":"https:\/\/suomenash.fi\/sv\/wp-json\/wp\/v2\/coauthors?post=3242"}],"curies":[{"name":"wp","href":"https:\/\/api.w.org\/{rel}","templated":true}]}}