{"id":2653,"date":"2018-04-05T09:27:21","date_gmt":"2018-04-05T07:27:21","guid":{"rendered":"https:\/\/suomenash.upcloud-1.web-veistamo.fi\/?page_id=2653"},"modified":"2026-01-23T10:36:05","modified_gmt":"2026-01-23T08:36:05","slug":"forvaltning-och-finansiering","status":"publish","type":"page","link":"https:\/\/suomenash.fi\/sv\/forvaltning-och-finansiering\/","title":{"rendered":"F\u00f6rvaltning och finansiering"},"content":{"rendered":"<h1 class=\"page-title\">F\u00f6rvaltning och finansiering<\/h1>\n<h2>F\u00f6rvaltning<\/h2>\n<p>Kontaktinformationen f\u00f6r ASH-f\u00f6reningens kontor hittar du <a href=\"https:\/\/suomenash.fi\/sv\/kontakt\/\" target=\"_blank\" rel=\"noopener noreferrer\">h\u00e4r<\/a>.\u00a0Styrelsen leder v\u00e5r verksamhet. Styrelsens ordf\u00f6rande och organisationens verkst\u00e4llande direkt\u00f6r svarar p\u00e5 fr\u00e5gor om styrelsens verksamhet, organisationens synpunkter och dylika fr\u00e5gor.<\/p>\n<h2>ASH Finland rf:s styrelse<\/h2>\n<p><strong>Ordf\u00f6rande<br \/>\n<\/strong>Professor Pekka Puska<\/p>\n<p><strong>Vice ordf\u00f6rande<br \/>\n<\/strong>Gymnastikl\u00e4rare Outi Palkama<\/p>\n<p><strong>Medlemmar<br \/>\n<\/strong>Bitr\u00e4dande professor Mikael Ekblad<br \/>\nProfessor Heikki Hiilamo<br \/>\nVerksamhetsledare Juha Mikkonen<br \/>\n\u00d6verl\u00e4kare Eeva Ollila<br \/>\nSpecialist Annamari Rouhos<br \/>\nSpecialist Olli Simonen<br \/>\nProfessor Tuula Vasankari<br \/>\nH\u00e4lsofr\u00e4mjande expert Tiina Vlasoff<\/p>\n<h2>Finansiering<\/h2>\n<p>Social- och h\u00e4lsov\u00e5rdsministeriet finansierar v\u00e5r verksamhet.<\/p>\n","protected":false},"excerpt":{"rendered":"F\u00f6rvaltning och finansiering F\u00f6rvaltning Kontaktinformationen f\u00f6r ASH-f\u00f6reningens kontor hittar du h\u00e4r.\u00a0Styrelsen leder v\u00e5r verksamhet. Styrelsens ordf\u00f6rande och organisationens verkst\u00e4llande direkt\u00f6r&#8230; <a class=\"view-article\" href=\"https:\/\/suomenash.fi\/sv\/forvaltning-och-finansiering\/\">View Article<\/a>","protected":false},"author":8,"featured_media":1860,"parent":0,"menu_order":0,"comment_status":"closed","ping_status":"closed","template":"","meta":{"_acf_changed":false,"footnotes":""},"categories":[],"tags":[],"coauthors":[16],"class_list":["post-2653","page","type-page","status-publish","has-post-thumbnail","hentry"],"acf":[],"yoast_head":"<!-- This site is optimized with the Yoast SEO plugin v27.4 - https:\/\/yoast.com\/product\/yoast-seo-wordpress\/ -->\n<title>F\u00f6rvaltning och finansiering - Suomen ASH ry | Suomen ASH ry<\/title>\n<meta name=\"robots\" content=\"index, follow, max-snippet:-1, max-image-preview:large, max-video-preview:-1\" \/>\n<link rel=\"canonical\" href=\"https:\/\/suomenash.fi\/sv\/forvaltning-och-finansiering\/\" \/>\n<meta property=\"og:locale\" content=\"sv_SE\" \/>\n<meta property=\"og:type\" content=\"article\" \/>\n<meta property=\"og:title\" content=\"F\u00f6rvaltning och finansiering - Suomen ASH ry\" \/>\n<meta property=\"og:description\" content=\"F\u00f6rvaltning och finansiering F\u00f6rvaltning Kontaktinformationen f\u00f6r ASH-f\u00f6reningens kontor hittar du h\u00e4r.\u00a0Styrelsen leder v\u00e5r verksamhet. Styrelsens ordf\u00f6rande och organisationens verkst\u00e4llande direkt\u00f6r... View Article\" \/>\n<meta property=\"og:url\" content=\"https:\/\/suomenash.fi\/sv\/forvaltning-och-finansiering\/\" \/>\n<meta property=\"og:site_name\" content=\"Suomen ASH ry\" \/>\n<meta property=\"article:modified_time\" content=\"2026-01-23T08:36:05+00:00\" \/>\n<meta property=\"og:image\" content=\"https:\/\/suomenash.fi\/wp-content\/uploads\/2018\/01\/Suomen-ASH_hallinto-ja-rahoitus.jpg\" \/>\n\t<meta property=\"og:image:width\" content=\"2000\" \/>\n\t<meta property=\"og:image:height\" content=\"1188\" \/>\n\t<meta property=\"og:image:type\" content=\"image\/jpeg\" \/>\n<meta name=\"twitter:card\" content=\"summary_large_image\" \/>\n<meta name=\"twitter:label1\" content=\"Ber\u00e4knad l\u00e4stid\" \/>\n\t<meta name=\"twitter:data1\" content=\"1 minut\" \/>\n\t<meta name=\"twitter:label2\" content=\"Skriven av\" \/>\n\t<meta name=\"twitter:data2\" content=\"Pirjo\" \/>\n<script type=\"application\/ld+json\" class=\"yoast-schema-graph\">{\"@context\":\"https:\\\/\\\/schema.org\",\"@graph\":[{\"@type\":\"WebPage\",\"@id\":\"https:\\\/\\\/suomenash.fi\\\/sv\\\/forvaltning-och-finansiering\\\/\",\"url\":\"https:\\\/\\\/suomenash.fi\\\/sv\\\/forvaltning-och-finansiering\\\/\",\"name\":\"F\u00f6rvaltning och finansiering - Suomen ASH ry\",\"isPartOf\":{\"@id\":\"https:\\\/\\\/suomenash.fi\\\/#website\"},\"primaryImageOfPage\":{\"@id\":\"https:\\\/\\\/suomenash.fi\\\/sv\\\/forvaltning-och-finansiering\\\/#primaryimage\"},\"image\":{\"@id\":\"https:\\\/\\\/suomenash.fi\\\/sv\\\/forvaltning-och-finansiering\\\/#primaryimage\"},\"thumbnailUrl\":\"https:\\\/\\\/suomenash.fi\\\/wp-content\\\/uploads\\\/2018\\\/01\\\/Suomen-ASH_hallinto-ja-rahoitus.jpg\",\"datePublished\":\"2018-04-05T07:27:21+00:00\",\"dateModified\":\"2026-01-23T08:36:05+00:00\",\"breadcrumb\":{\"@id\":\"https:\\\/\\\/suomenash.fi\\\/sv\\\/forvaltning-och-finansiering\\\/#breadcrumb\"},\"inLanguage\":\"sv-SE\",\"potentialAction\":[{\"@type\":\"ReadAction\",\"target\":[\"https:\\\/\\\/suomenash.fi\\\/sv\\\/forvaltning-och-finansiering\\\/\"]}]},{\"@type\":\"ImageObject\",\"inLanguage\":\"sv-SE\",\"@id\":\"https:\\\/\\\/suomenash.fi\\\/sv\\\/forvaltning-och-finansiering\\\/#primaryimage\",\"url\":\"https:\\\/\\\/suomenash.fi\\\/wp-content\\\/uploads\\\/2018\\\/01\\\/Suomen-ASH_hallinto-ja-rahoitus.jpg\",\"contentUrl\":\"https:\\\/\\\/suomenash.fi\\\/wp-content\\\/uploads\\\/2018\\\/01\\\/Suomen-ASH_hallinto-ja-rahoitus.jpg\",\"width\":2000,\"height\":1188,\"caption\":\"Suomen ASH, hallinto ja rahoitus\"},{\"@type\":\"BreadcrumbList\",\"@id\":\"https:\\\/\\\/suomenash.fi\\\/sv\\\/forvaltning-och-finansiering\\\/#breadcrumb\",\"itemListElement\":[{\"@type\":\"ListItem\",\"position\":1,\"name\":\"Home\",\"item\":\"https:\\\/\\\/suomenash.fi\\\/sv\\\/\"},{\"@type\":\"ListItem\",\"position\":2,\"name\":\"F\u00f6rvaltning och finansiering\"}]},{\"@type\":\"WebSite\",\"@id\":\"https:\\\/\\\/suomenash.fi\\\/#website\",\"url\":\"https:\\\/\\\/suomenash.fi\\\/\",\"name\":\"Suomen ASH ry\",\"description\":\"Just another WordPress site\",\"potentialAction\":[{\"@type\":\"SearchAction\",\"target\":{\"@type\":\"EntryPoint\",\"urlTemplate\":\"https:\\\/\\\/suomenash.fi\\\/?s={search_term_string}\"},\"query-input\":{\"@type\":\"PropertyValueSpecification\",\"valueRequired\":true,\"valueName\":\"search_term_string\"}}],\"inLanguage\":\"sv-SE\"}]}<\/script>\n<!-- \/ Yoast SEO plugin. -->","yoast_head_json":{"title":"F\u00f6rvaltning och finansiering - Suomen ASH ry | Suomen ASH ry","robots":{"index":"index","follow":"follow","max-snippet":"max-snippet:-1","max-image-preview":"max-image-preview:large","max-video-preview":"max-video-preview:-1"},"canonical":"https:\/\/suomenash.fi\/sv\/forvaltning-och-finansiering\/","og_locale":"sv_SE","og_type":"article","og_title":"F\u00f6rvaltning och finansiering - Suomen ASH ry","og_description":"F\u00f6rvaltning och finansiering F\u00f6rvaltning Kontaktinformationen f\u00f6r ASH-f\u00f6reningens kontor hittar du h\u00e4r.\u00a0Styrelsen leder v\u00e5r verksamhet. Styrelsens ordf\u00f6rande och organisationens verkst\u00e4llande direkt\u00f6r... View Article","og_url":"https:\/\/suomenash.fi\/sv\/forvaltning-och-finansiering\/","og_site_name":"Suomen ASH ry","article_modified_time":"2026-01-23T08:36:05+00:00","og_image":[{"width":2000,"height":1188,"url":"https:\/\/suomenash.fi\/wp-content\/uploads\/2018\/01\/Suomen-ASH_hallinto-ja-rahoitus.jpg","type":"image\/jpeg"}],"twitter_card":"summary_large_image","twitter_misc":{"Ber\u00e4knad l\u00e4stid":"1 minut","Skriven av":"Pirjo"},"schema":{"@context":"https:\/\/schema.org","@graph":[{"@type":"WebPage","@id":"https:\/\/suomenash.fi\/sv\/forvaltning-och-finansiering\/","url":"https:\/\/suomenash.fi\/sv\/forvaltning-och-finansiering\/","name":"F\u00f6rvaltning och finansiering - Suomen ASH ry","isPartOf":{"@id":"https:\/\/suomenash.fi\/#website"},"primaryImageOfPage":{"@id":"https:\/\/suomenash.fi\/sv\/forvaltning-och-finansiering\/#primaryimage"},"image":{"@id":"https:\/\/suomenash.fi\/sv\/forvaltning-och-finansiering\/#primaryimage"},"thumbnailUrl":"https:\/\/suomenash.fi\/wp-content\/uploads\/2018\/01\/Suomen-ASH_hallinto-ja-rahoitus.jpg","datePublished":"2018-04-05T07:27:21+00:00","dateModified":"2026-01-23T08:36:05+00:00","breadcrumb":{"@id":"https:\/\/suomenash.fi\/sv\/forvaltning-och-finansiering\/#breadcrumb"},"inLanguage":"sv-SE","potentialAction":[{"@type":"ReadAction","target":["https:\/\/suomenash.fi\/sv\/forvaltning-och-finansiering\/"]}]},{"@type":"ImageObject","inLanguage":"sv-SE","@id":"https:\/\/suomenash.fi\/sv\/forvaltning-och-finansiering\/#primaryimage","url":"https:\/\/suomenash.fi\/wp-content\/uploads\/2018\/01\/Suomen-ASH_hallinto-ja-rahoitus.jpg","contentUrl":"https:\/\/suomenash.fi\/wp-content\/uploads\/2018\/01\/Suomen-ASH_hallinto-ja-rahoitus.jpg","width":2000,"height":1188,"caption":"Suomen ASH, hallinto ja rahoitus"},{"@type":"BreadcrumbList","@id":"https:\/\/suomenash.fi\/sv\/forvaltning-och-finansiering\/#breadcrumb","itemListElement":[{"@type":"ListItem","position":1,"name":"Home","item":"https:\/\/suomenash.fi\/sv\/"},{"@type":"ListItem","position":2,"name":"F\u00f6rvaltning och finansiering"}]},{"@type":"WebSite","@id":"https:\/\/suomenash.fi\/#website","url":"https:\/\/suomenash.fi\/","name":"Suomen ASH ry","description":"Just another WordPress site","potentialAction":[{"@type":"SearchAction","target":{"@type":"EntryPoint","urlTemplate":"https:\/\/suomenash.fi\/?s={search_term_string}"},"query-input":{"@type":"PropertyValueSpecification","valueRequired":true,"valueName":"search_term_string"}}],"inLanguage":"sv-SE"}]}},"_links":{"self":[{"href":"https:\/\/suomenash.fi\/sv\/wp-json\/wp\/v2\/pages\/2653","targetHints":{"allow":["GET"]}}],"collection":[{"href":"https:\/\/suomenash.fi\/sv\/wp-json\/wp\/v2\/pages"}],"about":[{"href":"https:\/\/suomenash.fi\/sv\/wp-json\/wp\/v2\/types\/page"}],"author":[{"embeddable":true,"href":"https:\/\/suomenash.fi\/sv\/wp-json\/wp\/v2\/users\/8"}],"replies":[{"embeddable":true,"href":"https:\/\/suomenash.fi\/sv\/wp-json\/wp\/v2\/comments?post=2653"}],"version-history":[{"count":10,"href":"https:\/\/suomenash.fi\/sv\/wp-json\/wp\/v2\/pages\/2653\/revisions"}],"predecessor-version":[{"id":23649,"href":"https:\/\/suomenash.fi\/sv\/wp-json\/wp\/v2\/pages\/2653\/revisions\/23649"}],"wp:featuredmedia":[{"embeddable":true,"href":"https:\/\/suomenash.fi\/sv\/wp-json\/wp\/v2\/media\/1860"}],"wp:attachment":[{"href":"https:\/\/suomenash.fi\/sv\/wp-json\/wp\/v2\/media?parent=2653"}],"wp:term":[{"taxonomy":"category","embeddable":true,"href":"https:\/\/suomenash.fi\/sv\/wp-json\/wp\/v2\/categories?post=2653"},{"taxonomy":"post_tag","embeddable":true,"href":"https:\/\/suomenash.fi\/sv\/wp-json\/wp\/v2\/tags?post=2653"},{"taxonomy":"author","embeddable":true,"href":"https:\/\/suomenash.fi\/sv\/wp-json\/wp\/v2\/coauthors?post=2653"}],"curies":[{"name":"wp","href":"https:\/\/api.w.org\/{rel}","templated":true}]}}