{"id":2651,"date":"2018-04-05T09:24:04","date_gmt":"2018-04-05T07:24:04","guid":{"rendered":"https:\/\/suomenash.upcloud-1.web-veistamo.fi\/?page_id=2651"},"modified":"2024-03-26T09:53:56","modified_gmt":"2024-03-26T07:53:56","slug":"detta-gor-vi","status":"publish","type":"page","link":"https:\/\/suomenash.fi\/sv\/detta-gor-vi\/","title":{"rendered":"Detta g\u00f6r vi"},"content":{"rendered":"<h1 class=\"page-title\">Detta g\u00f6r vi<\/h1>\n<p>ASH Finland r.f. (Action on Smoking and Health) \u00e4r en \u00e5r 1989 grundad, nationell folkh\u00e4lsoorganisation och expert p\u00e5 tobakspolitik.<\/p>\n<p><strong>V\u00e5rt m\u00e5l \u00e4r ett r\u00f6k- och nikotinfritt Finland.<\/strong><\/p>\n<p>Vi fr\u00e4mjar eliminering av tobaksprodukter och nikotinrelaterade produkter samt missbruk av drog.<\/p>\n<p>Inhemska och internationella n\u00e4tverk \u00e4r en viktig del av v\u00e5r verksamhet: tillsammans \u00e4r vi starkare och mer inflytelserika.<\/p>\n<p>Vi fr\u00e4mjar upph\u00f6randet av bruket av tobaksprodukter och med dem j\u00e4mf\u00f6rbara produkter samt rusmedelsfrihet.<\/p>\n<p>ASH Finlands uppgift \u00e4r att erbjuda information och p\u00e5verka. Vi fr\u00e4mjar upph\u00f6rande av bruket av tobaks- och nikotinprodukter samt rusmedelsfrihet och f\u00f6rs\u00f6ker p\u00e5 s\u00e5 s\u00e4tt f\u00f6rb\u00e4ttra befolkningens h\u00e4lsa och v\u00e4lbefinnande.<\/p>\n<h4>Mission<\/h4>\n<p>V\u00e5rt arbete ska leda till att anv\u00e4ndningen av tobaks- och nikotinprodukter upph\u00f6r. Vi vill \u00e4ven fr\u00e4mja en ansvarsfull alkoholpolitik.<\/p>\n<h4>Vision<\/h4>\n<p>Individen, samh\u00e4llet och milj\u00f6n ska inte beh\u00f6va lida av skador fr\u00e5n tobaks- och nikotinprodukter. Skador som f\u00f6ljer av alkoholkonsumtion minimeras genom ansvarsfull politik.<\/p>\n<h4>V\u00e5ra v\u00e4rden \u00e4r<\/h4>\n<ul>\n<li>\u00f6ppenhet<\/li>\n<li>opartiskhet och<\/li>\n<li>p\u00e5litlighet.<\/li>\n<\/ul>\n<h4>Etiska anvisningar<\/h4>\n<p>V\u00e5r verksamhet grundar sig p\u00e5 forskningsdata som grundar sig p\u00e5 bevis. V\u00e5ra etiska anvisningar fastsl\u00e5r hur vi handlar i f\u00f6rh\u00e5llande till tobaks- och alkoholindustrin. Samtidigt fr\u00e4mjar anvisningarna v\u00e5ra v\u00e4rden.<\/p>\n<ol>\n<li>ASH Finlands uppgift \u00e4r att lyfta fram de beroendeframkallande egenskaperna hos tobaksprodukter och alkohol och de sanit\u00e4ra ol\u00e4genheter som bruket av dem orsakar.<\/li>\n<li>F\u00f6reningens personal och de \u00f6vriga personerna som \u00e4r med i verksamheten binder sig att fr\u00e4mja f\u00f6reningens m\u00e5l.<\/li>\n<li>ASH Finland avh\u00e5ller sig fr\u00e5n kontakt och samarbete med tobaks- och alkoholindustrin, andra motsvarande akt\u00f6rer samt akt\u00f6rer i n\u00e4ra samarbete med dessa. Om detta av en grundad orsak inte \u00e4r m\u00f6jligt m\u00e5ste kontaktens \u00f6ppenhet och transparens s\u00e4kerst\u00e4llas.<\/li>\n<\/ol>\n","protected":false},"excerpt":{"rendered":"Detta g\u00f6r vi ASH Finland r.f. (Action on Smoking and Health) \u00e4r en \u00e5r 1989 grundad, nationell folkh\u00e4lsoorganisation och expert&#8230; <a class=\"view-article\" href=\"https:\/\/suomenash.fi\/sv\/detta-gor-vi\/\">View Article<\/a>","protected":false},"author":8,"featured_media":2530,"parent":0,"menu_order":0,"comment_status":"closed","ping_status":"closed","template":"","meta":{"_acf_changed":false,"footnotes":""},"categories":[],"tags":[],"coauthors":[16],"class_list":["post-2651","page","type-page","status-publish","has-post-thumbnail","hentry"],"acf":[],"yoast_head":"<!-- This site is optimized with the Yoast SEO plugin v27.3 - https:\/\/yoast.com\/product\/yoast-seo-wordpress\/ -->\n<title>Detta g\u00f6r vi - Suomen ASH ry | Suomen ASH ry<\/title>\n<meta name=\"robots\" content=\"index, follow, max-snippet:-1, max-image-preview:large, max-video-preview:-1\" \/>\n<link rel=\"canonical\" href=\"https:\/\/suomenash.fi\/sv\/detta-gor-vi\/\" \/>\n<meta property=\"og:locale\" content=\"sv_SE\" \/>\n<meta property=\"og:type\" content=\"article\" \/>\n<meta property=\"og:title\" content=\"Detta g\u00f6r vi - Suomen ASH ry\" \/>\n<meta property=\"og:description\" content=\"Detta g\u00f6r vi ASH Finland r.f. (Action on Smoking and Health) \u00e4r en \u00e5r 1989 grundad, nationell folkh\u00e4lsoorganisation och expert... View Article\" \/>\n<meta property=\"og:url\" content=\"https:\/\/suomenash.fi\/sv\/detta-gor-vi\/\" \/>\n<meta property=\"og:site_name\" content=\"Suomen ASH ry\" \/>\n<meta property=\"article:modified_time\" content=\"2024-03-26T07:53:56+00:00\" \/>\n<meta property=\"og:image\" content=\"https:\/\/suomenash.fi\/wp-content\/uploads\/2018\/03\/shutterstock_346256744.jpg\" \/>\n\t<meta property=\"og:image:width\" content=\"2000\" \/>\n\t<meta property=\"og:image:height\" content=\"714\" \/>\n\t<meta property=\"og:image:type\" content=\"image\/jpeg\" \/>\n<meta name=\"twitter:card\" content=\"summary_large_image\" \/>\n<meta name=\"twitter:label1\" content=\"Ber\u00e4knad l\u00e4stid\" \/>\n\t<meta name=\"twitter:data1\" content=\"2 minuter\" \/>\n\t<meta name=\"twitter:label2\" content=\"Skriven av\" \/>\n\t<meta name=\"twitter:data2\" content=\"Pirjo\" \/>\n<script type=\"application\/ld+json\" class=\"yoast-schema-graph\">{\"@context\":\"https:\\\/\\\/schema.org\",\"@graph\":[{\"@type\":\"WebPage\",\"@id\":\"https:\\\/\\\/suomenash.fi\\\/sv\\\/detta-gor-vi\\\/\",\"url\":\"https:\\\/\\\/suomenash.fi\\\/sv\\\/detta-gor-vi\\\/\",\"name\":\"Detta g\u00f6r vi - Suomen ASH ry\",\"isPartOf\":{\"@id\":\"https:\\\/\\\/suomenash.fi\\\/#website\"},\"primaryImageOfPage\":{\"@id\":\"https:\\\/\\\/suomenash.fi\\\/sv\\\/detta-gor-vi\\\/#primaryimage\"},\"image\":{\"@id\":\"https:\\\/\\\/suomenash.fi\\\/sv\\\/detta-gor-vi\\\/#primaryimage\"},\"thumbnailUrl\":\"https:\\\/\\\/suomenash.fi\\\/wp-content\\\/uploads\\\/2018\\\/03\\\/shutterstock_346256744.jpg\",\"datePublished\":\"2018-04-05T07:24:04+00:00\",\"dateModified\":\"2024-03-26T07:53:56+00:00\",\"breadcrumb\":{\"@id\":\"https:\\\/\\\/suomenash.fi\\\/sv\\\/detta-gor-vi\\\/#breadcrumb\"},\"inLanguage\":\"sv-SE\",\"potentialAction\":[{\"@type\":\"ReadAction\",\"target\":[\"https:\\\/\\\/suomenash.fi\\\/sv\\\/detta-gor-vi\\\/\"]}]},{\"@type\":\"ImageObject\",\"inLanguage\":\"sv-SE\",\"@id\":\"https:\\\/\\\/suomenash.fi\\\/sv\\\/detta-gor-vi\\\/#primaryimage\",\"url\":\"https:\\\/\\\/suomenash.fi\\\/wp-content\\\/uploads\\\/2018\\\/03\\\/shutterstock_346256744.jpg\",\"contentUrl\":\"https:\\\/\\\/suomenash.fi\\\/wp-content\\\/uploads\\\/2018\\\/03\\\/shutterstock_346256744.jpg\",\"width\":2000,\"height\":714},{\"@type\":\"BreadcrumbList\",\"@id\":\"https:\\\/\\\/suomenash.fi\\\/sv\\\/detta-gor-vi\\\/#breadcrumb\",\"itemListElement\":[{\"@type\":\"ListItem\",\"position\":1,\"name\":\"Home\",\"item\":\"https:\\\/\\\/suomenash.fi\\\/sv\\\/\"},{\"@type\":\"ListItem\",\"position\":2,\"name\":\"Detta g\u00f6r vi\"}]},{\"@type\":\"WebSite\",\"@id\":\"https:\\\/\\\/suomenash.fi\\\/#website\",\"url\":\"https:\\\/\\\/suomenash.fi\\\/\",\"name\":\"Suomen ASH ry\",\"description\":\"Just another WordPress site\",\"potentialAction\":[{\"@type\":\"SearchAction\",\"target\":{\"@type\":\"EntryPoint\",\"urlTemplate\":\"https:\\\/\\\/suomenash.fi\\\/?s={search_term_string}\"},\"query-input\":{\"@type\":\"PropertyValueSpecification\",\"valueRequired\":true,\"valueName\":\"search_term_string\"}}],\"inLanguage\":\"sv-SE\"}]}<\/script>\n<!-- \/ Yoast SEO plugin. -->","yoast_head_json":{"title":"Detta g\u00f6r vi - Suomen ASH ry | Suomen ASH ry","robots":{"index":"index","follow":"follow","max-snippet":"max-snippet:-1","max-image-preview":"max-image-preview:large","max-video-preview":"max-video-preview:-1"},"canonical":"https:\/\/suomenash.fi\/sv\/detta-gor-vi\/","og_locale":"sv_SE","og_type":"article","og_title":"Detta g\u00f6r vi - Suomen ASH ry","og_description":"Detta g\u00f6r vi ASH Finland r.f. (Action on Smoking and Health) \u00e4r en \u00e5r 1989 grundad, nationell folkh\u00e4lsoorganisation och expert... View Article","og_url":"https:\/\/suomenash.fi\/sv\/detta-gor-vi\/","og_site_name":"Suomen ASH ry","article_modified_time":"2024-03-26T07:53:56+00:00","og_image":[{"width":2000,"height":714,"url":"https:\/\/suomenash.fi\/wp-content\/uploads\/2018\/03\/shutterstock_346256744.jpg","type":"image\/jpeg"}],"twitter_card":"summary_large_image","twitter_misc":{"Ber\u00e4knad l\u00e4stid":"2 minuter","Skriven av":"Pirjo"},"schema":{"@context":"https:\/\/schema.org","@graph":[{"@type":"WebPage","@id":"https:\/\/suomenash.fi\/sv\/detta-gor-vi\/","url":"https:\/\/suomenash.fi\/sv\/detta-gor-vi\/","name":"Detta g\u00f6r vi - Suomen ASH ry","isPartOf":{"@id":"https:\/\/suomenash.fi\/#website"},"primaryImageOfPage":{"@id":"https:\/\/suomenash.fi\/sv\/detta-gor-vi\/#primaryimage"},"image":{"@id":"https:\/\/suomenash.fi\/sv\/detta-gor-vi\/#primaryimage"},"thumbnailUrl":"https:\/\/suomenash.fi\/wp-content\/uploads\/2018\/03\/shutterstock_346256744.jpg","datePublished":"2018-04-05T07:24:04+00:00","dateModified":"2024-03-26T07:53:56+00:00","breadcrumb":{"@id":"https:\/\/suomenash.fi\/sv\/detta-gor-vi\/#breadcrumb"},"inLanguage":"sv-SE","potentialAction":[{"@type":"ReadAction","target":["https:\/\/suomenash.fi\/sv\/detta-gor-vi\/"]}]},{"@type":"ImageObject","inLanguage":"sv-SE","@id":"https:\/\/suomenash.fi\/sv\/detta-gor-vi\/#primaryimage","url":"https:\/\/suomenash.fi\/wp-content\/uploads\/2018\/03\/shutterstock_346256744.jpg","contentUrl":"https:\/\/suomenash.fi\/wp-content\/uploads\/2018\/03\/shutterstock_346256744.jpg","width":2000,"height":714},{"@type":"BreadcrumbList","@id":"https:\/\/suomenash.fi\/sv\/detta-gor-vi\/#breadcrumb","itemListElement":[{"@type":"ListItem","position":1,"name":"Home","item":"https:\/\/suomenash.fi\/sv\/"},{"@type":"ListItem","position":2,"name":"Detta g\u00f6r vi"}]},{"@type":"WebSite","@id":"https:\/\/suomenash.fi\/#website","url":"https:\/\/suomenash.fi\/","name":"Suomen ASH ry","description":"Just another WordPress site","potentialAction":[{"@type":"SearchAction","target":{"@type":"EntryPoint","urlTemplate":"https:\/\/suomenash.fi\/?s={search_term_string}"},"query-input":{"@type":"PropertyValueSpecification","valueRequired":true,"valueName":"search_term_string"}}],"inLanguage":"sv-SE"}]}},"_links":{"self":[{"href":"https:\/\/suomenash.fi\/sv\/wp-json\/wp\/v2\/pages\/2651","targetHints":{"allow":["GET"]}}],"collection":[{"href":"https:\/\/suomenash.fi\/sv\/wp-json\/wp\/v2\/pages"}],"about":[{"href":"https:\/\/suomenash.fi\/sv\/wp-json\/wp\/v2\/types\/page"}],"author":[{"embeddable":true,"href":"https:\/\/suomenash.fi\/sv\/wp-json\/wp\/v2\/users\/8"}],"replies":[{"embeddable":true,"href":"https:\/\/suomenash.fi\/sv\/wp-json\/wp\/v2\/comments?post=2651"}],"version-history":[{"count":7,"href":"https:\/\/suomenash.fi\/sv\/wp-json\/wp\/v2\/pages\/2651\/revisions"}],"predecessor-version":[{"id":19976,"href":"https:\/\/suomenash.fi\/sv\/wp-json\/wp\/v2\/pages\/2651\/revisions\/19976"}],"wp:featuredmedia":[{"embeddable":true,"href":"https:\/\/suomenash.fi\/sv\/wp-json\/wp\/v2\/media\/2530"}],"wp:attachment":[{"href":"https:\/\/suomenash.fi\/sv\/wp-json\/wp\/v2\/media?parent=2651"}],"wp:term":[{"taxonomy":"category","embeddable":true,"href":"https:\/\/suomenash.fi\/sv\/wp-json\/wp\/v2\/categories?post=2651"},{"taxonomy":"post_tag","embeddable":true,"href":"https:\/\/suomenash.fi\/sv\/wp-json\/wp\/v2\/tags?post=2651"},{"taxonomy":"author","embeddable":true,"href":"https:\/\/suomenash.fi\/sv\/wp-json\/wp\/v2\/coauthors?post=2651"}],"curies":[{"name":"wp","href":"https:\/\/api.w.org\/{rel}","templated":true}]}}