{"id":2649,"date":"2018-04-05T09:21:55","date_gmt":"2018-04-05T07:21:55","guid":{"rendered":"https:\/\/suomenash.upcloud-1.web-veistamo.fi\/?page_id=2649"},"modified":"2024-03-25T13:00:10","modified_gmt":"2024-03-25T11:00:10","slug":"tobak-ett-miljohot","status":"publish","type":"page","link":"https:\/\/suomenash.fi\/sv\/tobak-ett-miljohot\/","title":{"rendered":"Tobak \u2013 ett milj\u00f6hot"},"content":{"rendered":"\n<div class=\"main-and-sidebar-container\">\n<div class=\"main-content\">\n<h1 class=\"page-title\">\n                        Tobak \u2013 ett milj\u00f6hot                    <\/h1>\n<h2>Odling av tobak riskerar jordklotets lungor<\/h2>\n<p>Tobak odlas i \u00f6ver 120 l\u00e4nder, och st\u00f6rsta delen av dessa \u00e4r utvecklingsl\u00e4nder. F\u00f6r odling av tobak anv\u00e4nds 4,3 miljoner hektar mark och ungef\u00e4r 200 000 hektar tropiska skogar f\u00e4lls \u00e5rligen f\u00f6r tobaksodlingar.<\/p>\n<p>Tobaksbruket \u00e4r st\u00f6rst bland fattiga. De pengar som spenderas p\u00e5 tobak skulle i st\u00e4llet beh\u00f6vas till grundl\u00e4ggande behov som mat, utbildning, och h\u00e4lsov\u00e5rd.<\/p>\n<p>F\u00e4llningen av skogar accelererar klimatf\u00f6r\u00e4ndringen och blottar jordm\u00e5nen f\u00f6r vindar och regn som s\u00e5 sm\u00e5ningom orsakar \u00f6knar. Odlingen av tobak utarmar jordm\u00e5nen s\u00e5 att man efter n\u00e5gra \u00e5r inte l\u00e4ngre kan odla n\u00e5gonting. Man har r\u00e4knat ut att om man i st\u00e4llet f\u00f6r tobak skulle odla matgr\u00f6dor, skulle man kunna mata \u00f6ver 19 miljoner m\u00e4nniskor.<\/p>\n<p>Tobaksplantan \u00e4r en kr\u00e4vande odlingsv\u00e4xt: den beh\u00f6ver mycket vatten, g\u00f6dsel och insektgifter. I fattiga tobaksodlingsl\u00e4nder anv\u00e4nds ofta i industril\u00e4nder f\u00f6rbjudna bek\u00e4mpningsmedel, som l\u00e4tt sprids till milj\u00f6n och vattendragen.<\/p>\n<h2>Tobaksindustrins stora kolavtryck<\/h2>\n<p>I v\u00e4rlden finns n\u00e4rmare 600 tobaksfabriker som alla anv\u00e4nder mycket vatten, energi och kemikalier. Tobaksindustrin producerar \u00f6ver sex biljoner cigaretter per \u00e5r.&nbsp; Enligt V\u00e4rldsh\u00e4lsoorganisationen WHO uppst\u00e5r det inom tobaksproduktionen \u00e5rligen \u00f6ver tv\u00e5 miljoner ton fast avfall, 300 000 ton avfall med nikotin som inte g\u00e5r att \u00e5teranv\u00e4nda och 200 000 ton annat kemikalieavfall.<\/p>\n<p>\u00c4ven koldioxidutsl\u00e4ppen fr\u00e5n tobaksindustrin \u00e4r betydande: enbart i USA motsvarar koldioxidutsl\u00e4ppen fr\u00e5n tobaksindustrin utsl\u00e4ppen fr\u00e5n fyra miljoner bilar.<\/p>\n<h2>Fimpen \u00e4r v\u00e4rlden vanligaste skr\u00e4p<\/h2>\n<p>Globalt kastas det 4,5 biljoner tobaksfimpar i milj\u00f6n per \u00e5r. I Finland hamnar \u00f6ver tre miljarder fimpar i milj\u00f6n per \u00e5r.<\/p>\n<p>Cigarrettfiltret g\u00f6rs av por\u00f6st cellulosaacetat, med vilket man f\u00f6rs\u00f6ker filtrera bort tj\u00e4ra och andra giftiga \u00e4mnen fr\u00e5n tobaksr\u00f6ken, innan de hamnar i r\u00f6karens lungor. Cellulosaacetat \u00e4r plast som inte f\u00f6rmultnar och f\u00f6r vilket det tar flera \u00e5r ocks\u00e5 f\u00f6r att brytas ner.<\/p>\n<p>I fimpar finns m\u00e5nga giftiga kemikalier som l\u00f6ses upp i milj\u00f6n, s\u00e5som kadmium, arsenik och bly, som blir kvar i filtret. N\u00e4r fimparna kastas p\u00e5 marken transporterar vinden och regnet dem till vattendragen och de giftiga kemikalierna i dem sk\u00f6ljs i vattendragens ekosystem.<\/p>\n<p>Uppskattningsvis 40 procent av allt skr\u00e4p som samlas in p\u00e5 v\u00e4rldens str\u00e4nder \u00e4r p\u00e5 ett eller annat s\u00e4tt f\u00f6rknippat med r\u00f6kning. I Finland hittades i genomsnitt 300 stycken fimpar per hundra meter p\u00e5 de stadsstr\u00e4nder som var med i en uppf\u00f6ljningsunders\u00f6kning som gjordes av Finlands milj\u00f6central.<\/p>\n<p>Det tar i genomsnitt ett och ett halvt \u00e5r i s\u00f6tvatten och tre \u00e5r i havsvatten f\u00f6r en tobaksfimp att brytas ned. Fimpar som hamnar i sj\u00f6ar, \u00e5ar och havet blir l\u00e4tt f\u00f6da f\u00f6r f\u00e5glar och havsdjur, som kan skada sig och till och med d\u00f6.<\/p>\n<h2>Gifter fr\u00e5n fimpar kommer \u00e4ven ut i vattendrag<\/h2>\n<p><iframe loading=\"lazy\" src=\"https:\/\/www.youtube.com\/embed\/M99KLy9WlWM\" width=\"560\" height=\"315\" frameborder=\"0\" allowfullscreen=\"allowfullscreen\"><\/iframe><\/p>\n<h2>Tobak f\u00f6rst\u00f6r jordklotets lungor<\/h2>\n<h2><iframe loading=\"lazy\" src=\"https:\/\/www.youtube.com\/embed\/TQRrC4T5Tq8\" width=\"560\" height=\"315\" frameborder=\"0\" allowfullscreen=\"allowfullscreen\"><\/iframe><\/h2>\n<h2>Tobaksindustrin g\u00f6r de fattiga fattigare<\/h2>\n<p><iframe loading=\"lazy\" src=\"https:\/\/www.youtube.com\/embed\/eLKxy5MpliQ\" width=\"560\" height=\"315\" frameborder=\"0\" allowfullscreen=\"allowfullscreen\"><\/iframe>                <\/div>\n<div class=\"nostopalkki\">\n<ul>\n<li>Tobaksindustrin \u00e4r v\u00e4rldens 18:e st\u00f6rsta f\u00f6rorenare av kemiskt avfall, och bidrar dessutom till f\u00f6rsurning genom utsl\u00e4pp av svaveldioxid.<\/li>\n<li>Tobakens negativa milj\u00f6p\u00e5verkan kommer in i alla delar av processen, fr\u00e5n tobaksplantan till fimpen p\u00e5 gatan.<\/li>\n<li>Om v\u00e4rldens tobaksodlingar ist\u00e4llet nyttjades f\u00f6r livsmedelsproduktion skulle det ge mat till 20 miljoner m\u00e4nniskor.<\/li>\n<\/ul><\/div>\n<\/p><\/div>\n<p><!-- .main-and-sidebar-container --><\/p>\n","protected":false},"excerpt":{"rendered":"Tobak \u2013 ett milj\u00f6hot Odling av tobak riskerar jordklotets lungor Tobak odlas i \u00f6ver 120 l\u00e4nder, och st\u00f6rsta delen av&#8230; <a class=\"view-article\" href=\"https:\/\/suomenash.fi\/sv\/tobak-ett-miljohot\/\">View Article<\/a>","protected":false},"author":8,"featured_media":2562,"parent":0,"menu_order":0,"comment_status":"closed","ping_status":"closed","template":"","meta":{"_acf_changed":false,"footnotes":""},"categories":[],"tags":[],"coauthors":[16],"class_list":["post-2649","page","type-page","status-publish","has-post-thumbnail","hentry"],"acf":[],"yoast_head":"<!-- This site is optimized with the Yoast SEO plugin v27.3 - https:\/\/yoast.com\/product\/yoast-seo-wordpress\/ -->\n<title>Tobak \u2013 ett milj\u00f6hot - Suomen ASH ry | Suomen ASH ry<\/title>\n<meta name=\"robots\" content=\"index, follow, max-snippet:-1, max-image-preview:large, max-video-preview:-1\" \/>\n<link rel=\"canonical\" href=\"https:\/\/suomenash.fi\/sv\/tobak-ett-miljohot\/\" \/>\n<meta property=\"og:locale\" content=\"sv_SE\" \/>\n<meta property=\"og:type\" content=\"article\" \/>\n<meta property=\"og:title\" content=\"Tobak \u2013 ett milj\u00f6hot - Suomen ASH ry\" \/>\n<meta property=\"og:description\" content=\"Tobak \u2013 ett milj\u00f6hot Odling av tobak riskerar jordklotets lungor Tobak odlas i \u00f6ver 120 l\u00e4nder, och st\u00f6rsta delen av... View Article\" \/>\n<meta property=\"og:url\" content=\"https:\/\/suomenash.fi\/sv\/tobak-ett-miljohot\/\" \/>\n<meta property=\"og:site_name\" content=\"Suomen ASH ry\" \/>\n<meta property=\"article:modified_time\" content=\"2024-03-25T11:00:10+00:00\" \/>\n<meta property=\"og:image\" content=\"https:\/\/suomenash.fi\/wp-content\/uploads\/2018\/03\/kuva-pariskunta-mets\u00e4ss\u00e4.jpg\" \/>\n\t<meta property=\"og:image:width\" content=\"2000\" \/>\n\t<meta property=\"og:image:height\" content=\"984\" \/>\n\t<meta property=\"og:image:type\" content=\"image\/jpeg\" \/>\n<meta name=\"twitter:card\" content=\"summary_large_image\" \/>\n<meta name=\"twitter:label1\" content=\"Ber\u00e4knad l\u00e4stid\" \/>\n\t<meta name=\"twitter:data1\" content=\"3 minuter\" \/>\n\t<meta name=\"twitter:label2\" content=\"Skriven av\" \/>\n\t<meta name=\"twitter:data2\" content=\"Pirjo\" \/>\n<script type=\"application\/ld+json\" class=\"yoast-schema-graph\">{\"@context\":\"https:\\\/\\\/schema.org\",\"@graph\":[{\"@type\":\"WebPage\",\"@id\":\"https:\\\/\\\/suomenash.fi\\\/sv\\\/tobak-ett-miljohot\\\/\",\"url\":\"https:\\\/\\\/suomenash.fi\\\/sv\\\/tobak-ett-miljohot\\\/\",\"name\":\"Tobak \u2013 ett milj\u00f6hot - Suomen ASH ry\",\"isPartOf\":{\"@id\":\"https:\\\/\\\/suomenash.fi\\\/#website\"},\"primaryImageOfPage\":{\"@id\":\"https:\\\/\\\/suomenash.fi\\\/sv\\\/tobak-ett-miljohot\\\/#primaryimage\"},\"image\":{\"@id\":\"https:\\\/\\\/suomenash.fi\\\/sv\\\/tobak-ett-miljohot\\\/#primaryimage\"},\"thumbnailUrl\":\"https:\\\/\\\/suomenash.fi\\\/wp-content\\\/uploads\\\/2018\\\/03\\\/kuva-pariskunta-mets\u00e4ss\u00e4.jpg\",\"datePublished\":\"2018-04-05T07:21:55+00:00\",\"dateModified\":\"2024-03-25T11:00:10+00:00\",\"breadcrumb\":{\"@id\":\"https:\\\/\\\/suomenash.fi\\\/sv\\\/tobak-ett-miljohot\\\/#breadcrumb\"},\"inLanguage\":\"sv-SE\",\"potentialAction\":[{\"@type\":\"ReadAction\",\"target\":[\"https:\\\/\\\/suomenash.fi\\\/sv\\\/tobak-ett-miljohot\\\/\"]}]},{\"@type\":\"ImageObject\",\"inLanguage\":\"sv-SE\",\"@id\":\"https:\\\/\\\/suomenash.fi\\\/sv\\\/tobak-ett-miljohot\\\/#primaryimage\",\"url\":\"https:\\\/\\\/suomenash.fi\\\/wp-content\\\/uploads\\\/2018\\\/03\\\/kuva-pariskunta-mets\u00e4ss\u00e4.jpg\",\"contentUrl\":\"https:\\\/\\\/suomenash.fi\\\/wp-content\\\/uploads\\\/2018\\\/03\\\/kuva-pariskunta-mets\u00e4ss\u00e4.jpg\",\"width\":2000,\"height\":984},{\"@type\":\"BreadcrumbList\",\"@id\":\"https:\\\/\\\/suomenash.fi\\\/sv\\\/tobak-ett-miljohot\\\/#breadcrumb\",\"itemListElement\":[{\"@type\":\"ListItem\",\"position\":1,\"name\":\"Home\",\"item\":\"https:\\\/\\\/suomenash.fi\\\/sv\\\/\"},{\"@type\":\"ListItem\",\"position\":2,\"name\":\"Tobak \u2013 ett milj\u00f6hot\"}]},{\"@type\":\"WebSite\",\"@id\":\"https:\\\/\\\/suomenash.fi\\\/#website\",\"url\":\"https:\\\/\\\/suomenash.fi\\\/\",\"name\":\"Suomen ASH ry\",\"description\":\"Just another WordPress site\",\"potentialAction\":[{\"@type\":\"SearchAction\",\"target\":{\"@type\":\"EntryPoint\",\"urlTemplate\":\"https:\\\/\\\/suomenash.fi\\\/?s={search_term_string}\"},\"query-input\":{\"@type\":\"PropertyValueSpecification\",\"valueRequired\":true,\"valueName\":\"search_term_string\"}}],\"inLanguage\":\"sv-SE\"}]}<\/script>\n<!-- \/ Yoast SEO plugin. -->","yoast_head_json":{"title":"Tobak \u2013 ett milj\u00f6hot - Suomen ASH ry | Suomen ASH ry","robots":{"index":"index","follow":"follow","max-snippet":"max-snippet:-1","max-image-preview":"max-image-preview:large","max-video-preview":"max-video-preview:-1"},"canonical":"https:\/\/suomenash.fi\/sv\/tobak-ett-miljohot\/","og_locale":"sv_SE","og_type":"article","og_title":"Tobak \u2013 ett milj\u00f6hot - Suomen ASH ry","og_description":"Tobak \u2013 ett milj\u00f6hot Odling av tobak riskerar jordklotets lungor Tobak odlas i \u00f6ver 120 l\u00e4nder, och st\u00f6rsta delen av... View Article","og_url":"https:\/\/suomenash.fi\/sv\/tobak-ett-miljohot\/","og_site_name":"Suomen ASH ry","article_modified_time":"2024-03-25T11:00:10+00:00","og_image":[{"width":2000,"height":984,"url":"https:\/\/suomenash.fi\/wp-content\/uploads\/2018\/03\/kuva-pariskunta-mets\u00e4ss\u00e4.jpg","type":"image\/jpeg"}],"twitter_card":"summary_large_image","twitter_misc":{"Ber\u00e4knad l\u00e4stid":"3 minuter","Skriven av":"Pirjo"},"schema":{"@context":"https:\/\/schema.org","@graph":[{"@type":"WebPage","@id":"https:\/\/suomenash.fi\/sv\/tobak-ett-miljohot\/","url":"https:\/\/suomenash.fi\/sv\/tobak-ett-miljohot\/","name":"Tobak \u2013 ett milj\u00f6hot - Suomen ASH ry","isPartOf":{"@id":"https:\/\/suomenash.fi\/#website"},"primaryImageOfPage":{"@id":"https:\/\/suomenash.fi\/sv\/tobak-ett-miljohot\/#primaryimage"},"image":{"@id":"https:\/\/suomenash.fi\/sv\/tobak-ett-miljohot\/#primaryimage"},"thumbnailUrl":"https:\/\/suomenash.fi\/wp-content\/uploads\/2018\/03\/kuva-pariskunta-mets\u00e4ss\u00e4.jpg","datePublished":"2018-04-05T07:21:55+00:00","dateModified":"2024-03-25T11:00:10+00:00","breadcrumb":{"@id":"https:\/\/suomenash.fi\/sv\/tobak-ett-miljohot\/#breadcrumb"},"inLanguage":"sv-SE","potentialAction":[{"@type":"ReadAction","target":["https:\/\/suomenash.fi\/sv\/tobak-ett-miljohot\/"]}]},{"@type":"ImageObject","inLanguage":"sv-SE","@id":"https:\/\/suomenash.fi\/sv\/tobak-ett-miljohot\/#primaryimage","url":"https:\/\/suomenash.fi\/wp-content\/uploads\/2018\/03\/kuva-pariskunta-mets\u00e4ss\u00e4.jpg","contentUrl":"https:\/\/suomenash.fi\/wp-content\/uploads\/2018\/03\/kuva-pariskunta-mets\u00e4ss\u00e4.jpg","width":2000,"height":984},{"@type":"BreadcrumbList","@id":"https:\/\/suomenash.fi\/sv\/tobak-ett-miljohot\/#breadcrumb","itemListElement":[{"@type":"ListItem","position":1,"name":"Home","item":"https:\/\/suomenash.fi\/sv\/"},{"@type":"ListItem","position":2,"name":"Tobak \u2013 ett milj\u00f6hot"}]},{"@type":"WebSite","@id":"https:\/\/suomenash.fi\/#website","url":"https:\/\/suomenash.fi\/","name":"Suomen ASH ry","description":"Just another WordPress site","potentialAction":[{"@type":"SearchAction","target":{"@type":"EntryPoint","urlTemplate":"https:\/\/suomenash.fi\/?s={search_term_string}"},"query-input":{"@type":"PropertyValueSpecification","valueRequired":true,"valueName":"search_term_string"}}],"inLanguage":"sv-SE"}]}},"_links":{"self":[{"href":"https:\/\/suomenash.fi\/sv\/wp-json\/wp\/v2\/pages\/2649","targetHints":{"allow":["GET"]}}],"collection":[{"href":"https:\/\/suomenash.fi\/sv\/wp-json\/wp\/v2\/pages"}],"about":[{"href":"https:\/\/suomenash.fi\/sv\/wp-json\/wp\/v2\/types\/page"}],"author":[{"embeddable":true,"href":"https:\/\/suomenash.fi\/sv\/wp-json\/wp\/v2\/users\/8"}],"replies":[{"embeddable":true,"href":"https:\/\/suomenash.fi\/sv\/wp-json\/wp\/v2\/comments?post=2649"}],"version-history":[{"count":10,"href":"https:\/\/suomenash.fi\/sv\/wp-json\/wp\/v2\/pages\/2649\/revisions"}],"predecessor-version":[{"id":19792,"href":"https:\/\/suomenash.fi\/sv\/wp-json\/wp\/v2\/pages\/2649\/revisions\/19792"}],"wp:featuredmedia":[{"embeddable":true,"href":"https:\/\/suomenash.fi\/sv\/wp-json\/wp\/v2\/media\/2562"}],"wp:attachment":[{"href":"https:\/\/suomenash.fi\/sv\/wp-json\/wp\/v2\/media?parent=2649"}],"wp:term":[{"taxonomy":"category","embeddable":true,"href":"https:\/\/suomenash.fi\/sv\/wp-json\/wp\/v2\/categories?post=2649"},{"taxonomy":"post_tag","embeddable":true,"href":"https:\/\/suomenash.fi\/sv\/wp-json\/wp\/v2\/tags?post=2649"},{"taxonomy":"author","embeddable":true,"href":"https:\/\/suomenash.fi\/sv\/wp-json\/wp\/v2\/coauthors?post=2649"}],"curies":[{"name":"wp","href":"https:\/\/api.w.org\/{rel}","templated":true}]}}