{"id":2646,"date":"2018-04-05T09:19:37","date_gmt":"2018-04-05T07:19:37","guid":{"rendered":"https:\/\/suomenash.upcloud-1.web-veistamo.fi\/?page_id=2646"},"modified":"2024-03-26T10:43:50","modified_gmt":"2024-03-26T08:43:50","slug":"tobaksrok-i-omgivningen","status":"publish","type":"page","link":"https:\/\/suomenash.fi\/sv\/tobaksrok-i-omgivningen\/","title":{"rendered":"Tobaksr\u00f6k i omgivningen"},"content":{"rendered":"            <div class=\"main-and-sidebar-container\">\n                <div class=\"main-content\">\n                    <h1 class=\"page-title\">\n                        Tobaksr\u00f6k i omgivningen                    <\/h1>\n                    \n<p><\/p>\n\n\n<p>H\u00e4lsoriskerna orsakade av tobaksr\u00f6k f\u00f6r omgivningen \u00e4r de samma som riskerna f\u00f6r r\u00f6kare.<\/p>\n<p>Tobaksr\u00f6k i omgivningen orsakar i Finland \u00e5rligen uppskattningsvis 10\u201350 fall av lungcancer samt 50\u2013300 d\u00f6dsfall orsakade av hj\u00e4rt- och k\u00e4rlsjukdomar. Det st\u00f6rre antalet hj\u00e4rt- och k\u00e4rlsjukdomar beror p\u00e5 att de nu konstaterade sjukdomarna \u00e4r en f\u00f6ljd av den st\u00f6rre exponeringen f\u00f6re de nuvarande r\u00f6krestriktionerna.<\/p>\n<h2>Skadligt f\u00f6r barn<\/h2>\n<p>Om en kvinna exponeras f\u00f6r tobaksr\u00f6k i omgivningen under graviditeten v\u00e4xer fostret s\u00e4mre och d\u00e4rmed \u00e4r barnets f\u00f6delsevikt l\u00e4gre. Stark exponering kan \u00f6ka risken f\u00f6r missfall eller f\u00f6rtidsb\u00f6rd fast\u00e4n de vetenskapliga bevisen \u00e4r bristf\u00e4lliga. Unders\u00f6kningar har ocks\u00e5 visat att det \u00e4r en riskfaktor f\u00f6r pl\u00f6tslig sp\u00e4dbarnsd\u00f6d att barnet uts\u00e4tts f\u00f6r tobaksr\u00f6k efter f\u00f6dseln.<\/p>\n<p>Barn f\u00e5r av tobaksr\u00f6k i omgivningen kroniska andningssymptom, risken f\u00f6r att insjukna i astma och luftv\u00e4gsinfektioner \u00f6kar samt utvecklingen av lungfunktionen f\u00f6rdr\u00f6js. Tobaksr\u00f6k i omgivningen f\u00f6rs\u00e4mrar \u00e4ven symptomen hos barn med astma.<\/p>\n<p>I Finland \u00e4r det f\u00f6rbjudet att r\u00f6ka i privatbilar d\u00e4r det finns barn under 15 \u00e5r. F\u00f6rbudet g\u00e4ller inte bostadsutrymmen i kommunikationsmedel, s\u00e5som en husbil.<\/p>\n<h2>Exponering i arbetet<\/h2>\n<p>R\u00f6kfria omgivningar uppskattas nuf\u00f6rtiden \u00e4ven bland r\u00f6kare.&nbsp; Till exempel andelen personer som exponeras f\u00f6r tobaksr\u00f6k minst en timme p\u00e5 arbetsplatsen har sjunkit n\u00e5gra procent.<\/p>\n<p>Anst\u00e4llda exponeras mindre f\u00f6r tobaksr\u00f6k \u00e4n tidigare som en f\u00f6ljd av tobakslagen. Numera \u00e4r r\u00f6kning till\u00e5tet endast i r\u00f6krum med separat ventilation. F\u00f6r att bygga ett r\u00f6krum kr\u00e4vs tillst\u00e5nd av byggnadstillsynen. En renare luft p\u00e5 arbetsplatsen minskar risken f\u00f6r de anst\u00e4llda att insjukna i lungcancer och hj\u00e4rt- och k\u00e4rlsjukdomar.<\/p>                <\/div>\n\n                                    <div class=\"nostopalkki\">\n                                                <p>Enligt artikel 8 i <a href=\"https:\/\/www.finlex.fi\/sv\/laki\/alkup\/2004\/20041207\" target=\"_blank\" rel=\"noopener\">V\u00e4rldsh\u00e4lsoorganisationens ramkonvention om tobakskontroll<\/a><\/p>\n<ul>\n<li>ska avtalsparterna f\u00f6rhindra exponering f\u00f6r tobaksr\u00f6k p\u00e5 arbetsplatser som ligger inomhus, i kollektiva trafikmedel, offentliga inomhuslokaler och vid behov p\u00e5 andra offentliga platser.<\/li>\n<li>Enligt de \u00e5tg\u00e4rdsanvisningar som ges i artikeln ska r\u00f6kning och tobaksr\u00f6k avl\u00e4gsnas helt fr\u00e5n lokalen f\u00f6r att en fullst\u00e4ndigt r\u00f6kfri milj\u00f6 ska \u00e5stadkommas.<\/li>\n<li>Det finns inga s\u00e4kra niv\u00e5er f\u00f6r exponering f\u00f6r tobaksr\u00f6k i milj\u00f6n, och tekniska l\u00f6sningar s\u00e5som ventilation, luftfiltrering och markerade r\u00f6komr\u00e5den skyddar inte mot exponeringen.<\/li>\n<li>Skyddsniv\u00e5n ska ocks\u00e5 vid behov f\u00f6rb\u00e4ttras och utvidgas.<\/li>\n<\/ul>\n                    <\/div>\n                            <\/div><!-- .main-and-sidebar-container -->\n        ","protected":false},"excerpt":{"rendered":"Tobaksr\u00f6k i omgivningen H\u00e4lsoriskerna orsakade av tobaksr\u00f6k f\u00f6r omgivningen \u00e4r de samma som riskerna f\u00f6r r\u00f6kare. Tobaksr\u00f6k i omgivningen orsakar&#8230; <a class=\"view-article\" href=\"https:\/\/suomenash.fi\/sv\/tobaksrok-i-omgivningen\/\">View Article<\/a>","protected":false},"author":8,"featured_media":2561,"parent":0,"menu_order":0,"comment_status":"closed","ping_status":"closed","template":"","meta":{"_acf_changed":false,"footnotes":""},"categories":[],"tags":[],"coauthors":[16],"class_list":["post-2646","page","type-page","status-publish","has-post-thumbnail","hentry"],"acf":[],"yoast_head":"<!-- This site is optimized with the Yoast SEO plugin v27.4 - https:\/\/yoast.com\/product\/yoast-seo-wordpress\/ -->\n<title>Tobaksr\u00f6k i omgivningen - Suomen ASH ry | Suomen ASH ry<\/title>\n<meta name=\"robots\" content=\"index, follow, max-snippet:-1, max-image-preview:large, max-video-preview:-1\" \/>\n<link rel=\"canonical\" href=\"https:\/\/suomenash.fi\/sv\/tobaksrok-i-omgivningen\/\" \/>\n<meta property=\"og:locale\" content=\"sv_SE\" \/>\n<meta property=\"og:type\" content=\"article\" \/>\n<meta property=\"og:title\" content=\"Tobaksr\u00f6k i omgivningen - Suomen ASH ry\" \/>\n<meta property=\"og:description\" content=\"Tobaksr\u00f6k i omgivningen H\u00e4lsoriskerna orsakade av tobaksr\u00f6k f\u00f6r omgivningen \u00e4r de samma som riskerna f\u00f6r r\u00f6kare. Tobaksr\u00f6k i omgivningen orsakar... View Article\" \/>\n<meta property=\"og:url\" content=\"https:\/\/suomenash.fi\/sv\/tobaksrok-i-omgivningen\/\" \/>\n<meta property=\"og:site_name\" content=\"Suomen ASH ry\" \/>\n<meta property=\"article:modified_time\" content=\"2024-03-26T08:43:50+00:00\" \/>\n<meta property=\"og:image\" content=\"https:\/\/suomenash.fi\/wp-content\/uploads\/2018\/03\/kuva-perhe-juoksee-asemalaiturilla.jpg\" \/>\n\t<meta property=\"og:image:width\" content=\"2000\" \/>\n\t<meta property=\"og:image:height\" content=\"1125\" \/>\n\t<meta property=\"og:image:type\" content=\"image\/jpeg\" \/>\n<meta name=\"twitter:card\" content=\"summary_large_image\" \/>\n<meta name=\"twitter:label1\" content=\"Ber\u00e4knad l\u00e4stid\" \/>\n\t<meta name=\"twitter:data1\" content=\"2 minuter\" \/>\n\t<meta name=\"twitter:label2\" content=\"Skriven av\" \/>\n\t<meta name=\"twitter:data2\" content=\"Pirjo\" \/>\n<script type=\"application\/ld+json\" class=\"yoast-schema-graph\">{\"@context\":\"https:\\\/\\\/schema.org\",\"@graph\":[{\"@type\":\"WebPage\",\"@id\":\"https:\\\/\\\/suomenash.fi\\\/sv\\\/tobaksrok-i-omgivningen\\\/\",\"url\":\"https:\\\/\\\/suomenash.fi\\\/sv\\\/tobaksrok-i-omgivningen\\\/\",\"name\":\"Tobaksr\u00f6k i omgivningen - Suomen ASH ry\",\"isPartOf\":{\"@id\":\"https:\\\/\\\/suomenash.fi\\\/#website\"},\"primaryImageOfPage\":{\"@id\":\"https:\\\/\\\/suomenash.fi\\\/sv\\\/tobaksrok-i-omgivningen\\\/#primaryimage\"},\"image\":{\"@id\":\"https:\\\/\\\/suomenash.fi\\\/sv\\\/tobaksrok-i-omgivningen\\\/#primaryimage\"},\"thumbnailUrl\":\"https:\\\/\\\/suomenash.fi\\\/wp-content\\\/uploads\\\/2018\\\/03\\\/kuva-perhe-juoksee-asemalaiturilla.jpg\",\"datePublished\":\"2018-04-05T07:19:37+00:00\",\"dateModified\":\"2024-03-26T08:43:50+00:00\",\"breadcrumb\":{\"@id\":\"https:\\\/\\\/suomenash.fi\\\/sv\\\/tobaksrok-i-omgivningen\\\/#breadcrumb\"},\"inLanguage\":\"sv-SE\",\"potentialAction\":[{\"@type\":\"ReadAction\",\"target\":[\"https:\\\/\\\/suomenash.fi\\\/sv\\\/tobaksrok-i-omgivningen\\\/\"]}]},{\"@type\":\"ImageObject\",\"inLanguage\":\"sv-SE\",\"@id\":\"https:\\\/\\\/suomenash.fi\\\/sv\\\/tobaksrok-i-omgivningen\\\/#primaryimage\",\"url\":\"https:\\\/\\\/suomenash.fi\\\/wp-content\\\/uploads\\\/2018\\\/03\\\/kuva-perhe-juoksee-asemalaiturilla.jpg\",\"contentUrl\":\"https:\\\/\\\/suomenash.fi\\\/wp-content\\\/uploads\\\/2018\\\/03\\\/kuva-perhe-juoksee-asemalaiturilla.jpg\",\"width\":2000,\"height\":1125},{\"@type\":\"BreadcrumbList\",\"@id\":\"https:\\\/\\\/suomenash.fi\\\/sv\\\/tobaksrok-i-omgivningen\\\/#breadcrumb\",\"itemListElement\":[{\"@type\":\"ListItem\",\"position\":1,\"name\":\"Home\",\"item\":\"https:\\\/\\\/suomenash.fi\\\/sv\\\/\"},{\"@type\":\"ListItem\",\"position\":2,\"name\":\"Tobaksr\u00f6k i omgivningen\"}]},{\"@type\":\"WebSite\",\"@id\":\"https:\\\/\\\/suomenash.fi\\\/#website\",\"url\":\"https:\\\/\\\/suomenash.fi\\\/\",\"name\":\"Suomen ASH ry\",\"description\":\"Just another WordPress site\",\"potentialAction\":[{\"@type\":\"SearchAction\",\"target\":{\"@type\":\"EntryPoint\",\"urlTemplate\":\"https:\\\/\\\/suomenash.fi\\\/?s={search_term_string}\"},\"query-input\":{\"@type\":\"PropertyValueSpecification\",\"valueRequired\":true,\"valueName\":\"search_term_string\"}}],\"inLanguage\":\"sv-SE\"}]}<\/script>\n<!-- \/ Yoast SEO plugin. -->","yoast_head_json":{"title":"Tobaksr\u00f6k i omgivningen - Suomen ASH ry | Suomen ASH ry","robots":{"index":"index","follow":"follow","max-snippet":"max-snippet:-1","max-image-preview":"max-image-preview:large","max-video-preview":"max-video-preview:-1"},"canonical":"https:\/\/suomenash.fi\/sv\/tobaksrok-i-omgivningen\/","og_locale":"sv_SE","og_type":"article","og_title":"Tobaksr\u00f6k i omgivningen - Suomen ASH ry","og_description":"Tobaksr\u00f6k i omgivningen H\u00e4lsoriskerna orsakade av tobaksr\u00f6k f\u00f6r omgivningen \u00e4r de samma som riskerna f\u00f6r r\u00f6kare. Tobaksr\u00f6k i omgivningen orsakar... View Article","og_url":"https:\/\/suomenash.fi\/sv\/tobaksrok-i-omgivningen\/","og_site_name":"Suomen ASH ry","article_modified_time":"2024-03-26T08:43:50+00:00","og_image":[{"width":2000,"height":1125,"url":"https:\/\/suomenash.fi\/wp-content\/uploads\/2018\/03\/kuva-perhe-juoksee-asemalaiturilla.jpg","type":"image\/jpeg"}],"twitter_card":"summary_large_image","twitter_misc":{"Ber\u00e4knad l\u00e4stid":"2 minuter","Skriven av":"Pirjo"},"schema":{"@context":"https:\/\/schema.org","@graph":[{"@type":"WebPage","@id":"https:\/\/suomenash.fi\/sv\/tobaksrok-i-omgivningen\/","url":"https:\/\/suomenash.fi\/sv\/tobaksrok-i-omgivningen\/","name":"Tobaksr\u00f6k i omgivningen - Suomen ASH ry","isPartOf":{"@id":"https:\/\/suomenash.fi\/#website"},"primaryImageOfPage":{"@id":"https:\/\/suomenash.fi\/sv\/tobaksrok-i-omgivningen\/#primaryimage"},"image":{"@id":"https:\/\/suomenash.fi\/sv\/tobaksrok-i-omgivningen\/#primaryimage"},"thumbnailUrl":"https:\/\/suomenash.fi\/wp-content\/uploads\/2018\/03\/kuva-perhe-juoksee-asemalaiturilla.jpg","datePublished":"2018-04-05T07:19:37+00:00","dateModified":"2024-03-26T08:43:50+00:00","breadcrumb":{"@id":"https:\/\/suomenash.fi\/sv\/tobaksrok-i-omgivningen\/#breadcrumb"},"inLanguage":"sv-SE","potentialAction":[{"@type":"ReadAction","target":["https:\/\/suomenash.fi\/sv\/tobaksrok-i-omgivningen\/"]}]},{"@type":"ImageObject","inLanguage":"sv-SE","@id":"https:\/\/suomenash.fi\/sv\/tobaksrok-i-omgivningen\/#primaryimage","url":"https:\/\/suomenash.fi\/wp-content\/uploads\/2018\/03\/kuva-perhe-juoksee-asemalaiturilla.jpg","contentUrl":"https:\/\/suomenash.fi\/wp-content\/uploads\/2018\/03\/kuva-perhe-juoksee-asemalaiturilla.jpg","width":2000,"height":1125},{"@type":"BreadcrumbList","@id":"https:\/\/suomenash.fi\/sv\/tobaksrok-i-omgivningen\/#breadcrumb","itemListElement":[{"@type":"ListItem","position":1,"name":"Home","item":"https:\/\/suomenash.fi\/sv\/"},{"@type":"ListItem","position":2,"name":"Tobaksr\u00f6k i omgivningen"}]},{"@type":"WebSite","@id":"https:\/\/suomenash.fi\/#website","url":"https:\/\/suomenash.fi\/","name":"Suomen ASH ry","description":"Just another WordPress site","potentialAction":[{"@type":"SearchAction","target":{"@type":"EntryPoint","urlTemplate":"https:\/\/suomenash.fi\/?s={search_term_string}"},"query-input":{"@type":"PropertyValueSpecification","valueRequired":true,"valueName":"search_term_string"}}],"inLanguage":"sv-SE"}]}},"_links":{"self":[{"href":"https:\/\/suomenash.fi\/sv\/wp-json\/wp\/v2\/pages\/2646","targetHints":{"allow":["GET"]}}],"collection":[{"href":"https:\/\/suomenash.fi\/sv\/wp-json\/wp\/v2\/pages"}],"about":[{"href":"https:\/\/suomenash.fi\/sv\/wp-json\/wp\/v2\/types\/page"}],"author":[{"embeddable":true,"href":"https:\/\/suomenash.fi\/sv\/wp-json\/wp\/v2\/users\/8"}],"replies":[{"embeddable":true,"href":"https:\/\/suomenash.fi\/sv\/wp-json\/wp\/v2\/comments?post=2646"}],"version-history":[{"count":9,"href":"https:\/\/suomenash.fi\/sv\/wp-json\/wp\/v2\/pages\/2646\/revisions"}],"predecessor-version":[{"id":20004,"href":"https:\/\/suomenash.fi\/sv\/wp-json\/wp\/v2\/pages\/2646\/revisions\/20004"}],"wp:featuredmedia":[{"embeddable":true,"href":"https:\/\/suomenash.fi\/sv\/wp-json\/wp\/v2\/media\/2561"}],"wp:attachment":[{"href":"https:\/\/suomenash.fi\/sv\/wp-json\/wp\/v2\/media?parent=2646"}],"wp:term":[{"taxonomy":"category","embeddable":true,"href":"https:\/\/suomenash.fi\/sv\/wp-json\/wp\/v2\/categories?post=2646"},{"taxonomy":"post_tag","embeddable":true,"href":"https:\/\/suomenash.fi\/sv\/wp-json\/wp\/v2\/tags?post=2646"},{"taxonomy":"author","embeddable":true,"href":"https:\/\/suomenash.fi\/sv\/wp-json\/wp\/v2\/coauthors?post=2646"}],"curies":[{"name":"wp","href":"https:\/\/api.w.org\/{rel}","templated":true}]}}