{"id":2644,"date":"2018-04-05T09:17:09","date_gmt":"2018-04-05T07:17:09","guid":{"rendered":"https:\/\/suomenash.upcloud-1.web-veistamo.fi\/?page_id=2644"},"modified":"2024-03-26T10:43:18","modified_gmt":"2024-03-26T08:43:18","slug":"vattenpipa","status":"publish","type":"page","link":"https:\/\/suomenash.fi\/sv\/vattenpipa\/","title":{"rendered":"Vattenpipa"},"content":{"rendered":"            <div class=\"main-and-sidebar-container\">\n                <div class=\"main-content\">\n                    <h1 class=\"page-title\">\n                        Vattenpipa                    <\/h1>\n                    \n<p><\/p>\n\n\n<p>Enligt en unders\u00f6kning om h\u00e4lsovanor bland unga n\u00e4rmast testar finl\u00e4ndska ungdomar att anv\u00e4nda vattenpipa. \u00c5r 2019 hade 21 procent av 18-\u00e5riga pojkar och 20 procent av&nbsp; flickor anv\u00e4nt vattenpipa minst en g\u00e5ng, bland 16-\u00e5ringar var andelen 13 procent bland pojkar och 8 procent bland flickor. \u00c5r 2019 andelen som testat&nbsp; vattenpipa f\u00f6rblev p\u00e5 samma niv\u00e5 eller fallit fr\u00e5n f\u00f6reg\u00e5ende unders\u00f6kning bland pojkar och flickor i alla \u00e5ldersgrupper.<\/p>\n<h2>F\u00f6rbjudet f\u00f6r minder\u00e5riga<\/h2>\n<p>I tobakslagen klassas de \u00f6rtblandningar som anv\u00e4nds i vattenpipor som motsvarigheter till tobak. I lagen f\u00f6rbjuds ocks\u00e5 f\u00f6rs\u00e4ljning av motsvarigheter till tobak till unga under 18 \u00e5r och det \u00e4r f\u00f6rbjudet att marknadsf\u00f6ra dessa produkter. Om man i vattenpipan r\u00f6ker en blandning som inneh\u00e5ller tobak g\u00e4ller f\u00f6r den bland annat samma tobaksf\u00f6rbud och -begr\u00e4nsningar som f\u00f6r s\u00e5 kallade traditionella cigaretter. Till exempel \u00e4r det d\u00e5 f\u00f6rbjudet att anv\u00e4nda vattenpipa i s\u00e5dana lokaler d\u00e4r det \u00e4r f\u00f6rbjudet att r\u00f6ka.<\/p>\n<p>D\u00e4remot g\u00e4ller inte f\u00f6rbudet mot karakteristiska smaker och dofter i tobaksprodukter vattenpipa. I tobaksblandningen tills\u00e4tts ofta smaker av frukt, \u00f6rter och blommor f\u00f6r att g\u00f6ra det mer lockande.<\/p>\n<p><strong><br>\n<\/strong><\/p>                <\/div>\n\n                                    <div class=\"nostopalkki\">\n                                                <p>Se v\u00e5r <a href=\"https:\/\/suomenash.fi\/wp-content\/uploads\/2019\/12\/vattenpipa.pdf\" target=\"_blank\" rel=\"noopener\">Vattenpipa<\/a> broschyr.<\/p>\n<h5><span style=\"font-family: var(--wp--preset--font-family--wv-primary);\">L\u00e4s ocks\u00e5:<\/span><\/h5>\n<p>WHO:<a href=\"https:\/\/apps.who.int\/iris\/bitstream\/handle\/10665\/179523\/WHO_NMH_PND_15.4_eng.pdf\" target=\"_blank\" rel=\"noopener\">\u00a0Waterpipe tobacco smoking and health\u00a0<\/a>(pdf)<\/p>\n<h5>Statistik:<\/h5>\n<p>Institutet f\u00f6r h\u00e4lsa och v\u00e4lf\u00e4rd:\u00a0<a href=\"https:\/\/sotkanet.fi\/sotkanet\/sv\/haku?g=340\" target=\"_blank\" rel=\"noopener noreferrer\">Sotkanet.fi \u2013 Statistikuppgifter om finl\u00e4ndarnas v\u00e4lf\u00e4rd och h\u00e4lsa<\/a><\/p>\n                    <\/div>\n                            <\/div><!-- .main-and-sidebar-container -->\n        ","protected":false},"excerpt":{"rendered":"Vattenpipa Enligt en unders\u00f6kning om h\u00e4lsovanor bland unga n\u00e4rmast testar finl\u00e4ndska ungdomar att anv\u00e4nda vattenpipa. \u00c5r 2019 hade 21 procent&#8230; <a class=\"view-article\" href=\"https:\/\/suomenash.fi\/sv\/vattenpipa\/\">View Article<\/a>","protected":false},"author":8,"featured_media":1892,"parent":0,"menu_order":0,"comment_status":"closed","ping_status":"closed","template":"","meta":{"_acf_changed":false,"footnotes":""},"categories":[],"tags":[],"coauthors":[16],"class_list":["post-2644","page","type-page","status-publish","has-post-thumbnail","hentry"],"acf":[],"yoast_head":"<!-- This site is optimized with the Yoast SEO plugin v27.3 - https:\/\/yoast.com\/product\/yoast-seo-wordpress\/ -->\n<title>Vattenpipa - Suomen ASH ry | Suomen ASH ry<\/title>\n<meta name=\"robots\" content=\"index, follow, max-snippet:-1, max-image-preview:large, max-video-preview:-1\" \/>\n<link rel=\"canonical\" href=\"https:\/\/suomenash.fi\/sv\/vattenpipa\/\" \/>\n<meta property=\"og:locale\" content=\"sv_SE\" \/>\n<meta property=\"og:type\" content=\"article\" \/>\n<meta property=\"og:title\" content=\"Vattenpipa - Suomen ASH ry\" \/>\n<meta property=\"og:description\" content=\"Vattenpipa Enligt en unders\u00f6kning om h\u00e4lsovanor bland unga n\u00e4rmast testar finl\u00e4ndska ungdomar att anv\u00e4nda vattenpipa. \u00c5r 2019 hade 21 procent... View Article\" \/>\n<meta property=\"og:url\" content=\"https:\/\/suomenash.fi\/sv\/vattenpipa\/\" \/>\n<meta property=\"og:site_name\" content=\"Suomen ASH ry\" \/>\n<meta property=\"article:modified_time\" content=\"2024-03-26T08:43:18+00:00\" \/>\n<meta property=\"og:image\" content=\"https:\/\/suomenash.fi\/wp-content\/uploads\/2017\/11\/Suomen-ASH_ympariston-tupakansavu-e1515743872864.jpg\" \/>\n\t<meta property=\"og:image:width\" content=\"2000\" \/>\n\t<meta property=\"og:image:height\" content=\"1260\" \/>\n\t<meta property=\"og:image:type\" content=\"image\/jpeg\" \/>\n<meta name=\"twitter:card\" content=\"summary_large_image\" \/>\n<meta name=\"twitter:label1\" content=\"Ber\u00e4knad l\u00e4stid\" \/>\n\t<meta name=\"twitter:data1\" content=\"2 minuter\" \/>\n\t<meta name=\"twitter:label2\" content=\"Skriven av\" \/>\n\t<meta name=\"twitter:data2\" content=\"Pirjo\" \/>\n<script type=\"application\/ld+json\" class=\"yoast-schema-graph\">{\"@context\":\"https:\\\/\\\/schema.org\",\"@graph\":[{\"@type\":\"WebPage\",\"@id\":\"https:\\\/\\\/suomenash.fi\\\/sv\\\/vattenpipa\\\/\",\"url\":\"https:\\\/\\\/suomenash.fi\\\/sv\\\/vattenpipa\\\/\",\"name\":\"Vattenpipa - Suomen ASH ry\",\"isPartOf\":{\"@id\":\"https:\\\/\\\/suomenash.fi\\\/#website\"},\"primaryImageOfPage\":{\"@id\":\"https:\\\/\\\/suomenash.fi\\\/sv\\\/vattenpipa\\\/#primaryimage\"},\"image\":{\"@id\":\"https:\\\/\\\/suomenash.fi\\\/sv\\\/vattenpipa\\\/#primaryimage\"},\"thumbnailUrl\":\"https:\\\/\\\/suomenash.fi\\\/wp-content\\\/uploads\\\/2017\\\/11\\\/Suomen-ASH_ympariston-tupakansavu-e1515743872864.jpg\",\"datePublished\":\"2018-04-05T07:17:09+00:00\",\"dateModified\":\"2024-03-26T08:43:18+00:00\",\"breadcrumb\":{\"@id\":\"https:\\\/\\\/suomenash.fi\\\/sv\\\/vattenpipa\\\/#breadcrumb\"},\"inLanguage\":\"sv-SE\",\"potentialAction\":[{\"@type\":\"ReadAction\",\"target\":[\"https:\\\/\\\/suomenash.fi\\\/sv\\\/vattenpipa\\\/\"]}]},{\"@type\":\"ImageObject\",\"inLanguage\":\"sv-SE\",\"@id\":\"https:\\\/\\\/suomenash.fi\\\/sv\\\/vattenpipa\\\/#primaryimage\",\"url\":\"https:\\\/\\\/suomenash.fi\\\/wp-content\\\/uploads\\\/2017\\\/11\\\/Suomen-ASH_ympariston-tupakansavu-e1515743872864.jpg\",\"contentUrl\":\"https:\\\/\\\/suomenash.fi\\\/wp-content\\\/uploads\\\/2017\\\/11\\\/Suomen-ASH_ympariston-tupakansavu-e1515743872864.jpg\",\"width\":2000,\"height\":1260,\"caption\":\"Ymp\u00e4rist\u00f6n tupakansavu, is\u00e4 ja lapsi puistossa\"},{\"@type\":\"BreadcrumbList\",\"@id\":\"https:\\\/\\\/suomenash.fi\\\/sv\\\/vattenpipa\\\/#breadcrumb\",\"itemListElement\":[{\"@type\":\"ListItem\",\"position\":1,\"name\":\"Home\",\"item\":\"https:\\\/\\\/suomenash.fi\\\/sv\\\/\"},{\"@type\":\"ListItem\",\"position\":2,\"name\":\"Vattenpipa\"}]},{\"@type\":\"WebSite\",\"@id\":\"https:\\\/\\\/suomenash.fi\\\/#website\",\"url\":\"https:\\\/\\\/suomenash.fi\\\/\",\"name\":\"Suomen ASH ry\",\"description\":\"Just another WordPress site\",\"potentialAction\":[{\"@type\":\"SearchAction\",\"target\":{\"@type\":\"EntryPoint\",\"urlTemplate\":\"https:\\\/\\\/suomenash.fi\\\/?s={search_term_string}\"},\"query-input\":{\"@type\":\"PropertyValueSpecification\",\"valueRequired\":true,\"valueName\":\"search_term_string\"}}],\"inLanguage\":\"sv-SE\"}]}<\/script>\n<!-- \/ Yoast SEO plugin. -->","yoast_head_json":{"title":"Vattenpipa - Suomen ASH ry | Suomen ASH ry","robots":{"index":"index","follow":"follow","max-snippet":"max-snippet:-1","max-image-preview":"max-image-preview:large","max-video-preview":"max-video-preview:-1"},"canonical":"https:\/\/suomenash.fi\/sv\/vattenpipa\/","og_locale":"sv_SE","og_type":"article","og_title":"Vattenpipa - Suomen ASH ry","og_description":"Vattenpipa Enligt en unders\u00f6kning om h\u00e4lsovanor bland unga n\u00e4rmast testar finl\u00e4ndska ungdomar att anv\u00e4nda vattenpipa. \u00c5r 2019 hade 21 procent... View Article","og_url":"https:\/\/suomenash.fi\/sv\/vattenpipa\/","og_site_name":"Suomen ASH ry","article_modified_time":"2024-03-26T08:43:18+00:00","og_image":[{"width":2000,"height":1260,"url":"https:\/\/suomenash.fi\/wp-content\/uploads\/2017\/11\/Suomen-ASH_ympariston-tupakansavu-e1515743872864.jpg","type":"image\/jpeg"}],"twitter_card":"summary_large_image","twitter_misc":{"Ber\u00e4knad l\u00e4stid":"2 minuter","Skriven av":"Pirjo"},"schema":{"@context":"https:\/\/schema.org","@graph":[{"@type":"WebPage","@id":"https:\/\/suomenash.fi\/sv\/vattenpipa\/","url":"https:\/\/suomenash.fi\/sv\/vattenpipa\/","name":"Vattenpipa - Suomen ASH ry","isPartOf":{"@id":"https:\/\/suomenash.fi\/#website"},"primaryImageOfPage":{"@id":"https:\/\/suomenash.fi\/sv\/vattenpipa\/#primaryimage"},"image":{"@id":"https:\/\/suomenash.fi\/sv\/vattenpipa\/#primaryimage"},"thumbnailUrl":"https:\/\/suomenash.fi\/wp-content\/uploads\/2017\/11\/Suomen-ASH_ympariston-tupakansavu-e1515743872864.jpg","datePublished":"2018-04-05T07:17:09+00:00","dateModified":"2024-03-26T08:43:18+00:00","breadcrumb":{"@id":"https:\/\/suomenash.fi\/sv\/vattenpipa\/#breadcrumb"},"inLanguage":"sv-SE","potentialAction":[{"@type":"ReadAction","target":["https:\/\/suomenash.fi\/sv\/vattenpipa\/"]}]},{"@type":"ImageObject","inLanguage":"sv-SE","@id":"https:\/\/suomenash.fi\/sv\/vattenpipa\/#primaryimage","url":"https:\/\/suomenash.fi\/wp-content\/uploads\/2017\/11\/Suomen-ASH_ympariston-tupakansavu-e1515743872864.jpg","contentUrl":"https:\/\/suomenash.fi\/wp-content\/uploads\/2017\/11\/Suomen-ASH_ympariston-tupakansavu-e1515743872864.jpg","width":2000,"height":1260,"caption":"Ymp\u00e4rist\u00f6n tupakansavu, is\u00e4 ja lapsi puistossa"},{"@type":"BreadcrumbList","@id":"https:\/\/suomenash.fi\/sv\/vattenpipa\/#breadcrumb","itemListElement":[{"@type":"ListItem","position":1,"name":"Home","item":"https:\/\/suomenash.fi\/sv\/"},{"@type":"ListItem","position":2,"name":"Vattenpipa"}]},{"@type":"WebSite","@id":"https:\/\/suomenash.fi\/#website","url":"https:\/\/suomenash.fi\/","name":"Suomen ASH ry","description":"Just another WordPress site","potentialAction":[{"@type":"SearchAction","target":{"@type":"EntryPoint","urlTemplate":"https:\/\/suomenash.fi\/?s={search_term_string}"},"query-input":{"@type":"PropertyValueSpecification","valueRequired":true,"valueName":"search_term_string"}}],"inLanguage":"sv-SE"}]}},"_links":{"self":[{"href":"https:\/\/suomenash.fi\/sv\/wp-json\/wp\/v2\/pages\/2644","targetHints":{"allow":["GET"]}}],"collection":[{"href":"https:\/\/suomenash.fi\/sv\/wp-json\/wp\/v2\/pages"}],"about":[{"href":"https:\/\/suomenash.fi\/sv\/wp-json\/wp\/v2\/types\/page"}],"author":[{"embeddable":true,"href":"https:\/\/suomenash.fi\/sv\/wp-json\/wp\/v2\/users\/8"}],"replies":[{"embeddable":true,"href":"https:\/\/suomenash.fi\/sv\/wp-json\/wp\/v2\/comments?post=2644"}],"version-history":[{"count":10,"href":"https:\/\/suomenash.fi\/sv\/wp-json\/wp\/v2\/pages\/2644\/revisions"}],"predecessor-version":[{"id":20003,"href":"https:\/\/suomenash.fi\/sv\/wp-json\/wp\/v2\/pages\/2644\/revisions\/20003"}],"wp:featuredmedia":[{"embeddable":true,"href":"https:\/\/suomenash.fi\/sv\/wp-json\/wp\/v2\/media\/1892"}],"wp:attachment":[{"href":"https:\/\/suomenash.fi\/sv\/wp-json\/wp\/v2\/media?parent=2644"}],"wp:term":[{"taxonomy":"category","embeddable":true,"href":"https:\/\/suomenash.fi\/sv\/wp-json\/wp\/v2\/categories?post=2644"},{"taxonomy":"post_tag","embeddable":true,"href":"https:\/\/suomenash.fi\/sv\/wp-json\/wp\/v2\/tags?post=2644"},{"taxonomy":"author","embeddable":true,"href":"https:\/\/suomenash.fi\/sv\/wp-json\/wp\/v2\/coauthors?post=2644"}],"curies":[{"name":"wp","href":"https:\/\/api.w.org\/{rel}","templated":true}]}}