{"id":2642,"date":"2018-04-05T09:14:31","date_gmt":"2018-04-05T07:14:31","guid":{"rendered":"https:\/\/suomenash.upcloud-1.web-veistamo.fi\/?page_id=2642"},"modified":"2025-11-05T12:51:33","modified_gmt":"2025-11-05T10:51:33","slug":"elcigaretten","status":"publish","type":"page","link":"https:\/\/suomenash.fi\/sv\/elcigaretten\/","title":{"rendered":"Elcigaretten"},"content":{"rendered":"            <div class=\"main-and-sidebar-container\">\n                <div class=\"main-content\">\n                    <h1 class=\"page-title\">\n                        Elcigaretten                    <\/h1>\n                    \n<p><\/p>\n\n\n<p>V\u00e4rldsh\u00e4lsoorganisationen WHO och m\u00e5nga forskare \u00e4r oroade \u00f6ver att anv\u00e4ndare av elcigaretter drar in nikotinet i lungorna som varm \u00e5nga. Toxiciteten och den fysiologiska inverkan av s\u00e5dan exponering har inte unders\u00f6kts grundligt.<\/p>\n<h2>Hj\u00e4lper inte vid avv\u00e4njning<\/h2>\n<p>Unders\u00f6kningar pekar p\u00e5 att de som anv\u00e4nder elcigaretter inte blir av med sitt nikotinberoende. Forskarna varnar f\u00f6r att det \u00e4r l\u00e4tt f\u00f6r unga att genom smaker och l\u00e4tt inandningsbar \u00e5nga l\u00e4ra sig att r\u00f6ka, varvid tr\u00f6skeln till egentlig r\u00f6kning s\u00e4nks.<\/p>\n<p>WHO rekommenderar inte anv\u00e4ndning av elcigaretter till hj\u00e4lp vid r\u00f6kavv\u00e4njning, och skulle inte heller till\u00e5ta anv\u00e4ndning av dem i utrymmen som ska vara r\u00f6kfria milj\u00f6er.<\/p>\n<h2>Unga och e-cigaretten<\/h2>\n<p>E-cigaretter introducerades p\u00e5 marknaden i Finland \u00e5r 2010. Enligt en studie i ungdomars h\u00e4lsobeteende (2019) b\u00f6rjade 16\u201318-\u00e5riga pojkar experimentera mer med e-cigaretter, men detta g\u00e4llde inte f\u00f6r andra \u00e5ldersgrupper eller k\u00f6nsgrupper. \u00c5r 2019 anv\u00e4nde ungef\u00e4r tre procent av 18-\u00e5riga m\u00e4n e-cigaretter dagligen, medan motsvarande siffra f\u00f6r kvinnor i samma \u00e5lder var 0,4 procent.<\/p>\n<p>Daglig anv\u00e4ndning av e-cigaretter var \u00e4nnu mindre vanlig bland 14\u201316-\u00e5riga flickor och pojkar och varierade mellan 0,4 och 0,8 procent. D\u00e4remot anv\u00e4nde inte 12-\u00e5ringar e-cigaretter dagligen eller ens en g\u00e5ng i veckan.<\/p>\n<p>Trots det har daglig anv\u00e4ndning av e-cigaretter snabbt blivit vanligare bland unga under de senaste \u00e5ren. \u00c5r 2025 anv\u00e4nde fyra procent av de unga pojkarna (14\u201320 \u00e5r) e-cigaretter dagligen, och fem procent av flickorna.<\/p>\n<p>\u00c5r 2025 anv\u00e4nde 5 procent av pojkarna och 6 procent av flickorna i \u00e5rskurserna 8 och 9 p\u00e5 grundskolan e-cigaretter (vape) dagligen. Motsvarande siffror f\u00f6r gymnasieskolan var 1 procent (pojkar) och 3 procent (flickor). P\u00e5 yrkesl\u00e4roanstalter anv\u00e4nde 5 procent av pojkarna och 9 procent av flickorna e-cigaretter dagligen.<\/p>\n<h2>I lagen likst\u00e4lls de med cigaretter<\/h2>\n<p>F\u00f6r elcigaretter g\u00e4ller i regel samma f\u00f6rordningar som f\u00f6r cigaretter: anv\u00e4ndningen av elcigaretter \u00e4r f\u00f6rbjudet i lokaler d\u00e4r det \u00e4r f\u00f6rbjudet att r\u00f6ka. Elcigaretter f\u00e5r inte s\u00e4ljas eller \u00f6verl\u00e5tas till barn under 18 \u00e5r och en minder\u00e5rig f\u00e5r inte inneha elcigaretter.\u00a0 \u00c4ven marknadsf\u00f6ring av dem \u00e4r f\u00f6rbjudet och de f\u00e5r inte vara synligt framlagda vid detaljf\u00f6rs\u00e4ljning.<\/p>\n<p>Butikerna som s\u00e4ljer elcigaretter och den nikotinv\u00e4tska som anv\u00e4nds i dem m\u00e5ste ha tillst\u00e5nd f\u00f6r detaljhandelsf\u00f6rs\u00e4ljning. Tillst\u00e5ndet utf\u00e4rdas av den kommun d\u00e4r butiken \u00e4r bel\u00e4gen. F\u00f6rs\u00e4ljning p\u00e5 internet och annan distansf\u00f6rs\u00e4ljning av elcigaretter och nikotinv\u00e4tskor \u00e4r f\u00f6rbjudet.<\/p>\n<p>Det finns en tidsgr\u00e4ns p\u00e5 24 timmar f\u00f6r import av elcigaretter och nikotinv\u00e4tskor fr\u00e5n andra \u00e4n EES-l\u00e4nder. F\u00f6r att kunna f\u00f6ra in produkter i landet m\u00e5ste personen befinna sig utanf\u00f6r Finlands gr\u00e4nser i \u00f6ver 24 timmar.<\/p>\n<p>Nikotinv\u00e4tskor kan inte smaka godis eller frukt. Elcigaretter och deras p\u00e5fyllningskapslar ska f\u00f6rvaras o\u00e5tkomliga f\u00f6r barn och skyddas mot felanv\u00e4ndning, skador och l\u00e4ckor. De ska dessutom ha en mekanism som s\u00e4kerst\u00e4ller en l\u00e4ckagefri p\u00e5fyllning.<\/p>\n<p>Detaljhandelsf\u00f6rpackningarna f\u00f6r elcigaretter och p\u00e5fyllningskapslar ska inneh\u00e5lla (Tobakslagen 36 \u00a7)<\/p>\n<ul>\n<li>en f\u00f6rteckning \u00f6ver best\u00e5ndsdelarna i produkten<\/li>\n<li>produktens nikotinhalt och dosering<\/li>\n<li>tillverkarens partinummer<\/li>\n<li>rekommendation om att produkten ska f\u00f6rvaras o\u00e5tkomlig f\u00f6r barn<\/li>\n<li>h\u00e4lsovarningar p\u00e5 svenska och finska samt<\/li>\n<li>folder med information om produkten och dess anv\u00e4ndning samt n\u00f6dv\u00e4ndiga kontaktuppgifter.<\/li>\n<\/ul>                <\/div>\n\n                                    <div class=\"nostopalkki\">\n                                                <p>Se v\u00e5r <a href=\"https:\/\/suomenash.fi\/wp-content\/uploads\/2019\/12\/ecigarett.pdf\" target=\"_blank\" rel=\"noopener\">E-cigarett<\/a>\u00a0broschyr.<\/p>\n<p><a href=\"https:\/\/www.kaypahoito.fi\/hoi40020\" target=\"_blank\" rel=\"noopener\">Enligt god medicinsk praxis-rekommendationerna<\/a>\u00a0 (p\u00e5 finska) \u00f6kar anv\u00e4ndningen av e-cigaretter inte sannolikheten att sluta r\u00f6ka enligt studier, om e-cigaretten har anv\u00e4nts som en separat konsumentprodukt.<\/p>\n<p>En nikotinhaltig e-cigarett kan hj\u00e4lpa till att sluta r\u00f6ka, men det inneb\u00e4r risk f\u00f6r h\u00e4lsoskador och att nikotinberoendet forts\u00e4tter.<\/p>\n<p>I behandlingsrekommendationen understryks att e-cigaretten som hj\u00e4lpmedel f\u00f6r att sluta r\u00f6ka b\u00f6r anv\u00e4ndas p\u00e5 samma s\u00e4tt som nikotinl\u00e4kemedel.<\/p>\n<h5>L\u00e4s ocks\u00e5:<\/h5>\n<p>European Respiratory Journal:<br \/>\n<a href=\"https:\/\/erj.ersjournals.com\/content\/early\/2024\/02\/01\/13993003.01808-2023\" target=\"_blank\" rel=\"noopener\">Statement on novel nicotine and tobacco products, their role in tobacco control and \u201charm reduction\u201d<\/a><\/p>\n<p>&nbsp;<\/p>\n                    <\/div>\n                            <\/div><!-- .main-and-sidebar-container -->\n        ","protected":false},"excerpt":{"rendered":"Elcigaretten V\u00e4rldsh\u00e4lsoorganisationen WHO och m\u00e5nga forskare \u00e4r oroade \u00f6ver att anv\u00e4ndare av elcigaretter drar in nikotinet i lungorna som varm&#8230; <a class=\"view-article\" href=\"https:\/\/suomenash.fi\/sv\/elcigaretten\/\">View Article<\/a>","protected":false},"author":8,"featured_media":2570,"parent":0,"menu_order":0,"comment_status":"closed","ping_status":"closed","template":"","meta":{"_acf_changed":false,"footnotes":""},"categories":[],"tags":[],"coauthors":[16],"class_list":["post-2642","page","type-page","status-publish","has-post-thumbnail","hentry"],"acf":[],"yoast_head":"<!-- This site is optimized with the Yoast SEO plugin v27.6 - https:\/\/yoast.com\/product\/yoast-seo-wordpress\/ -->\n<title>Elcigaretten - Suomen ASH ry | Suomen ASH ry<\/title>\n<meta name=\"robots\" content=\"index, follow, max-snippet:-1, max-image-preview:large, max-video-preview:-1\" \/>\n<link rel=\"canonical\" href=\"https:\/\/suomenash.fi\/sv\/elcigaretten\/\" \/>\n<meta property=\"og:locale\" content=\"sv_SE\" \/>\n<meta property=\"og:type\" content=\"article\" \/>\n<meta property=\"og:title\" content=\"Elcigaretten - Suomen ASH ry\" \/>\n<meta property=\"og:description\" content=\"Elcigaretten V\u00e4rldsh\u00e4lsoorganisationen WHO och m\u00e5nga forskare \u00e4r oroade \u00f6ver att anv\u00e4ndare av elcigaretter drar in nikotinet i lungorna som varm... View Article\" \/>\n<meta property=\"og:url\" content=\"https:\/\/suomenash.fi\/sv\/elcigaretten\/\" \/>\n<meta property=\"og:site_name\" content=\"Suomen ASH ry\" \/>\n<meta property=\"article:modified_time\" content=\"2025-11-05T10:51:33+00:00\" \/>\n<meta property=\"og:image\" content=\"https:\/\/suomenash.fi\/wp-content\/uploads\/2018\/03\/shutterstock_573202852.jpg\" \/>\n\t<meta property=\"og:image:width\" content=\"2000\" \/>\n\t<meta property=\"og:image:height\" content=\"1435\" \/>\n\t<meta property=\"og:image:type\" content=\"image\/jpeg\" \/>\n<meta name=\"twitter:card\" content=\"summary_large_image\" \/>\n<meta name=\"twitter:label1\" content=\"Ber\u00e4knad l\u00e4stid\" \/>\n\t<meta name=\"twitter:data1\" content=\"4 minuter\" \/>\n\t<meta name=\"twitter:label2\" content=\"Skriven av\" \/>\n\t<meta name=\"twitter:data2\" content=\"Pirjo\" \/>\n<script type=\"application\/ld+json\" class=\"yoast-schema-graph\">{\"@context\":\"https:\\\/\\\/schema.org\",\"@graph\":[{\"@type\":\"WebPage\",\"@id\":\"https:\\\/\\\/suomenash.fi\\\/sv\\\/elcigaretten\\\/\",\"url\":\"https:\\\/\\\/suomenash.fi\\\/sv\\\/elcigaretten\\\/\",\"name\":\"Elcigaretten - Suomen ASH ry\",\"isPartOf\":{\"@id\":\"https:\\\/\\\/suomenash.fi\\\/#website\"},\"primaryImageOfPage\":{\"@id\":\"https:\\\/\\\/suomenash.fi\\\/sv\\\/elcigaretten\\\/#primaryimage\"},\"image\":{\"@id\":\"https:\\\/\\\/suomenash.fi\\\/sv\\\/elcigaretten\\\/#primaryimage\"},\"thumbnailUrl\":\"https:\\\/\\\/suomenash.fi\\\/wp-content\\\/uploads\\\/2018\\\/03\\\/shutterstock_573202852.jpg\",\"datePublished\":\"2018-04-05T07:14:31+00:00\",\"dateModified\":\"2025-11-05T10:51:33+00:00\",\"breadcrumb\":{\"@id\":\"https:\\\/\\\/suomenash.fi\\\/sv\\\/elcigaretten\\\/#breadcrumb\"},\"inLanguage\":\"sv-SE\",\"potentialAction\":[{\"@type\":\"ReadAction\",\"target\":[\"https:\\\/\\\/suomenash.fi\\\/sv\\\/elcigaretten\\\/\"]}]},{\"@type\":\"ImageObject\",\"inLanguage\":\"sv-SE\",\"@id\":\"https:\\\/\\\/suomenash.fi\\\/sv\\\/elcigaretten\\\/#primaryimage\",\"url\":\"https:\\\/\\\/suomenash.fi\\\/wp-content\\\/uploads\\\/2018\\\/03\\\/shutterstock_573202852.jpg\",\"contentUrl\":\"https:\\\/\\\/suomenash.fi\\\/wp-content\\\/uploads\\\/2018\\\/03\\\/shutterstock_573202852.jpg\",\"width\":2000,\"height\":1435},{\"@type\":\"BreadcrumbList\",\"@id\":\"https:\\\/\\\/suomenash.fi\\\/sv\\\/elcigaretten\\\/#breadcrumb\",\"itemListElement\":[{\"@type\":\"ListItem\",\"position\":1,\"name\":\"Home\",\"item\":\"https:\\\/\\\/suomenash.fi\\\/sv\\\/\"},{\"@type\":\"ListItem\",\"position\":2,\"name\":\"Elcigaretten\"}]},{\"@type\":\"WebSite\",\"@id\":\"https:\\\/\\\/suomenash.fi\\\/#website\",\"url\":\"https:\\\/\\\/suomenash.fi\\\/\",\"name\":\"Suomen ASH ry\",\"description\":\"Just another WordPress site\",\"potentialAction\":[{\"@type\":\"SearchAction\",\"target\":{\"@type\":\"EntryPoint\",\"urlTemplate\":\"https:\\\/\\\/suomenash.fi\\\/?s={search_term_string}\"},\"query-input\":{\"@type\":\"PropertyValueSpecification\",\"valueRequired\":true,\"valueName\":\"search_term_string\"}}],\"inLanguage\":\"sv-SE\"}]}<\/script>\n<!-- \/ Yoast SEO plugin. -->","yoast_head_json":{"title":"Elcigaretten - Suomen ASH ry | Suomen ASH ry","robots":{"index":"index","follow":"follow","max-snippet":"max-snippet:-1","max-image-preview":"max-image-preview:large","max-video-preview":"max-video-preview:-1"},"canonical":"https:\/\/suomenash.fi\/sv\/elcigaretten\/","og_locale":"sv_SE","og_type":"article","og_title":"Elcigaretten - Suomen ASH ry","og_description":"Elcigaretten V\u00e4rldsh\u00e4lsoorganisationen WHO och m\u00e5nga forskare \u00e4r oroade \u00f6ver att anv\u00e4ndare av elcigaretter drar in nikotinet i lungorna som varm... View Article","og_url":"https:\/\/suomenash.fi\/sv\/elcigaretten\/","og_site_name":"Suomen ASH ry","article_modified_time":"2025-11-05T10:51:33+00:00","og_image":[{"width":2000,"height":1435,"url":"https:\/\/suomenash.fi\/wp-content\/uploads\/2018\/03\/shutterstock_573202852.jpg","type":"image\/jpeg"}],"twitter_card":"summary_large_image","twitter_misc":{"Ber\u00e4knad l\u00e4stid":"4 minuter","Skriven av":"Pirjo"},"schema":{"@context":"https:\/\/schema.org","@graph":[{"@type":"WebPage","@id":"https:\/\/suomenash.fi\/sv\/elcigaretten\/","url":"https:\/\/suomenash.fi\/sv\/elcigaretten\/","name":"Elcigaretten - Suomen ASH ry","isPartOf":{"@id":"https:\/\/suomenash.fi\/#website"},"primaryImageOfPage":{"@id":"https:\/\/suomenash.fi\/sv\/elcigaretten\/#primaryimage"},"image":{"@id":"https:\/\/suomenash.fi\/sv\/elcigaretten\/#primaryimage"},"thumbnailUrl":"https:\/\/suomenash.fi\/wp-content\/uploads\/2018\/03\/shutterstock_573202852.jpg","datePublished":"2018-04-05T07:14:31+00:00","dateModified":"2025-11-05T10:51:33+00:00","breadcrumb":{"@id":"https:\/\/suomenash.fi\/sv\/elcigaretten\/#breadcrumb"},"inLanguage":"sv-SE","potentialAction":[{"@type":"ReadAction","target":["https:\/\/suomenash.fi\/sv\/elcigaretten\/"]}]},{"@type":"ImageObject","inLanguage":"sv-SE","@id":"https:\/\/suomenash.fi\/sv\/elcigaretten\/#primaryimage","url":"https:\/\/suomenash.fi\/wp-content\/uploads\/2018\/03\/shutterstock_573202852.jpg","contentUrl":"https:\/\/suomenash.fi\/wp-content\/uploads\/2018\/03\/shutterstock_573202852.jpg","width":2000,"height":1435},{"@type":"BreadcrumbList","@id":"https:\/\/suomenash.fi\/sv\/elcigaretten\/#breadcrumb","itemListElement":[{"@type":"ListItem","position":1,"name":"Home","item":"https:\/\/suomenash.fi\/sv\/"},{"@type":"ListItem","position":2,"name":"Elcigaretten"}]},{"@type":"WebSite","@id":"https:\/\/suomenash.fi\/#website","url":"https:\/\/suomenash.fi\/","name":"Suomen ASH ry","description":"Just another WordPress site","potentialAction":[{"@type":"SearchAction","target":{"@type":"EntryPoint","urlTemplate":"https:\/\/suomenash.fi\/?s={search_term_string}"},"query-input":{"@type":"PropertyValueSpecification","valueRequired":true,"valueName":"search_term_string"}}],"inLanguage":"sv-SE"}]}},"_links":{"self":[{"href":"https:\/\/suomenash.fi\/sv\/wp-json\/wp\/v2\/pages\/2642","targetHints":{"allow":["GET"]}}],"collection":[{"href":"https:\/\/suomenash.fi\/sv\/wp-json\/wp\/v2\/pages"}],"about":[{"href":"https:\/\/suomenash.fi\/sv\/wp-json\/wp\/v2\/types\/page"}],"author":[{"embeddable":true,"href":"https:\/\/suomenash.fi\/sv\/wp-json\/wp\/v2\/users\/8"}],"replies":[{"embeddable":true,"href":"https:\/\/suomenash.fi\/sv\/wp-json\/wp\/v2\/comments?post=2642"}],"version-history":[{"count":10,"href":"https:\/\/suomenash.fi\/sv\/wp-json\/wp\/v2\/pages\/2642\/revisions"}],"predecessor-version":[{"id":23249,"href":"https:\/\/suomenash.fi\/sv\/wp-json\/wp\/v2\/pages\/2642\/revisions\/23249"}],"wp:featuredmedia":[{"embeddable":true,"href":"https:\/\/suomenash.fi\/sv\/wp-json\/wp\/v2\/media\/2570"}],"wp:attachment":[{"href":"https:\/\/suomenash.fi\/sv\/wp-json\/wp\/v2\/media?parent=2642"}],"wp:term":[{"taxonomy":"category","embeddable":true,"href":"https:\/\/suomenash.fi\/sv\/wp-json\/wp\/v2\/categories?post=2642"},{"taxonomy":"post_tag","embeddable":true,"href":"https:\/\/suomenash.fi\/sv\/wp-json\/wp\/v2\/tags?post=2642"},{"taxonomy":"author","embeddable":true,"href":"https:\/\/suomenash.fi\/sv\/wp-json\/wp\/v2\/coauthors?post=2642"}],"curies":[{"name":"wp","href":"https:\/\/api.w.org\/{rel}","templated":true}]}}