{"id":2640,"date":"2018-04-05T09:11:22","date_gmt":"2018-04-05T07:11:22","guid":{"rendered":"https:\/\/suomenash.upcloud-1.web-veistamo.fi\/?page_id=2640"},"modified":"2025-09-19T09:25:37","modified_gmt":"2025-09-19T06:25:37","slug":"snus","status":"publish","type":"page","link":"https:\/\/suomenash.fi\/sv\/snus\/","title":{"rendered":"Snus"},"content":{"rendered":"            <div class=\"main-and-sidebar-container\">\n                <div class=\"main-content\">\n                    <h1 class=\"page-title\">\n                        Snus                    <\/h1>\n                    \n<p><\/p>\n\n\n<p>Snus orsakar och uppr\u00e4tth\u00e5ller nikotinberoende. Det \u00f6kar sannolikt risken, till exempel, f\u00f6r f\u00f6rh\u00f6jt blodtryck, typ 2-diabetes, metabolt syndrom och cancer i matstrupe. Ocks\u00e5 orsakar det d\u00e5lig andedr\u00e4kt, missf\u00e4rgning av t\u00e4nderna och \u00e4ndringar i munnens slemhinna som kan vara f\u00f6rstadier f\u00f6r cancer.<\/p>\n<p>Snus f\u00e5r inte importeras, s\u00e4ljas eller \u00f6verl\u00e5tas, men trots detta har det under de senaste \u00e5ren blivit popul\u00e4rt s\u00e4rskilt bland ungdomar. Det finns flera olika snusliknande r\u00f6kfria tobaksprodukter p\u00e5 marknaden. Den vanligaste snusprodukten i Finland \u00e4r s\u00e5 kallat svenskt, fuktigt snus.<\/p>\n<p>\u00c5r 2024 snusade 4 procent av m\u00e4nnen och 0,5 procent av kvinnor i \u00e5ldern 20\u201364 \u00e5r dagligen.<\/p>\n<p>Enligt <a href=\"https:\/\/suomenash.fi\/wp-content\/uploads\/2025\/09\/valbefinnandet_bland_barn_och_unga_enkaten_halsa_i_skolan_statistikrapport_45_2025.pdf\" target=\"_blank\" rel=\"noopener\">Enkaten H\u00e4lsa i skolan 2025<\/a> (pdf) var det vanligare bland unga pojkar att anv\u00e4nda snus \u00e4n bland flickor. Tre procent av pojkarna i \u00e5rskurs 8 och 9 inom den grundl\u00e4ggande utbildningen, tv\u00e5 procent av pojkarna vid gymnasier och \u00e5tta procent av pojkarna vid yrkesl\u00e4roanstalter anv\u00e4nde snus dagligen. Bland flickor var andelarna mindre (1 %, 0,3 %, 2%).\u00a0<\/p>\n<p>Enligt Institutet f\u00f6r h\u00e4lsa och v\u00e4lf\u00e4rd snusade tre procent av h\u00f6gskolestuderande dagligen \u00e5r 2024 (1 % av kvinnorna, 4 % av m\u00e4nnen). Bland m\u00e4n var snusandet vanligare \u00e4n bland kvinnor b\u00e5de vid universiteten (kvinnor 1 %, m\u00e4n 3%) och vid yrkeh\u00f6gskolorna (kvinnor 2%, m\u00e4n 6 %).\u00a0<\/p>\n<h2>Begr\u00e4nsad import och anv\u00e4ndning<\/h2>\n<p>Produktion och f\u00f6rs\u00e4ljning av snus \u00e4r f\u00f6rbjudet, f\u00f6rutom i Sverige, i alla andra EU-medlemsl\u00e4nder. I enlighet med den finska tobakslagen kan privatpersoner importera h\u00f6gst 1 000 gram r\u00f6kfria tobaksprodukter (snus, luktsnus och tuggtobak) under ett dygn f\u00f6r personligt bruk.\u00a0 Minder\u00e5riga f\u00e5r inte importera tobaksprodukter eller nikotinv\u00e4tskor. Snus f\u00e5r inte importeras f\u00f6r en annan persons anv\u00e4ndning, oavsett om mottagaren betalar f\u00f6r snuset eller inte.<\/p>\n<p>Enligt lagen f\u00e5r r\u00f6kfria tobaksprodukter inte anv\u00e4ndas i lokaler eller p\u00e5 utomhusomr\u00e5den vid daghem eller l\u00e4roanstalter som ger f\u00f6rskoleundervisning, grundl\u00e4ggande utbildning, yrkesutbildning eller gymnasieutbildning.<\/p>\n<p>R\u00f6kf\u00f6rbuden enligt tobakslagen som g\u00e4ller arbetsplatser g\u00e4ller inte snus. Arbetsgivaren kan \u00e4nd\u00e5 besluta om praxis p\u00e5 arbetsplatsen.<\/p>\n<h2>Energisnus<\/h2>\n<p>Energisnus p\u00e5minner om riktigt snus, men inneh\u00e5ller varken tobak eller nikotin. I energisnus har lagts till koffein och andra uppiggande ingredienser och snuset kan k\u00f6pas i dagligvarubutiker.<\/p>\n<p>Energisnus \u00e4r inte en tobaksprodukt, utan r\u00e4knas till tobakssurrogat. I tobakslagen f\u00f6rbjuds f\u00f6rs\u00e4ljning av motsvarigheter till tobak, s\u00e5som energisnus, till barn under 18 \u00e5r. \u00c4ven marknadsf\u00f6ring av dessa produkter \u00e4r f\u00f6rbjudet och de f\u00e5r inte vara synligt framlagda vid butikskassorna.<\/p>\n<p><strong>\u00a0<\/strong><\/p>                <\/div>\n\n                                    <div class=\"nostopalkki\">\n                                                <p>Se v\u00e5r <a href=\"https:\/\/suomenash.fi\/wp-content\/uploads\/2019\/12\/snus.pdf\" target=\"_blank\" rel=\"noopener\">Snus<\/a> broschyr.<\/p>\n<h5>Statistik<\/h5>\n<p>Institutet f\u00f6r h\u00e4lsa och v\u00e4lf\u00e4rd:\u00a0<a href=\"https:\/\/sotkanet.fi\/sotkanet\/sv\/haku?g=340\" target=\"_blank\" rel=\"noopener noreferrer\">Sotkanet.fi \u2013 Statistikuppgifter om finl\u00e4ndarnas v\u00e4lf\u00e4rd och h\u00e4lsa<\/a><\/p>\n<p>Institutet f\u00f6r h\u00e4lsa och v\u00e4lf\u00e4rd: <a href=\"https:\/\/suomenash.fi\/wp-content\/uploads\/2025\/08\/tobaksstatistik_2023.pdf\" target=\"_blank\" rel=\"noopener\">Tobaksstatistik 2023<\/a> (pdf)<\/p>\n<p>Institutet f\u00f6r h\u00e4lsa och v\u00e4lf\u00e4rd: <a href=\"https:\/\/suomenash.fi\/wp-content\/uploads\/2025\/09\/valbefinnandet_bland_barn_och_unga_enkaten_halsa_i_skolan_statistikrapport_45_2025.pdf\" target=\"_blank\" rel=\"noopener\">Enk\u00e4ten H\u00e4lsa i skolan 2025<\/a> (pdf)<\/p>\n                    <\/div>\n                            <\/div><!-- .main-and-sidebar-container -->\n        ","protected":false},"excerpt":{"rendered":"Snus Snus orsakar och uppr\u00e4tth\u00e5ller nikotinberoende. Det \u00f6kar sannolikt risken, till exempel, f\u00f6r f\u00f6rh\u00f6jt blodtryck, typ 2-diabetes, metabolt syndrom och&#8230; <a class=\"view-article\" href=\"https:\/\/suomenash.fi\/sv\/snus\/\">View Article<\/a>","protected":false},"author":8,"featured_media":1781,"parent":0,"menu_order":0,"comment_status":"closed","ping_status":"closed","template":"","meta":{"_acf_changed":false,"footnotes":""},"categories":[],"tags":[],"coauthors":[16],"class_list":["post-2640","page","type-page","status-publish","has-post-thumbnail","hentry"],"acf":[],"yoast_head":"<!-- This site is optimized with the Yoast SEO plugin v27.3 - https:\/\/yoast.com\/product\/yoast-seo-wordpress\/ -->\n<title>Snus - Suomen ASH ry | Suomen ASH ry<\/title>\n<meta name=\"robots\" content=\"index, follow, max-snippet:-1, max-image-preview:large, max-video-preview:-1\" \/>\n<link rel=\"canonical\" href=\"https:\/\/suomenash.fi\/sv\/snus\/\" \/>\n<meta property=\"og:locale\" content=\"sv_SE\" \/>\n<meta property=\"og:type\" content=\"article\" \/>\n<meta property=\"og:title\" content=\"Snus - Suomen ASH ry\" \/>\n<meta property=\"og:description\" content=\"Snus Snus orsakar och uppr\u00e4tth\u00e5ller nikotinberoende. Det \u00f6kar sannolikt risken, till exempel, f\u00f6r f\u00f6rh\u00f6jt blodtryck, typ 2-diabetes, metabolt syndrom och... View Article\" \/>\n<meta property=\"og:url\" content=\"https:\/\/suomenash.fi\/sv\/snus\/\" \/>\n<meta property=\"og:site_name\" content=\"Suomen ASH ry\" \/>\n<meta property=\"article:modified_time\" content=\"2025-09-19T06:25:37+00:00\" \/>\n<meta property=\"og:image\" content=\"https:\/\/suomenash.fi\/wp-content\/uploads\/2018\/01\/Suomen-ASH_nuoret_nuuska-e1515502385453.jpg\" \/>\n\t<meta property=\"og:image:width\" content=\"2000\" \/>\n\t<meta property=\"og:image:height\" content=\"875\" \/>\n\t<meta property=\"og:image:type\" content=\"image\/jpeg\" \/>\n<meta name=\"twitter:card\" content=\"summary_large_image\" \/>\n<meta name=\"twitter:label1\" content=\"Ber\u00e4knad l\u00e4stid\" \/>\n\t<meta name=\"twitter:data1\" content=\"3 minuter\" \/>\n\t<meta name=\"twitter:label2\" content=\"Skriven av\" \/>\n\t<meta name=\"twitter:data2\" content=\"Pirjo\" \/>\n<script type=\"application\/ld+json\" class=\"yoast-schema-graph\">{\"@context\":\"https:\\\/\\\/schema.org\",\"@graph\":[{\"@type\":\"WebPage\",\"@id\":\"https:\\\/\\\/suomenash.fi\\\/sv\\\/snus\\\/\",\"url\":\"https:\\\/\\\/suomenash.fi\\\/sv\\\/snus\\\/\",\"name\":\"Snus - Suomen ASH ry\",\"isPartOf\":{\"@id\":\"https:\\\/\\\/suomenash.fi\\\/#website\"},\"primaryImageOfPage\":{\"@id\":\"https:\\\/\\\/suomenash.fi\\\/sv\\\/snus\\\/#primaryimage\"},\"image\":{\"@id\":\"https:\\\/\\\/suomenash.fi\\\/sv\\\/snus\\\/#primaryimage\"},\"thumbnailUrl\":\"https:\\\/\\\/suomenash.fi\\\/wp-content\\\/uploads\\\/2018\\\/01\\\/Suomen-ASH_nuoret_nuuska-e1515502385453.jpg\",\"datePublished\":\"2018-04-05T07:11:22+00:00\",\"dateModified\":\"2025-09-19T06:25:37+00:00\",\"breadcrumb\":{\"@id\":\"https:\\\/\\\/suomenash.fi\\\/sv\\\/snus\\\/#breadcrumb\"},\"inLanguage\":\"sv-SE\",\"potentialAction\":[{\"@type\":\"ReadAction\",\"target\":[\"https:\\\/\\\/suomenash.fi\\\/sv\\\/snus\\\/\"]}]},{\"@type\":\"ImageObject\",\"inLanguage\":\"sv-SE\",\"@id\":\"https:\\\/\\\/suomenash.fi\\\/sv\\\/snus\\\/#primaryimage\",\"url\":\"https:\\\/\\\/suomenash.fi\\\/wp-content\\\/uploads\\\/2018\\\/01\\\/Suomen-ASH_nuoret_nuuska-e1515502385453.jpg\",\"contentUrl\":\"https:\\\/\\\/suomenash.fi\\\/wp-content\\\/uploads\\\/2018\\\/01\\\/Suomen-ASH_nuoret_nuuska-e1515502385453.jpg\",\"width\":2000,\"height\":875,\"caption\":\"Suomen ASH_nuoret\"},{\"@type\":\"BreadcrumbList\",\"@id\":\"https:\\\/\\\/suomenash.fi\\\/sv\\\/snus\\\/#breadcrumb\",\"itemListElement\":[{\"@type\":\"ListItem\",\"position\":1,\"name\":\"Home\",\"item\":\"https:\\\/\\\/suomenash.fi\\\/sv\\\/\"},{\"@type\":\"ListItem\",\"position\":2,\"name\":\"Snus\"}]},{\"@type\":\"WebSite\",\"@id\":\"https:\\\/\\\/suomenash.fi\\\/#website\",\"url\":\"https:\\\/\\\/suomenash.fi\\\/\",\"name\":\"Suomen ASH ry\",\"description\":\"Just another WordPress site\",\"potentialAction\":[{\"@type\":\"SearchAction\",\"target\":{\"@type\":\"EntryPoint\",\"urlTemplate\":\"https:\\\/\\\/suomenash.fi\\\/?s={search_term_string}\"},\"query-input\":{\"@type\":\"PropertyValueSpecification\",\"valueRequired\":true,\"valueName\":\"search_term_string\"}}],\"inLanguage\":\"sv-SE\"}]}<\/script>\n<!-- \/ Yoast SEO plugin. -->","yoast_head_json":{"title":"Snus - Suomen ASH ry | Suomen ASH ry","robots":{"index":"index","follow":"follow","max-snippet":"max-snippet:-1","max-image-preview":"max-image-preview:large","max-video-preview":"max-video-preview:-1"},"canonical":"https:\/\/suomenash.fi\/sv\/snus\/","og_locale":"sv_SE","og_type":"article","og_title":"Snus - Suomen ASH ry","og_description":"Snus Snus orsakar och uppr\u00e4tth\u00e5ller nikotinberoende. Det \u00f6kar sannolikt risken, till exempel, f\u00f6r f\u00f6rh\u00f6jt blodtryck, typ 2-diabetes, metabolt syndrom och... View Article","og_url":"https:\/\/suomenash.fi\/sv\/snus\/","og_site_name":"Suomen ASH ry","article_modified_time":"2025-09-19T06:25:37+00:00","og_image":[{"width":2000,"height":875,"url":"https:\/\/suomenash.fi\/wp-content\/uploads\/2018\/01\/Suomen-ASH_nuoret_nuuska-e1515502385453.jpg","type":"image\/jpeg"}],"twitter_card":"summary_large_image","twitter_misc":{"Ber\u00e4knad l\u00e4stid":"3 minuter","Skriven av":"Pirjo"},"schema":{"@context":"https:\/\/schema.org","@graph":[{"@type":"WebPage","@id":"https:\/\/suomenash.fi\/sv\/snus\/","url":"https:\/\/suomenash.fi\/sv\/snus\/","name":"Snus - Suomen ASH ry","isPartOf":{"@id":"https:\/\/suomenash.fi\/#website"},"primaryImageOfPage":{"@id":"https:\/\/suomenash.fi\/sv\/snus\/#primaryimage"},"image":{"@id":"https:\/\/suomenash.fi\/sv\/snus\/#primaryimage"},"thumbnailUrl":"https:\/\/suomenash.fi\/wp-content\/uploads\/2018\/01\/Suomen-ASH_nuoret_nuuska-e1515502385453.jpg","datePublished":"2018-04-05T07:11:22+00:00","dateModified":"2025-09-19T06:25:37+00:00","breadcrumb":{"@id":"https:\/\/suomenash.fi\/sv\/snus\/#breadcrumb"},"inLanguage":"sv-SE","potentialAction":[{"@type":"ReadAction","target":["https:\/\/suomenash.fi\/sv\/snus\/"]}]},{"@type":"ImageObject","inLanguage":"sv-SE","@id":"https:\/\/suomenash.fi\/sv\/snus\/#primaryimage","url":"https:\/\/suomenash.fi\/wp-content\/uploads\/2018\/01\/Suomen-ASH_nuoret_nuuska-e1515502385453.jpg","contentUrl":"https:\/\/suomenash.fi\/wp-content\/uploads\/2018\/01\/Suomen-ASH_nuoret_nuuska-e1515502385453.jpg","width":2000,"height":875,"caption":"Suomen ASH_nuoret"},{"@type":"BreadcrumbList","@id":"https:\/\/suomenash.fi\/sv\/snus\/#breadcrumb","itemListElement":[{"@type":"ListItem","position":1,"name":"Home","item":"https:\/\/suomenash.fi\/sv\/"},{"@type":"ListItem","position":2,"name":"Snus"}]},{"@type":"WebSite","@id":"https:\/\/suomenash.fi\/#website","url":"https:\/\/suomenash.fi\/","name":"Suomen ASH ry","description":"Just another WordPress site","potentialAction":[{"@type":"SearchAction","target":{"@type":"EntryPoint","urlTemplate":"https:\/\/suomenash.fi\/?s={search_term_string}"},"query-input":{"@type":"PropertyValueSpecification","valueRequired":true,"valueName":"search_term_string"}}],"inLanguage":"sv-SE"}]}},"_links":{"self":[{"href":"https:\/\/suomenash.fi\/sv\/wp-json\/wp\/v2\/pages\/2640","targetHints":{"allow":["GET"]}}],"collection":[{"href":"https:\/\/suomenash.fi\/sv\/wp-json\/wp\/v2\/pages"}],"about":[{"href":"https:\/\/suomenash.fi\/sv\/wp-json\/wp\/v2\/types\/page"}],"author":[{"embeddable":true,"href":"https:\/\/suomenash.fi\/sv\/wp-json\/wp\/v2\/users\/8"}],"replies":[{"embeddable":true,"href":"https:\/\/suomenash.fi\/sv\/wp-json\/wp\/v2\/comments?post=2640"}],"version-history":[{"count":10,"href":"https:\/\/suomenash.fi\/sv\/wp-json\/wp\/v2\/pages\/2640\/revisions"}],"predecessor-version":[{"id":22998,"href":"https:\/\/suomenash.fi\/sv\/wp-json\/wp\/v2\/pages\/2640\/revisions\/22998"}],"wp:featuredmedia":[{"embeddable":true,"href":"https:\/\/suomenash.fi\/sv\/wp-json\/wp\/v2\/media\/1781"}],"wp:attachment":[{"href":"https:\/\/suomenash.fi\/sv\/wp-json\/wp\/v2\/media?parent=2640"}],"wp:term":[{"taxonomy":"category","embeddable":true,"href":"https:\/\/suomenash.fi\/sv\/wp-json\/wp\/v2\/categories?post=2640"},{"taxonomy":"post_tag","embeddable":true,"href":"https:\/\/suomenash.fi\/sv\/wp-json\/wp\/v2\/tags?post=2640"},{"taxonomy":"author","embeddable":true,"href":"https:\/\/suomenash.fi\/sv\/wp-json\/wp\/v2\/coauthors?post=2640"}],"curies":[{"name":"wp","href":"https:\/\/api.w.org\/{rel}","templated":true}]}}