{"id":2638,"date":"2018-04-05T09:08:13","date_gmt":"2018-04-05T07:08:13","guid":{"rendered":"https:\/\/suomenash.upcloud-1.web-veistamo.fi\/?page_id=2638"},"modified":"2025-11-05T12:45:40","modified_gmt":"2025-11-05T10:45:40","slug":"rokning","status":"publish","type":"page","link":"https:\/\/suomenash.fi\/sv\/rokning\/","title":{"rendered":"R\u00f6kning"},"content":{"rendered":"            <div class=\"main-and-sidebar-container\">\n                <div class=\"main-content\">\n                    <h1 class=\"page-title\">\n                        R\u00f6kning                    <\/h1>\n                    \n<p><\/p>\n\n\n<p>\u00c5r 2024 r\u00f6kte 10 procent dagligen av vuxna i \u00e5ldern 20\u201364: 11 procent av m\u00e4nnen och 9 procent av kvinnorna. R\u00f6kningen har minskat i alla \u00e5ldersgrupper, s\u00e4rskilt bland m\u00e4n. Till exempel p\u00e5 1980-talet r\u00f6kte var tredje man dagligen, av kvinnorna var femte.<\/p>\n<p>Fyra av fem personer som r\u00f6ker dagligen \u00e4r bekymrade \u00f6ver hur r\u00f6kningen p\u00e5verkar h\u00e4lsan. \u00d6ver h\u00e4lften skulle vilja sluta och drygt en tredjedel har f\u00f6rs\u00f6kt sluta r\u00f6ka.<\/p>\n<p>\u00c5r 2024 var 4,4 procent av de h\u00f6gutbildade r\u00f6karna, 6,4 procent av de med medelh\u00f6g utbildning och 14,1 procent av de med l\u00e5g utbildning.<\/p>\n<p>Merparten av de finl\u00e4ndska ungdomarna r\u00f6ker inte. \u00c5r 2025 r\u00f6kte 2 procent av ungdomarna i \u00e5ldern 14\u201320 \u00e5r dagligen. Det f\u00f6rekommer skillnader i ungdomars r\u00f6kvanor mellan olika typer av utbildningsanstalter.<\/p>\n<h2>Utbildningen inverkar<\/h2>\n<p>R\u00f6kningen bland f\u00f6r\u00e4ldrarna minskar fortfarande. F\u00f6r \u00f6ver tv\u00e5 tredjedelar av de unga har mamman aldrig r\u00f6kt under den ungas livstid, och f\u00f6r \u00f6ver lite mer \u00e4n h\u00e4lften har pappan inte r\u00f6kt. Allt som allt \u00e4r det ovanligt att de unga exponeras f\u00f6r tobaksr\u00f6k \u00f6ver en timme per dag.<\/p>\n<p>R\u00f6kningen bland unga har minskat sedan b\u00f6rjan av 2000-talet. Enligt <a href=\"https:\/\/suomenash.fi\/wp-content\/uploads\/2025\/09\/valbefinnandet_bland_barn_och_unga_enkaten_halsa_i_skolan_statistikrapport_45_2025.pdf\" target=\"_blank\" rel=\"noopener\">Enk\u00e4ten H\u00e4lsa i skolan 2025<\/a> (pdf) var r\u00f6kning vanligast bland f\u00f6rsta och andra \u00e5rets studerande vid yrkesl\u00e4roanstalter: sex procent av pojkarna och fem procent av flickorna r\u00f6kte dagligen. Andelarna minskade betydligt j\u00e4mf\u00f6rd med 2023 (13 och 14 %).\u00a0<\/p>\n<p>Bland pojkarna i \u00e5rskurs 8 och 9 i den grundl\u00e4ggande utbildningen r\u00f6kte tre procent dagligen och bland flickorna en procent (2023: pojkar 6 %, flickor 4 %). Bland gymnasiets f\u00f6rsta- och andra\u00e5rsstuderande (pojkar och flickor 1 %) var andelen p\u00e5 samma niv\u00e5 som \u00e5r 2023.<\/p>\n<p>Daglig r\u00f6kning bland universitets- och yrkesh\u00f6gskolestudenter har minskat under de senaste 15 \u00e5ren. \u00c5r 2024 r\u00f6kte 4 procent av studenterna dagligen. R\u00f6kning \u00e4r mindre vanligt bland universitetsstudenter (kvinnor 2 procent, m\u00e4n 3 procent) \u00e4n bland de som studerar vid yrkesh\u00f6gskolan (kvinnor 7 procent, m\u00e4n 4 procent).<\/p>\n\n\n<p><\/p>\n                <\/div>\n\n                                    <div class=\"nostopalkki\">\n                                                <h5>Statistik<\/h5>\n<p>Institutet f\u00f6r h\u00e4lsa och v\u00e4lf\u00e4rd: <a href=\"https:\/\/sotkanet.fi\/sotkanet\/sv\/haku?g=340\" target=\"_blank\" rel=\"noopener noreferrer\">Sotkanet.fi &#8211; Statistikuppgifter om finl\u00e4ndarnas v\u00e4lf\u00e4rd och h\u00e4lsa<\/a><\/p>\n<p>Institutet f\u00f6r h\u00e4lsa och v\u00e4lf\u00e4rd (2025): <a href=\"https:\/\/suomenash.fi\/wp-content\/uploads\/2025\/09\/valbefinnandet_bland_barn_och_unga_enkaten_halsa_i_skolan_statistikrapport_45_2025.pdf\" target=\"_blank\" rel=\"noopener\">Enk\u00e4ten H\u00e4lsa i skolan<\/a> (pdf)<\/p>\n<p>Institutet f\u00f6r h\u00e4lsa och v\u00e4lf\u00e4rd: <a href=\"https:\/\/suomenash.fi\/wp-content\/uploads\/2025\/10\/tupakkatilasto-2024.pdf\" target=\"_blank\" rel=\"noopener\">Tupakkatilasto 2024<\/a> (pdf)<\/p>\n<p>&nbsp;<\/p>\n<p>&nbsp;<\/p>\n<p>&nbsp;<\/p>\n                    <\/div>\n                            <\/div><!-- .main-and-sidebar-container -->\n        ","protected":false},"excerpt":{"rendered":"R\u00f6kning \u00c5r 2024 r\u00f6kte 10 procent dagligen av vuxna i \u00e5ldern 20\u201364: 11 procent av m\u00e4nnen och 9 procent av&#8230; <a class=\"view-article\" href=\"https:\/\/suomenash.fi\/sv\/rokning\/\">View Article<\/a>","protected":false},"author":8,"featured_media":1914,"parent":0,"menu_order":0,"comment_status":"closed","ping_status":"closed","template":"","meta":{"_acf_changed":false,"footnotes":""},"categories":[],"tags":[],"coauthors":[16],"class_list":["post-2638","page","type-page","status-publish","has-post-thumbnail","hentry"],"acf":[],"yoast_head":"<!-- This site is optimized with the Yoast SEO plugin v27.3 - https:\/\/yoast.com\/product\/yoast-seo-wordpress\/ -->\n<title>R\u00f6kning - Suomen ASH ry | Suomen ASH ry<\/title>\n<meta name=\"robots\" content=\"index, follow, max-snippet:-1, max-image-preview:large, max-video-preview:-1\" \/>\n<link rel=\"canonical\" href=\"https:\/\/suomenash.fi\/sv\/rokning\/\" \/>\n<meta property=\"og:locale\" content=\"sv_SE\" \/>\n<meta property=\"og:type\" content=\"article\" \/>\n<meta property=\"og:title\" content=\"R\u00f6kning - Suomen ASH ry\" \/>\n<meta property=\"og:description\" content=\"R\u00f6kning \u00c5r 2024 r\u00f6kte 10 procent dagligen av vuxna i \u00e5ldern 20\u201364: 11 procent av m\u00e4nnen och 9 procent av... View Article\" \/>\n<meta property=\"og:url\" content=\"https:\/\/suomenash.fi\/sv\/rokning\/\" \/>\n<meta property=\"og:site_name\" content=\"Suomen ASH ry\" \/>\n<meta property=\"article:modified_time\" content=\"2025-11-05T10:45:40+00:00\" \/>\n<meta property=\"og:image\" content=\"https:\/\/suomenash.fi\/wp-content\/uploads\/2018\/01\/Suomen-ASH_jaseneksi-e1524141726416.jpg\" \/>\n\t<meta property=\"og:image:width\" content=\"2000\" \/>\n\t<meta property=\"og:image:height\" content=\"1113\" \/>\n\t<meta property=\"og:image:type\" content=\"image\/jpeg\" \/>\n<meta name=\"twitter:card\" content=\"summary_large_image\" \/>\n<meta name=\"twitter:label1\" content=\"Ber\u00e4knad l\u00e4stid\" \/>\n\t<meta name=\"twitter:data1\" content=\"3 minuter\" \/>\n\t<meta name=\"twitter:label2\" content=\"Skriven av\" \/>\n\t<meta name=\"twitter:data2\" content=\"Pirjo\" \/>\n<script type=\"application\/ld+json\" class=\"yoast-schema-graph\">{\"@context\":\"https:\\\/\\\/schema.org\",\"@graph\":[{\"@type\":\"WebPage\",\"@id\":\"https:\\\/\\\/suomenash.fi\\\/sv\\\/rokning\\\/\",\"url\":\"https:\\\/\\\/suomenash.fi\\\/sv\\\/rokning\\\/\",\"name\":\"R\u00f6kning - Suomen ASH ry\",\"isPartOf\":{\"@id\":\"https:\\\/\\\/suomenash.fi\\\/#website\"},\"primaryImageOfPage\":{\"@id\":\"https:\\\/\\\/suomenash.fi\\\/sv\\\/rokning\\\/#primaryimage\"},\"image\":{\"@id\":\"https:\\\/\\\/suomenash.fi\\\/sv\\\/rokning\\\/#primaryimage\"},\"thumbnailUrl\":\"https:\\\/\\\/suomenash.fi\\\/wp-content\\\/uploads\\\/2018\\\/01\\\/Suomen-ASH_jaseneksi-e1524141726416.jpg\",\"datePublished\":\"2018-04-05T07:08:13+00:00\",\"dateModified\":\"2025-11-05T10:45:40+00:00\",\"breadcrumb\":{\"@id\":\"https:\\\/\\\/suomenash.fi\\\/sv\\\/rokning\\\/#breadcrumb\"},\"inLanguage\":\"sv-SE\",\"potentialAction\":[{\"@type\":\"ReadAction\",\"target\":[\"https:\\\/\\\/suomenash.fi\\\/sv\\\/rokning\\\/\"]}]},{\"@type\":\"ImageObject\",\"inLanguage\":\"sv-SE\",\"@id\":\"https:\\\/\\\/suomenash.fi\\\/sv\\\/rokning\\\/#primaryimage\",\"url\":\"https:\\\/\\\/suomenash.fi\\\/wp-content\\\/uploads\\\/2018\\\/01\\\/Suomen-ASH_jaseneksi-e1524141726416.jpg\",\"contentUrl\":\"https:\\\/\\\/suomenash.fi\\\/wp-content\\\/uploads\\\/2018\\\/01\\\/Suomen-ASH_jaseneksi-e1524141726416.jpg\",\"width\":2000,\"height\":1113,\"caption\":\"Suomen ASH, liity j\u00e4seneksi\"},{\"@type\":\"BreadcrumbList\",\"@id\":\"https:\\\/\\\/suomenash.fi\\\/sv\\\/rokning\\\/#breadcrumb\",\"itemListElement\":[{\"@type\":\"ListItem\",\"position\":1,\"name\":\"Home\",\"item\":\"https:\\\/\\\/suomenash.fi\\\/sv\\\/\"},{\"@type\":\"ListItem\",\"position\":2,\"name\":\"R\u00f6kning\"}]},{\"@type\":\"WebSite\",\"@id\":\"https:\\\/\\\/suomenash.fi\\\/#website\",\"url\":\"https:\\\/\\\/suomenash.fi\\\/\",\"name\":\"Suomen ASH ry\",\"description\":\"Just another WordPress site\",\"potentialAction\":[{\"@type\":\"SearchAction\",\"target\":{\"@type\":\"EntryPoint\",\"urlTemplate\":\"https:\\\/\\\/suomenash.fi\\\/?s={search_term_string}\"},\"query-input\":{\"@type\":\"PropertyValueSpecification\",\"valueRequired\":true,\"valueName\":\"search_term_string\"}}],\"inLanguage\":\"sv-SE\"}]}<\/script>\n<!-- \/ Yoast SEO plugin. -->","yoast_head_json":{"title":"R\u00f6kning - Suomen ASH ry | Suomen ASH ry","robots":{"index":"index","follow":"follow","max-snippet":"max-snippet:-1","max-image-preview":"max-image-preview:large","max-video-preview":"max-video-preview:-1"},"canonical":"https:\/\/suomenash.fi\/sv\/rokning\/","og_locale":"sv_SE","og_type":"article","og_title":"R\u00f6kning - Suomen ASH ry","og_description":"R\u00f6kning \u00c5r 2024 r\u00f6kte 10 procent dagligen av vuxna i \u00e5ldern 20\u201364: 11 procent av m\u00e4nnen och 9 procent av... View Article","og_url":"https:\/\/suomenash.fi\/sv\/rokning\/","og_site_name":"Suomen ASH ry","article_modified_time":"2025-11-05T10:45:40+00:00","og_image":[{"width":2000,"height":1113,"url":"https:\/\/suomenash.fi\/wp-content\/uploads\/2018\/01\/Suomen-ASH_jaseneksi-e1524141726416.jpg","type":"image\/jpeg"}],"twitter_card":"summary_large_image","twitter_misc":{"Ber\u00e4knad l\u00e4stid":"3 minuter","Skriven av":"Pirjo"},"schema":{"@context":"https:\/\/schema.org","@graph":[{"@type":"WebPage","@id":"https:\/\/suomenash.fi\/sv\/rokning\/","url":"https:\/\/suomenash.fi\/sv\/rokning\/","name":"R\u00f6kning - Suomen ASH ry","isPartOf":{"@id":"https:\/\/suomenash.fi\/#website"},"primaryImageOfPage":{"@id":"https:\/\/suomenash.fi\/sv\/rokning\/#primaryimage"},"image":{"@id":"https:\/\/suomenash.fi\/sv\/rokning\/#primaryimage"},"thumbnailUrl":"https:\/\/suomenash.fi\/wp-content\/uploads\/2018\/01\/Suomen-ASH_jaseneksi-e1524141726416.jpg","datePublished":"2018-04-05T07:08:13+00:00","dateModified":"2025-11-05T10:45:40+00:00","breadcrumb":{"@id":"https:\/\/suomenash.fi\/sv\/rokning\/#breadcrumb"},"inLanguage":"sv-SE","potentialAction":[{"@type":"ReadAction","target":["https:\/\/suomenash.fi\/sv\/rokning\/"]}]},{"@type":"ImageObject","inLanguage":"sv-SE","@id":"https:\/\/suomenash.fi\/sv\/rokning\/#primaryimage","url":"https:\/\/suomenash.fi\/wp-content\/uploads\/2018\/01\/Suomen-ASH_jaseneksi-e1524141726416.jpg","contentUrl":"https:\/\/suomenash.fi\/wp-content\/uploads\/2018\/01\/Suomen-ASH_jaseneksi-e1524141726416.jpg","width":2000,"height":1113,"caption":"Suomen ASH, liity j\u00e4seneksi"},{"@type":"BreadcrumbList","@id":"https:\/\/suomenash.fi\/sv\/rokning\/#breadcrumb","itemListElement":[{"@type":"ListItem","position":1,"name":"Home","item":"https:\/\/suomenash.fi\/sv\/"},{"@type":"ListItem","position":2,"name":"R\u00f6kning"}]},{"@type":"WebSite","@id":"https:\/\/suomenash.fi\/#website","url":"https:\/\/suomenash.fi\/","name":"Suomen ASH ry","description":"Just another WordPress site","potentialAction":[{"@type":"SearchAction","target":{"@type":"EntryPoint","urlTemplate":"https:\/\/suomenash.fi\/?s={search_term_string}"},"query-input":{"@type":"PropertyValueSpecification","valueRequired":true,"valueName":"search_term_string"}}],"inLanguage":"sv-SE"}]}},"_links":{"self":[{"href":"https:\/\/suomenash.fi\/sv\/wp-json\/wp\/v2\/pages\/2638","targetHints":{"allow":["GET"]}}],"collection":[{"href":"https:\/\/suomenash.fi\/sv\/wp-json\/wp\/v2\/pages"}],"about":[{"href":"https:\/\/suomenash.fi\/sv\/wp-json\/wp\/v2\/types\/page"}],"author":[{"embeddable":true,"href":"https:\/\/suomenash.fi\/sv\/wp-json\/wp\/v2\/users\/8"}],"replies":[{"embeddable":true,"href":"https:\/\/suomenash.fi\/sv\/wp-json\/wp\/v2\/comments?post=2638"}],"version-history":[{"count":9,"href":"https:\/\/suomenash.fi\/sv\/wp-json\/wp\/v2\/pages\/2638\/revisions"}],"predecessor-version":[{"id":23248,"href":"https:\/\/suomenash.fi\/sv\/wp-json\/wp\/v2\/pages\/2638\/revisions\/23248"}],"wp:featuredmedia":[{"embeddable":true,"href":"https:\/\/suomenash.fi\/sv\/wp-json\/wp\/v2\/media\/1914"}],"wp:attachment":[{"href":"https:\/\/suomenash.fi\/sv\/wp-json\/wp\/v2\/media?parent=2638"}],"wp:term":[{"taxonomy":"category","embeddable":true,"href":"https:\/\/suomenash.fi\/sv\/wp-json\/wp\/v2\/categories?post=2638"},{"taxonomy":"post_tag","embeddable":true,"href":"https:\/\/suomenash.fi\/sv\/wp-json\/wp\/v2\/tags?post=2638"},{"taxonomy":"author","embeddable":true,"href":"https:\/\/suomenash.fi\/sv\/wp-json\/wp\/v2\/coauthors?post=2638"}],"curies":[{"name":"wp","href":"https:\/\/api.w.org\/{rel}","templated":true}]}}