{"id":2636,"date":"2018-04-05T09:06:25","date_gmt":"2018-04-05T07:06:25","guid":{"rendered":"https:\/\/suomenash.upcloud-1.web-veistamo.fi\/?page_id=2636"},"modified":"2025-08-08T12:58:31","modified_gmt":"2025-08-08T09:58:31","slug":"marknadsforing","status":"publish","type":"page","link":"https:\/\/suomenash.fi\/sv\/marknadsforing\/","title":{"rendered":"Marknadsf\u00f6ring"},"content":{"rendered":"            <div class=\"main-and-sidebar-container\">\n                <div class=\"main-content\">\n                    <h1 class=\"page-title\">\n                        Marknadsf\u00f6ring                    <\/h1>\n                    \n<p><\/p>\n\n\n<p>Marknadsf\u00f6ring av tobak f\u00f6rbj\u00f6ds enligt lag i Finland \u00e5r 1978.<\/p>\n<p>Tobaksprodukter, elektroniska cigaretter, p\u00e5fyllningsbeh\u00e5llare, \u00f6rtprodukter f\u00f6r r\u00f6kning, nikotinv\u00e4tskor och nikotinfria v\u00e4tskor f\u00f6r f\u00f6r\u00e5ngning f\u00e5r s\u00e4ljas endast i detaljhandelsf\u00f6rpackningar som st\u00e4mmer \u00f6verens med lagen.<\/p>\n<p>Detaljhandelsf\u00f6rpackningar f\u00f6r tobaksprodukter ska vara f\u00f6rsedda med (32 \u00a7)<\/p>\n<ul>\n<li>varningstexter p\u00e5 finska och svenska,<\/li>\n<li>figurativa varningar f\u00f6r tobaksprodukternas negativa effekter p\u00e5 h\u00e4lsan,<\/li>\n<li>en informationstext om r\u00f6kens skadlighet,<\/li>\n<li>information om r\u00f6kavv\u00e4njning,<\/li>\n<li>en unik identitetsm\u00e4rkning s\u00e5 att detaljhandelsf\u00f6rpackningen kan sp\u00e5ras och en s\u00e4kerhetsm\u00e4rkning som inte kan manipuleras.<\/li>\n<\/ul>\n<p>De kombinerade figurativa varningarna och textvarningarna v\u00e4ljs ur EU-kommissionens bildarkiv f\u00f6r kombinerade figurativa varningar.<\/p>\n<p>Detaljhandelsf\u00f6rpackningar med tobaksprodukter ska inneh\u00e5lla minst (34 \u00a7) 20 cigaretter, 30 gram rull- eller piptobak eller 10 cigariller. Detaljhandelsf\u00f6rpackningar f\u00f6r cigaretter ska vara r\u00e4tblocksformade (35 \u00a7).<\/p>\n<p>M\u00e4rkningen av tobaksprodukter och deras detaljhandelsf\u00f6rpackningar f\u00e5r inte fr\u00e4mja f\u00f6rs\u00e4ljningen av en produkt eller uppmuntra till konsumtion av en s\u00e5dan genom att skapa en felaktig uppfattning om produktens egenskaper, h\u00e4lsoeffekter, risker eller utsl\u00e4pp, inneh\u00e5lla n\u00e5gon information om inneh\u00e5llet av nikotin, tj\u00e4ra eller kolmonoxid i produkten, antyda att produkten \u00e4r mindre skadlig \u00e4n andra produkter eller antyda att produkten har vitaliserande och energigivande egenskaper (33 \u00a7).<\/p>\n<h2>F\u00f6rbud mot framl\u00e4ggande av produkter<\/h2>\n<p>Eftersom marknadsf\u00f6ring av tobaksprodukter \u00e4r f\u00f6rbjudet \u00e4r f\u00f6rpackningarnas utformning en viktig marknadsf\u00f6ringskanal, p\u00e5 samma s\u00e4tt som framl\u00e4ggande av dem i vardagliga ink\u00f6pssituationer.\u00a0I Finland blev det f\u00f6rbjudet att l\u00e4gga fram tobaksprodukter i detaljhandelsaff\u00e4rer i b\u00f6rjan av \u00e5r 2012.<\/p>\n<p>F\u00f6rbudet mot framl\u00e4ggande g\u00e4ller ocks\u00e5 elcigaretter, nikotinv\u00e4tskor, r\u00f6kfria nikotinprodukter s\u00e5som nikotinportioner (vitt snus), tobakssurrogat och deras varum\u00e4rken. F\u00f6rbudet g\u00e4ller inte s\u00e5dana f\u00f6rs\u00e4ljningsst\u00e4llen med egen ing\u00e5ng som n\u00e4stan uteslutande s\u00e4ljer tobaks- och nikotinprodukter (bl.a. tobaksaff\u00e4rer) eller f\u00f6rs\u00e4ljning p\u00e5 fartyg inom internationell sj\u00f6trafik.<\/p>\n<p>Brytande mot f\u00f6rbudet mot framl\u00e4ggande \u00e4r ett brott vid marknadsf\u00f6ring av tobak som leder till b\u00f6ter. (110 \u00a7).<\/p>                <\/div>\n\n                                    <div class=\"nostopalkki\">\n                                                <ul>\n<li>Tobaksreklam f\u00f6rbj\u00f6ds redan \u00e5r 1978 enligt Finlands tobakslag.<\/li>\n<li>Enligt tobakslagen \u00e4r det f\u00f6rbjudet att annonsera n\u00e5got som \u00e4r relaterat till r\u00f6kning.<\/li>\n<li>N\u00e4r tobaksf\u00f6retag riktar reklam till unga, utnyttjar de filmer och sociala medier.<\/li>\n<\/ul>\n                    <\/div>\n                            <\/div><!-- .main-and-sidebar-container -->\n        ","protected":false},"excerpt":{"rendered":"Marknadsf\u00f6ring Marknadsf\u00f6ring av tobak f\u00f6rbj\u00f6ds enligt lag i Finland \u00e5r 1978. Tobaksprodukter, elektroniska cigaretter, p\u00e5fyllningsbeh\u00e5llare, \u00f6rtprodukter f\u00f6r r\u00f6kning, nikotinv\u00e4tskor och&#8230; <a class=\"view-article\" href=\"https:\/\/suomenash.fi\/sv\/marknadsforing\/\">View Article<\/a>","protected":false},"author":8,"featured_media":2582,"parent":0,"menu_order":0,"comment_status":"closed","ping_status":"closed","template":"","meta":{"_acf_changed":false,"footnotes":""},"categories":[],"tags":[],"coauthors":[16],"class_list":["post-2636","page","type-page","status-publish","has-post-thumbnail","hentry"],"acf":[],"yoast_head":"<!-- This site is optimized with the Yoast SEO plugin v27.4 - https:\/\/yoast.com\/product\/yoast-seo-wordpress\/ -->\n<title>Marknadsf\u00f6ring - Suomen ASH ry | Suomen ASH ry<\/title>\n<meta name=\"robots\" content=\"index, follow, max-snippet:-1, max-image-preview:large, max-video-preview:-1\" \/>\n<link rel=\"canonical\" href=\"https:\/\/suomenash.fi\/sv\/marknadsforing\/\" \/>\n<meta property=\"og:locale\" content=\"sv_SE\" \/>\n<meta property=\"og:type\" content=\"article\" \/>\n<meta property=\"og:title\" content=\"Marknadsf\u00f6ring - Suomen ASH ry\" \/>\n<meta property=\"og:description\" content=\"Marknadsf\u00f6ring Marknadsf\u00f6ring av tobak f\u00f6rbj\u00f6ds enligt lag i Finland \u00e5r 1978. Tobaksprodukter, elektroniska cigaretter, p\u00e5fyllningsbeh\u00e5llare, \u00f6rtprodukter f\u00f6r r\u00f6kning, nikotinv\u00e4tskor och... View Article\" \/>\n<meta property=\"og:url\" content=\"https:\/\/suomenash.fi\/sv\/marknadsforing\/\" \/>\n<meta property=\"og:site_name\" content=\"Suomen ASH ry\" \/>\n<meta property=\"article:modified_time\" content=\"2025-08-08T09:58:31+00:00\" \/>\n<meta property=\"og:image\" content=\"https:\/\/suomenash.fi\/wp-content\/uploads\/2018\/03\/shutterstock_695808181-web-1.jpg\" \/>\n\t<meta property=\"og:image:width\" content=\"2000\" \/>\n\t<meta property=\"og:image:height\" content=\"834\" \/>\n\t<meta property=\"og:image:type\" content=\"image\/jpeg\" \/>\n<meta name=\"twitter:card\" content=\"summary_large_image\" \/>\n<meta name=\"twitter:label1\" content=\"Ber\u00e4knad l\u00e4stid\" \/>\n\t<meta name=\"twitter:data1\" content=\"2 minuter\" \/>\n\t<meta name=\"twitter:label2\" content=\"Skriven av\" \/>\n\t<meta name=\"twitter:data2\" content=\"Pirjo\" \/>\n<script type=\"application\/ld+json\" class=\"yoast-schema-graph\">{\"@context\":\"https:\\\/\\\/schema.org\",\"@graph\":[{\"@type\":\"WebPage\",\"@id\":\"https:\\\/\\\/suomenash.fi\\\/sv\\\/marknadsforing\\\/\",\"url\":\"https:\\\/\\\/suomenash.fi\\\/sv\\\/marknadsforing\\\/\",\"name\":\"Marknadsf\u00f6ring - Suomen ASH ry\",\"isPartOf\":{\"@id\":\"https:\\\/\\\/suomenash.fi\\\/#website\"},\"primaryImageOfPage\":{\"@id\":\"https:\\\/\\\/suomenash.fi\\\/sv\\\/marknadsforing\\\/#primaryimage\"},\"image\":{\"@id\":\"https:\\\/\\\/suomenash.fi\\\/sv\\\/marknadsforing\\\/#primaryimage\"},\"thumbnailUrl\":\"https:\\\/\\\/suomenash.fi\\\/wp-content\\\/uploads\\\/2018\\\/03\\\/shutterstock_695808181-web-1.jpg\",\"datePublished\":\"2018-04-05T07:06:25+00:00\",\"dateModified\":\"2025-08-08T09:58:31+00:00\",\"breadcrumb\":{\"@id\":\"https:\\\/\\\/suomenash.fi\\\/sv\\\/marknadsforing\\\/#breadcrumb\"},\"inLanguage\":\"sv-SE\",\"potentialAction\":[{\"@type\":\"ReadAction\",\"target\":[\"https:\\\/\\\/suomenash.fi\\\/sv\\\/marknadsforing\\\/\"]}]},{\"@type\":\"ImageObject\",\"inLanguage\":\"sv-SE\",\"@id\":\"https:\\\/\\\/suomenash.fi\\\/sv\\\/marknadsforing\\\/#primaryimage\",\"url\":\"https:\\\/\\\/suomenash.fi\\\/wp-content\\\/uploads\\\/2018\\\/03\\\/shutterstock_695808181-web-1.jpg\",\"contentUrl\":\"https:\\\/\\\/suomenash.fi\\\/wp-content\\\/uploads\\\/2018\\\/03\\\/shutterstock_695808181-web-1.jpg\",\"width\":2000,\"height\":834},{\"@type\":\"BreadcrumbList\",\"@id\":\"https:\\\/\\\/suomenash.fi\\\/sv\\\/marknadsforing\\\/#breadcrumb\",\"itemListElement\":[{\"@type\":\"ListItem\",\"position\":1,\"name\":\"Home\",\"item\":\"https:\\\/\\\/suomenash.fi\\\/sv\\\/\"},{\"@type\":\"ListItem\",\"position\":2,\"name\":\"Marknadsf\u00f6ring\"}]},{\"@type\":\"WebSite\",\"@id\":\"https:\\\/\\\/suomenash.fi\\\/#website\",\"url\":\"https:\\\/\\\/suomenash.fi\\\/\",\"name\":\"Suomen ASH ry\",\"description\":\"Just another WordPress site\",\"potentialAction\":[{\"@type\":\"SearchAction\",\"target\":{\"@type\":\"EntryPoint\",\"urlTemplate\":\"https:\\\/\\\/suomenash.fi\\\/?s={search_term_string}\"},\"query-input\":{\"@type\":\"PropertyValueSpecification\",\"valueRequired\":true,\"valueName\":\"search_term_string\"}}],\"inLanguage\":\"sv-SE\"}]}<\/script>\n<!-- \/ Yoast SEO plugin. -->","yoast_head_json":{"title":"Marknadsf\u00f6ring - Suomen ASH ry | Suomen ASH ry","robots":{"index":"index","follow":"follow","max-snippet":"max-snippet:-1","max-image-preview":"max-image-preview:large","max-video-preview":"max-video-preview:-1"},"canonical":"https:\/\/suomenash.fi\/sv\/marknadsforing\/","og_locale":"sv_SE","og_type":"article","og_title":"Marknadsf\u00f6ring - Suomen ASH ry","og_description":"Marknadsf\u00f6ring Marknadsf\u00f6ring av tobak f\u00f6rbj\u00f6ds enligt lag i Finland \u00e5r 1978. Tobaksprodukter, elektroniska cigaretter, p\u00e5fyllningsbeh\u00e5llare, \u00f6rtprodukter f\u00f6r r\u00f6kning, nikotinv\u00e4tskor och... View Article","og_url":"https:\/\/suomenash.fi\/sv\/marknadsforing\/","og_site_name":"Suomen ASH ry","article_modified_time":"2025-08-08T09:58:31+00:00","og_image":[{"width":2000,"height":834,"url":"https:\/\/suomenash.fi\/wp-content\/uploads\/2018\/03\/shutterstock_695808181-web-1.jpg","type":"image\/jpeg"}],"twitter_card":"summary_large_image","twitter_misc":{"Ber\u00e4knad l\u00e4stid":"2 minuter","Skriven av":"Pirjo"},"schema":{"@context":"https:\/\/schema.org","@graph":[{"@type":"WebPage","@id":"https:\/\/suomenash.fi\/sv\/marknadsforing\/","url":"https:\/\/suomenash.fi\/sv\/marknadsforing\/","name":"Marknadsf\u00f6ring - Suomen ASH ry","isPartOf":{"@id":"https:\/\/suomenash.fi\/#website"},"primaryImageOfPage":{"@id":"https:\/\/suomenash.fi\/sv\/marknadsforing\/#primaryimage"},"image":{"@id":"https:\/\/suomenash.fi\/sv\/marknadsforing\/#primaryimage"},"thumbnailUrl":"https:\/\/suomenash.fi\/wp-content\/uploads\/2018\/03\/shutterstock_695808181-web-1.jpg","datePublished":"2018-04-05T07:06:25+00:00","dateModified":"2025-08-08T09:58:31+00:00","breadcrumb":{"@id":"https:\/\/suomenash.fi\/sv\/marknadsforing\/#breadcrumb"},"inLanguage":"sv-SE","potentialAction":[{"@type":"ReadAction","target":["https:\/\/suomenash.fi\/sv\/marknadsforing\/"]}]},{"@type":"ImageObject","inLanguage":"sv-SE","@id":"https:\/\/suomenash.fi\/sv\/marknadsforing\/#primaryimage","url":"https:\/\/suomenash.fi\/wp-content\/uploads\/2018\/03\/shutterstock_695808181-web-1.jpg","contentUrl":"https:\/\/suomenash.fi\/wp-content\/uploads\/2018\/03\/shutterstock_695808181-web-1.jpg","width":2000,"height":834},{"@type":"BreadcrumbList","@id":"https:\/\/suomenash.fi\/sv\/marknadsforing\/#breadcrumb","itemListElement":[{"@type":"ListItem","position":1,"name":"Home","item":"https:\/\/suomenash.fi\/sv\/"},{"@type":"ListItem","position":2,"name":"Marknadsf\u00f6ring"}]},{"@type":"WebSite","@id":"https:\/\/suomenash.fi\/#website","url":"https:\/\/suomenash.fi\/","name":"Suomen ASH ry","description":"Just another WordPress site","potentialAction":[{"@type":"SearchAction","target":{"@type":"EntryPoint","urlTemplate":"https:\/\/suomenash.fi\/?s={search_term_string}"},"query-input":{"@type":"PropertyValueSpecification","valueRequired":true,"valueName":"search_term_string"}}],"inLanguage":"sv-SE"}]}},"_links":{"self":[{"href":"https:\/\/suomenash.fi\/sv\/wp-json\/wp\/v2\/pages\/2636","targetHints":{"allow":["GET"]}}],"collection":[{"href":"https:\/\/suomenash.fi\/sv\/wp-json\/wp\/v2\/pages"}],"about":[{"href":"https:\/\/suomenash.fi\/sv\/wp-json\/wp\/v2\/types\/page"}],"author":[{"embeddable":true,"href":"https:\/\/suomenash.fi\/sv\/wp-json\/wp\/v2\/users\/8"}],"replies":[{"embeddable":true,"href":"https:\/\/suomenash.fi\/sv\/wp-json\/wp\/v2\/comments?post=2636"}],"version-history":[{"count":7,"href":"https:\/\/suomenash.fi\/sv\/wp-json\/wp\/v2\/pages\/2636\/revisions"}],"predecessor-version":[{"id":22593,"href":"https:\/\/suomenash.fi\/sv\/wp-json\/wp\/v2\/pages\/2636\/revisions\/22593"}],"wp:featuredmedia":[{"embeddable":true,"href":"https:\/\/suomenash.fi\/sv\/wp-json\/wp\/v2\/media\/2582"}],"wp:attachment":[{"href":"https:\/\/suomenash.fi\/sv\/wp-json\/wp\/v2\/media?parent=2636"}],"wp:term":[{"taxonomy":"category","embeddable":true,"href":"https:\/\/suomenash.fi\/sv\/wp-json\/wp\/v2\/categories?post=2636"},{"taxonomy":"post_tag","embeddable":true,"href":"https:\/\/suomenash.fi\/sv\/wp-json\/wp\/v2\/tags?post=2636"},{"taxonomy":"author","embeddable":true,"href":"https:\/\/suomenash.fi\/sv\/wp-json\/wp\/v2\/coauthors?post=2636"}],"curies":[{"name":"wp","href":"https:\/\/api.w.org\/{rel}","templated":true}]}}