{"id":2634,"date":"2018-04-05T09:02:05","date_gmt":"2018-04-05T07:02:05","guid":{"rendered":"https:\/\/suomenash.upcloud-1.web-veistamo.fi\/?page_id=2634"},"modified":"2024-03-26T10:07:49","modified_gmt":"2024-03-26T08:07:49","slug":"rokning-pa-balkonger","status":"publish","type":"page","link":"https:\/\/suomenash.fi\/sv\/rokning-pa-balkonger\/","title":{"rendered":"R\u00f6kning p\u00e5 balkonger"},"content":{"rendered":"            <div class=\"main-and-sidebar-container\">\n                <div class=\"main-content\">\n                    <h1 class=\"page-title\">\n                        R\u00f6kning p\u00e5 balkonger                    <\/h1>\n                    \n<p><\/p>\n\n\n<p>Hur g\u00f6ra, d\u00e5 grannens tobaksr\u00f6k n\u00e5r din l\u00e4genhet, balkong eller g\u00e5rd? Problemet kan l\u00f6sas av boendesamfundet med st\u00f6d av tobakslagen och h\u00e4lsoskyddslagen.<\/p>\n<h2>Anvisningar till boende<\/h2>\n<ol>\n<li>F\u00f6rs\u00f6k att l\u00f6sa problemet i f\u00f6rsta hand genom diskussion och \u00f6verenskommelse med grannen som r\u00f6ker.<\/li>\n<li>Om diskussionen inte ger resultat, ta kontakt med din bostadssammanslutning (hyresv\u00e4rden, husbolagets disponent, styrelse).<\/li>\n<li>Om bostadssammanslutningen inte vidtar \u00e5tg\u00e4rder f\u00f6r att utreda fr\u00e5gan eller om den beslutar att inte ans\u00f6ka om r\u00f6kf\u00f6rbud fr\u00e5n kommunen, ta kontakt med kommunens h\u00e4lsoskyddsmyndighet. &nbsp;D\u00e5 blir det m\u00f6jligt att ans\u00f6ka om r\u00f6kf\u00f6rbud p\u00e5 basis av h\u00e4lsoskyddslagen.<\/li>\n<\/ol>\n<p><strong>R\u00f6kf\u00f6rbud p\u00e5 basis av h\u00e4lsoskyddslagen<\/strong><\/p>\n<p>H\u00e4lsoskyddsmyndigheterna har p\u00e5 basis av h\u00e4lsoskyddslagen fullmakt att vidta \u00e5tg\u00e4rder f\u00f6r att l\u00f6sa problemen som tobaksr\u00f6ken f\u00f6rorsakar (se punkt 3 ovan).<\/p>\n<p>H\u00e4lsoskyddslagens paragraf 27 stadgar om sanit\u00e4r ol\u00e4genhet i bostad och annat vistelseutrymme och paragraf 51 om h\u00e4lsoskydd. &nbsp;Med sanit\u00e4r ol\u00e4genhet avser <a href=\"https:\/\/www.finlex.fi\/sv\/laki\/ajantasa\/1994\/19940763?search%5Btype%5D=pika&amp;search%5Bpika%5D=H%C3%A4lsoskyddslag\" target=\"_blank\" rel=\"noopener noreferrer\">h\u00e4lsoskyddslagen<\/a> bl. a. f\u00f6rekomsten av en s\u00e5dan faktor eller omst\u00e4ndighet, som kan minska sundheten i befolkningens eller individens livsmilj\u00f6.<\/p>\n<p>Bostadsbolaget kan bli skyldigt att reparera strukturer i huset eller myndigheten kan fatta beslut om r\u00f6kf\u00f6rbud.<\/p>\n<h2>Anvisningar till bostadssammanslutningar<\/h2>\n<p>Enligt tobakslagen \u00e4r tobaksr\u00f6kning f\u00f6rbjuden i gemensamma och f\u00f6r allm\u00e4nheten avsedda lokaler i bostadssammanslutningar.<\/p>\n<p>Dessutom f\u00e5r en bostadssammanslutning f\u00f6rbjuda tobaksr\u00f6kning p\u00e5 gemensamma utomhusomr\u00e5den. &nbsp;P\u00e5 basis av tobakslagen \u00e4r det ocks\u00e5 m\u00f6jligt att ans\u00f6ka om r\u00f6kf\u00f6rbud p\u00e5 utomhusomr\u00e5den som anv\u00e4nds av l\u00e4genheterna och inne i l\u00e4genheterna.<\/p>\n<p><strong>R\u00f6kf\u00f6rbud p\u00e5 gemensamma omr\u00e5den &nbsp;<\/strong><\/p>\n<p>Tobakslagen ger bostadssammanslutningar m\u00f6jlighet att f\u00f6rbjuda tobaksr\u00f6kning<\/p>\n<ul>\n<li>p\u00e5 gemensamma utomhusomr\u00e5den som den innehar i n\u00e4rheten av ing\u00e5ngarna till byggnaden och byggnadens friskluftsintag,<\/li>\n<li>p\u00e5 lekomr\u00e5den f\u00f6r barn&nbsp;och<\/li>\n<li>p\u00e5 gemensamma balkonger.<\/li>\n<\/ul>\n<p><strong>R\u00f6kf\u00f6rbud i utrymmen som anv\u00e4nds av l\u00e4genheterna och inne i l\u00e4genheterna<\/strong><\/p>\n<p>Enligt tobakslagen f\u00e5r en bostadssammanslutning f\u00f6rbjuda tobaksr\u00f6kning p\u00e5 gemensamma balkonger, p\u00e5 utomhusomr\u00e5den som anv\u00e4nds av l\u00e4genheterna och inne i l\u00e4genheterna.<\/p>\n<p><strong>Hur ska ans\u00f6kan g\u00f6ras?<\/strong><\/p>\n<p>Ett bostadsaktiebolag kan ans\u00f6ka om r\u00f6kf\u00f6rbud enligt tobakslagen med majoritetsbeslut.<\/p>\n<p>En enskild inv\u00e5nare kan inte ans\u00f6ka om f\u00f6rbud hos den kommunala myndigheten, men kan ta initiativ till detta hos bostadssammanslutningen.<\/p>\n<p>Bostadssammanslutningen ska meddela \u00e4garna till de aktuella utrymmena om att ans\u00f6kan \u00e4r under beredning och innehavarna av de utrymmen och omr\u00e5den som avses i ans\u00f6kan ska h\u00f6ras innan ans\u00f6kan g\u00f6rs.<\/p>\n<p><strong>F\u00f6ruts\u00e4ttningar<\/strong><\/p>\n<p>Ett ytterligare villkor f\u00f6r r\u00f6kf\u00f6rbud i bostadsrum i en l\u00e4genhet \u00e4r att spridningen av r\u00f6k inte sk\u00e4ligen kan f\u00f6rhindras genom reparation eller \u00e4ndring av konstruktionerna. Dessutom ska bostadsrummets innehavare ges m\u00f6jlighet att f\u00f6rhindra spridningen av r\u00f6k genom egna \u00e5tg\u00e4rder innan f\u00f6rbudet meddelas.<\/p>\n<p>Ett r\u00f6kf\u00f6rbud som avser ett bostadsrum i en l\u00e4genhet g\u00e4ller inte anv\u00e4ndning av elektroniska cigaretter.<\/p>\n<p><strong>Vem beslutar?<\/strong><\/p>\n<p>Kommunen ska meddela r\u00f6kf\u00f6rbud betr\u00e4ffande de utrymmen och omr\u00e5den som avses i ans\u00f6kan, om det p\u00e5 grund av deras konstruktioner eller andra omst\u00e4ndigheter \u00e4r m\u00f6jligt att tobaksr\u00f6k sprider sig till en annan balkong, till de st\u00e4llen d\u00e4r man vistas p\u00e5 ett utomhusomr\u00e5de&nbsp;eller in i en annan l\u00e4genhet.<\/p>\n<h2>Anvisningar till uthyrare<\/h2>\n<p>Hyresavtalet kan inneh\u00e5lla \u00f6verenskommelse om r\u00f6kf\u00f6rbud. &nbsp;R\u00f6kf\u00f6rbudet kan ing\u00e5 i hyresavtalet fr\u00e5n f\u00f6rsta b\u00f6rjan eller f\u00f6rbudet kan l\u00e4ggas till avtalet senare om uthyraren och hyresg\u00e4sten kommer \u00f6verens om detta.<\/p>\n<p><strong>&nbsp;<\/strong><\/p>                <\/div>\n\n                                    <div class=\"nostopalkki\">\n                                                <h4>Jag vill ha ett r\u00f6kfritt hem<\/h4>\n<p>Vid hyresavtal kan man komma \u00f6verens om tobaksf\u00f6rbudet i hyresavtalet. F\u00f6rbudet kan ing\u00e5 i hyresavtalet fr\u00e5n b\u00f6rjan eller det kan l\u00e4ggas till senare genom \u00f6verenskommelse med hyresv\u00e4rden och hyresg\u00e4sten.<\/p>\n<p>I bostadssammanslutningens bolagsordning kan man f\u00f6rbjuda r\u00f6kning p\u00e5 l\u00e4genheternas balkonger, utomhusomr\u00e5det eller i l\u00e4genheterna. En \u00e4ndring av bolagsordningen kr\u00e4ver godk\u00e4nnande av alla aktie\u00e4garna.<\/p>\n<p>Genom ordningsreglerna kan man begr\u00e4nsa r\u00f6kning till exempel p\u00e5 bolagets g\u00e5rd eller p\u00e5 gemensamma piskbalkonger.<\/p>\n<p>&nbsp;<\/p>\n<h5>L\u00e4s mer:<\/h5>\n<p>Instruktion av Valvira: <a href=\"https:\/\/www.valvira.fi\/web\/sv\/tobak\/forbud_och_restriktioner_for_rokning\/bostadssammanslutningar\" target=\"_blank\" rel=\"noopener noreferrer\">F\u00f6rbud och restriktioner f\u00f6r r\u00f6kning, bostadssammanslutningar<\/a><\/p>\n<p>Fastighetsf\u00f6rbundet: (Verktyg f\u00f6r att ans\u00f6ka om r\u00f6kf\u00f6rbud) <a href=\"https:\/\/www.kiinteistoliitto.fi\/taloyhtionvuosi\/lakitietoa\/tupakointikielto\/\" target=\"_blank\" rel=\"noopener\">Ty\u00f6kaluja tupakointikieltojen hakemiseen (endast p\u00e5 finska)<\/a><\/p>\n                    <\/div>\n                            <\/div><!-- .main-and-sidebar-container -->\n        ","protected":false},"excerpt":{"rendered":"R\u00f6kning p\u00e5 balkonger Hur g\u00f6ra, d\u00e5 grannens tobaksr\u00f6k n\u00e5r din l\u00e4genhet, balkong eller g\u00e5rd? Problemet kan l\u00f6sas av boendesamfundet med&#8230; <a class=\"view-article\" href=\"https:\/\/suomenash.fi\/sv\/rokning-pa-balkonger\/\">View Article<\/a>","protected":false},"author":8,"featured_media":2579,"parent":0,"menu_order":0,"comment_status":"closed","ping_status":"closed","template":"","meta":{"_acf_changed":false,"footnotes":""},"categories":[],"tags":[491,490,489],"coauthors":[16],"class_list":["post-2634","page","type-page","status-publish","has-post-thumbnail","hentry","tag-balkong","tag-lagenhet","tag-rokforbud"],"acf":[],"yoast_head":"<!-- This site is optimized with the Yoast SEO plugin v27.4 - https:\/\/yoast.com\/product\/yoast-seo-wordpress\/ -->\n<title>R\u00f6kning p\u00e5 balkonger - Suomen ASH ry | Suomen ASH ry<\/title>\n<meta name=\"robots\" content=\"index, follow, max-snippet:-1, max-image-preview:large, max-video-preview:-1\" \/>\n<link rel=\"canonical\" href=\"https:\/\/suomenash.fi\/sv\/rokning-pa-balkonger\/\" \/>\n<meta property=\"og:locale\" content=\"sv_SE\" \/>\n<meta property=\"og:type\" content=\"article\" \/>\n<meta property=\"og:title\" content=\"R\u00f6kning p\u00e5 balkonger - Suomen ASH ry\" \/>\n<meta property=\"og:description\" content=\"R\u00f6kning p\u00e5 balkonger Hur g\u00f6ra, d\u00e5 grannens tobaksr\u00f6k n\u00e5r din l\u00e4genhet, balkong eller g\u00e5rd? Problemet kan l\u00f6sas av boendesamfundet med... View Article\" \/>\n<meta property=\"og:url\" content=\"https:\/\/suomenash.fi\/sv\/rokning-pa-balkonger\/\" \/>\n<meta property=\"og:site_name\" content=\"Suomen ASH ry\" \/>\n<meta property=\"article:modified_time\" content=\"2024-03-26T08:07:49+00:00\" \/>\n<meta property=\"og:image\" content=\"https:\/\/suomenash.fi\/wp-content\/uploads\/2018\/03\/shutterstock_1055343761-web-e1611048178315.jpg\" \/>\n\t<meta property=\"og:image:width\" content=\"600\" \/>\n\t<meta property=\"og:image:height\" content=\"270\" \/>\n\t<meta property=\"og:image:type\" content=\"image\/jpeg\" \/>\n<meta name=\"twitter:card\" content=\"summary_large_image\" \/>\n<meta name=\"twitter:label1\" content=\"Ber\u00e4knad l\u00e4stid\" \/>\n\t<meta name=\"twitter:data1\" content=\"4 minuter\" \/>\n\t<meta name=\"twitter:label2\" content=\"Skriven av\" \/>\n\t<meta name=\"twitter:data2\" content=\"Pirjo\" \/>\n<script type=\"application\/ld+json\" class=\"yoast-schema-graph\">{\"@context\":\"https:\\\/\\\/schema.org\",\"@graph\":[{\"@type\":\"WebPage\",\"@id\":\"https:\\\/\\\/suomenash.fi\\\/sv\\\/rokning-pa-balkonger\\\/\",\"url\":\"https:\\\/\\\/suomenash.fi\\\/sv\\\/rokning-pa-balkonger\\\/\",\"name\":\"R\u00f6kning p\u00e5 balkonger - Suomen ASH ry\",\"isPartOf\":{\"@id\":\"https:\\\/\\\/suomenash.fi\\\/#website\"},\"primaryImageOfPage\":{\"@id\":\"https:\\\/\\\/suomenash.fi\\\/sv\\\/rokning-pa-balkonger\\\/#primaryimage\"},\"image\":{\"@id\":\"https:\\\/\\\/suomenash.fi\\\/sv\\\/rokning-pa-balkonger\\\/#primaryimage\"},\"thumbnailUrl\":\"https:\\\/\\\/suomenash.fi\\\/wp-content\\\/uploads\\\/2018\\\/03\\\/shutterstock_1055343761-web-e1611048178315.jpg\",\"datePublished\":\"2018-04-05T07:02:05+00:00\",\"dateModified\":\"2024-03-26T08:07:49+00:00\",\"breadcrumb\":{\"@id\":\"https:\\\/\\\/suomenash.fi\\\/sv\\\/rokning-pa-balkonger\\\/#breadcrumb\"},\"inLanguage\":\"sv-SE\",\"potentialAction\":[{\"@type\":\"ReadAction\",\"target\":[\"https:\\\/\\\/suomenash.fi\\\/sv\\\/rokning-pa-balkonger\\\/\"]}]},{\"@type\":\"ImageObject\",\"inLanguage\":\"sv-SE\",\"@id\":\"https:\\\/\\\/suomenash.fi\\\/sv\\\/rokning-pa-balkonger\\\/#primaryimage\",\"url\":\"https:\\\/\\\/suomenash.fi\\\/wp-content\\\/uploads\\\/2018\\\/03\\\/shutterstock_1055343761-web-e1611048178315.jpg\",\"contentUrl\":\"https:\\\/\\\/suomenash.fi\\\/wp-content\\\/uploads\\\/2018\\\/03\\\/shutterstock_1055343761-web-e1611048178315.jpg\",\"width\":600,\"height\":270},{\"@type\":\"BreadcrumbList\",\"@id\":\"https:\\\/\\\/suomenash.fi\\\/sv\\\/rokning-pa-balkonger\\\/#breadcrumb\",\"itemListElement\":[{\"@type\":\"ListItem\",\"position\":1,\"name\":\"Home\",\"item\":\"https:\\\/\\\/suomenash.fi\\\/sv\\\/\"},{\"@type\":\"ListItem\",\"position\":2,\"name\":\"R\u00f6kning p\u00e5 balkonger\"}]},{\"@type\":\"WebSite\",\"@id\":\"https:\\\/\\\/suomenash.fi\\\/#website\",\"url\":\"https:\\\/\\\/suomenash.fi\\\/\",\"name\":\"Suomen ASH ry\",\"description\":\"Just another WordPress site\",\"potentialAction\":[{\"@type\":\"SearchAction\",\"target\":{\"@type\":\"EntryPoint\",\"urlTemplate\":\"https:\\\/\\\/suomenash.fi\\\/?s={search_term_string}\"},\"query-input\":{\"@type\":\"PropertyValueSpecification\",\"valueRequired\":true,\"valueName\":\"search_term_string\"}}],\"inLanguage\":\"sv-SE\"}]}<\/script>\n<!-- \/ Yoast SEO plugin. -->","yoast_head_json":{"title":"R\u00f6kning p\u00e5 balkonger - Suomen ASH ry | Suomen ASH ry","robots":{"index":"index","follow":"follow","max-snippet":"max-snippet:-1","max-image-preview":"max-image-preview:large","max-video-preview":"max-video-preview:-1"},"canonical":"https:\/\/suomenash.fi\/sv\/rokning-pa-balkonger\/","og_locale":"sv_SE","og_type":"article","og_title":"R\u00f6kning p\u00e5 balkonger - Suomen ASH ry","og_description":"R\u00f6kning p\u00e5 balkonger Hur g\u00f6ra, d\u00e5 grannens tobaksr\u00f6k n\u00e5r din l\u00e4genhet, balkong eller g\u00e5rd? Problemet kan l\u00f6sas av boendesamfundet med... View Article","og_url":"https:\/\/suomenash.fi\/sv\/rokning-pa-balkonger\/","og_site_name":"Suomen ASH ry","article_modified_time":"2024-03-26T08:07:49+00:00","og_image":[{"width":600,"height":270,"url":"https:\/\/suomenash.fi\/wp-content\/uploads\/2018\/03\/shutterstock_1055343761-web-e1611048178315.jpg","type":"image\/jpeg"}],"twitter_card":"summary_large_image","twitter_misc":{"Ber\u00e4knad l\u00e4stid":"4 minuter","Skriven av":"Pirjo"},"schema":{"@context":"https:\/\/schema.org","@graph":[{"@type":"WebPage","@id":"https:\/\/suomenash.fi\/sv\/rokning-pa-balkonger\/","url":"https:\/\/suomenash.fi\/sv\/rokning-pa-balkonger\/","name":"R\u00f6kning p\u00e5 balkonger - Suomen ASH ry","isPartOf":{"@id":"https:\/\/suomenash.fi\/#website"},"primaryImageOfPage":{"@id":"https:\/\/suomenash.fi\/sv\/rokning-pa-balkonger\/#primaryimage"},"image":{"@id":"https:\/\/suomenash.fi\/sv\/rokning-pa-balkonger\/#primaryimage"},"thumbnailUrl":"https:\/\/suomenash.fi\/wp-content\/uploads\/2018\/03\/shutterstock_1055343761-web-e1611048178315.jpg","datePublished":"2018-04-05T07:02:05+00:00","dateModified":"2024-03-26T08:07:49+00:00","breadcrumb":{"@id":"https:\/\/suomenash.fi\/sv\/rokning-pa-balkonger\/#breadcrumb"},"inLanguage":"sv-SE","potentialAction":[{"@type":"ReadAction","target":["https:\/\/suomenash.fi\/sv\/rokning-pa-balkonger\/"]}]},{"@type":"ImageObject","inLanguage":"sv-SE","@id":"https:\/\/suomenash.fi\/sv\/rokning-pa-balkonger\/#primaryimage","url":"https:\/\/suomenash.fi\/wp-content\/uploads\/2018\/03\/shutterstock_1055343761-web-e1611048178315.jpg","contentUrl":"https:\/\/suomenash.fi\/wp-content\/uploads\/2018\/03\/shutterstock_1055343761-web-e1611048178315.jpg","width":600,"height":270},{"@type":"BreadcrumbList","@id":"https:\/\/suomenash.fi\/sv\/rokning-pa-balkonger\/#breadcrumb","itemListElement":[{"@type":"ListItem","position":1,"name":"Home","item":"https:\/\/suomenash.fi\/sv\/"},{"@type":"ListItem","position":2,"name":"R\u00f6kning p\u00e5 balkonger"}]},{"@type":"WebSite","@id":"https:\/\/suomenash.fi\/#website","url":"https:\/\/suomenash.fi\/","name":"Suomen ASH ry","description":"Just another WordPress site","potentialAction":[{"@type":"SearchAction","target":{"@type":"EntryPoint","urlTemplate":"https:\/\/suomenash.fi\/?s={search_term_string}"},"query-input":{"@type":"PropertyValueSpecification","valueRequired":true,"valueName":"search_term_string"}}],"inLanguage":"sv-SE"}]}},"_links":{"self":[{"href":"https:\/\/suomenash.fi\/sv\/wp-json\/wp\/v2\/pages\/2634","targetHints":{"allow":["GET"]}}],"collection":[{"href":"https:\/\/suomenash.fi\/sv\/wp-json\/wp\/v2\/pages"}],"about":[{"href":"https:\/\/suomenash.fi\/sv\/wp-json\/wp\/v2\/types\/page"}],"author":[{"embeddable":true,"href":"https:\/\/suomenash.fi\/sv\/wp-json\/wp\/v2\/users\/8"}],"replies":[{"embeddable":true,"href":"https:\/\/suomenash.fi\/sv\/wp-json\/wp\/v2\/comments?post=2634"}],"version-history":[{"count":10,"href":"https:\/\/suomenash.fi\/sv\/wp-json\/wp\/v2\/pages\/2634\/revisions"}],"predecessor-version":[{"id":19987,"href":"https:\/\/suomenash.fi\/sv\/wp-json\/wp\/v2\/pages\/2634\/revisions\/19987"}],"wp:featuredmedia":[{"embeddable":true,"href":"https:\/\/suomenash.fi\/sv\/wp-json\/wp\/v2\/media\/2579"}],"wp:attachment":[{"href":"https:\/\/suomenash.fi\/sv\/wp-json\/wp\/v2\/media?parent=2634"}],"wp:term":[{"taxonomy":"category","embeddable":true,"href":"https:\/\/suomenash.fi\/sv\/wp-json\/wp\/v2\/categories?post=2634"},{"taxonomy":"post_tag","embeddable":true,"href":"https:\/\/suomenash.fi\/sv\/wp-json\/wp\/v2\/tags?post=2634"},{"taxonomy":"author","embeddable":true,"href":"https:\/\/suomenash.fi\/sv\/wp-json\/wp\/v2\/coauthors?post=2634"}],"curies":[{"name":"wp","href":"https:\/\/api.w.org\/{rel}","templated":true}]}}