{"id":2632,"date":"2018-04-05T08:59:16","date_gmt":"2018-04-05T06:59:16","guid":{"rendered":"https:\/\/suomenash.upcloud-1.web-veistamo.fi\/?page_id=2632"},"modified":"2024-03-26T10:02:48","modified_gmt":"2024-03-26T08:02:48","slug":"rokning-i-restauranger","status":"publish","type":"page","link":"https:\/\/suomenash.fi\/sv\/rokning-i-restauranger\/","title":{"rendered":"R\u00f6kning i restauranger"},"content":{"rendered":"            <div class=\"main-and-sidebar-container\">\n                <div class=\"main-content\">\n                    <h1 class=\"page-title\">\n                        R\u00f6kning i restauranger                    <\/h1>\n                    \n<p><\/p>\n\n\n<p>I enlighet med tobakslagen \u00e4r r\u00f6kning f\u00f6rbjuden i alla restauranger oberoende av restaurangens storlek eller utsk\u00e4nkningsr\u00e4ttigheter. Om restaurang\u00e4garen vill till\u00e5ta r\u00f6kning p\u00e5 ett serveringsomr\u00e5de utomhus (terrass) ska hen se till att tobaksr\u00f6ken inte kommer in genom ett \u00f6ppet f\u00f6nster, d\u00f6rren eller ventilationen.<\/p>\n<p>I samband med r\u00f6kning p\u00e5 terrasser m\u00e5ste man d\u00e4rtill ta h\u00e4nsyn till definitionerna av inomhus- och utomhusutrymmen i tobakslagen. Terrassen anses vara ett utomhusutrymme om minst tv\u00e5 sidor \u00e4r \u00f6ppna.<\/p>\n<p>D\u00e4rmed exponeras restaurangens kunder och arbetstagare st\u00e4ndigt f\u00f6r tobaksr\u00f6k p\u00e5 uteserveringarna. Uteserveringarna har ocks\u00e5 ofta konstruktioner som f\u00f6rhindrar att r\u00f6ken sprids och skingras, vilket g\u00f6r dem som vistas p\u00e5 uteserveringarna \u00e4nnu mer exponerade. R\u00f6kning p\u00e5 uteserveringar orsakar ofta r\u00f6kol\u00e4genheter f\u00f6r bostadsl\u00e4genheter ovanf\u00f6r dem.<\/p>\n<h2>I r\u00f6krum f\u00e5r inte utf\u00f6ras arbete<\/h2>\n<p>Restauranger och \u00f6vriga f\u00f6rpl\u00e4gnadsr\u00f6relser kan inr\u00e4tta ett separat r\u00f6krum (76 \u00a7, 77 \u00a7) avsett f\u00f6r korta bes\u00f6k. Rummet \u00e4r avsett endast f\u00f6r r\u00f6kning varf\u00f6r det \u00e4r f\u00f6rbjudet att servera och inta mat och dryck i r\u00f6krummet samt spela s\u00e4llskapsspel och bedriva dylik verksamhet.<\/p>\n<p>I ett r\u00f6krum f\u00e5r arbete inte utf\u00f6ras, med undantag f\u00f6r n\u00f6dv\u00e4ndigt arbete som utf\u00f6rs av brand- och r\u00e4ddningsv\u00e4sendet eller av ordnings- och s\u00e4kerhetssk\u00e4l. St\u00e4dning av r\u00f6krummet f\u00e5r ske f\u00f6rst efter att rummet v\u00e4drats noggrant.<\/p>                <\/div>\n\n                                    <div class=\"nostopalkki\">\n                                                <h5><a href=\"https:\/\/julkaisut.valtioneuvosto.fi\/handle\/10024\/164844\" target=\"_blank\" rel=\"noopener\">Arbetsgruppen f\u00f6r utveckling av tobaks- och nikotinpolitiken<\/a> f\u00f6resl\u00e5r:<\/h5>\n<p>&#8221;\u00c5tg\u00e4rder mot r\u00f6kning i f\u00f6rpl\u00e4gnadsr\u00f6relser vidtas genom att i tobakslagen stryka m\u00f6jligheten att inr\u00e4tta r\u00f6krum i f\u00f6rpl\u00e4gnadsr\u00f6relser samt genom att f\u00f6rbjuda r\u00f6kning p\u00e5 f\u00f6rpl\u00e4gnadsr\u00f6relsernas uteserveringar.&#8221;<\/p>\n<p>&nbsp;<\/p>\n                    <\/div>\n                            <\/div><!-- .main-and-sidebar-container -->\n        ","protected":false},"excerpt":{"rendered":"R\u00f6kning i restauranger I enlighet med tobakslagen \u00e4r r\u00f6kning f\u00f6rbjuden i alla restauranger oberoende av restaurangens storlek eller utsk\u00e4nkningsr\u00e4ttigheter. Om&#8230; <a class=\"view-article\" href=\"https:\/\/suomenash.fi\/sv\/rokning-i-restauranger\/\">View Article<\/a>","protected":false},"author":8,"featured_media":1782,"parent":0,"menu_order":0,"comment_status":"closed","ping_status":"closed","template":"","meta":{"_acf_changed":false,"footnotes":""},"categories":[],"tags":[],"coauthors":[16],"class_list":["post-2632","page","type-page","status-publish","has-post-thumbnail","hentry"],"acf":[],"yoast_head":"<!-- This site is optimized with the Yoast SEO plugin v27.3 - https:\/\/yoast.com\/product\/yoast-seo-wordpress\/ -->\n<title>R\u00f6kning i restauranger - Suomen ASH ry | Suomen ASH ry<\/title>\n<meta name=\"robots\" content=\"index, follow, max-snippet:-1, max-image-preview:large, max-video-preview:-1\" \/>\n<link rel=\"canonical\" href=\"https:\/\/suomenash.fi\/sv\/rokning-i-restauranger\/\" \/>\n<meta property=\"og:locale\" content=\"sv_SE\" \/>\n<meta property=\"og:type\" content=\"article\" \/>\n<meta property=\"og:title\" content=\"R\u00f6kning i restauranger - Suomen ASH ry\" \/>\n<meta property=\"og:description\" content=\"R\u00f6kning i restauranger I enlighet med tobakslagen \u00e4r r\u00f6kning f\u00f6rbjuden i alla restauranger oberoende av restaurangens storlek eller utsk\u00e4nkningsr\u00e4ttigheter. Om... View Article\" \/>\n<meta property=\"og:url\" content=\"https:\/\/suomenash.fi\/sv\/rokning-i-restauranger\/\" \/>\n<meta property=\"og:site_name\" content=\"Suomen ASH ry\" \/>\n<meta property=\"article:modified_time\" content=\"2024-03-26T08:02:48+00:00\" \/>\n<meta property=\"og:image\" content=\"https:\/\/suomenash.fi\/wp-content\/uploads\/2018\/01\/Suomen-ASH_savuton-ravintola-e1515502052334.jpg\" \/>\n\t<meta property=\"og:image:width\" content=\"2000\" \/>\n\t<meta property=\"og:image:height\" content=\"980\" \/>\n\t<meta property=\"og:image:type\" content=\"image\/jpeg\" \/>\n<meta name=\"twitter:card\" content=\"summary_large_image\" \/>\n<meta name=\"twitter:label1\" content=\"Ber\u00e4knad l\u00e4stid\" \/>\n\t<meta name=\"twitter:data1\" content=\"2 minuter\" \/>\n\t<meta name=\"twitter:label2\" content=\"Skriven av\" \/>\n\t<meta name=\"twitter:data2\" content=\"Pirjo\" \/>\n<script type=\"application\/ld+json\" class=\"yoast-schema-graph\">{\"@context\":\"https:\\\/\\\/schema.org\",\"@graph\":[{\"@type\":\"WebPage\",\"@id\":\"https:\\\/\\\/suomenash.fi\\\/sv\\\/rokning-i-restauranger\\\/\",\"url\":\"https:\\\/\\\/suomenash.fi\\\/sv\\\/rokning-i-restauranger\\\/\",\"name\":\"R\u00f6kning i restauranger - Suomen ASH ry\",\"isPartOf\":{\"@id\":\"https:\\\/\\\/suomenash.fi\\\/#website\"},\"primaryImageOfPage\":{\"@id\":\"https:\\\/\\\/suomenash.fi\\\/sv\\\/rokning-i-restauranger\\\/#primaryimage\"},\"image\":{\"@id\":\"https:\\\/\\\/suomenash.fi\\\/sv\\\/rokning-i-restauranger\\\/#primaryimage\"},\"thumbnailUrl\":\"https:\\\/\\\/suomenash.fi\\\/wp-content\\\/uploads\\\/2018\\\/01\\\/Suomen-ASH_savuton-ravintola-e1515502052334.jpg\",\"datePublished\":\"2018-04-05T06:59:16+00:00\",\"dateModified\":\"2024-03-26T08:02:48+00:00\",\"breadcrumb\":{\"@id\":\"https:\\\/\\\/suomenash.fi\\\/sv\\\/rokning-i-restauranger\\\/#breadcrumb\"},\"inLanguage\":\"sv-SE\",\"potentialAction\":[{\"@type\":\"ReadAction\",\"target\":[\"https:\\\/\\\/suomenash.fi\\\/sv\\\/rokning-i-restauranger\\\/\"]}]},{\"@type\":\"ImageObject\",\"inLanguage\":\"sv-SE\",\"@id\":\"https:\\\/\\\/suomenash.fi\\\/sv\\\/rokning-i-restauranger\\\/#primaryimage\",\"url\":\"https:\\\/\\\/suomenash.fi\\\/wp-content\\\/uploads\\\/2018\\\/01\\\/Suomen-ASH_savuton-ravintola-e1515502052334.jpg\",\"contentUrl\":\"https:\\\/\\\/suomenash.fi\\\/wp-content\\\/uploads\\\/2018\\\/01\\\/Suomen-ASH_savuton-ravintola-e1515502052334.jpg\",\"width\":2000,\"height\":980,\"caption\":\"Suomen ASH_savuton ravintola\"},{\"@type\":\"BreadcrumbList\",\"@id\":\"https:\\\/\\\/suomenash.fi\\\/sv\\\/rokning-i-restauranger\\\/#breadcrumb\",\"itemListElement\":[{\"@type\":\"ListItem\",\"position\":1,\"name\":\"Home\",\"item\":\"https:\\\/\\\/suomenash.fi\\\/sv\\\/\"},{\"@type\":\"ListItem\",\"position\":2,\"name\":\"R\u00f6kning i restauranger\"}]},{\"@type\":\"WebSite\",\"@id\":\"https:\\\/\\\/suomenash.fi\\\/#website\",\"url\":\"https:\\\/\\\/suomenash.fi\\\/\",\"name\":\"Suomen ASH ry\",\"description\":\"Just another WordPress site\",\"potentialAction\":[{\"@type\":\"SearchAction\",\"target\":{\"@type\":\"EntryPoint\",\"urlTemplate\":\"https:\\\/\\\/suomenash.fi\\\/?s={search_term_string}\"},\"query-input\":{\"@type\":\"PropertyValueSpecification\",\"valueRequired\":true,\"valueName\":\"search_term_string\"}}],\"inLanguage\":\"sv-SE\"}]}<\/script>\n<!-- \/ Yoast SEO plugin. -->","yoast_head_json":{"title":"R\u00f6kning i restauranger - Suomen ASH ry | Suomen ASH ry","robots":{"index":"index","follow":"follow","max-snippet":"max-snippet:-1","max-image-preview":"max-image-preview:large","max-video-preview":"max-video-preview:-1"},"canonical":"https:\/\/suomenash.fi\/sv\/rokning-i-restauranger\/","og_locale":"sv_SE","og_type":"article","og_title":"R\u00f6kning i restauranger - Suomen ASH ry","og_description":"R\u00f6kning i restauranger I enlighet med tobakslagen \u00e4r r\u00f6kning f\u00f6rbjuden i alla restauranger oberoende av restaurangens storlek eller utsk\u00e4nkningsr\u00e4ttigheter. Om... View Article","og_url":"https:\/\/suomenash.fi\/sv\/rokning-i-restauranger\/","og_site_name":"Suomen ASH ry","article_modified_time":"2024-03-26T08:02:48+00:00","og_image":[{"width":2000,"height":980,"url":"https:\/\/suomenash.fi\/wp-content\/uploads\/2018\/01\/Suomen-ASH_savuton-ravintola-e1515502052334.jpg","type":"image\/jpeg"}],"twitter_card":"summary_large_image","twitter_misc":{"Ber\u00e4knad l\u00e4stid":"2 minuter","Skriven av":"Pirjo"},"schema":{"@context":"https:\/\/schema.org","@graph":[{"@type":"WebPage","@id":"https:\/\/suomenash.fi\/sv\/rokning-i-restauranger\/","url":"https:\/\/suomenash.fi\/sv\/rokning-i-restauranger\/","name":"R\u00f6kning i restauranger - Suomen ASH ry","isPartOf":{"@id":"https:\/\/suomenash.fi\/#website"},"primaryImageOfPage":{"@id":"https:\/\/suomenash.fi\/sv\/rokning-i-restauranger\/#primaryimage"},"image":{"@id":"https:\/\/suomenash.fi\/sv\/rokning-i-restauranger\/#primaryimage"},"thumbnailUrl":"https:\/\/suomenash.fi\/wp-content\/uploads\/2018\/01\/Suomen-ASH_savuton-ravintola-e1515502052334.jpg","datePublished":"2018-04-05T06:59:16+00:00","dateModified":"2024-03-26T08:02:48+00:00","breadcrumb":{"@id":"https:\/\/suomenash.fi\/sv\/rokning-i-restauranger\/#breadcrumb"},"inLanguage":"sv-SE","potentialAction":[{"@type":"ReadAction","target":["https:\/\/suomenash.fi\/sv\/rokning-i-restauranger\/"]}]},{"@type":"ImageObject","inLanguage":"sv-SE","@id":"https:\/\/suomenash.fi\/sv\/rokning-i-restauranger\/#primaryimage","url":"https:\/\/suomenash.fi\/wp-content\/uploads\/2018\/01\/Suomen-ASH_savuton-ravintola-e1515502052334.jpg","contentUrl":"https:\/\/suomenash.fi\/wp-content\/uploads\/2018\/01\/Suomen-ASH_savuton-ravintola-e1515502052334.jpg","width":2000,"height":980,"caption":"Suomen ASH_savuton ravintola"},{"@type":"BreadcrumbList","@id":"https:\/\/suomenash.fi\/sv\/rokning-i-restauranger\/#breadcrumb","itemListElement":[{"@type":"ListItem","position":1,"name":"Home","item":"https:\/\/suomenash.fi\/sv\/"},{"@type":"ListItem","position":2,"name":"R\u00f6kning i restauranger"}]},{"@type":"WebSite","@id":"https:\/\/suomenash.fi\/#website","url":"https:\/\/suomenash.fi\/","name":"Suomen ASH ry","description":"Just another WordPress site","potentialAction":[{"@type":"SearchAction","target":{"@type":"EntryPoint","urlTemplate":"https:\/\/suomenash.fi\/?s={search_term_string}"},"query-input":{"@type":"PropertyValueSpecification","valueRequired":true,"valueName":"search_term_string"}}],"inLanguage":"sv-SE"}]}},"_links":{"self":[{"href":"https:\/\/suomenash.fi\/sv\/wp-json\/wp\/v2\/pages\/2632","targetHints":{"allow":["GET"]}}],"collection":[{"href":"https:\/\/suomenash.fi\/sv\/wp-json\/wp\/v2\/pages"}],"about":[{"href":"https:\/\/suomenash.fi\/sv\/wp-json\/wp\/v2\/types\/page"}],"author":[{"embeddable":true,"href":"https:\/\/suomenash.fi\/sv\/wp-json\/wp\/v2\/users\/8"}],"replies":[{"embeddable":true,"href":"https:\/\/suomenash.fi\/sv\/wp-json\/wp\/v2\/comments?post=2632"}],"version-history":[{"count":10,"href":"https:\/\/suomenash.fi\/sv\/wp-json\/wp\/v2\/pages\/2632\/revisions"}],"predecessor-version":[{"id":19985,"href":"https:\/\/suomenash.fi\/sv\/wp-json\/wp\/v2\/pages\/2632\/revisions\/19985"}],"wp:featuredmedia":[{"embeddable":true,"href":"https:\/\/suomenash.fi\/sv\/wp-json\/wp\/v2\/media\/1782"}],"wp:attachment":[{"href":"https:\/\/suomenash.fi\/sv\/wp-json\/wp\/v2\/media?parent=2632"}],"wp:term":[{"taxonomy":"category","embeddable":true,"href":"https:\/\/suomenash.fi\/sv\/wp-json\/wp\/v2\/categories?post=2632"},{"taxonomy":"post_tag","embeddable":true,"href":"https:\/\/suomenash.fi\/sv\/wp-json\/wp\/v2\/tags?post=2632"},{"taxonomy":"author","embeddable":true,"href":"https:\/\/suomenash.fi\/sv\/wp-json\/wp\/v2\/coauthors?post=2632"}],"curies":[{"name":"wp","href":"https:\/\/api.w.org\/{rel}","templated":true}]}}