{"id":2630,"date":"2018-04-05T08:56:04","date_gmt":"2018-04-05T06:56:04","guid":{"rendered":"https:\/\/suomenash.upcloud-1.web-veistamo.fi\/?page_id=2630"},"modified":"2024-03-26T09:59:19","modified_gmt":"2024-03-26T07:59:19","slug":"arbetsplatser-och-laroanstalter","status":"publish","type":"page","link":"https:\/\/suomenash.fi\/sv\/arbetsplatser-och-laroanstalter\/","title":{"rendered":"Arbetsplatser och l\u00e4roanstalter"},"content":{"rendered":"            <div class=\"main-and-sidebar-container\">\n                <div class=\"main-content\">\n                    <h1 class=\"page-title\">\n                        Arbetsplatser och l\u00e4roanstalter                    <\/h1>\n                    \n<p><\/p>\n\n\n<h2>Arbetsplatser<\/h2>\n<p>En viktig utg\u00e5ngspunkt i tobakslagen \u00e4r att ingen uts\u00e4tts f\u00f6r omgivningens tobaksr\u00f6k p\u00e5 arbetsplatsen. Detta g\u00e4ller alla arbetsplatser.<\/p>\n<p>Enligt tobakslagen (74 \u00a7) \u00e4r tobaksr\u00f6kning f\u00f6rbjuden \u201di s\u00e5dana lokaler i byggnader, i kommunikationsmedel och p\u00e5 motsvarande platser som \u00e4r tillg\u00e4ngliga f\u00f6r allm\u00e4nheten eller anst\u00e4llda eller f\u00f6r kunder f\u00f6r tillhandah\u00e5llande av tj\u00e4nster som producerats i n\u00e4ringsverksamhet eller offentliga tj\u00e4nster.\u201d<\/p>\n<p>R\u00f6kf\u00f6rbuden g\u00e4ller ocks\u00e5 elcigaretter och bruk av v\u00e4xter avsedda f\u00f6r r\u00f6kning. R\u00f6krum inomhus p\u00e5 arbetsplatser (76 \u00a7) ska uppfylla samma krav som r\u00f6krum i restauranger. Bland annat r\u00f6krummets fr\u00e5nluft ska ledas ut fr\u00e5n det och f\u00e5r inte anv\u00e4ndas som cirkulationsluft.<\/p>\n<p>Med undantag av lokaler som anv\u00e4nds f\u00f6r familjedagv\u00e5rd r\u00f6r r\u00f6kf\u00f6rbudet inte arbete som sker hemma, och inte heller lokaler som anv\u00e4nds uteslutande av medlemmarna i en och samma familj och av personer som bor i ett och samma hush\u00e5ll. D\u00e4rf\u00f6r kan till exempel f\u00e5ngvaktare, st\u00e4dare, n\u00e4rv\u00e5rdare och ledare inom socialbranschen fortfarande exponeras f\u00f6r tobaksr\u00f6k i sitt arbete.<\/p>\n<h2>L\u00e4roanstalter<\/h2>\n<p>Tobaksr\u00f6kning \u00e4r f\u00f6rbjudet i lokaler och p\u00e5 utomhusomr\u00e5den vid daghem eller l\u00e4roanstalter som ger f\u00f6rskoleundervisning, grundl\u00e4ggande utbildning, yrkesutbildning eller gymnasieutbildning.&nbsp; R\u00f6kf\u00f6rbudet g\u00e4ller ocks\u00e5 elcigaretter och r\u00f6kfria tobaksprodukter s\u00e5som snus.<\/p>\n<p>Med ett utomhusomr\u00e5de som anv\u00e4nds av en l\u00e4roanstalt avses fastigheter f\u00f6rvaltade av l\u00e4roanstalten. R\u00f6kf\u00f6rbudet g\u00e4ller studerandena och l\u00e4roanstaltens personal samt utomst\u00e5ende bes\u00f6kare.<\/p>\n<p>L\u00e4roanstaltens ledning ska informera personalen och studerandena om r\u00f6kf\u00f6rbudet. Skolan ska \u00e4ven ge personalen anvisningar f\u00f6r att ingripa om n\u00e5gon bryter mot r\u00f6kf\u00f6rbudet.<\/p>\n<h2>F\u00f6rbudet g\u00e4ller dygnet runt<\/h2>\n<p>R\u00f6kf\u00f6rbudet g\u00e4ller hela tiden, \u00e4ven kv\u00e4llstid och under lov. L\u00e4roanstalten svarar emellertid inte f\u00f6r \u00f6vervakningen av att r\u00f6kf\u00f6rbudet f\u00f6ljs utanf\u00f6r verksamhetstid. Det \u00e4r ocks\u00e5 f\u00f6rbjudet att s\u00e4lja tobaksprodukter i daghem, skolor och l\u00e4roanstalter samt p\u00e5 deras g\u00e5rdsomr\u00e5den.<\/p>\n<p>I enlighet med tobakslagen kan en elev som trots p\u00e5minnelse forts\u00e4tter att bryta mot r\u00f6kf\u00f6rbudet d\u00f6mas till b\u00f6ter f\u00f6r r\u00f6kningsf\u00f6rseelse. Boten utd\u00f6ms utifr\u00e5n en anm\u00e4lan fr\u00e5n skolans ledning.<\/p>\n<p>&nbsp;<\/p>                <\/div>\n\n                                    <div class=\"nostopalkki\">\n                                                <ul>\n<li>Enligt artikel 8 i <a href=\"https:\/\/www.finlex.fi\/sv\/laki\/alkup\/2004\/20041207\" target=\"_blank\" rel=\"noopener\">V\u00e4rldsh\u00e4lsoorganisationens ramkonvention om tobakskontroll<\/a> ska avtalsparterna f\u00f6rhindra exponering f\u00f6r tobaksr\u00f6k p\u00e5 arbetsplatser som ligger inomhus, i kollektiva trafikmedel, offentliga inomhuslokaler och vid behov p\u00e5 andra offentliga platser.<\/li>\n<li>Enligt de \u00e5tg\u00e4rdsanvisningar som ges i artikeln ska r\u00f6kning och tobaksr\u00f6k avl\u00e4gsnas helt fr\u00e5n lokalen f\u00f6r att en fullst\u00e4ndigt r\u00f6kfri milj\u00f6 ska \u00e5stadkommas.<\/li>\n<li>Det finns inga s\u00e4kra niv\u00e5er f\u00f6r exponering f\u00f6r tobaksr\u00f6k i milj\u00f6n, och tekniska l\u00f6sningar s\u00e5som ventilation, luftfiltrering och markerade r\u00f6komr\u00e5den skyddar inte mot exponeringen.<\/li>\n<li>Skyddsniv\u00e5n ska ocks\u00e5 vid behov f\u00f6rb\u00e4ttras och utvidgas.<\/li>\n<\/ul>\n<p style=\"text-align: center;\">\n                    <\/div>\n                            <\/div><!-- .main-and-sidebar-container -->\n        ","protected":false},"excerpt":{"rendered":"Arbetsplatser och l\u00e4roanstalter Arbetsplatser En viktig utg\u00e5ngspunkt i tobakslagen \u00e4r att ingen uts\u00e4tts f\u00f6r omgivningens tobaksr\u00f6k p\u00e5 arbetsplatsen. Detta g\u00e4ller&#8230; <a class=\"view-article\" href=\"https:\/\/suomenash.fi\/sv\/arbetsplatser-och-laroanstalter\/\">View Article<\/a>","protected":false},"author":8,"featured_media":2578,"parent":0,"menu_order":0,"comment_status":"closed","ping_status":"closed","template":"","meta":{"_acf_changed":false,"footnotes":""},"categories":[],"tags":[],"coauthors":[16],"class_list":["post-2630","page","type-page","status-publish","has-post-thumbnail","hentry"],"acf":[],"yoast_head":"<!-- This site is optimized with the Yoast SEO plugin v27.3 - https:\/\/yoast.com\/product\/yoast-seo-wordpress\/ -->\n<title>Arbetsplatser och l\u00e4roanstalter - Suomen ASH ry | Suomen ASH ry<\/title>\n<meta name=\"description\" content=\"En viktig utg\u00e5ngspunkt i tobakslagen \u00e4r att ingen uts\u00e4tts f\u00f6r omgivningens tobaksr\u00f6k p\u00e5 arbetsplatsen. Detta g\u00e4ller alla arbetsplatser.\" \/>\n<meta name=\"robots\" content=\"index, follow, max-snippet:-1, max-image-preview:large, max-video-preview:-1\" \/>\n<link rel=\"canonical\" href=\"https:\/\/suomenash.fi\/sv\/arbetsplatser-och-laroanstalter\/\" \/>\n<meta property=\"og:locale\" content=\"sv_SE\" \/>\n<meta property=\"og:type\" content=\"article\" \/>\n<meta property=\"og:title\" content=\"Arbetsplatser och l\u00e4roanstalter - Suomen ASH ry\" \/>\n<meta property=\"og:description\" content=\"En viktig utg\u00e5ngspunkt i tobakslagen \u00e4r att ingen uts\u00e4tts f\u00f6r omgivningens tobaksr\u00f6k p\u00e5 arbetsplatsen. Detta g\u00e4ller alla arbetsplatser.\" \/>\n<meta property=\"og:url\" content=\"https:\/\/suomenash.fi\/sv\/arbetsplatser-och-laroanstalter\/\" \/>\n<meta property=\"og:site_name\" content=\"Suomen ASH ry\" \/>\n<meta property=\"article:modified_time\" content=\"2024-03-26T07:59:19+00:00\" \/>\n<meta property=\"og:image\" content=\"https:\/\/suomenash.fi\/wp-content\/uploads\/2018\/03\/shutterstock_89710039-web-e1524141437618.jpg\" \/>\n\t<meta property=\"og:image:width\" content=\"1298\" \/>\n\t<meta property=\"og:image:height\" content=\"2000\" \/>\n\t<meta property=\"og:image:type\" content=\"image\/jpeg\" \/>\n<meta name=\"twitter:card\" content=\"summary_large_image\" \/>\n<meta name=\"twitter:label1\" content=\"Ber\u00e4knad l\u00e4stid\" \/>\n\t<meta name=\"twitter:data1\" content=\"2 minuter\" \/>\n\t<meta name=\"twitter:label2\" content=\"Skriven av\" \/>\n\t<meta name=\"twitter:data2\" content=\"Pirjo\" \/>\n<script type=\"application\/ld+json\" class=\"yoast-schema-graph\">{\"@context\":\"https:\\\/\\\/schema.org\",\"@graph\":[{\"@type\":\"WebPage\",\"@id\":\"https:\\\/\\\/suomenash.fi\\\/sv\\\/arbetsplatser-och-laroanstalter\\\/\",\"url\":\"https:\\\/\\\/suomenash.fi\\\/sv\\\/arbetsplatser-och-laroanstalter\\\/\",\"name\":\"Arbetsplatser och l\u00e4roanstalter - Suomen ASH ry\",\"isPartOf\":{\"@id\":\"https:\\\/\\\/suomenash.fi\\\/#website\"},\"primaryImageOfPage\":{\"@id\":\"https:\\\/\\\/suomenash.fi\\\/sv\\\/arbetsplatser-och-laroanstalter\\\/#primaryimage\"},\"image\":{\"@id\":\"https:\\\/\\\/suomenash.fi\\\/sv\\\/arbetsplatser-och-laroanstalter\\\/#primaryimage\"},\"thumbnailUrl\":\"https:\\\/\\\/suomenash.fi\\\/wp-content\\\/uploads\\\/2018\\\/03\\\/shutterstock_89710039-web-e1524141437618.jpg\",\"datePublished\":\"2018-04-05T06:56:04+00:00\",\"dateModified\":\"2024-03-26T07:59:19+00:00\",\"description\":\"En viktig utg\u00e5ngspunkt i tobakslagen \u00e4r att ingen uts\u00e4tts f\u00f6r omgivningens tobaksr\u00f6k p\u00e5 arbetsplatsen. Detta g\u00e4ller alla arbetsplatser.\",\"breadcrumb\":{\"@id\":\"https:\\\/\\\/suomenash.fi\\\/sv\\\/arbetsplatser-och-laroanstalter\\\/#breadcrumb\"},\"inLanguage\":\"sv-SE\",\"potentialAction\":[{\"@type\":\"ReadAction\",\"target\":[\"https:\\\/\\\/suomenash.fi\\\/sv\\\/arbetsplatser-och-laroanstalter\\\/\"]}]},{\"@type\":\"ImageObject\",\"inLanguage\":\"sv-SE\",\"@id\":\"https:\\\/\\\/suomenash.fi\\\/sv\\\/arbetsplatser-och-laroanstalter\\\/#primaryimage\",\"url\":\"https:\\\/\\\/suomenash.fi\\\/wp-content\\\/uploads\\\/2018\\\/03\\\/shutterstock_89710039-web-e1524141437618.jpg\",\"contentUrl\":\"https:\\\/\\\/suomenash.fi\\\/wp-content\\\/uploads\\\/2018\\\/03\\\/shutterstock_89710039-web-e1524141437618.jpg\",\"width\":1298,\"height\":2000},{\"@type\":\"BreadcrumbList\",\"@id\":\"https:\\\/\\\/suomenash.fi\\\/sv\\\/arbetsplatser-och-laroanstalter\\\/#breadcrumb\",\"itemListElement\":[{\"@type\":\"ListItem\",\"position\":1,\"name\":\"Home\",\"item\":\"https:\\\/\\\/suomenash.fi\\\/sv\\\/\"},{\"@type\":\"ListItem\",\"position\":2,\"name\":\"Arbetsplatser och l\u00e4roanstalter\"}]},{\"@type\":\"WebSite\",\"@id\":\"https:\\\/\\\/suomenash.fi\\\/#website\",\"url\":\"https:\\\/\\\/suomenash.fi\\\/\",\"name\":\"Suomen ASH ry\",\"description\":\"Just another WordPress site\",\"potentialAction\":[{\"@type\":\"SearchAction\",\"target\":{\"@type\":\"EntryPoint\",\"urlTemplate\":\"https:\\\/\\\/suomenash.fi\\\/?s={search_term_string}\"},\"query-input\":{\"@type\":\"PropertyValueSpecification\",\"valueRequired\":true,\"valueName\":\"search_term_string\"}}],\"inLanguage\":\"sv-SE\"}]}<\/script>\n<!-- \/ Yoast SEO plugin. -->","yoast_head_json":{"title":"Arbetsplatser och l\u00e4roanstalter - Suomen ASH ry | Suomen ASH ry","description":"En viktig utg\u00e5ngspunkt i tobakslagen \u00e4r att ingen uts\u00e4tts f\u00f6r omgivningens tobaksr\u00f6k p\u00e5 arbetsplatsen. Detta g\u00e4ller alla arbetsplatser.","robots":{"index":"index","follow":"follow","max-snippet":"max-snippet:-1","max-image-preview":"max-image-preview:large","max-video-preview":"max-video-preview:-1"},"canonical":"https:\/\/suomenash.fi\/sv\/arbetsplatser-och-laroanstalter\/","og_locale":"sv_SE","og_type":"article","og_title":"Arbetsplatser och l\u00e4roanstalter - Suomen ASH ry","og_description":"En viktig utg\u00e5ngspunkt i tobakslagen \u00e4r att ingen uts\u00e4tts f\u00f6r omgivningens tobaksr\u00f6k p\u00e5 arbetsplatsen. Detta g\u00e4ller alla arbetsplatser.","og_url":"https:\/\/suomenash.fi\/sv\/arbetsplatser-och-laroanstalter\/","og_site_name":"Suomen ASH ry","article_modified_time":"2024-03-26T07:59:19+00:00","og_image":[{"width":1298,"height":2000,"url":"https:\/\/suomenash.fi\/wp-content\/uploads\/2018\/03\/shutterstock_89710039-web-e1524141437618.jpg","type":"image\/jpeg"}],"twitter_card":"summary_large_image","twitter_misc":{"Ber\u00e4knad l\u00e4stid":"2 minuter","Skriven av":"Pirjo"},"schema":{"@context":"https:\/\/schema.org","@graph":[{"@type":"WebPage","@id":"https:\/\/suomenash.fi\/sv\/arbetsplatser-och-laroanstalter\/","url":"https:\/\/suomenash.fi\/sv\/arbetsplatser-och-laroanstalter\/","name":"Arbetsplatser och l\u00e4roanstalter - Suomen ASH ry","isPartOf":{"@id":"https:\/\/suomenash.fi\/#website"},"primaryImageOfPage":{"@id":"https:\/\/suomenash.fi\/sv\/arbetsplatser-och-laroanstalter\/#primaryimage"},"image":{"@id":"https:\/\/suomenash.fi\/sv\/arbetsplatser-och-laroanstalter\/#primaryimage"},"thumbnailUrl":"https:\/\/suomenash.fi\/wp-content\/uploads\/2018\/03\/shutterstock_89710039-web-e1524141437618.jpg","datePublished":"2018-04-05T06:56:04+00:00","dateModified":"2024-03-26T07:59:19+00:00","description":"En viktig utg\u00e5ngspunkt i tobakslagen \u00e4r att ingen uts\u00e4tts f\u00f6r omgivningens tobaksr\u00f6k p\u00e5 arbetsplatsen. Detta g\u00e4ller alla arbetsplatser.","breadcrumb":{"@id":"https:\/\/suomenash.fi\/sv\/arbetsplatser-och-laroanstalter\/#breadcrumb"},"inLanguage":"sv-SE","potentialAction":[{"@type":"ReadAction","target":["https:\/\/suomenash.fi\/sv\/arbetsplatser-och-laroanstalter\/"]}]},{"@type":"ImageObject","inLanguage":"sv-SE","@id":"https:\/\/suomenash.fi\/sv\/arbetsplatser-och-laroanstalter\/#primaryimage","url":"https:\/\/suomenash.fi\/wp-content\/uploads\/2018\/03\/shutterstock_89710039-web-e1524141437618.jpg","contentUrl":"https:\/\/suomenash.fi\/wp-content\/uploads\/2018\/03\/shutterstock_89710039-web-e1524141437618.jpg","width":1298,"height":2000},{"@type":"BreadcrumbList","@id":"https:\/\/suomenash.fi\/sv\/arbetsplatser-och-laroanstalter\/#breadcrumb","itemListElement":[{"@type":"ListItem","position":1,"name":"Home","item":"https:\/\/suomenash.fi\/sv\/"},{"@type":"ListItem","position":2,"name":"Arbetsplatser och l\u00e4roanstalter"}]},{"@type":"WebSite","@id":"https:\/\/suomenash.fi\/#website","url":"https:\/\/suomenash.fi\/","name":"Suomen ASH ry","description":"Just another WordPress site","potentialAction":[{"@type":"SearchAction","target":{"@type":"EntryPoint","urlTemplate":"https:\/\/suomenash.fi\/?s={search_term_string}"},"query-input":{"@type":"PropertyValueSpecification","valueRequired":true,"valueName":"search_term_string"}}],"inLanguage":"sv-SE"}]}},"_links":{"self":[{"href":"https:\/\/suomenash.fi\/sv\/wp-json\/wp\/v2\/pages\/2630","targetHints":{"allow":["GET"]}}],"collection":[{"href":"https:\/\/suomenash.fi\/sv\/wp-json\/wp\/v2\/pages"}],"about":[{"href":"https:\/\/suomenash.fi\/sv\/wp-json\/wp\/v2\/types\/page"}],"author":[{"embeddable":true,"href":"https:\/\/suomenash.fi\/sv\/wp-json\/wp\/v2\/users\/8"}],"replies":[{"embeddable":true,"href":"https:\/\/suomenash.fi\/sv\/wp-json\/wp\/v2\/comments?post=2630"}],"version-history":[{"count":10,"href":"https:\/\/suomenash.fi\/sv\/wp-json\/wp\/v2\/pages\/2630\/revisions"}],"predecessor-version":[{"id":19982,"href":"https:\/\/suomenash.fi\/sv\/wp-json\/wp\/v2\/pages\/2630\/revisions\/19982"}],"wp:featuredmedia":[{"embeddable":true,"href":"https:\/\/suomenash.fi\/sv\/wp-json\/wp\/v2\/media\/2578"}],"wp:attachment":[{"href":"https:\/\/suomenash.fi\/sv\/wp-json\/wp\/v2\/media?parent=2630"}],"wp:term":[{"taxonomy":"category","embeddable":true,"href":"https:\/\/suomenash.fi\/sv\/wp-json\/wp\/v2\/categories?post=2630"},{"taxonomy":"post_tag","embeddable":true,"href":"https:\/\/suomenash.fi\/sv\/wp-json\/wp\/v2\/tags?post=2630"},{"taxonomy":"author","embeddable":true,"href":"https:\/\/suomenash.fi\/sv\/wp-json\/wp\/v2\/coauthors?post=2630"}],"curies":[{"name":"wp","href":"https:\/\/api.w.org\/{rel}","templated":true}]}}