{"id":2626,"date":"2018-04-05T08:48:39","date_gmt":"2018-04-05T06:48:39","guid":{"rendered":"https:\/\/suomenash.upcloud-1.web-veistamo.fi\/?page_id=2626"},"modified":"2026-02-06T10:33:03","modified_gmt":"2026-02-06T08:33:03","slug":"tobakslagen","status":"publish","type":"page","link":"https:\/\/suomenash.fi\/sv\/tobakslagen\/","title":{"rendered":"Tobakslagen"},"content":{"rendered":"            <div class=\"main-and-sidebar-container\">\n                <div class=\"main-content\">\n                    <h1 class=\"page-title\">\n                        Tobakslagen                    <\/h1>\n                    \n<p><\/p>\n\n\n<p>Syftet med tobakslagen \u00e4r upph\u00f6rande av bruket av tobaks- och andra nikotinprodukter f\u00f6re \u00e5r 2030. Med \u00e5tg\u00e4rderna i tobakslagen f\u00f6rebyggs att bruk av tobaks- och nikotinprodukter inleds, st\u00f6ds avv\u00e4njning, samt skyddas befolkningen mot att uts\u00e4ttas f\u00f6r r\u00f6k och \u00e5nga fr\u00e5n dem.<\/p>\n<h2>I tobakslagen stadgas bland annat om:<\/h2>\n<ul>\n<li>bilder med h\u00e4lsovarningar p\u00e5 detaljhandelsf\u00f6rpackningar,<\/li>\n<li>tobaksf\u00f6rpackningarna kan inte ha f\u00f6r exempelt varum\u00e4rkes logotyper, och de m\u00e5ste ha bara en f\u00e4rg<\/li>\n<li>att tobaksprodukters karakteristiska smaker och dofter som f\u00e5tts till f\u00f6ljd av tillsatser \u00e4r f\u00f6rbjudna och f\u00f6rbudet g\u00e4ller ocks\u00e5 s\u00e5dana produkter som kunden kan anv\u00e4nda f\u00f6r att sj\u00e4lv \u00e4ndra tobaksprodukternas smak, till exempel smakkort,<\/li>\n<li>att elcigaretter j\u00e4mst\u00e4lls med \u00f6vriga tobaksprodukter,<\/li>\n<li>att det \u00e4r m\u00f6jligt att f\u00f6rbjuda r\u00f6kning p\u00e5 balkonger,<\/li>\n<li>att det blev en gr\u00e4ns p\u00e5 24 timmar f\u00f6r inf\u00f6rsel av tobaksprodukter (s\u00e5som snus) och nikotinv\u00e4tskor f\u00f6r elcigaretter fr\u00e5n andra \u00e4n EES-l\u00e4nder. Personen m\u00e5ste vistas \u00f6ver 24 timmar utanf\u00f6r Finlands gr\u00e4nser f\u00f6r att kunna f\u00f6ra in dessa produkter i landet.<\/li>\n<li>att gr\u00e4nsen f\u00f6r inf\u00f6rsel av snus och r\u00f6kfria nikotinprodukter, s\u00e5som nikotinportioner, \u00e4r 1 000 gram. Gr\u00e4nsen f\u00f6r cigaretter \u00e4r 200 cigaretter per dygn.<\/li>\n<li>att det \u00e4r f\u00f6rbjudet att r\u00f6ka i en bil d\u00e4r det finns barn under 15 \u00e5r.<\/li>\n<\/ul>\n<h2>I tobakslagen stadgas ocks\u00e5<\/h2>\n<ul>\n<li>om r\u00f6kf\u00f6rbud bland annat i offentliga lokaler och fortskaffningsmedel, p\u00e5 utomhuslekplatser och allm\u00e4nna badstr\u00e4nder, p\u00e5 arbetsplatser samt i n\u00e4rheten av skolor och daghem,<\/li>\n<li>att det \u00e4r f\u00f6rbjudet att h\u00e5lla tobaksprodukter synliga p\u00e5 detaljf\u00f6rs\u00e4ljningsst\u00e4llen (r\u00f6r inte tobaksaff\u00e4rer d\u00e4r produkter inte f\u00e5r synas ut\u00e5t),<\/li>\n<li>att det f\u00f6r unga under 18 \u00e5r \u00e4r f\u00f6rbjudet att \u00f6verl\u00e5ta, importera eller inneha tobaksprodukter och tobaksers\u00e4ttningar, s\u00e5som nikotinportioner och e-cigaretter,<\/li>\n<li>att det \u00e4r f\u00f6rbjudet att s\u00e4lja tobaksprodukter bland annat i daghem, skolor och l\u00e4roanstalter samt p\u00e5 deras g\u00e5rdsomr\u00e5den,<\/li>\n<li>att det \u00e4r f\u00f6rbjudet att marknadsf\u00f6ra alla slags tobaksprodukter.<\/li>\n<\/ul>                <\/div>\n\n                                    <div class=\"nostopalkki\">\n                                                <h4>Mot r\u00f6kfrihet<\/h4>\n<p><strong>Se videon:<\/strong> <a href=\"https:\/\/suomenash.fi\/sv\/vagen-mot-ett-rok-och-nikotinfritt-finland\/\">V\u00e4gen mot ett r\u00f6k- och nikotinfritt Finland<\/a><\/p>\n<p><strong>\u00c5r 1976<\/strong> godk\u00e4ndes en lag om \u00e5tg\u00e4rder f\u00f6r att minska r\u00f6kning.<\/p>\n<p><strong>\u00c5r 1977<\/strong> tr\u00e4dde tobakslagen i kraft den f\u00f6rsta mars.<\/p>\n<p><strong>\u00c5r 1978<\/strong> blev det f\u00f6rbjudet att g\u00f6ra reklam f\u00f6r r\u00f6kning och f\u00f6rpackningarna f\u00f6rs\u00e5gs med varningar om att r\u00f6kning \u00e4r skadlig f\u00f6r h\u00e4lsan.<\/p>\n<p><strong>\u00c5r 1995<\/strong> f\u00f6rbj\u00f6ds r\u00f6kning p\u00e5 arbetsplatser, men restaurangerna omfattades inte av lagen. Det var m\u00f6jligt att bygga ett separat r\u00f6krum p\u00e5 arbetsplatserna. \u00c5ldersgr\u00e4nsen f\u00f6r ink\u00f6p av tobak h\u00f6jdes fr\u00e5n 16 till 18 \u00e5r.<\/p>\n<p><strong>\u00c5r 2007<\/strong> blev restaurangerna r\u00f6kfria (\u00f6verg\u00e5ngsperiod till 2009). Det \u00e4r m\u00f6jligt att bygga ett r\u00f6krum med separat ventilation.<\/p>\n<p><strong>\u00c5r 2010<\/strong> st\u00e4lldes m\u00e5let att bruket av tobaksprodukter upph\u00f6r i Finland.<\/p>\n<p><strong>\u00c5r 2012<\/strong> tr\u00e4dde ett f\u00f6rbud mot att h\u00e5lla tobaksprodukter synliga p\u00e5 f\u00f6rs\u00e4ljningsst\u00e4llen i kraft.<\/p>\n<p><strong>\u00c5r 2016<\/strong> tr\u00e4dde en total reform av den 40 \u00e5r gamla tobakslagen i kraft. Lagen b\u00f6rjade omfatta ut\u00f6ver upph\u00f6randet av bruket av tobak \u00e4ven andra nikotinprodukter f\u00f6re \u00e5r 2030.<\/p>\n<p><strong>\u00c5r 2022<\/strong> r\u00f6kfria lekplatser och badstr\u00e4nder.<\/p>\n<p><strong>\u00c5r 2023<\/strong> tobaksf\u00f6rpackningarna kan inte ha f\u00f6r exempelt varum\u00e4rkes logotyper, och de m\u00e5ste ha bara en f\u00e4rg.<\/p>\n<p><strong>\u00c5r 2025<\/strong> togs nikotinportioner (vitt snus) under tobakslagens regler. Innehav av alla tobaksers\u00e4ttningar, s\u00e5som nikotinportioner och e-cigaretter, \u00e4r f\u00f6rbjudet f\u00f6r personer under 18 \u00e5r. Denna f\u00f6r\u00e4ndring underl\u00e4ttar skolornas m\u00f6jligheter att ingripa mot anv\u00e4ndning av dessa produkter. R\u00f6kfria nikotinprodukter, s\u00e5som nikotinportioner, f\u00e5r inte l\u00e4ngre s\u00e4ljas via internet.<\/p>\n<p><strong>\u00c5r 2026<\/strong> kommer nikotinm\u00e4ngden och smakerna i nikotinportioner att begr\u00e4nsas. Till\u00e5tna smaker \u00e4r f\u00f6rutom tobaks smaken \u00e4ven mint och mentol, och den h\u00f6gsta till\u00e5tna nikotinhalten \u00e4r 16,6 mg\/g. H\u00e4lsovarningar m\u00e5ste finnas p\u00e5 f\u00f6rpackningarna av r\u00f6kfria nikotinprodukter. Utseendet p\u00e5 r\u00f6kfria nikotinprodukter och deras f\u00f6rpackningar kommer att standardiseras.<\/p>\n                    <\/div>\n                            <\/div><!-- .main-and-sidebar-container -->\n        ","protected":false},"excerpt":{"rendered":"Tobakslagen Syftet med tobakslagen \u00e4r upph\u00f6rande av bruket av tobaks- och andra nikotinprodukter f\u00f6re \u00e5r 2030. Med \u00e5tg\u00e4rderna i tobakslagen&#8230; <a class=\"view-article\" href=\"https:\/\/suomenash.fi\/sv\/tobakslagen\/\">View Article<\/a>","protected":false},"author":8,"featured_media":2541,"parent":0,"menu_order":0,"comment_status":"closed","ping_status":"closed","template":"","meta":{"_acf_changed":false,"footnotes":""},"categories":[],"tags":[],"coauthors":[16],"class_list":["post-2626","page","type-page","status-publish","has-post-thumbnail","hentry"],"acf":[],"yoast_head":"<!-- This site is optimized with the Yoast SEO plugin v27.3 - https:\/\/yoast.com\/product\/yoast-seo-wordpress\/ -->\n<title>Tobakslagen - Suomen ASH ry | Suomen ASH ry<\/title>\n<meta name=\"robots\" content=\"index, follow, max-snippet:-1, max-image-preview:large, max-video-preview:-1\" \/>\n<link rel=\"canonical\" href=\"https:\/\/suomenash.fi\/sv\/tobakslagen\/\" \/>\n<meta property=\"og:locale\" content=\"sv_SE\" \/>\n<meta property=\"og:type\" content=\"article\" \/>\n<meta property=\"og:title\" content=\"Tobakslagen - Suomen ASH ry\" \/>\n<meta property=\"og:description\" content=\"Tobakslagen Syftet med tobakslagen \u00e4r upph\u00f6rande av bruket av tobaks- och andra nikotinprodukter f\u00f6re \u00e5r 2030. Med \u00e5tg\u00e4rderna i tobakslagen... View Article\" \/>\n<meta property=\"og:url\" content=\"https:\/\/suomenash.fi\/sv\/tobakslagen\/\" \/>\n<meta property=\"og:site_name\" content=\"Suomen ASH ry\" \/>\n<meta property=\"article:modified_time\" content=\"2026-02-06T08:33:03+00:00\" \/>\n<meta property=\"og:image\" content=\"https:\/\/suomenash.fi\/wp-content\/uploads\/2018\/03\/shutterstock_1029235531.jpg\" \/>\n\t<meta property=\"og:image:width\" content=\"2000\" \/>\n\t<meta property=\"og:image:height\" content=\"1333\" \/>\n\t<meta property=\"og:image:type\" content=\"image\/jpeg\" \/>\n<meta name=\"twitter:card\" content=\"summary_large_image\" \/>\n<meta name=\"twitter:label1\" content=\"Ber\u00e4knad l\u00e4stid\" \/>\n\t<meta name=\"twitter:data1\" content=\"2 minuter\" \/>\n\t<meta name=\"twitter:label2\" content=\"Skriven av\" \/>\n\t<meta name=\"twitter:data2\" content=\"Pirjo\" \/>\n<script type=\"application\/ld+json\" class=\"yoast-schema-graph\">{\"@context\":\"https:\\\/\\\/schema.org\",\"@graph\":[{\"@type\":\"WebPage\",\"@id\":\"https:\\\/\\\/suomenash.fi\\\/sv\\\/tobakslagen\\\/\",\"url\":\"https:\\\/\\\/suomenash.fi\\\/sv\\\/tobakslagen\\\/\",\"name\":\"Tobakslagen - Suomen ASH ry\",\"isPartOf\":{\"@id\":\"https:\\\/\\\/suomenash.fi\\\/#website\"},\"primaryImageOfPage\":{\"@id\":\"https:\\\/\\\/suomenash.fi\\\/sv\\\/tobakslagen\\\/#primaryimage\"},\"image\":{\"@id\":\"https:\\\/\\\/suomenash.fi\\\/sv\\\/tobakslagen\\\/#primaryimage\"},\"thumbnailUrl\":\"https:\\\/\\\/suomenash.fi\\\/wp-content\\\/uploads\\\/2018\\\/03\\\/shutterstock_1029235531.jpg\",\"datePublished\":\"2018-04-05T06:48:39+00:00\",\"dateModified\":\"2026-02-06T08:33:03+00:00\",\"breadcrumb\":{\"@id\":\"https:\\\/\\\/suomenash.fi\\\/sv\\\/tobakslagen\\\/#breadcrumb\"},\"inLanguage\":\"sv-SE\",\"potentialAction\":[{\"@type\":\"ReadAction\",\"target\":[\"https:\\\/\\\/suomenash.fi\\\/sv\\\/tobakslagen\\\/\"]}]},{\"@type\":\"ImageObject\",\"inLanguage\":\"sv-SE\",\"@id\":\"https:\\\/\\\/suomenash.fi\\\/sv\\\/tobakslagen\\\/#primaryimage\",\"url\":\"https:\\\/\\\/suomenash.fi\\\/wp-content\\\/uploads\\\/2018\\\/03\\\/shutterstock_1029235531.jpg\",\"contentUrl\":\"https:\\\/\\\/suomenash.fi\\\/wp-content\\\/uploads\\\/2018\\\/03\\\/shutterstock_1029235531.jpg\",\"width\":2000,\"height\":1333},{\"@type\":\"BreadcrumbList\",\"@id\":\"https:\\\/\\\/suomenash.fi\\\/sv\\\/tobakslagen\\\/#breadcrumb\",\"itemListElement\":[{\"@type\":\"ListItem\",\"position\":1,\"name\":\"Home\",\"item\":\"https:\\\/\\\/suomenash.fi\\\/sv\\\/\"},{\"@type\":\"ListItem\",\"position\":2,\"name\":\"Tobakslagen\"}]},{\"@type\":\"WebSite\",\"@id\":\"https:\\\/\\\/suomenash.fi\\\/#website\",\"url\":\"https:\\\/\\\/suomenash.fi\\\/\",\"name\":\"Suomen ASH ry\",\"description\":\"Just another WordPress site\",\"potentialAction\":[{\"@type\":\"SearchAction\",\"target\":{\"@type\":\"EntryPoint\",\"urlTemplate\":\"https:\\\/\\\/suomenash.fi\\\/?s={search_term_string}\"},\"query-input\":{\"@type\":\"PropertyValueSpecification\",\"valueRequired\":true,\"valueName\":\"search_term_string\"}}],\"inLanguage\":\"sv-SE\"}]}<\/script>\n<!-- \/ Yoast SEO plugin. -->","yoast_head_json":{"title":"Tobakslagen - Suomen ASH ry | Suomen ASH ry","robots":{"index":"index","follow":"follow","max-snippet":"max-snippet:-1","max-image-preview":"max-image-preview:large","max-video-preview":"max-video-preview:-1"},"canonical":"https:\/\/suomenash.fi\/sv\/tobakslagen\/","og_locale":"sv_SE","og_type":"article","og_title":"Tobakslagen - Suomen ASH ry","og_description":"Tobakslagen Syftet med tobakslagen \u00e4r upph\u00f6rande av bruket av tobaks- och andra nikotinprodukter f\u00f6re \u00e5r 2030. Med \u00e5tg\u00e4rderna i tobakslagen... View Article","og_url":"https:\/\/suomenash.fi\/sv\/tobakslagen\/","og_site_name":"Suomen ASH ry","article_modified_time":"2026-02-06T08:33:03+00:00","og_image":[{"width":2000,"height":1333,"url":"https:\/\/suomenash.fi\/wp-content\/uploads\/2018\/03\/shutterstock_1029235531.jpg","type":"image\/jpeg"}],"twitter_card":"summary_large_image","twitter_misc":{"Ber\u00e4knad l\u00e4stid":"2 minuter","Skriven av":"Pirjo"},"schema":{"@context":"https:\/\/schema.org","@graph":[{"@type":"WebPage","@id":"https:\/\/suomenash.fi\/sv\/tobakslagen\/","url":"https:\/\/suomenash.fi\/sv\/tobakslagen\/","name":"Tobakslagen - Suomen ASH ry","isPartOf":{"@id":"https:\/\/suomenash.fi\/#website"},"primaryImageOfPage":{"@id":"https:\/\/suomenash.fi\/sv\/tobakslagen\/#primaryimage"},"image":{"@id":"https:\/\/suomenash.fi\/sv\/tobakslagen\/#primaryimage"},"thumbnailUrl":"https:\/\/suomenash.fi\/wp-content\/uploads\/2018\/03\/shutterstock_1029235531.jpg","datePublished":"2018-04-05T06:48:39+00:00","dateModified":"2026-02-06T08:33:03+00:00","breadcrumb":{"@id":"https:\/\/suomenash.fi\/sv\/tobakslagen\/#breadcrumb"},"inLanguage":"sv-SE","potentialAction":[{"@type":"ReadAction","target":["https:\/\/suomenash.fi\/sv\/tobakslagen\/"]}]},{"@type":"ImageObject","inLanguage":"sv-SE","@id":"https:\/\/suomenash.fi\/sv\/tobakslagen\/#primaryimage","url":"https:\/\/suomenash.fi\/wp-content\/uploads\/2018\/03\/shutterstock_1029235531.jpg","contentUrl":"https:\/\/suomenash.fi\/wp-content\/uploads\/2018\/03\/shutterstock_1029235531.jpg","width":2000,"height":1333},{"@type":"BreadcrumbList","@id":"https:\/\/suomenash.fi\/sv\/tobakslagen\/#breadcrumb","itemListElement":[{"@type":"ListItem","position":1,"name":"Home","item":"https:\/\/suomenash.fi\/sv\/"},{"@type":"ListItem","position":2,"name":"Tobakslagen"}]},{"@type":"WebSite","@id":"https:\/\/suomenash.fi\/#website","url":"https:\/\/suomenash.fi\/","name":"Suomen ASH ry","description":"Just another WordPress site","potentialAction":[{"@type":"SearchAction","target":{"@type":"EntryPoint","urlTemplate":"https:\/\/suomenash.fi\/?s={search_term_string}"},"query-input":{"@type":"PropertyValueSpecification","valueRequired":true,"valueName":"search_term_string"}}],"inLanguage":"sv-SE"}]}},"_links":{"self":[{"href":"https:\/\/suomenash.fi\/sv\/wp-json\/wp\/v2\/pages\/2626","targetHints":{"allow":["GET"]}}],"collection":[{"href":"https:\/\/suomenash.fi\/sv\/wp-json\/wp\/v2\/pages"}],"about":[{"href":"https:\/\/suomenash.fi\/sv\/wp-json\/wp\/v2\/types\/page"}],"author":[{"embeddable":true,"href":"https:\/\/suomenash.fi\/sv\/wp-json\/wp\/v2\/users\/8"}],"replies":[{"embeddable":true,"href":"https:\/\/suomenash.fi\/sv\/wp-json\/wp\/v2\/comments?post=2626"}],"version-history":[{"count":9,"href":"https:\/\/suomenash.fi\/sv\/wp-json\/wp\/v2\/pages\/2626\/revisions"}],"predecessor-version":[{"id":23760,"href":"https:\/\/suomenash.fi\/sv\/wp-json\/wp\/v2\/pages\/2626\/revisions\/23760"}],"wp:featuredmedia":[{"embeddable":true,"href":"https:\/\/suomenash.fi\/sv\/wp-json\/wp\/v2\/media\/2541"}],"wp:attachment":[{"href":"https:\/\/suomenash.fi\/sv\/wp-json\/wp\/v2\/media?parent=2626"}],"wp:term":[{"taxonomy":"category","embeddable":true,"href":"https:\/\/suomenash.fi\/sv\/wp-json\/wp\/v2\/categories?post=2626"},{"taxonomy":"post_tag","embeddable":true,"href":"https:\/\/suomenash.fi\/sv\/wp-json\/wp\/v2\/tags?post=2626"},{"taxonomy":"author","embeddable":true,"href":"https:\/\/suomenash.fi\/sv\/wp-json\/wp\/v2\/coauthors?post=2626"}],"curies":[{"name":"wp","href":"https:\/\/api.w.org\/{rel}","templated":true}]}}