{"id":2619,"date":"2018-04-05T08:26:22","date_gmt":"2018-04-05T06:26:22","guid":{"rendered":"https:\/\/suomenash.upcloud-1.web-veistamo.fi\/?page_id=2619"},"modified":"2024-03-26T09:57:58","modified_gmt":"2024-03-26T07:57:58","slug":"2619-2","status":"publish","type":"page","link":"https:\/\/suomenash.fi\/sv\/2619-2\/","title":{"rendered":"Tobaksaccis"},"content":{"rendered":"            <div class=\"main-and-sidebar-container\">\n                <div class=\"main-content\">\n                    <h1 class=\"page-title\">\n                        Tobaksaccis                    <\/h1>\n                    \n<p><\/p>\n\n\n<p>M\u00e5let med lagen om tobaksaccis \u00e4r ocks\u00e5 att fr\u00e4mja tobakslagens h\u00e4lsopolitiska m\u00e5l. Tobaksaccis uppb\u00e4rs p\u00e5 cigaretter, cigarrer, cigariller och l\u00f6stobak samt p\u00e5 \u00f6vriga produkter som inneh\u00e5ller tobak och cigarrettpapper. Fr\u00e5n b\u00f6rjan av 2017 har tobaksaccisen omfattat \u00e4ven nikotinhaltiga och nikotinfria v\u00e4tskor f\u00f6r elcigaretter.<\/p>\n<p>\u00c5r 2018 \u00e4ndrades skattestrukturen f\u00f6r cigarrer s\u00e5 att den skulle vara likadan som f\u00f6r de \u00f6vriga tobaksprodukterna. Nu uppb\u00e4rs f\u00f6r cigarrer f\u00f6rutom v\u00e4rdeaccis \u00e4ven enhetsaccis.&nbsp; Syftet \u00e4r att den eurom\u00e4ssiga accisniv\u00e5n f\u00f6r cigarrer ska vara minst p\u00e5 samma niv\u00e5 som accisniv\u00e5n f\u00f6r de billiga cigaretterna.<\/p>\n<p>Tobaksskatten har h\u00f6jts regelbundet de senaste \u00e5ren, tv\u00e5 g\u00e5nger om \u00e5ret. Enligt premi\u00e4rminister Petteri Orpos regeringsprogram kommer skatteh\u00f6jningarna att forts\u00e4tta med totalt 100 miljoner euro under regeringsperioden 2023\u20132027. Skatteh\u00f6jningarna kommer att genomf\u00f6ras mot slutet av regeringsperioden. Det \u00e4r inte planerat med skatteh\u00f6jningar i b\u00f6rjan av regeringsperioden, det vill s\u00e4ga under \u00e5ren 2024\u20132025.<\/p>\n<h2>Accisint\u00e4kten \u00f6kar<\/h2>\n<p>M\u00e4ngden skatter som betalas p\u00e5 tobak har \u00f6kat stadigt de senaste \u00e5ren. Detta beror p\u00e5 skatteh\u00f6jningar, trots att r\u00f6kningen har minskat. \u00c5r 2023 uppskattar finansministeriet att tobaksskatten kommer att generera 1 215 miljoner euro.<\/p>\n<p>Passagerarinf\u00f6rseln st\u00e4vjas av begr\u00e4nsningen som grundar sig p\u00e5 tobakslagens varningsm\u00e4rkningar, enligt vilken en resen\u00e4r till Finland f\u00e5r inf\u00f6ra h\u00f6gst 200 stycken s\u00e5dana cigaretter som saknar varningar p\u00e5 finska och svenska och varnande bilder.<\/p>\n<h2>Stora skillnader mellan EU-l\u00e4nderna<\/h2>\n<p>Det finns betydande skillnader mellan EU-l\u00e4nderna i niv\u00e5n p\u00e5 tobaksaccisen och priserna p\u00e5 tobaksprodukter, \u00e4ven om tobaksaccisen har f\u00f6renhetligats med tobaksaccisdirektivet. Skillnaderna \u00e4r s\u00e4rskilt stora i grannl\u00e4nderna, s\u00e4rskilt i norra och v\u00e4stra Europa. Priset p\u00e5 en tobaksask varierar fr\u00e5n drygt 2 euro till \u00f6ver 12 euro.<\/p>\n<p>I Finland var genomsnittspriset p\u00e5 cigaretter det tredje h\u00f6gsta i EU \u00e5r 2020. Andelen skatter i cigaretternas pris var den n\u00e4st h\u00f6gsta i EU. Skillnaderna i skatterna och skattestrukturen f\u00f6r andra tobaksprodukter \u00e4r \u00e4nnu st\u00f6rre mellan medlemsl\u00e4nderna i Europeiska unionen.<\/p>\n<p>Nikotinp\u00e5sar beskattas i Sverige, Danmark, Estland, Lettland, Ungern och Italien. De h\u00f6gsta skatterna finns f\u00f6r n\u00e4rvarande i Estland och Lettland.<\/p>                <\/div>\n\n                                    <div class=\"nostopalkki\">\n                                                <h4>Visste du?<\/h4>\n<ul>\n<li>V\u00e4rldsh\u00e4lsoorganisationen WHO och V\u00e4rldsbanken rekommenderar att tobaksaccisen h\u00f6js. Enligt dem \u00e4r det effektivaste s\u00e4ttet att minska f\u00f6rbrukningen av tobaksprodukter att h\u00f6ja tobaksaccisen.<\/li>\n<li>Ett h\u00f6gt pris p\u00e5 tobaksprodukter f\u00f6rebygger att man b\u00f6rjar r\u00f6ka, \u00f6kar f\u00f6rs\u00f6ken att sluta r\u00f6ka och minskar h\u00e4lsoskillnaderna mellan befolkningsgrupperna.<\/li>\n<li>Enligt V\u00e4rldsbanken borde man inom tobaksbeskattningen fr\u00e4mst beakta hur accisniv\u00e5n p\u00e5verkar h\u00e4lsan.<\/li>\n<\/ul>\n                    <\/div>\n                            <\/div><!-- .main-and-sidebar-container -->\n        ","protected":false},"excerpt":{"rendered":"Tobaksaccis M\u00e5let med lagen om tobaksaccis \u00e4r ocks\u00e5 att fr\u00e4mja tobakslagens h\u00e4lsopolitiska m\u00e5l. Tobaksaccis uppb\u00e4rs p\u00e5 cigaretter, cigarrer, cigariller och&#8230; <a class=\"view-article\" href=\"https:\/\/suomenash.fi\/sv\/2619-2\/\">View Article<\/a>","protected":false},"author":8,"featured_media":1787,"parent":0,"menu_order":0,"comment_status":"closed","ping_status":"closed","template":"","meta":{"_acf_changed":false,"footnotes":""},"categories":[],"tags":[],"coauthors":[16],"class_list":["post-2619","page","type-page","status-publish","has-post-thumbnail","hentry"],"acf":[],"yoast_head":"<!-- This site is optimized with the Yoast SEO plugin v27.3 - https:\/\/yoast.com\/product\/yoast-seo-wordpress\/ -->\n<title>Tobaksaccis - Suomen ASH ry | Suomen ASH ry<\/title>\n<meta name=\"robots\" content=\"index, follow, max-snippet:-1, max-image-preview:large, max-video-preview:-1\" \/>\n<link rel=\"canonical\" href=\"https:\/\/suomenash.fi\/sv\/2619-2\/\" \/>\n<meta property=\"og:locale\" content=\"sv_SE\" \/>\n<meta property=\"og:type\" content=\"article\" \/>\n<meta property=\"og:title\" content=\"Tobaksaccis - Suomen ASH ry\" \/>\n<meta property=\"og:description\" content=\"Tobaksaccis M\u00e5let med lagen om tobaksaccis \u00e4r ocks\u00e5 att fr\u00e4mja tobakslagens h\u00e4lsopolitiska m\u00e5l. Tobaksaccis uppb\u00e4rs p\u00e5 cigaretter, cigarrer, cigariller och... View Article\" \/>\n<meta property=\"og:url\" content=\"https:\/\/suomenash.fi\/sv\/2619-2\/\" \/>\n<meta property=\"og:site_name\" content=\"Suomen ASH ry\" \/>\n<meta property=\"article:modified_time\" content=\"2024-03-26T07:57:58+00:00\" \/>\n<meta property=\"og:image\" content=\"https:\/\/suomenash.fi\/wp-content\/uploads\/2018\/01\/Suomen-ASH_tupakkavero.jpg\" \/>\n\t<meta property=\"og:image:width\" content=\"1600\" \/>\n\t<meta property=\"og:image:height\" content=\"1200\" \/>\n\t<meta property=\"og:image:type\" content=\"image\/jpeg\" \/>\n<meta name=\"twitter:card\" content=\"summary_large_image\" \/>\n<meta name=\"twitter:label1\" content=\"Ber\u00e4knad l\u00e4stid\" \/>\n\t<meta name=\"twitter:data1\" content=\"2 minuter\" \/>\n\t<meta name=\"twitter:label2\" content=\"Skriven av\" \/>\n\t<meta name=\"twitter:data2\" content=\"Pirjo\" \/>\n<script type=\"application\/ld+json\" class=\"yoast-schema-graph\">{\"@context\":\"https:\\\/\\\/schema.org\",\"@graph\":[{\"@type\":\"WebPage\",\"@id\":\"https:\\\/\\\/suomenash.fi\\\/sv\\\/2619-2\\\/\",\"url\":\"https:\\\/\\\/suomenash.fi\\\/sv\\\/2619-2\\\/\",\"name\":\"Tobaksaccis - Suomen ASH ry\",\"isPartOf\":{\"@id\":\"https:\\\/\\\/suomenash.fi\\\/#website\"},\"primaryImageOfPage\":{\"@id\":\"https:\\\/\\\/suomenash.fi\\\/sv\\\/2619-2\\\/#primaryimage\"},\"image\":{\"@id\":\"https:\\\/\\\/suomenash.fi\\\/sv\\\/2619-2\\\/#primaryimage\"},\"thumbnailUrl\":\"https:\\\/\\\/suomenash.fi\\\/wp-content\\\/uploads\\\/2018\\\/01\\\/Suomen-ASH_tupakkavero.jpg\",\"datePublished\":\"2018-04-05T06:26:22+00:00\",\"dateModified\":\"2024-03-26T07:57:58+00:00\",\"breadcrumb\":{\"@id\":\"https:\\\/\\\/suomenash.fi\\\/sv\\\/2619-2\\\/#breadcrumb\"},\"inLanguage\":\"sv-SE\",\"potentialAction\":[{\"@type\":\"ReadAction\",\"target\":[\"https:\\\/\\\/suomenash.fi\\\/sv\\\/2619-2\\\/\"]}]},{\"@type\":\"ImageObject\",\"inLanguage\":\"sv-SE\",\"@id\":\"https:\\\/\\\/suomenash.fi\\\/sv\\\/2619-2\\\/#primaryimage\",\"url\":\"https:\\\/\\\/suomenash.fi\\\/wp-content\\\/uploads\\\/2018\\\/01\\\/Suomen-ASH_tupakkavero.jpg\",\"contentUrl\":\"https:\\\/\\\/suomenash.fi\\\/wp-content\\\/uploads\\\/2018\\\/01\\\/Suomen-ASH_tupakkavero.jpg\",\"width\":1600,\"height\":1200},{\"@type\":\"BreadcrumbList\",\"@id\":\"https:\\\/\\\/suomenash.fi\\\/sv\\\/2619-2\\\/#breadcrumb\",\"itemListElement\":[{\"@type\":\"ListItem\",\"position\":1,\"name\":\"Home\",\"item\":\"https:\\\/\\\/suomenash.fi\\\/sv\\\/\"},{\"@type\":\"ListItem\",\"position\":2,\"name\":\"Tobaksaccis\"}]},{\"@type\":\"WebSite\",\"@id\":\"https:\\\/\\\/suomenash.fi\\\/#website\",\"url\":\"https:\\\/\\\/suomenash.fi\\\/\",\"name\":\"Suomen ASH ry\",\"description\":\"Just another WordPress site\",\"potentialAction\":[{\"@type\":\"SearchAction\",\"target\":{\"@type\":\"EntryPoint\",\"urlTemplate\":\"https:\\\/\\\/suomenash.fi\\\/?s={search_term_string}\"},\"query-input\":{\"@type\":\"PropertyValueSpecification\",\"valueRequired\":true,\"valueName\":\"search_term_string\"}}],\"inLanguage\":\"sv-SE\"}]}<\/script>\n<!-- \/ Yoast SEO plugin. -->","yoast_head_json":{"title":"Tobaksaccis - Suomen ASH ry | Suomen ASH ry","robots":{"index":"index","follow":"follow","max-snippet":"max-snippet:-1","max-image-preview":"max-image-preview:large","max-video-preview":"max-video-preview:-1"},"canonical":"https:\/\/suomenash.fi\/sv\/2619-2\/","og_locale":"sv_SE","og_type":"article","og_title":"Tobaksaccis - Suomen ASH ry","og_description":"Tobaksaccis M\u00e5let med lagen om tobaksaccis \u00e4r ocks\u00e5 att fr\u00e4mja tobakslagens h\u00e4lsopolitiska m\u00e5l. Tobaksaccis uppb\u00e4rs p\u00e5 cigaretter, cigarrer, cigariller och... View Article","og_url":"https:\/\/suomenash.fi\/sv\/2619-2\/","og_site_name":"Suomen ASH ry","article_modified_time":"2024-03-26T07:57:58+00:00","og_image":[{"width":1600,"height":1200,"url":"https:\/\/suomenash.fi\/wp-content\/uploads\/2018\/01\/Suomen-ASH_tupakkavero.jpg","type":"image\/jpeg"}],"twitter_card":"summary_large_image","twitter_misc":{"Ber\u00e4knad l\u00e4stid":"2 minuter","Skriven av":"Pirjo"},"schema":{"@context":"https:\/\/schema.org","@graph":[{"@type":"WebPage","@id":"https:\/\/suomenash.fi\/sv\/2619-2\/","url":"https:\/\/suomenash.fi\/sv\/2619-2\/","name":"Tobaksaccis - Suomen ASH ry","isPartOf":{"@id":"https:\/\/suomenash.fi\/#website"},"primaryImageOfPage":{"@id":"https:\/\/suomenash.fi\/sv\/2619-2\/#primaryimage"},"image":{"@id":"https:\/\/suomenash.fi\/sv\/2619-2\/#primaryimage"},"thumbnailUrl":"https:\/\/suomenash.fi\/wp-content\/uploads\/2018\/01\/Suomen-ASH_tupakkavero.jpg","datePublished":"2018-04-05T06:26:22+00:00","dateModified":"2024-03-26T07:57:58+00:00","breadcrumb":{"@id":"https:\/\/suomenash.fi\/sv\/2619-2\/#breadcrumb"},"inLanguage":"sv-SE","potentialAction":[{"@type":"ReadAction","target":["https:\/\/suomenash.fi\/sv\/2619-2\/"]}]},{"@type":"ImageObject","inLanguage":"sv-SE","@id":"https:\/\/suomenash.fi\/sv\/2619-2\/#primaryimage","url":"https:\/\/suomenash.fi\/wp-content\/uploads\/2018\/01\/Suomen-ASH_tupakkavero.jpg","contentUrl":"https:\/\/suomenash.fi\/wp-content\/uploads\/2018\/01\/Suomen-ASH_tupakkavero.jpg","width":1600,"height":1200},{"@type":"BreadcrumbList","@id":"https:\/\/suomenash.fi\/sv\/2619-2\/#breadcrumb","itemListElement":[{"@type":"ListItem","position":1,"name":"Home","item":"https:\/\/suomenash.fi\/sv\/"},{"@type":"ListItem","position":2,"name":"Tobaksaccis"}]},{"@type":"WebSite","@id":"https:\/\/suomenash.fi\/#website","url":"https:\/\/suomenash.fi\/","name":"Suomen ASH ry","description":"Just another WordPress site","potentialAction":[{"@type":"SearchAction","target":{"@type":"EntryPoint","urlTemplate":"https:\/\/suomenash.fi\/?s={search_term_string}"},"query-input":{"@type":"PropertyValueSpecification","valueRequired":true,"valueName":"search_term_string"}}],"inLanguage":"sv-SE"}]}},"_links":{"self":[{"href":"https:\/\/suomenash.fi\/sv\/wp-json\/wp\/v2\/pages\/2619","targetHints":{"allow":["GET"]}}],"collection":[{"href":"https:\/\/suomenash.fi\/sv\/wp-json\/wp\/v2\/pages"}],"about":[{"href":"https:\/\/suomenash.fi\/sv\/wp-json\/wp\/v2\/types\/page"}],"author":[{"embeddable":true,"href":"https:\/\/suomenash.fi\/sv\/wp-json\/wp\/v2\/users\/8"}],"replies":[{"embeddable":true,"href":"https:\/\/suomenash.fi\/sv\/wp-json\/wp\/v2\/comments?post=2619"}],"version-history":[{"count":11,"href":"https:\/\/suomenash.fi\/sv\/wp-json\/wp\/v2\/pages\/2619\/revisions"}],"predecessor-version":[{"id":19980,"href":"https:\/\/suomenash.fi\/sv\/wp-json\/wp\/v2\/pages\/2619\/revisions\/19980"}],"wp:featuredmedia":[{"embeddable":true,"href":"https:\/\/suomenash.fi\/sv\/wp-json\/wp\/v2\/media\/1787"}],"wp:attachment":[{"href":"https:\/\/suomenash.fi\/sv\/wp-json\/wp\/v2\/media?parent=2619"}],"wp:term":[{"taxonomy":"category","embeddable":true,"href":"https:\/\/suomenash.fi\/sv\/wp-json\/wp\/v2\/categories?post=2619"},{"taxonomy":"post_tag","embeddable":true,"href":"https:\/\/suomenash.fi\/sv\/wp-json\/wp\/v2\/tags?post=2619"},{"taxonomy":"author","embeddable":true,"href":"https:\/\/suomenash.fi\/sv\/wp-json\/wp\/v2\/coauthors?post=2619"}],"curies":[{"name":"wp","href":"https:\/\/api.w.org\/{rel}","templated":true}]}}