{"id":2615,"date":"2018-04-05T08:16:56","date_gmt":"2018-04-05T06:16:56","guid":{"rendered":"https:\/\/suomenash.upcloud-1.web-veistamo.fi\/?page_id=2615"},"modified":"2024-04-08T12:53:30","modified_gmt":"2024-04-08T09:53:30","slug":"utvecklingen-i-finland","status":"publish","type":"page","link":"https:\/\/suomenash.fi\/sv\/utvecklingen-i-finland\/","title":{"rendered":"Utvecklingen i Finland"},"content":{"rendered":"            <div class=\"main-and-sidebar-container\">\n                <div class=\"main-content\">\n                    <h1 class=\"page-title\">\n                        Utvecklingen i Finland                    <\/h1>\n                    \n<p><\/p>\n\n\n<p>Enligt Institutet f\u00f6r h\u00e4lsa och v\u00e4lf\u00e4rds ber\u00e4kningar orsakar d\u00f6dsfall p\u00e5 grund av r\u00f6kning, sjukpensioner, sjukfr\u00e5nvaro och r\u00f6kpauser beroende p\u00e5 ber\u00e4kningss\u00e4tt kostnader p\u00e5 535,8\u2013829,5 miljoner euro. Ol\u00e4genheterna som r\u00f6kning orsakar samh\u00e4llet uppg\u00e5r sammanlagt till uppskattningsvis 1,3 miljarder euro per \u00e5r.<\/p>\n<p>Syftet med tobakslagen \u00e4r att avsluta anv\u00e4ndningen av tobak och andra nikotinprodukter fram till 2030.<\/p>\n<p>Finland \u00e4r det enda landet i v\u00e4rlden som s\u00e4tter upp denna typ av m\u00e5l i lagstiftningen. Visionen om tobaksfritt Finland \u00e4r genomf\u00f6rbart \u00a0eftersom finl\u00e4ndarna v\u00e4rderar en r\u00f6kfri livsmilj\u00f6.<\/p>\n<p>Social- och h\u00e4lsov\u00e5rdsministeriets utvecklingsarbetsgrupp f\u00f6r tobaks- och nikotinpolitiken har f\u00f6resl\u00e5tt i 2023 \u00e5tg\u00e4rder med vilka man f\u00e5r ett slut p\u00e5 anv\u00e4ndningen av tobaks- och \u00f6vriga nikotinprodukter i Finland f\u00f6re \u00e5r 2030. De f\u00f6reslagna \u00e5tg\u00e4rderna ska b\u00f6rja vidtas planm\u00e4ssigt redan i b\u00f6rjan av n\u00e4sta valperiod. Arbetet f\u00f6r ett r\u00f6kfritt Finland ska enligt arbetsgruppen forts\u00e4tta planm\u00e4ssigt \u00e4ven under de kommande regeringsperioderna.<\/p>\n<p><strong>L\u00e4s ocks\u00e5 <\/strong><a href=\"https:\/\/suomenash.fi\/sv\/ny-vagkarta-tobaks-och-nikotinpolitiken-finland\/\">\u00a0V\u00e4gkartan f\u00f6r tobakspolitiken<\/a><\/p>\n<h4>Uppn\u00e5endet av m\u00e5len<\/h4>\n<p>M\u00e5let med Finlands tobakslagstiftning \u00e4r att h\u00f6gst fem procent av befolkningen ska anv\u00e4nda tobaks- eller nikotinprodukter (exkl. nikotiners\u00e4ttningsprodukter) \u00e5r 2030. Enligt en modelleringsstudie publicerad av Institutet f\u00f6r h\u00e4lsa och v\u00e4lf\u00e4rd kommer det nuvarande \u00e5tg\u00e4rdspaketet inte att n\u00e5 m\u00e5let bland vuxna i \u00e5ldern 20\u201364 \u00e5r.<\/p>\n<p>Prognosen antyder att, med den nuvarande prisutvecklingen, kommer kvinnor att n\u00e5 den femprocentiga m\u00e5ls\u00e4ttningen \u00e5r 2038, medan m\u00e4nnen inte kommer att uppn\u00e5 m\u00e5let f\u00f6rr\u00e4n \u00e5r 2040. Skillnaden mellan m\u00e4n och kvinnor beror fr\u00e4mst p\u00e5 att m\u00e4nnen anv\u00e4nder snus i st\u00f6rre utstr\u00e4ckning.<\/p>\n<p>Pris\u00f6kningar har bevisats vara en av de mest betydande \u00e5tg\u00e4rderna f\u00f6r att minska r\u00f6kning och oj\u00e4mlikheter i r\u00f6kvanor mellan olika befolkningsgrupper. Om prish\u00f6jningstakten f\u00f6rdubblas j\u00e4mf\u00f6rt med nuvarande takt, enligt prognosen, skulle tobakslagens m\u00e5l kunna uppn\u00e5s f\u00f6r m\u00e4n \u00e5r 2035 och f\u00f6r kvinnor \u00e5r 2030.<\/p>\n<p>Forskarna understryker att ytterligare \u00e5tg\u00e4rder ocks\u00e5 beh\u00f6vs f\u00f6r att f\u00f6rebygga och minska b\u00f6rjan av tobaks- och andra nikotinprodukter. De\u00a0f\u00f6resl\u00e5r bland annat att h\u00f6ja priserna p\u00e5 tobaks- och nikotinprodukter snabbare \u00e4n nuvarande takt, h\u00f6ja \u00e5ldersgr\u00e4nsen f\u00f6r ink\u00f6p till 20 \u00e5r och vidta andra \u00e5tg\u00e4rder f\u00f6r att minska tillg\u00e5ngen, s\u00e5som en betydande minskning av f\u00f6rs\u00e4ljningsst\u00e4llen.<\/p>                <\/div>\n\n                                    <div class=\"nostopalkki\">\n                                                <h4>Visste du?<\/h4>\n<ul>\n<li>Med endgame avser man ett m\u00e5l med vilket man efterstr\u00e4var att bruket av tobaksprodukter upph\u00f6r. I Finland r\u00f6r m\u00e5let \u00e4ven att bruket av andra nikotinprodukter upph\u00f6r.<\/li>\n<li>Termen anv\u00e4ndes f\u00f6r f\u00f6rsta g\u00e5ngen i b\u00f6rjan av 2000-talet i en artikel d\u00e4r man reflekterade \u00f6ver tobakspolitikens framtid.<\/li>\n<li>Endgame blev m\u00e5let f\u00f6r Finlands tobakslag \u00e5r 2010. \u00c5r 2016 b\u00f6rjade m\u00e5let omfatta \u00e4ven andra nikotinprodukter.<\/li>\n<li>Internationellt sett endgame-t\u00e4nkandet snabbt blev vanligare under 2010-talet.<\/li>\n<\/ul>\n<h5><strong>L\u00e4s mer: <\/strong><\/h5>\n<p>Blogg (2.4.2024): <a href=\"https:\/\/suomenash.fi\/sv\/reglering-av-vitt-snus-i-finland\/\">Reglering av vitt snus i Finland<\/a><\/p>\n<p>Social- och h\u00e4lsov\u00e5rdsministeriet (12.4.2023): <a href=\"https:\/\/suomenash.fi\/wp-content\/uploads\/2023\/04\/STM_2023_13_rap.pdf\">Utveckling av tobaks- och nikotinpolitiken: \u00c5tg\u00e4rdsf\u00f6rslag av arbetsgruppen 2023<\/a> (pdf)<\/p>\n<p>Yhteiskuntapolitiikka (2023): <a href=\"https:\/\/www.julkari.fi\/handle\/10024\/147934\" target=\"_blank\" rel=\"noopener\">Saavutetaanko tupakkalain tavoite? Mallinnustutkimus aikuisv\u00e4est\u00f6ss\u00e4.<\/a> (Uppn\u00e5s m\u00e5let f\u00f6r tobakslagen? En modelleringsstudie bland vuxenbefolkningen; p\u00e5 Finska endast)<\/p>\n<p>Institutet f\u00f6r h\u00e4lsa och v\u00e4lf\u00e4rd: <a href=\"https:\/\/julkaisut.valtioneuvosto.fi\/handle\/10024\/164844baksstatistik2022_f\u00f6rstasida%2btabellbilagor.pdf?sequence=11&amp;isAllowed=y\" target=\"_blank\" rel=\"noopener\">Tobaksstatistik 2022<\/a> (pdf)<\/p>\n                    <\/div>\n                            <\/div><!-- .main-and-sidebar-container -->\n        ","protected":false},"excerpt":{"rendered":"Utvecklingen i Finland Enligt Institutet f\u00f6r h\u00e4lsa och v\u00e4lf\u00e4rds ber\u00e4kningar orsakar d\u00f6dsfall p\u00e5 grund av r\u00f6kning, sjukpensioner, sjukfr\u00e5nvaro och r\u00f6kpauser&#8230; <a class=\"view-article\" href=\"https:\/\/suomenash.fi\/sv\/utvecklingen-i-finland\/\">View Article<\/a>","protected":false},"author":8,"featured_media":2526,"parent":0,"menu_order":0,"comment_status":"closed","ping_status":"closed","template":"","meta":{"_acf_changed":false,"footnotes":""},"categories":[],"tags":[],"coauthors":[16],"class_list":["post-2615","page","type-page","status-publish","has-post-thumbnail","hentry"],"acf":[],"yoast_head":"<!-- This site is optimized with the Yoast SEO plugin v27.3 - https:\/\/yoast.com\/product\/yoast-seo-wordpress\/ -->\n<title>Utvecklingen i Finland - Suomen ASH ry | Suomen ASH ry<\/title>\n<meta name=\"description\" content=\"Syftet med tobakslagen \u00e4r att avsluta anv\u00e4ndningen av tobak och andra nikotinprodukter fram till 2030.\" \/>\n<meta name=\"robots\" content=\"index, follow, max-snippet:-1, max-image-preview:large, max-video-preview:-1\" \/>\n<link rel=\"canonical\" href=\"https:\/\/suomenash.fi\/sv\/utvecklingen-i-finland\/\" \/>\n<meta property=\"og:locale\" content=\"sv_SE\" \/>\n<meta property=\"og:type\" content=\"article\" \/>\n<meta property=\"og:title\" content=\"Utvecklingen i Finland - Suomen ASH ry\" \/>\n<meta property=\"og:description\" content=\"Syftet med tobakslagen \u00e4r att avsluta anv\u00e4ndningen av tobak och andra nikotinprodukter fram till 2030.\" \/>\n<meta property=\"og:url\" content=\"https:\/\/suomenash.fi\/sv\/utvecklingen-i-finland\/\" \/>\n<meta property=\"og:site_name\" content=\"Suomen ASH ry\" \/>\n<meta property=\"article:modified_time\" content=\"2024-04-08T09:53:30+00:00\" \/>\n<meta property=\"og:image\" content=\"https:\/\/suomenash.fi\/wp-content\/uploads\/2018\/03\/shutterstock_77751250.jpg\" \/>\n\t<meta property=\"og:image:width\" content=\"2000\" \/>\n\t<meta property=\"og:image:height\" content=\"1289\" \/>\n\t<meta property=\"og:image:type\" content=\"image\/jpeg\" \/>\n<meta name=\"twitter:card\" content=\"summary_large_image\" \/>\n<meta name=\"twitter:label1\" content=\"Ber\u00e4knad l\u00e4stid\" \/>\n\t<meta name=\"twitter:data1\" content=\"3 minuter\" \/>\n\t<meta name=\"twitter:label2\" content=\"Skriven av\" \/>\n\t<meta name=\"twitter:data2\" content=\"Pirjo\" \/>\n<script type=\"application\/ld+json\" class=\"yoast-schema-graph\">{\"@context\":\"https:\\\/\\\/schema.org\",\"@graph\":[{\"@type\":\"WebPage\",\"@id\":\"https:\\\/\\\/suomenash.fi\\\/sv\\\/utvecklingen-i-finland\\\/\",\"url\":\"https:\\\/\\\/suomenash.fi\\\/sv\\\/utvecklingen-i-finland\\\/\",\"name\":\"Utvecklingen i Finland - Suomen ASH ry\",\"isPartOf\":{\"@id\":\"https:\\\/\\\/suomenash.fi\\\/#website\"},\"primaryImageOfPage\":{\"@id\":\"https:\\\/\\\/suomenash.fi\\\/sv\\\/utvecklingen-i-finland\\\/#primaryimage\"},\"image\":{\"@id\":\"https:\\\/\\\/suomenash.fi\\\/sv\\\/utvecklingen-i-finland\\\/#primaryimage\"},\"thumbnailUrl\":\"https:\\\/\\\/suomenash.fi\\\/wp-content\\\/uploads\\\/2018\\\/03\\\/shutterstock_77751250.jpg\",\"datePublished\":\"2018-04-05T06:16:56+00:00\",\"dateModified\":\"2024-04-08T09:53:30+00:00\",\"description\":\"Syftet med tobakslagen \u00e4r att avsluta anv\u00e4ndningen av tobak och andra nikotinprodukter fram till 2030.\",\"breadcrumb\":{\"@id\":\"https:\\\/\\\/suomenash.fi\\\/sv\\\/utvecklingen-i-finland\\\/#breadcrumb\"},\"inLanguage\":\"sv-SE\",\"potentialAction\":[{\"@type\":\"ReadAction\",\"target\":[\"https:\\\/\\\/suomenash.fi\\\/sv\\\/utvecklingen-i-finland\\\/\"]}]},{\"@type\":\"ImageObject\",\"inLanguage\":\"sv-SE\",\"@id\":\"https:\\\/\\\/suomenash.fi\\\/sv\\\/utvecklingen-i-finland\\\/#primaryimage\",\"url\":\"https:\\\/\\\/suomenash.fi\\\/wp-content\\\/uploads\\\/2018\\\/03\\\/shutterstock_77751250.jpg\",\"contentUrl\":\"https:\\\/\\\/suomenash.fi\\\/wp-content\\\/uploads\\\/2018\\\/03\\\/shutterstock_77751250.jpg\",\"width\":2000,\"height\":1289},{\"@type\":\"BreadcrumbList\",\"@id\":\"https:\\\/\\\/suomenash.fi\\\/sv\\\/utvecklingen-i-finland\\\/#breadcrumb\",\"itemListElement\":[{\"@type\":\"ListItem\",\"position\":1,\"name\":\"Home\",\"item\":\"https:\\\/\\\/suomenash.fi\\\/sv\\\/\"},{\"@type\":\"ListItem\",\"position\":2,\"name\":\"Utvecklingen i Finland\"}]},{\"@type\":\"WebSite\",\"@id\":\"https:\\\/\\\/suomenash.fi\\\/#website\",\"url\":\"https:\\\/\\\/suomenash.fi\\\/\",\"name\":\"Suomen ASH ry\",\"description\":\"Just another WordPress site\",\"potentialAction\":[{\"@type\":\"SearchAction\",\"target\":{\"@type\":\"EntryPoint\",\"urlTemplate\":\"https:\\\/\\\/suomenash.fi\\\/?s={search_term_string}\"},\"query-input\":{\"@type\":\"PropertyValueSpecification\",\"valueRequired\":true,\"valueName\":\"search_term_string\"}}],\"inLanguage\":\"sv-SE\"}]}<\/script>\n<!-- \/ Yoast SEO plugin. -->","yoast_head_json":{"title":"Utvecklingen i Finland - Suomen ASH ry | Suomen ASH ry","description":"Syftet med tobakslagen \u00e4r att avsluta anv\u00e4ndningen av tobak och andra nikotinprodukter fram till 2030.","robots":{"index":"index","follow":"follow","max-snippet":"max-snippet:-1","max-image-preview":"max-image-preview:large","max-video-preview":"max-video-preview:-1"},"canonical":"https:\/\/suomenash.fi\/sv\/utvecklingen-i-finland\/","og_locale":"sv_SE","og_type":"article","og_title":"Utvecklingen i Finland - Suomen ASH ry","og_description":"Syftet med tobakslagen \u00e4r att avsluta anv\u00e4ndningen av tobak och andra nikotinprodukter fram till 2030.","og_url":"https:\/\/suomenash.fi\/sv\/utvecklingen-i-finland\/","og_site_name":"Suomen ASH ry","article_modified_time":"2024-04-08T09:53:30+00:00","og_image":[{"width":2000,"height":1289,"url":"https:\/\/suomenash.fi\/wp-content\/uploads\/2018\/03\/shutterstock_77751250.jpg","type":"image\/jpeg"}],"twitter_card":"summary_large_image","twitter_misc":{"Ber\u00e4knad l\u00e4stid":"3 minuter","Skriven av":"Pirjo"},"schema":{"@context":"https:\/\/schema.org","@graph":[{"@type":"WebPage","@id":"https:\/\/suomenash.fi\/sv\/utvecklingen-i-finland\/","url":"https:\/\/suomenash.fi\/sv\/utvecklingen-i-finland\/","name":"Utvecklingen i Finland - Suomen ASH ry","isPartOf":{"@id":"https:\/\/suomenash.fi\/#website"},"primaryImageOfPage":{"@id":"https:\/\/suomenash.fi\/sv\/utvecklingen-i-finland\/#primaryimage"},"image":{"@id":"https:\/\/suomenash.fi\/sv\/utvecklingen-i-finland\/#primaryimage"},"thumbnailUrl":"https:\/\/suomenash.fi\/wp-content\/uploads\/2018\/03\/shutterstock_77751250.jpg","datePublished":"2018-04-05T06:16:56+00:00","dateModified":"2024-04-08T09:53:30+00:00","description":"Syftet med tobakslagen \u00e4r att avsluta anv\u00e4ndningen av tobak och andra nikotinprodukter fram till 2030.","breadcrumb":{"@id":"https:\/\/suomenash.fi\/sv\/utvecklingen-i-finland\/#breadcrumb"},"inLanguage":"sv-SE","potentialAction":[{"@type":"ReadAction","target":["https:\/\/suomenash.fi\/sv\/utvecklingen-i-finland\/"]}]},{"@type":"ImageObject","inLanguage":"sv-SE","@id":"https:\/\/suomenash.fi\/sv\/utvecklingen-i-finland\/#primaryimage","url":"https:\/\/suomenash.fi\/wp-content\/uploads\/2018\/03\/shutterstock_77751250.jpg","contentUrl":"https:\/\/suomenash.fi\/wp-content\/uploads\/2018\/03\/shutterstock_77751250.jpg","width":2000,"height":1289},{"@type":"BreadcrumbList","@id":"https:\/\/suomenash.fi\/sv\/utvecklingen-i-finland\/#breadcrumb","itemListElement":[{"@type":"ListItem","position":1,"name":"Home","item":"https:\/\/suomenash.fi\/sv\/"},{"@type":"ListItem","position":2,"name":"Utvecklingen i Finland"}]},{"@type":"WebSite","@id":"https:\/\/suomenash.fi\/#website","url":"https:\/\/suomenash.fi\/","name":"Suomen ASH ry","description":"Just another WordPress site","potentialAction":[{"@type":"SearchAction","target":{"@type":"EntryPoint","urlTemplate":"https:\/\/suomenash.fi\/?s={search_term_string}"},"query-input":{"@type":"PropertyValueSpecification","valueRequired":true,"valueName":"search_term_string"}}],"inLanguage":"sv-SE"}]}},"_links":{"self":[{"href":"https:\/\/suomenash.fi\/sv\/wp-json\/wp\/v2\/pages\/2615","targetHints":{"allow":["GET"]}}],"collection":[{"href":"https:\/\/suomenash.fi\/sv\/wp-json\/wp\/v2\/pages"}],"about":[{"href":"https:\/\/suomenash.fi\/sv\/wp-json\/wp\/v2\/types\/page"}],"author":[{"embeddable":true,"href":"https:\/\/suomenash.fi\/sv\/wp-json\/wp\/v2\/users\/8"}],"replies":[{"embeddable":true,"href":"https:\/\/suomenash.fi\/sv\/wp-json\/wp\/v2\/comments?post=2615"}],"version-history":[{"count":10,"href":"https:\/\/suomenash.fi\/sv\/wp-json\/wp\/v2\/pages\/2615\/revisions"}],"predecessor-version":[{"id":20213,"href":"https:\/\/suomenash.fi\/sv\/wp-json\/wp\/v2\/pages\/2615\/revisions\/20213"}],"wp:featuredmedia":[{"embeddable":true,"href":"https:\/\/suomenash.fi\/sv\/wp-json\/wp\/v2\/media\/2526"}],"wp:attachment":[{"href":"https:\/\/suomenash.fi\/sv\/wp-json\/wp\/v2\/media?parent=2615"}],"wp:term":[{"taxonomy":"category","embeddable":true,"href":"https:\/\/suomenash.fi\/sv\/wp-json\/wp\/v2\/categories?post=2615"},{"taxonomy":"post_tag","embeddable":true,"href":"https:\/\/suomenash.fi\/sv\/wp-json\/wp\/v2\/tags?post=2615"},{"taxonomy":"author","embeddable":true,"href":"https:\/\/suomenash.fi\/sv\/wp-json\/wp\/v2\/coauthors?post=2615"}],"curies":[{"name":"wp","href":"https:\/\/api.w.org\/{rel}","templated":true}]}}