{"id":20842,"date":"2024-08-07T13:51:53","date_gmt":"2024-08-07T10:51:53","guid":{"rendered":"https:\/\/suomenash.fi\/?page_id=20842"},"modified":"2025-08-18T11:08:53","modified_gmt":"2025-08-18T08:08:53","slug":"nikotinpasar","status":"publish","type":"page","link":"https:\/\/suomenash.fi\/sv\/nikotinpasar\/","title":{"rendered":"Nikotinp\u00e5sar"},"content":{"rendered":"            <div class=\"main-and-sidebar-container\">\n                <div class=\"main-content\">\n                    <h1 class=\"page-title\">\n                        Nikotinp\u00e5sar                    <\/h1>\n                    \n<p>Nikotinp\u00e5sar p\u00e5minner om snus, men de inneh\u00e5ller ingen tobak. Produkten \u00e4r en nikotininneh\u00e5llande p\u00e5se som anv\u00e4nds i munh\u00e5lan p\u00e5 samma s\u00e4tt som snus. Nikotinp\u00e5sar kan ocks\u00e5 kallas f\u00f6r nikotinsnus. I Sverige kallas de f\u00f6r vitt snus.<\/p>\n\n\n\n<p>Nikotinp\u00e5sar skiljer sig fr\u00e5n nikotiners\u00e4ttningspreparat som s\u00e4ljs som portionsp\u00e5sar genom att de inte genomg\u00e5r den f\u00f6rs\u00e4ljningslicensprocess som l\u00e4kemedelslagen kr\u00e4ver. \u00c4ven i EU finns det mycket starka nikotinp\u00e5sar p\u00e5 marknaden, d\u00e4r m\u00e4ngden nikotin kan vara farligt h\u00f6g.<\/p>\n\n\n\n<p>Nikotinp\u00e5sar har nyligen kommit ut p\u00e5 marknaden globalt och deras f\u00f6rs\u00e4ljning \u00f6kar snabbt. Smak\u00e4mnen \u00f6kar nikotinp\u00e5sarnas attraktivitet bland ungdomar. Enligt omfattande internationell forskning f\u00f6redrar ungdomar smaksatta nikotinp\u00e5sar, och de popul\u00e4raste smakerna \u00e4r mint och mentol.<\/p>\n\n\n\n<p>F\u00f6r tobaks- och nikotinindustrin \u00e4r smak\u00e4mnen ett s\u00e4tt att f\u00e5 nya kunder. Vissa ingredienser i nikotinp\u00e5sarna, som basiska \u00e4mnen som h\u00f6jer pH-v\u00e4rdet, kan ocks\u00e5 f\u00f6rst\u00e4rka fris\u00e4ttningen av nikotin.<\/p>\n\n\n\n<h2 class=\"wp-block-heading has-normal-font-size\">Nikotin \u00e4r skadligt f\u00f6r h\u00e4lsan<\/h2>\n\n\n\n<p>Det finns lite information om h\u00e4lsoeffekterna av nikotinp\u00e5sar, eftersom de bara har funnits p\u00e5 marknaden en kort tid. Det \u00e4r dock k\u00e4nt att nikotin orsakar starkt beroende och h\u00e4lsoskador. Det \u00f6kar till exempel blodtrycket, belastar hj\u00e4rtat och \u00f6kar risken f\u00f6r typ 2-diabetes. Hos unga kan nikotin orsaka permanenta f\u00f6r\u00e4ndringar i hj\u00e4rnan.<\/p>\n\n\n\n<p>Nikotin \u00e4r ett gift. Hos vuxna kan 60 mg nikotin som absorberas i kroppen vara en livshotande m\u00e4ngd, om personen inte tidigare har varit utsatt f\u00f6r nikotin.<\/p>\n\n\n\n<p><\/p>\n                <\/div>\n\n                                    <div class=\"nostopalkki\">\n                                                <p data-mce-fragment=\"1\"><a href=\"https:\/\/suomenash.fi\/wp-content\/uploads\/2025\/08\/nikotiinipussiesite_swe_a4-1-scaled.png\" target=\"_blank\" rel=\"noopener\"><img loading=\"lazy\" decoding=\"async\" class=\"wp-image-22726 aligncenter\" src=\"https:\/\/suomenash.fi\/wp-content\/uploads\/2025\/08\/nikotiinipussiesite_swe_a4-1-212x300.png\" alt=\"\" width=\"447\" height=\"633\" data-mce-fragment=\"1\" srcset=\"https:\/\/suomenash.fi\/wp-content\/uploads\/2025\/08\/nikotiinipussiesite_swe_a4-1-212x300.png 212w, https:\/\/suomenash.fi\/wp-content\/uploads\/2025\/08\/nikotiinipussiesite_swe_a4-1-724x1024.png 724w, https:\/\/suomenash.fi\/wp-content\/uploads\/2025\/08\/nikotiinipussiesite_swe_a4-1-768x1086.png 768w, https:\/\/suomenash.fi\/wp-content\/uploads\/2025\/08\/nikotiinipussiesite_swe_a4-1-1086x1536.png 1086w, https:\/\/suomenash.fi\/wp-content\/uploads\/2025\/08\/nikotiinipussiesite_swe_a4-1-1448x2048.png 1448w, https:\/\/suomenash.fi\/wp-content\/uploads\/2025\/08\/nikotiinipussiesite_swe_a4-1-990x1400.png 990w, https:\/\/suomenash.fi\/wp-content\/uploads\/2025\/08\/nikotiinipussiesite_swe_a4-1-701x992.png 701w, https:\/\/suomenash.fi\/wp-content\/uploads\/2025\/08\/nikotiinipussiesite_swe_a4-1-scaled.png 1414w\" sizes=\"auto, (max-width: 447px) 100vw, 447px\" \/><\/a><\/p>\n                    <\/div>\n                            <\/div><!-- .main-and-sidebar-container -->\n        ","protected":false},"excerpt":{"rendered":"Nikotinp\u00e5sar Nikotinp\u00e5sar p\u00e5minner om snus, men de inneh\u00e5ller ingen tobak. Produkten \u00e4r en nikotininneh\u00e5llande p\u00e5se som anv\u00e4nds i munh\u00e5lan p\u00e5&#8230; <a class=\"view-article\" href=\"https:\/\/suomenash.fi\/sv\/nikotinpasar\/\">View Article<\/a>","protected":false},"author":8,"featured_media":15848,"parent":0,"menu_order":0,"comment_status":"closed","ping_status":"closed","template":"","meta":{"_acf_changed":false,"footnotes":""},"categories":[],"tags":[710],"coauthors":[16],"class_list":["post-20842","page","type-page","status-publish","has-post-thumbnail","hentry","tag-nikotinpasar"],"acf":[],"yoast_head":"<!-- This site is optimized with the Yoast SEO plugin v27.3 - https:\/\/yoast.com\/product\/yoast-seo-wordpress\/ -->\n<title>Nikotinp\u00e5sar - Suomen ASH ry | Suomen ASH ry<\/title>\n<meta name=\"robots\" content=\"index, follow, max-snippet:-1, max-image-preview:large, max-video-preview:-1\" \/>\n<link rel=\"canonical\" href=\"https:\/\/suomenash.fi\/sv\/nikotinpasar\/\" \/>\n<meta property=\"og:locale\" content=\"sv_SE\" \/>\n<meta property=\"og:type\" content=\"article\" \/>\n<meta property=\"og:title\" content=\"Nikotinp\u00e5sar - Suomen ASH ry\" \/>\n<meta property=\"og:description\" content=\"Nikotinp\u00e5sar Nikotinp\u00e5sar p\u00e5minner om snus, men de inneh\u00e5ller ingen tobak. Produkten \u00e4r en nikotininneh\u00e5llande p\u00e5se som anv\u00e4nds i munh\u00e5lan p\u00e5... View Article\" \/>\n<meta property=\"og:url\" content=\"https:\/\/suomenash.fi\/sv\/nikotinpasar\/\" \/>\n<meta property=\"og:site_name\" content=\"Suomen ASH ry\" \/>\n<meta property=\"article:modified_time\" content=\"2025-08-18T08:08:53+00:00\" \/>\n<meta property=\"og:image\" content=\"https:\/\/suomenash.fi\/wp-content\/uploads\/2022\/11\/shutterstock_733443337-scaled.jpg\" \/>\n\t<meta property=\"og:image:width\" content=\"2560\" \/>\n\t<meta property=\"og:image:height\" content=\"1024\" \/>\n\t<meta property=\"og:image:type\" content=\"image\/jpeg\" \/>\n<meta name=\"twitter:card\" content=\"summary_large_image\" \/>\n<meta name=\"twitter:label1\" content=\"Ber\u00e4knad l\u00e4stid\" \/>\n\t<meta name=\"twitter:data1\" content=\"2 minuter\" \/>\n\t<meta name=\"twitter:label2\" content=\"Skriven av\" \/>\n\t<meta name=\"twitter:data2\" content=\"Pirjo\" \/>\n<script type=\"application\/ld+json\" class=\"yoast-schema-graph\">{\"@context\":\"https:\\\/\\\/schema.org\",\"@graph\":[{\"@type\":\"WebPage\",\"@id\":\"https:\\\/\\\/suomenash.fi\\\/sv\\\/nikotinpasar\\\/\",\"url\":\"https:\\\/\\\/suomenash.fi\\\/sv\\\/nikotinpasar\\\/\",\"name\":\"Nikotinp\u00e5sar - Suomen ASH ry\",\"isPartOf\":{\"@id\":\"https:\\\/\\\/suomenash.fi\\\/#website\"},\"primaryImageOfPage\":{\"@id\":\"https:\\\/\\\/suomenash.fi\\\/sv\\\/nikotinpasar\\\/#primaryimage\"},\"image\":{\"@id\":\"https:\\\/\\\/suomenash.fi\\\/sv\\\/nikotinpasar\\\/#primaryimage\"},\"thumbnailUrl\":\"https:\\\/\\\/suomenash.fi\\\/wp-content\\\/uploads\\\/2022\\\/11\\\/shutterstock_733443337-scaled.jpg\",\"datePublished\":\"2024-08-07T10:51:53+00:00\",\"dateModified\":\"2025-08-18T08:08:53+00:00\",\"breadcrumb\":{\"@id\":\"https:\\\/\\\/suomenash.fi\\\/sv\\\/nikotinpasar\\\/#breadcrumb\"},\"inLanguage\":\"sv-SE\",\"potentialAction\":[{\"@type\":\"ReadAction\",\"target\":[\"https:\\\/\\\/suomenash.fi\\\/sv\\\/nikotinpasar\\\/\"]}]},{\"@type\":\"ImageObject\",\"inLanguage\":\"sv-SE\",\"@id\":\"https:\\\/\\\/suomenash.fi\\\/sv\\\/nikotinpasar\\\/#primaryimage\",\"url\":\"https:\\\/\\\/suomenash.fi\\\/wp-content\\\/uploads\\\/2022\\\/11\\\/shutterstock_733443337-scaled.jpg\",\"contentUrl\":\"https:\\\/\\\/suomenash.fi\\\/wp-content\\\/uploads\\\/2022\\\/11\\\/shutterstock_733443337-scaled.jpg\",\"width\":2560,\"height\":1024},{\"@type\":\"BreadcrumbList\",\"@id\":\"https:\\\/\\\/suomenash.fi\\\/sv\\\/nikotinpasar\\\/#breadcrumb\",\"itemListElement\":[{\"@type\":\"ListItem\",\"position\":1,\"name\":\"Home\",\"item\":\"https:\\\/\\\/suomenash.fi\\\/sv\\\/\"},{\"@type\":\"ListItem\",\"position\":2,\"name\":\"Nikotinp\u00e5sar\"}]},{\"@type\":\"WebSite\",\"@id\":\"https:\\\/\\\/suomenash.fi\\\/#website\",\"url\":\"https:\\\/\\\/suomenash.fi\\\/\",\"name\":\"Suomen ASH ry\",\"description\":\"Just another WordPress site\",\"potentialAction\":[{\"@type\":\"SearchAction\",\"target\":{\"@type\":\"EntryPoint\",\"urlTemplate\":\"https:\\\/\\\/suomenash.fi\\\/?s={search_term_string}\"},\"query-input\":{\"@type\":\"PropertyValueSpecification\",\"valueRequired\":true,\"valueName\":\"search_term_string\"}}],\"inLanguage\":\"sv-SE\"}]}<\/script>\n<!-- \/ Yoast SEO plugin. -->","yoast_head_json":{"title":"Nikotinp\u00e5sar - Suomen ASH ry | Suomen ASH ry","robots":{"index":"index","follow":"follow","max-snippet":"max-snippet:-1","max-image-preview":"max-image-preview:large","max-video-preview":"max-video-preview:-1"},"canonical":"https:\/\/suomenash.fi\/sv\/nikotinpasar\/","og_locale":"sv_SE","og_type":"article","og_title":"Nikotinp\u00e5sar - Suomen ASH ry","og_description":"Nikotinp\u00e5sar Nikotinp\u00e5sar p\u00e5minner om snus, men de inneh\u00e5ller ingen tobak. Produkten \u00e4r en nikotininneh\u00e5llande p\u00e5se som anv\u00e4nds i munh\u00e5lan p\u00e5... View Article","og_url":"https:\/\/suomenash.fi\/sv\/nikotinpasar\/","og_site_name":"Suomen ASH ry","article_modified_time":"2025-08-18T08:08:53+00:00","og_image":[{"width":2560,"height":1024,"url":"https:\/\/suomenash.fi\/wp-content\/uploads\/2022\/11\/shutterstock_733443337-scaled.jpg","type":"image\/jpeg"}],"twitter_card":"summary_large_image","twitter_misc":{"Ber\u00e4knad l\u00e4stid":"2 minuter","Skriven av":"Pirjo"},"schema":{"@context":"https:\/\/schema.org","@graph":[{"@type":"WebPage","@id":"https:\/\/suomenash.fi\/sv\/nikotinpasar\/","url":"https:\/\/suomenash.fi\/sv\/nikotinpasar\/","name":"Nikotinp\u00e5sar - Suomen ASH ry","isPartOf":{"@id":"https:\/\/suomenash.fi\/#website"},"primaryImageOfPage":{"@id":"https:\/\/suomenash.fi\/sv\/nikotinpasar\/#primaryimage"},"image":{"@id":"https:\/\/suomenash.fi\/sv\/nikotinpasar\/#primaryimage"},"thumbnailUrl":"https:\/\/suomenash.fi\/wp-content\/uploads\/2022\/11\/shutterstock_733443337-scaled.jpg","datePublished":"2024-08-07T10:51:53+00:00","dateModified":"2025-08-18T08:08:53+00:00","breadcrumb":{"@id":"https:\/\/suomenash.fi\/sv\/nikotinpasar\/#breadcrumb"},"inLanguage":"sv-SE","potentialAction":[{"@type":"ReadAction","target":["https:\/\/suomenash.fi\/sv\/nikotinpasar\/"]}]},{"@type":"ImageObject","inLanguage":"sv-SE","@id":"https:\/\/suomenash.fi\/sv\/nikotinpasar\/#primaryimage","url":"https:\/\/suomenash.fi\/wp-content\/uploads\/2022\/11\/shutterstock_733443337-scaled.jpg","contentUrl":"https:\/\/suomenash.fi\/wp-content\/uploads\/2022\/11\/shutterstock_733443337-scaled.jpg","width":2560,"height":1024},{"@type":"BreadcrumbList","@id":"https:\/\/suomenash.fi\/sv\/nikotinpasar\/#breadcrumb","itemListElement":[{"@type":"ListItem","position":1,"name":"Home","item":"https:\/\/suomenash.fi\/sv\/"},{"@type":"ListItem","position":2,"name":"Nikotinp\u00e5sar"}]},{"@type":"WebSite","@id":"https:\/\/suomenash.fi\/#website","url":"https:\/\/suomenash.fi\/","name":"Suomen ASH ry","description":"Just another WordPress site","potentialAction":[{"@type":"SearchAction","target":{"@type":"EntryPoint","urlTemplate":"https:\/\/suomenash.fi\/?s={search_term_string}"},"query-input":{"@type":"PropertyValueSpecification","valueRequired":true,"valueName":"search_term_string"}}],"inLanguage":"sv-SE"}]}},"_links":{"self":[{"href":"https:\/\/suomenash.fi\/sv\/wp-json\/wp\/v2\/pages\/20842","targetHints":{"allow":["GET"]}}],"collection":[{"href":"https:\/\/suomenash.fi\/sv\/wp-json\/wp\/v2\/pages"}],"about":[{"href":"https:\/\/suomenash.fi\/sv\/wp-json\/wp\/v2\/types\/page"}],"author":[{"embeddable":true,"href":"https:\/\/suomenash.fi\/sv\/wp-json\/wp\/v2\/users\/8"}],"replies":[{"embeddable":true,"href":"https:\/\/suomenash.fi\/sv\/wp-json\/wp\/v2\/comments?post=20842"}],"version-history":[{"count":10,"href":"https:\/\/suomenash.fi\/sv\/wp-json\/wp\/v2\/pages\/20842\/revisions"}],"predecessor-version":[{"id":22734,"href":"https:\/\/suomenash.fi\/sv\/wp-json\/wp\/v2\/pages\/20842\/revisions\/22734"}],"wp:featuredmedia":[{"embeddable":true,"href":"https:\/\/suomenash.fi\/sv\/wp-json\/wp\/v2\/media\/15848"}],"wp:attachment":[{"href":"https:\/\/suomenash.fi\/sv\/wp-json\/wp\/v2\/media?parent=20842"}],"wp:term":[{"taxonomy":"category","embeddable":true,"href":"https:\/\/suomenash.fi\/sv\/wp-json\/wp\/v2\/categories?post=20842"},{"taxonomy":"post_tag","embeddable":true,"href":"https:\/\/suomenash.fi\/sv\/wp-json\/wp\/v2\/tags?post=20842"},{"taxonomy":"author","embeddable":true,"href":"https:\/\/suomenash.fi\/sv\/wp-json\/wp\/v2\/coauthors?post=20842"}],"curies":[{"name":"wp","href":"https:\/\/api.w.org\/{rel}","templated":true}]}}