{"id":20086,"date":"2024-04-02T09:30:50","date_gmt":"2024-04-02T06:30:50","guid":{"rendered":"https:\/\/suomenash.fi\/?page_id=20086"},"modified":"2024-04-02T09:30:50","modified_gmt":"2024-04-02T06:30:50","slug":"reglering-av-vitt-snus-i-finland","status":"publish","type":"page","link":"https:\/\/suomenash.fi\/sv\/reglering-av-vitt-snus-i-finland\/","title":{"rendered":"Reglering av vitt snus i Finland"},"content":{"rendered":"            <div class=\"main-and-sidebar-container\">\n                <div class=\"main-content\">\n                    <h1 class=\"page-title\">\n                        Reglering av vitt snus i Finland                    <\/h1>\n                    \n<p><\/p>\n\n\n\n<p>Utifr\u00e5n erfarenheterna av de senaste \u00e5rens utveckling med en helt ny generation nikotinister bland barn och ungdomar i Sverige, \u00e4r det ett mycket bra f\u00f6rslag att nikotinp\u00e5sar ska inkluderas i den finska tobakslagens till\u00e4mpningsomr\u00e5de, och att f\u00f6rs\u00e4ljning endast kan till\u00e5tas med beaktande av de best\u00e4mmelser som f\u00f6reskrivs f\u00f6r detta. I Sverige begicks det stora misstaget att dessa produkter f\u00f6rblev helt oreglerade under en l\u00e5ng tid och n\u00e4r de v\u00e4l reglerades den 1 augusti 2022, blev lagstiftningen otillr\u00e4cklig och sv\u00e5r att till\u00e4mpa p\u00e5 en m\u00e4ngd olika punkter.<\/p>\n\n\n\n<blockquote class=\"wp-block-quote is-layout-flow wp-block-quote-is-layout-flow\">\n<p>I Sverige begicks det stora misstaget att dessa produkter f\u00f6rblev helt oreglerade under en l\u00e5ng tid<\/p>\n<\/blockquote>\n\n\n\n<p>Den nu g\u00e4llande lagen som reglerar \u201dtobaksfria\u201d nikotinprodukter i Sverige inneb\u00e4r att marknadsf\u00f6ring av dessa produkter \u00e4r helt f\u00f6rbjudna i radio och TV samt att alla former av sponsring \u00e4r f\u00f6rbjuden. Dessv\u00e4rre \u00e4r en \u201dm\u00e5ttfull\u201d marknadsf\u00f6ring fortfarande till\u00e5ten i utomhusreklam och p\u00e5 digitala plattformar d\u00e4r framf\u00f6r allt ungdomar vistas. Att reklamen ska vara \u201dm\u00e5ttfull\u201d inneb\u00e4r att den endast f\u00e5r visualisera vuxna \u00f6ver 25 \u00e5r, samt att den inte f\u00e5r riktas till unga under 25 \u00e5r. <\/p>\n\n\n\n<blockquote class=\"wp-block-quote is-layout-flow wp-block-quote-is-layout-flow\">\n<p>Vi ser tydligt att vitt snus och e-cigaretter attraherar icke-r\u00f6kande barn och ungdomar<\/p>\n<\/blockquote>\n\n\n\n<p>I ett flertal unders\u00f6kningar ser vi tydligt att lagen inte f\u00f6rm\u00e5r skydda unga fr\u00e5n dessa produkter. Unga uppger fortsatt, i samma utstr\u00e4ckning, att de ofta ser reklam f\u00f6r tobaksindustrins nikotinprodukter i sociala medier och tillg\u00e5ngen till dessa produkter forts\u00e4tter att \u00f6ka, trots att den nya lagen inneb\u00e4r en \u00e5ldersgr\u00e4ns p\u00e5 18 \u00e5r. En f\u00f6rklaring till detta kan vara att f\u00f6rs\u00e4ljningen av dessa produkter \u00f6kar lavinartat b\u00e5de i termer av fysiska butiker men \u00e4ven i egenskap av internetbutiker. Provk\u00f6p genomf\u00f6rda av ungdomar visar att det \u00e4r l\u00e4tt att k\u00f6pa utan legitimation och det faktum att det \u00e4ven \u00e4r till\u00e5tet med snus i svenska skolor, inneb\u00e4r att det \u00e4ven f\u00f6rekommer langning av elever som fyllt 18 \u00e5r till yngre elever.<\/p>\n\n\n\n<p>Det svenska centralf\u00f6rbundet f\u00f6r alkohol och narkotika unders\u00f6ker \u00e5rligen bruket av snus, cigaretter, vitt snus och e-cigaretter. I s\u00e5v\u00e4l grundskolans \u00e5rskurs 9 (15-\u00e5ringar) och gymnasiets \u00e5rskurs 2 (17-\u00e5ringar) har bruket av s\u00e5v\u00e4l vitt snus som e-cigaretter fortsatt \u00f6ka samtidigt som bruket av konventionella cigaretter ocks\u00e5 \u00f6kar. Vi ser tydligt att vitt snus och e-cigaretter attraherar icke-r\u00f6kande barn och ungdomar och att de fr\u00e4msta anledningarna till att b\u00f6rja \u00e4r kompisars p\u00e5verkan, att det verkar mindre farligt, lockande smaker och reklam i sociala medier. 6 av 10 gymnasieelever har r\u00f6kt e-cigaretter och varannan gymnasieelev har anv\u00e4nt det vita snuset, samtidigt som andelen r\u00f6kande gymnasielever \u00f6kat fr\u00e5n 17 procent till 21 procent under de tv\u00e5 senaste \u00e5ren.<\/p>\n\n\n\n<p>Det faktum att dessa produkter f\u00e5r kallas tobaksfria inneb\u00e4r \u00e4ven att de i Sverige undg\u00e5r tobaksskatten och endast beskattas med en f\u00f6rsumbar nikotinskatt. Detta bidrar till att produkterna blir extremt billiga och tillg\u00e4ngliga f\u00f6r prisk\u00e4nsliga ungdomar. En stock (10 dosor) vitt snus kan kosta s\u00e5 lite som 150 SEK vilket inneb\u00e4r att en dosa kan kosta 15 kr. Samtliga nikotinprodukter som inte \u00e4r godk\u00e4nda l\u00e4kemedel b\u00f6r beskattas som tobak f\u00f6r att skydda fr\u00e4mst barn och unga.<\/p>\n\n\n\n<blockquote class=\"wp-block-quote is-layout-flow wp-block-quote-is-layout-flow\">\n<p>I Sverige saknas \u00e4ven en maxgr\u00e4ns f\u00f6r m\u00e4ngden nikotin i det vita snuset<\/p>\n<\/blockquote>\n\n\n\n<p>I Sverige saknas \u00e4ven en maxgr\u00e4ns f\u00f6r m\u00e4ngden nikotin i det vita snuset. Detta inneb\u00e4r att vi nu ser snussorter med skyh\u00f6ga m\u00e4ngder nikotin och skolor larmar om nikotinf\u00f6rgiftade barn som kr\u00e4ks i skolan. <\/p>\n\n\n\n<p><strong>F\u00f6r att undvika att Finland f\u00e5r en liknade utveckling som den vi bevittnat i Sverige rekommenderar vi att Finland s\u00e4kerst\u00e4ller f\u00f6ljande insatser i regleringen av det vita snuset:<\/strong><\/p>\n\n\n\n<ul class=\"wp-block-list\">\n<li>Inf\u00f6r \u00e5ldersgr\u00e4ns f\u00f6r k\u00f6p, helst 20 \u00e5r f\u00f6r att f\u00f6rhindra langning.<\/li>\n\n\n\n<li>Tillst\u00e5nd endast f\u00f6r butiker som inte ligger i anslutning till skolor eller annan ungdomsrelaterad verksamhet.<\/li>\n\n\n\n<li>Inf\u00f6r en helt nikotinfri (l\u00e4kemedel undantaget) skoltid som f\u00f6rebygger grupptryck, normalisering och langning<\/li>\n\n\n\n<li>F\u00f6rbjud internetf\u00f6rs\u00e4ljning helt<\/li>\n\n\n\n<li>F\u00f6rbjud alla former av reklam \u2013 \u00e4ven p\u00e5 digitala plattformar<\/li>\n\n\n\n<li>F\u00f6rbjud alla former av smaks\u00e4ttning. Att till\u00e5ta \u201dvuxna\u201d smaker kommer att ge sv\u00e5righeter att implementera\/till\u00e4mpa lagen. I Sverige har den \u201dm\u00e5ttfulla\u201d reklamen varit allt annat \u00e4n m\u00e5ttfull och sannolikt kommer Finland att st\u00f6ta p\u00e5 liknande sv\u00e5righeter i bed\u00f6mningen av vad som anses \u201dvuxen\u201d smak.<\/li>\n\n\n\n<li>Inf\u00f6r en maxgr\u00e4ns som \u00e4r minst i niv\u00e5 med andra tobaksprodukter. I Sverige har de h\u00f6ga nikotinm\u00e4ngderna i dessa produkter gjort barn och unga kraftigt beroende och m\u00e5nga vittnar om stora sv\u00e5righeter att ta sig ur beroendet.<\/li>\n\n\n\n<li>Beskatta det vita snuset som tobak och s\u00e4kerst\u00e4ll att prisniv\u00e5n g\u00f6r produkterna otillg\u00e4ngliga f\u00f6r barn och unga.<\/li>\n<\/ul>\n\n\n\n<p><strong>Helen Stjerna<\/strong>, generalsekreterare f\u00f6r den svenska organisationen Non-Smoking Generation<\/p>\n                <\/div>\n\n                                    <div class=\"nostopalkki\">\n                                                <p>Texten \u00e4r skriven av Helen Stj\u00e4rna, generalsekreterare f\u00f6r den svenska organisationen Non-Smoking Generation.<\/p>\n<p><img loading=\"lazy\" decoding=\"async\" class=\"alignnone size-medium wp-image-20091\" src=\"https:\/\/suomenash.fi\/wp-content\/uploads\/2024\/03\/helen-stjerna-225x300.jpg\" alt=\"\" width=\"225\" height=\"300\" srcset=\"https:\/\/suomenash.fi\/wp-content\/uploads\/2024\/03\/helen-stjerna-225x300.jpg 225w, https:\/\/suomenash.fi\/wp-content\/uploads\/2024\/03\/helen-stjerna-768x1024.jpg 768w, https:\/\/suomenash.fi\/wp-content\/uploads\/2024\/03\/helen-stjerna-1152x1536.jpg 1152w, https:\/\/suomenash.fi\/wp-content\/uploads\/2024\/03\/helen-stjerna-1536x2048.jpg 1536w, https:\/\/suomenash.fi\/wp-content\/uploads\/2024\/03\/helen-stjerna-1050x1400.jpg 1050w, https:\/\/suomenash.fi\/wp-content\/uploads\/2024\/03\/helen-stjerna-744x992.jpg 744w, https:\/\/suomenash.fi\/wp-content\/uploads\/2024\/03\/helen-stjerna.jpg 1500w\" sizes=\"auto, (max-width: 225px) 100vw, 225px\" \/><\/p>\n<p>Foto: Frances Marais<\/p>\n                    <\/div>\n                            <\/div><!-- .main-and-sidebar-container -->\n        ","protected":false},"excerpt":{"rendered":"Reglering av vitt snus i Finland Utifr\u00e5n erfarenheterna av de senaste \u00e5rens utveckling med en helt ny generation nikotinister bland&#8230; <a class=\"view-article\" href=\"https:\/\/suomenash.fi\/sv\/reglering-av-vitt-snus-i-finland\/\">View Article<\/a>","protected":false},"author":49,"featured_media":20085,"parent":0,"menu_order":0,"comment_status":"closed","ping_status":"closed","template":"","meta":{"_acf_changed":false,"footnotes":""},"categories":[],"tags":[],"coauthors":[190],"class_list":["post-20086","page","type-page","status-publish","has-post-thumbnail","hentry"],"acf":[],"yoast_head":"<!-- This site is optimized with the Yoast SEO plugin v27.3 - https:\/\/yoast.com\/product\/yoast-seo-wordpress\/ -->\n<title>Reglering av vitt snus i Finland - Suomen ASH ry | Suomen ASH ry<\/title>\n<meta name=\"description\" content=\"Vilka misstag gjordes i Sverige i regleringen av vit snus och hur ska det g\u00f6ras i Finland? Texten \u00e4r skriven av Helen Stj\u00e4rna, generalsekreterare f\u00f6r den svenska organisationen Non-Smoking Generation.\" \/>\n<meta name=\"robots\" content=\"index, follow, max-snippet:-1, max-image-preview:large, max-video-preview:-1\" \/>\n<link rel=\"canonical\" href=\"https:\/\/suomenash.fi\/sv\/reglering-av-vitt-snus-i-finland\/\" \/>\n<meta property=\"og:locale\" content=\"sv_SE\" \/>\n<meta property=\"og:type\" content=\"article\" \/>\n<meta property=\"og:title\" content=\"Reglering av vitt snus i Finland - Suomen ASH ry\" \/>\n<meta property=\"og:description\" content=\"Vilka misstag gjordes i Sverige i regleringen av vit snus och hur ska det g\u00f6ras i Finland? Texten \u00e4r skriven av Helen Stj\u00e4rna, generalsekreterare f\u00f6r den svenska organisationen Non-Smoking Generation.\" \/>\n<meta property=\"og:url\" content=\"https:\/\/suomenash.fi\/sv\/reglering-av-vitt-snus-i-finland\/\" \/>\n<meta property=\"og:site_name\" content=\"Suomen ASH ry\" \/>\n<meta property=\"og:image\" content=\"https:\/\/suomenash.fi\/wp-content\/uploads\/2024\/03\/shutterstock_144058351-scaled.jpg\" \/>\n\t<meta property=\"og:image:width\" content=\"2560\" \/>\n\t<meta property=\"og:image:height\" content=\"1022\" \/>\n\t<meta property=\"og:image:type\" content=\"image\/jpeg\" \/>\n<meta name=\"twitter:card\" content=\"summary_large_image\" \/>\n<meta name=\"twitter:label1\" content=\"Ber\u00e4knad l\u00e4stid\" \/>\n\t<meta name=\"twitter:data1\" content=\"5 minuter\" \/>\n\t<meta name=\"twitter:label2\" content=\"Skriven av\" \/>\n\t<meta name=\"twitter:data2\" content=\"Tea Kalska\" \/>\n<script type=\"application\/ld+json\" class=\"yoast-schema-graph\">{\"@context\":\"https:\\\/\\\/schema.org\",\"@graph\":[{\"@type\":\"WebPage\",\"@id\":\"https:\\\/\\\/suomenash.fi\\\/sv\\\/reglering-av-vitt-snus-i-finland\\\/\",\"url\":\"https:\\\/\\\/suomenash.fi\\\/sv\\\/reglering-av-vitt-snus-i-finland\\\/\",\"name\":\"Reglering av vitt snus i Finland - Suomen ASH ry\",\"isPartOf\":{\"@id\":\"https:\\\/\\\/suomenash.fi\\\/#website\"},\"primaryImageOfPage\":{\"@id\":\"https:\\\/\\\/suomenash.fi\\\/sv\\\/reglering-av-vitt-snus-i-finland\\\/#primaryimage\"},\"image\":{\"@id\":\"https:\\\/\\\/suomenash.fi\\\/sv\\\/reglering-av-vitt-snus-i-finland\\\/#primaryimage\"},\"thumbnailUrl\":\"https:\\\/\\\/suomenash.fi\\\/wp-content\\\/uploads\\\/2024\\\/03\\\/shutterstock_144058351-scaled.jpg\",\"datePublished\":\"2024-04-02T06:30:50+00:00\",\"description\":\"Vilka misstag gjordes i Sverige i regleringen av vit snus och hur ska det g\u00f6ras i Finland? Texten \u00e4r skriven av Helen Stj\u00e4rna, generalsekreterare f\u00f6r den svenska organisationen Non-Smoking Generation.\",\"breadcrumb\":{\"@id\":\"https:\\\/\\\/suomenash.fi\\\/sv\\\/reglering-av-vitt-snus-i-finland\\\/#breadcrumb\"},\"inLanguage\":\"sv-SE\",\"potentialAction\":[{\"@type\":\"ReadAction\",\"target\":[\"https:\\\/\\\/suomenash.fi\\\/sv\\\/reglering-av-vitt-snus-i-finland\\\/\"]}]},{\"@type\":\"ImageObject\",\"inLanguage\":\"sv-SE\",\"@id\":\"https:\\\/\\\/suomenash.fi\\\/sv\\\/reglering-av-vitt-snus-i-finland\\\/#primaryimage\",\"url\":\"https:\\\/\\\/suomenash.fi\\\/wp-content\\\/uploads\\\/2024\\\/03\\\/shutterstock_144058351-scaled.jpg\",\"contentUrl\":\"https:\\\/\\\/suomenash.fi\\\/wp-content\\\/uploads\\\/2024\\\/03\\\/shutterstock_144058351-scaled.jpg\",\"width\":2560,\"height\":1022},{\"@type\":\"BreadcrumbList\",\"@id\":\"https:\\\/\\\/suomenash.fi\\\/sv\\\/reglering-av-vitt-snus-i-finland\\\/#breadcrumb\",\"itemListElement\":[{\"@type\":\"ListItem\",\"position\":1,\"name\":\"Home\",\"item\":\"https:\\\/\\\/suomenash.fi\\\/sv\\\/\"},{\"@type\":\"ListItem\",\"position\":2,\"name\":\"Reglering av vitt snus i Finland\"}]},{\"@type\":\"WebSite\",\"@id\":\"https:\\\/\\\/suomenash.fi\\\/#website\",\"url\":\"https:\\\/\\\/suomenash.fi\\\/\",\"name\":\"Suomen ASH ry\",\"description\":\"Just another WordPress site\",\"potentialAction\":[{\"@type\":\"SearchAction\",\"target\":{\"@type\":\"EntryPoint\",\"urlTemplate\":\"https:\\\/\\\/suomenash.fi\\\/?s={search_term_string}\"},\"query-input\":{\"@type\":\"PropertyValueSpecification\",\"valueRequired\":true,\"valueName\":\"search_term_string\"}}],\"inLanguage\":\"sv-SE\"}]}<\/script>\n<!-- \/ Yoast SEO plugin. -->","yoast_head_json":{"title":"Reglering av vitt snus i Finland - Suomen ASH ry | Suomen ASH ry","description":"Vilka misstag gjordes i Sverige i regleringen av vit snus och hur ska det g\u00f6ras i Finland? Texten \u00e4r skriven av Helen Stj\u00e4rna, generalsekreterare f\u00f6r den svenska organisationen Non-Smoking Generation.","robots":{"index":"index","follow":"follow","max-snippet":"max-snippet:-1","max-image-preview":"max-image-preview:large","max-video-preview":"max-video-preview:-1"},"canonical":"https:\/\/suomenash.fi\/sv\/reglering-av-vitt-snus-i-finland\/","og_locale":"sv_SE","og_type":"article","og_title":"Reglering av vitt snus i Finland - Suomen ASH ry","og_description":"Vilka misstag gjordes i Sverige i regleringen av vit snus och hur ska det g\u00f6ras i Finland? Texten \u00e4r skriven av Helen Stj\u00e4rna, generalsekreterare f\u00f6r den svenska organisationen Non-Smoking Generation.","og_url":"https:\/\/suomenash.fi\/sv\/reglering-av-vitt-snus-i-finland\/","og_site_name":"Suomen ASH ry","og_image":[{"width":2560,"height":1022,"url":"https:\/\/suomenash.fi\/wp-content\/uploads\/2024\/03\/shutterstock_144058351-scaled.jpg","type":"image\/jpeg"}],"twitter_card":"summary_large_image","twitter_misc":{"Ber\u00e4knad l\u00e4stid":"5 minuter","Skriven av":"Tea Kalska"},"schema":{"@context":"https:\/\/schema.org","@graph":[{"@type":"WebPage","@id":"https:\/\/suomenash.fi\/sv\/reglering-av-vitt-snus-i-finland\/","url":"https:\/\/suomenash.fi\/sv\/reglering-av-vitt-snus-i-finland\/","name":"Reglering av vitt snus i Finland - Suomen ASH ry","isPartOf":{"@id":"https:\/\/suomenash.fi\/#website"},"primaryImageOfPage":{"@id":"https:\/\/suomenash.fi\/sv\/reglering-av-vitt-snus-i-finland\/#primaryimage"},"image":{"@id":"https:\/\/suomenash.fi\/sv\/reglering-av-vitt-snus-i-finland\/#primaryimage"},"thumbnailUrl":"https:\/\/suomenash.fi\/wp-content\/uploads\/2024\/03\/shutterstock_144058351-scaled.jpg","datePublished":"2024-04-02T06:30:50+00:00","description":"Vilka misstag gjordes i Sverige i regleringen av vit snus och hur ska det g\u00f6ras i Finland? Texten \u00e4r skriven av Helen Stj\u00e4rna, generalsekreterare f\u00f6r den svenska organisationen Non-Smoking Generation.","breadcrumb":{"@id":"https:\/\/suomenash.fi\/sv\/reglering-av-vitt-snus-i-finland\/#breadcrumb"},"inLanguage":"sv-SE","potentialAction":[{"@type":"ReadAction","target":["https:\/\/suomenash.fi\/sv\/reglering-av-vitt-snus-i-finland\/"]}]},{"@type":"ImageObject","inLanguage":"sv-SE","@id":"https:\/\/suomenash.fi\/sv\/reglering-av-vitt-snus-i-finland\/#primaryimage","url":"https:\/\/suomenash.fi\/wp-content\/uploads\/2024\/03\/shutterstock_144058351-scaled.jpg","contentUrl":"https:\/\/suomenash.fi\/wp-content\/uploads\/2024\/03\/shutterstock_144058351-scaled.jpg","width":2560,"height":1022},{"@type":"BreadcrumbList","@id":"https:\/\/suomenash.fi\/sv\/reglering-av-vitt-snus-i-finland\/#breadcrumb","itemListElement":[{"@type":"ListItem","position":1,"name":"Home","item":"https:\/\/suomenash.fi\/sv\/"},{"@type":"ListItem","position":2,"name":"Reglering av vitt snus i Finland"}]},{"@type":"WebSite","@id":"https:\/\/suomenash.fi\/#website","url":"https:\/\/suomenash.fi\/","name":"Suomen ASH ry","description":"Just another WordPress site","potentialAction":[{"@type":"SearchAction","target":{"@type":"EntryPoint","urlTemplate":"https:\/\/suomenash.fi\/?s={search_term_string}"},"query-input":{"@type":"PropertyValueSpecification","valueRequired":true,"valueName":"search_term_string"}}],"inLanguage":"sv-SE"}]}},"_links":{"self":[{"href":"https:\/\/suomenash.fi\/sv\/wp-json\/wp\/v2\/pages\/20086","targetHints":{"allow":["GET"]}}],"collection":[{"href":"https:\/\/suomenash.fi\/sv\/wp-json\/wp\/v2\/pages"}],"about":[{"href":"https:\/\/suomenash.fi\/sv\/wp-json\/wp\/v2\/types\/page"}],"author":[{"embeddable":true,"href":"https:\/\/suomenash.fi\/sv\/wp-json\/wp\/v2\/users\/49"}],"replies":[{"embeddable":true,"href":"https:\/\/suomenash.fi\/sv\/wp-json\/wp\/v2\/comments?post=20086"}],"version-history":[{"count":10,"href":"https:\/\/suomenash.fi\/sv\/wp-json\/wp\/v2\/pages\/20086\/revisions"}],"predecessor-version":[{"id":20122,"href":"https:\/\/suomenash.fi\/sv\/wp-json\/wp\/v2\/pages\/20086\/revisions\/20122"}],"wp:featuredmedia":[{"embeddable":true,"href":"https:\/\/suomenash.fi\/sv\/wp-json\/wp\/v2\/media\/20085"}],"wp:attachment":[{"href":"https:\/\/suomenash.fi\/sv\/wp-json\/wp\/v2\/media?parent=20086"}],"wp:term":[{"taxonomy":"category","embeddable":true,"href":"https:\/\/suomenash.fi\/sv\/wp-json\/wp\/v2\/categories?post=20086"},{"taxonomy":"post_tag","embeddable":true,"href":"https:\/\/suomenash.fi\/sv\/wp-json\/wp\/v2\/tags?post=20086"},{"taxonomy":"author","embeddable":true,"href":"https:\/\/suomenash.fi\/sv\/wp-json\/wp\/v2\/coauthors?post=20086"}],"curies":[{"name":"wp","href":"https:\/\/api.w.org\/{rel}","templated":true}]}}