{"id":16024,"date":"2023-01-31T15:29:03","date_gmt":"2023-01-31T13:29:03","guid":{"rendered":"https:\/\/suomenash.upcloud-1.web-veistamo.fi\/?page_id=16024"},"modified":"2024-03-26T08:04:02","modified_gmt":"2024-03-26T06:04:02","slug":"skydd-maste-inforas-mot-exponering-for-tobaksrok-i-hemmet","status":"publish","type":"page","link":"https:\/\/suomenash.fi\/sv\/skydd-maste-inforas-mot-exponering-for-tobaksrok-i-hemmet\/","title":{"rendered":"Skydd m\u00e5ste inf\u00f6ras mot exponering f\u00f6r tobaksr\u00f6k i hemmet"},"content":{"rendered":"\n<div class=\"main-and-sidebar-container\">\n<div class=\"main-content\">\n<h1 class=\"page-title\">\n                        Skydd m\u00e5ste inf\u00f6ras mot exponering f\u00f6r tobaksr\u00f6k i hemmet                    <\/h1>\n<p>                    PRESSMEDDELANDE 31.1.2023<\/p>\n<p><strong>Bostadsbolagen m\u00e5ste f\u00e5 r\u00e4tt att med majoritetsbeslut f\u00f6rbjuda tobaksr\u00f6kning i bost\u00e4derna och p\u00e5 balkongerna.&nbsp; Detta har f\u00f6reslagits av <\/strong><strong>Arbetsgruppen f\u00f6r utveckling av tobaks- och nikotinpolitiken som tillsatts av Social- och h\u00e4lsov\u00e5rdsministeriet.<\/strong> <strong>Den g\u00e4llande lagstiftningen \u00e4r otillr\u00e4cklig vad g\u00e4ller skydd mot exponering f\u00f6r tobaksr\u00f6k i bostadssamfund. <\/strong><strong>&nbsp;<\/strong><\/p>\n<p>Tobaksr\u00f6kens skadeverkningar \u00e4r framtr\u00e4der s\u00e4rskilt i v\u00e5ningshus. I slutet av \u00e5r 2020 utgjorde v\u00e5ningshusl\u00e4genheterna 47 procent av alla bost\u00e4der i Finland.&nbsp; I dessa l\u00e4genheter bodde cirka tv\u00e5 miljoner m\u00e4nniskor.<\/p>\n<p>\u201dAtt fatta r\u00f6kf\u00f6rbud m\u00e5ste underl\u00e4ttas f\u00f6r bostadssamfunden genom \u00e4ndrad lagstiftning, s\u00e5 att tobaksr\u00f6kning kunde f\u00f6rbjudas med majoritetsbeslut p\u00e5 bolagst\u00e4mma. Den nu g\u00e4llande processen f\u00f6r att s\u00f6ka r\u00f6kf\u00f6rbud uppfattats som tungrodd, besv\u00e4rlig och utdragen b\u00e5de av bostadssamfunden och kommunerna\u201d, konstateras professor Pekka Puska, ordf\u00f6rande f\u00f6r ASH Finland.<\/p>\n<p>Tobaksr\u00f6ken i v\u00e5r omgivning \u00e4r en cancerfarlig blandning och utg\u00f6r ett hot mot v\u00e5r h\u00e4lsa.&nbsp; N\u00e5gon trygg undre gr\u00e4ns f\u00f6r halten av tobaksr\u00f6k i inomhusluften har inte kunnat fastsl\u00e5s. &nbsp;Skadeverkningarna av tobaksr\u00f6ken framkommer s\u00e4rskilt tydligt d\u00e5 inv\u00e5naren har sv\u00e5rt att avl\u00e4gsna sig hemifr\u00e5n t.ex. p\u00e5 grund av sjukdom eller nedsatt funktionsf\u00f6rm\u00e5ga. &nbsp;Under de senaste \u00e5ren har distansarbete och \u2011studier blivit vanliga, och ocks\u00e5 detta \u00f6kar expositionen f\u00f6r tobaksr\u00f6k i hemmen.&nbsp; Dessutom uts\u00e4tts alla som jobbar i andra m\u00e4nniskors bost\u00e4der f\u00f6r tobaksr\u00f6k. Detta g\u00e4ller bl.a. hemsjukv\u00e5rden, personliga assistenter och anh\u00f6rigv\u00e5rdare.<\/p>\n<p>\u201dFr\u00e5gan om r\u00e4ttvisa och r\u00f6kf\u00f6rbud ska betraktas ut h\u00e4lso- och arbetsskydssynpunkt och inte genom att betona r\u00e4tten till tobaksr\u00f6kning. Det \u00e4r inkonsekvent att man skyddas mot den cancerframkallande blandningen p\u00e5 v\u00e5ra arbetsplatser, men hemma finns inget s\u00e5dant skydd mot cancer\u201d, s\u00e4ger professor Pekka Puska.<\/p>\n<h2>Befolkningen underst\u00f6der f\u00f6rbud mot balkongr\u00f6kning<\/h2>\n<p>R\u00f6kf\u00f6rbud i husbolagen underst\u00f6ds kraftigt befolkningen. &nbsp;\u00c5r 2022 gjorde ASH Finland en unders\u00f6kning som visade att 59 procent av befolkningen var f\u00f6r totalt f\u00f6rbud mot balkongr\u00f6kning.<\/p>\n<p>Dessutom uppfattas tobaksr\u00f6ken allm\u00e4nt som st\u00f6rande.<\/p>\n<p>\u201dEnligt en opinionsunders\u00f6kning som ASH Finland utf\u00f6rde \u00e5r 2020 rapporterade 49 procent av h\u00f6ghusinv\u00e5narna att tobaksr\u00f6k tr\u00e4nger in i l\u00e4genheten eller p\u00e5 balkongen. &nbsp;Av dessa angav 82 procent att det var st\u00f6rande \u2013 och t.o.m. 40 procent av dem som r\u00f6kte ans\u00e5g detta\u201d, ber\u00e4ttar Mervi Hara, verksamhetsledare vid ASH Finland.<\/p>\n<h2>Ungdomarna vill ha r\u00f6kfria terrasser<\/h2>\n<p>Arbetsgruppen f\u00f6r utveckling av tobaks- och nikotinpolitiken f\u00f6reslog ocks\u00e5 att tobaksr\u00f6kning p\u00e5 restaurangterasser skulle f\u00f6rbjudas enligt tobakslagen.<\/p>\n<p>S\u00e4rskilt unga vuxna vill ha r\u00f6kf\u00f6rbud p\u00e5 restaurangterasser. Enligt enk\u00e4ten som ASH Finland genomf\u00f6rde \u00e5r 2022 st\u00f6der inte mindre \u00e4n 73 procent av unga i \u00e5ldern 18\u201324 \u00e5r f\u00f6rbud mot anv\u00e4ndning av tobaksprodukter p\u00e5 restaurangterasser. &nbsp;Av alla som svarade p\u00e5 enk\u00e4ten, st\u00f6der 56 procent r\u00f6kf\u00f6rbud p\u00e5 restaurangterasser.<\/p>\n<p>\u201dDe unga \u00e4r vana vid r\u00f6kfrihet och uppfattar det som normgivande. R\u00f6kfria terrasser minskar inte endast expositionen f\u00f6r tobaksr\u00f6k utan f\u00f6rst\u00e4rker ocks\u00e5 uppfattningen att r\u00f6kfrihet \u00e4r norm och f\u00f6rebygger r\u00f6kstart\u201d, s\u00e4ger Mervi Hara.                <\/p><\/div>\n<div class=\"nostopalkki\">\n<ul>\n<li>\n<h5>Verkst\u00e4llighetsinstruktionen f\u00f6r artikel 8 i <a href=\"https:\/\/www.finlex.fi\/sv\/laki\/alkup\/2004\/20041207\" target=\"_blank\" rel=\"noopener\">ramkonventionen om tobakskontroll<\/a> framh\u00e4ver att effektiva \u00e5tg\u00e4rder f\u00f6r att f\u00f6rebygga exponering f\u00f6r tobaksr\u00f6k i omgivningen f\u00f6ruts\u00e4tter att r\u00f6kning och tobaksr\u00f6k avl\u00e4gsnas helt fr\u00e5n vissa lokaler eller omr\u00e5den.<\/h5>\n<\/li>\n<li>\n<h5>N\u00e4r en arbetstagare exponeras f\u00f6r tobaksr\u00f6k i arbetet \u00e4r det en arbetarskyddsfr\u00e5ga.<\/h5>\n<\/li>\n<\/ul><\/div>\n<\/p><\/div>\n<p><!-- .main-and-sidebar-container --><\/p>\n","protected":false},"excerpt":{"rendered":"Skydd m\u00e5ste inf\u00f6ras mot exponering f\u00f6r tobaksr\u00f6k i hemmet PRESSMEDDELANDE 31.1.2023 Bostadsbolagen m\u00e5ste f\u00e5 r\u00e4tt att med majoritetsbeslut f\u00f6rbjuda tobaksr\u00f6kning&#8230; <a class=\"view-article\" href=\"https:\/\/suomenash.fi\/sv\/skydd-maste-inforas-mot-exponering-for-tobaksrok-i-hemmet\/\">View Article<\/a>","protected":false},"author":49,"featured_media":16019,"parent":0,"menu_order":0,"comment_status":"closed","ping_status":"closed","template":"","meta":{"_acf_changed":false,"footnotes":""},"categories":[],"tags":[],"coauthors":[190],"class_list":["post-16024","page","type-page","status-publish","has-post-thumbnail","hentry"],"acf":[],"yoast_head":"<!-- This site is optimized with the Yoast SEO plugin v27.3 - https:\/\/yoast.com\/product\/yoast-seo-wordpress\/ -->\n<title>Skydd m\u00e5ste inf\u00f6ras mot exponering f\u00f6r tobaksr\u00f6k i hemmet - Suomen ASH ry | Suomen ASH ry<\/title>\n<meta name=\"description\" content=\"Bostadsbolagen m\u00e5ste f\u00e5 r\u00e4tt att med majoritetsbeslut f\u00f6rbjuda tobaksr\u00f6kning i bost\u00e4derna och p\u00e5 balkongerna.\u00a0\" \/>\n<meta name=\"robots\" content=\"index, follow, max-snippet:-1, max-image-preview:large, max-video-preview:-1\" \/>\n<link rel=\"canonical\" href=\"https:\/\/suomenash.fi\/sv\/skydd-maste-inforas-mot-exponering-for-tobaksrok-i-hemmet\/\" \/>\n<meta property=\"og:locale\" content=\"sv_SE\" \/>\n<meta property=\"og:type\" content=\"article\" \/>\n<meta property=\"og:title\" content=\"Skydd m\u00e5ste inf\u00f6ras mot exponering f\u00f6r tobaksr\u00f6k i hemmet - Suomen ASH ry\" \/>\n<meta property=\"og:description\" content=\"Bostadsbolagen m\u00e5ste f\u00e5 r\u00e4tt att med majoritetsbeslut f\u00f6rbjuda tobaksr\u00f6kning i bost\u00e4derna och p\u00e5 balkongerna.\u00a0\" \/>\n<meta property=\"og:url\" content=\"https:\/\/suomenash.fi\/sv\/skydd-maste-inforas-mot-exponering-for-tobaksrok-i-hemmet\/\" \/>\n<meta property=\"og:site_name\" content=\"Suomen ASH ry\" \/>\n<meta property=\"article:modified_time\" content=\"2024-03-26T06:04:02+00:00\" \/>\n<meta property=\"og:image\" content=\"https:\/\/suomenash.fi\/wp-content\/uploads\/2023\/01\/shutterstock_1051867838-1-scaled.jpg\" \/>\n\t<meta property=\"og:image:width\" content=\"2560\" \/>\n\t<meta property=\"og:image:height\" content=\"1094\" \/>\n\t<meta property=\"og:image:type\" content=\"image\/jpeg\" \/>\n<meta name=\"twitter:card\" content=\"summary_large_image\" \/>\n<meta name=\"twitter:label1\" content=\"Ber\u00e4knad l\u00e4stid\" \/>\n\t<meta name=\"twitter:data1\" content=\"3 minuter\" \/>\n\t<meta name=\"twitter:label2\" content=\"Skriven av\" \/>\n\t<meta name=\"twitter:data2\" content=\"Tea Kalska\" \/>\n<script type=\"application\/ld+json\" class=\"yoast-schema-graph\">{\"@context\":\"https:\\\/\\\/schema.org\",\"@graph\":[{\"@type\":\"WebPage\",\"@id\":\"https:\\\/\\\/suomenash.fi\\\/sv\\\/skydd-maste-inforas-mot-exponering-for-tobaksrok-i-hemmet\\\/\",\"url\":\"https:\\\/\\\/suomenash.fi\\\/sv\\\/skydd-maste-inforas-mot-exponering-for-tobaksrok-i-hemmet\\\/\",\"name\":\"Skydd m\u00e5ste inf\u00f6ras mot exponering f\u00f6r tobaksr\u00f6k i hemmet - Suomen ASH ry\",\"isPartOf\":{\"@id\":\"https:\\\/\\\/suomenash.fi\\\/#website\"},\"primaryImageOfPage\":{\"@id\":\"https:\\\/\\\/suomenash.fi\\\/sv\\\/skydd-maste-inforas-mot-exponering-for-tobaksrok-i-hemmet\\\/#primaryimage\"},\"image\":{\"@id\":\"https:\\\/\\\/suomenash.fi\\\/sv\\\/skydd-maste-inforas-mot-exponering-for-tobaksrok-i-hemmet\\\/#primaryimage\"},\"thumbnailUrl\":\"https:\\\/\\\/suomenash.fi\\\/wp-content\\\/uploads\\\/2023\\\/01\\\/shutterstock_1051867838-1-scaled.jpg\",\"datePublished\":\"2023-01-31T13:29:03+00:00\",\"dateModified\":\"2024-03-26T06:04:02+00:00\",\"description\":\"Bostadsbolagen m\u00e5ste f\u00e5 r\u00e4tt att med majoritetsbeslut f\u00f6rbjuda tobaksr\u00f6kning i bost\u00e4derna och p\u00e5 balkongerna.\u00a0\",\"breadcrumb\":{\"@id\":\"https:\\\/\\\/suomenash.fi\\\/sv\\\/skydd-maste-inforas-mot-exponering-for-tobaksrok-i-hemmet\\\/#breadcrumb\"},\"inLanguage\":\"sv-SE\",\"potentialAction\":[{\"@type\":\"ReadAction\",\"target\":[\"https:\\\/\\\/suomenash.fi\\\/sv\\\/skydd-maste-inforas-mot-exponering-for-tobaksrok-i-hemmet\\\/\"]}]},{\"@type\":\"ImageObject\",\"inLanguage\":\"sv-SE\",\"@id\":\"https:\\\/\\\/suomenash.fi\\\/sv\\\/skydd-maste-inforas-mot-exponering-for-tobaksrok-i-hemmet\\\/#primaryimage\",\"url\":\"https:\\\/\\\/suomenash.fi\\\/wp-content\\\/uploads\\\/2023\\\/01\\\/shutterstock_1051867838-1-scaled.jpg\",\"contentUrl\":\"https:\\\/\\\/suomenash.fi\\\/wp-content\\\/uploads\\\/2023\\\/01\\\/shutterstock_1051867838-1-scaled.jpg\",\"width\":2560,\"height\":1094},{\"@type\":\"BreadcrumbList\",\"@id\":\"https:\\\/\\\/suomenash.fi\\\/sv\\\/skydd-maste-inforas-mot-exponering-for-tobaksrok-i-hemmet\\\/#breadcrumb\",\"itemListElement\":[{\"@type\":\"ListItem\",\"position\":1,\"name\":\"Home\",\"item\":\"https:\\\/\\\/suomenash.fi\\\/sv\\\/\"},{\"@type\":\"ListItem\",\"position\":2,\"name\":\"Skydd m\u00e5ste inf\u00f6ras mot exponering f\u00f6r tobaksr\u00f6k i hemmet\"}]},{\"@type\":\"WebSite\",\"@id\":\"https:\\\/\\\/suomenash.fi\\\/#website\",\"url\":\"https:\\\/\\\/suomenash.fi\\\/\",\"name\":\"Suomen ASH ry\",\"description\":\"Just another WordPress site\",\"potentialAction\":[{\"@type\":\"SearchAction\",\"target\":{\"@type\":\"EntryPoint\",\"urlTemplate\":\"https:\\\/\\\/suomenash.fi\\\/?s={search_term_string}\"},\"query-input\":{\"@type\":\"PropertyValueSpecification\",\"valueRequired\":true,\"valueName\":\"search_term_string\"}}],\"inLanguage\":\"sv-SE\"}]}<\/script>\n<!-- \/ Yoast SEO plugin. -->","yoast_head_json":{"title":"Skydd m\u00e5ste inf\u00f6ras mot exponering f\u00f6r tobaksr\u00f6k i hemmet - Suomen ASH ry | Suomen ASH ry","description":"Bostadsbolagen m\u00e5ste f\u00e5 r\u00e4tt att med majoritetsbeslut f\u00f6rbjuda tobaksr\u00f6kning i bost\u00e4derna och p\u00e5 balkongerna.\u00a0","robots":{"index":"index","follow":"follow","max-snippet":"max-snippet:-1","max-image-preview":"max-image-preview:large","max-video-preview":"max-video-preview:-1"},"canonical":"https:\/\/suomenash.fi\/sv\/skydd-maste-inforas-mot-exponering-for-tobaksrok-i-hemmet\/","og_locale":"sv_SE","og_type":"article","og_title":"Skydd m\u00e5ste inf\u00f6ras mot exponering f\u00f6r tobaksr\u00f6k i hemmet - Suomen ASH ry","og_description":"Bostadsbolagen m\u00e5ste f\u00e5 r\u00e4tt att med majoritetsbeslut f\u00f6rbjuda tobaksr\u00f6kning i bost\u00e4derna och p\u00e5 balkongerna.\u00a0","og_url":"https:\/\/suomenash.fi\/sv\/skydd-maste-inforas-mot-exponering-for-tobaksrok-i-hemmet\/","og_site_name":"Suomen ASH ry","article_modified_time":"2024-03-26T06:04:02+00:00","og_image":[{"width":2560,"height":1094,"url":"https:\/\/suomenash.fi\/wp-content\/uploads\/2023\/01\/shutterstock_1051867838-1-scaled.jpg","type":"image\/jpeg"}],"twitter_card":"summary_large_image","twitter_misc":{"Ber\u00e4knad l\u00e4stid":"3 minuter","Skriven av":"Tea Kalska"},"schema":{"@context":"https:\/\/schema.org","@graph":[{"@type":"WebPage","@id":"https:\/\/suomenash.fi\/sv\/skydd-maste-inforas-mot-exponering-for-tobaksrok-i-hemmet\/","url":"https:\/\/suomenash.fi\/sv\/skydd-maste-inforas-mot-exponering-for-tobaksrok-i-hemmet\/","name":"Skydd m\u00e5ste inf\u00f6ras mot exponering f\u00f6r tobaksr\u00f6k i hemmet - Suomen ASH ry","isPartOf":{"@id":"https:\/\/suomenash.fi\/#website"},"primaryImageOfPage":{"@id":"https:\/\/suomenash.fi\/sv\/skydd-maste-inforas-mot-exponering-for-tobaksrok-i-hemmet\/#primaryimage"},"image":{"@id":"https:\/\/suomenash.fi\/sv\/skydd-maste-inforas-mot-exponering-for-tobaksrok-i-hemmet\/#primaryimage"},"thumbnailUrl":"https:\/\/suomenash.fi\/wp-content\/uploads\/2023\/01\/shutterstock_1051867838-1-scaled.jpg","datePublished":"2023-01-31T13:29:03+00:00","dateModified":"2024-03-26T06:04:02+00:00","description":"Bostadsbolagen m\u00e5ste f\u00e5 r\u00e4tt att med majoritetsbeslut f\u00f6rbjuda tobaksr\u00f6kning i bost\u00e4derna och p\u00e5 balkongerna.\u00a0","breadcrumb":{"@id":"https:\/\/suomenash.fi\/sv\/skydd-maste-inforas-mot-exponering-for-tobaksrok-i-hemmet\/#breadcrumb"},"inLanguage":"sv-SE","potentialAction":[{"@type":"ReadAction","target":["https:\/\/suomenash.fi\/sv\/skydd-maste-inforas-mot-exponering-for-tobaksrok-i-hemmet\/"]}]},{"@type":"ImageObject","inLanguage":"sv-SE","@id":"https:\/\/suomenash.fi\/sv\/skydd-maste-inforas-mot-exponering-for-tobaksrok-i-hemmet\/#primaryimage","url":"https:\/\/suomenash.fi\/wp-content\/uploads\/2023\/01\/shutterstock_1051867838-1-scaled.jpg","contentUrl":"https:\/\/suomenash.fi\/wp-content\/uploads\/2023\/01\/shutterstock_1051867838-1-scaled.jpg","width":2560,"height":1094},{"@type":"BreadcrumbList","@id":"https:\/\/suomenash.fi\/sv\/skydd-maste-inforas-mot-exponering-for-tobaksrok-i-hemmet\/#breadcrumb","itemListElement":[{"@type":"ListItem","position":1,"name":"Home","item":"https:\/\/suomenash.fi\/sv\/"},{"@type":"ListItem","position":2,"name":"Skydd m\u00e5ste inf\u00f6ras mot exponering f\u00f6r tobaksr\u00f6k i hemmet"}]},{"@type":"WebSite","@id":"https:\/\/suomenash.fi\/#website","url":"https:\/\/suomenash.fi\/","name":"Suomen ASH ry","description":"Just another WordPress site","potentialAction":[{"@type":"SearchAction","target":{"@type":"EntryPoint","urlTemplate":"https:\/\/suomenash.fi\/?s={search_term_string}"},"query-input":{"@type":"PropertyValueSpecification","valueRequired":true,"valueName":"search_term_string"}}],"inLanguage":"sv-SE"}]}},"_links":{"self":[{"href":"https:\/\/suomenash.fi\/sv\/wp-json\/wp\/v2\/pages\/16024","targetHints":{"allow":["GET"]}}],"collection":[{"href":"https:\/\/suomenash.fi\/sv\/wp-json\/wp\/v2\/pages"}],"about":[{"href":"https:\/\/suomenash.fi\/sv\/wp-json\/wp\/v2\/types\/page"}],"author":[{"embeddable":true,"href":"https:\/\/suomenash.fi\/sv\/wp-json\/wp\/v2\/users\/49"}],"replies":[{"embeddable":true,"href":"https:\/\/suomenash.fi\/sv\/wp-json\/wp\/v2\/comments?post=16024"}],"version-history":[{"count":5,"href":"https:\/\/suomenash.fi\/sv\/wp-json\/wp\/v2\/pages\/16024\/revisions"}],"predecessor-version":[{"id":19941,"href":"https:\/\/suomenash.fi\/sv\/wp-json\/wp\/v2\/pages\/16024\/revisions\/19941"}],"wp:featuredmedia":[{"embeddable":true,"href":"https:\/\/suomenash.fi\/sv\/wp-json\/wp\/v2\/media\/16019"}],"wp:attachment":[{"href":"https:\/\/suomenash.fi\/sv\/wp-json\/wp\/v2\/media?parent=16024"}],"wp:term":[{"taxonomy":"category","embeddable":true,"href":"https:\/\/suomenash.fi\/sv\/wp-json\/wp\/v2\/categories?post=16024"},{"taxonomy":"post_tag","embeddable":true,"href":"https:\/\/suomenash.fi\/sv\/wp-json\/wp\/v2\/tags?post=16024"},{"taxonomy":"author","embeddable":true,"href":"https:\/\/suomenash.fi\/sv\/wp-json\/wp\/v2\/coauthors?post=16024"}],"curies":[{"name":"wp","href":"https:\/\/api.w.org\/{rel}","templated":true}]}}