{"id":146,"date":"2017-11-06T12:09:21","date_gmt":"2017-11-06T12:09:21","guid":{"rendered":"http:\/\/suomenash.beta.web-veistamo.fi\/?page_id=146"},"modified":"2026-02-06T09:26:35","modified_gmt":"2026-02-06T07:26:35","slug":"front-page","status":"publish","type":"page","link":"https:\/\/suomenash.fi\/sv\/","title":{"rendered":"Vi bryr oss \u2013 <br>d\u00e4rf\u00f6r p\u00e5verkar vi"},"content":{"rendered":"<h1 class=\"page-title\">Vi bryr oss \u2013 <br>d\u00e4rf\u00f6r p\u00e5verkar vi<\/h1><div id=\"slider-block_c068f62f794c14a82d7d6bf8cc3da826\" class=\"wp-block-slider alignwide\">\r\n    \r\n    <div class=\"wp-block-slider__swiper-outer\">\r\n        <div class=\"swiper-container\">\r\n            <div class=\"swiper-wrapper\">\r\n                        <div class=\"swiper-slide\">\r\n\r\n                            <div class=\"wp-block-slider__image mb-0\"\r\n                         style=\"background-image: url(https:\/\/suomenash.fi\/wp-content\/uploads\/2020\/08\/AdobeStock_235655103_lapsiraportti_kuva2_rajattu.jpg);\">\r\n                                                     <div class=\"wp-block-slider__title\">\r\n                                <h4>Barnens r\u00e4ttigheter<\/h4>\r\n                                <svg class=\"icon icon-chevron-right-solid\" aria-hidden=\"true\" role=\"img\"><use xlink:href=\"https:\/\/suomenash.fi\/wp-content\/themes\/savutonash\/dist\/icons.svg#icon-chevron-right-solid\"><\/use><\/svg>                            <\/div>\r\n                                                <a href=\"https:\/\/suomenash.fi\/sv\/fakta-om-tobak\/tobaken-strider-mot-barnens-rattigheter-i-finland-an-idag\/\" target=\"_self\" class=\"stretched-link\"><\/a>\r\n                    <\/div>\r\n\r\n        \r\n                <\/div>\r\n\r\n                        <div class=\"swiper-slide\">\r\n\r\n                            <div class=\"wp-block-slider__image mb-0\"\r\n                         style=\"background-image: url(https:\/\/suomenash.fi\/wp-content\/uploads\/2026\/02\/adobestock_457471580-mummo-1-scaled.jpeg);\">\r\n                                                     <div class=\"wp-block-slider__title\">\r\n                                <h4>Video: V\u00e4gen mot ett r\u00f6k- och nikotinfritt Finland<\/h4>\r\n                                <svg class=\"icon icon-chevron-right-solid\" aria-hidden=\"true\" role=\"img\"><use xlink:href=\"https:\/\/suomenash.fi\/wp-content\/themes\/savutonash\/dist\/icons.svg#icon-chevron-right-solid\"><\/use><\/svg>                            <\/div>\r\n                                                <a href=\"https:\/\/suomenash.fi\/sv\/vagen-mot-ett-rok-och-nikotinfritt-finland\/\" target=\"_self\" class=\"stretched-link\"><\/a>\r\n                    <\/div>\r\n\r\n        \r\n                <\/div>\r\n\r\n                        <div class=\"swiper-slide\">\r\n\r\n                            <div class=\"wp-block-slider__image mb-0\"\r\n                         style=\"background-image: url(https:\/\/suomenash.fi\/wp-content\/uploads\/2023\/01\/shutterstock_1051867838-1-scaled.jpg);\">\r\n                                                     <div class=\"wp-block-slider__title\">\r\n                                <h4>Skydd m\u00e5ste inf\u00f6ras mot exponering f\u00f6r tobaksr\u00f6k i hemmet<\/h4>\r\n                                <svg class=\"icon icon-chevron-right-solid\" aria-hidden=\"true\" role=\"img\"><use xlink:href=\"https:\/\/suomenash.fi\/wp-content\/themes\/savutonash\/dist\/icons.svg#icon-chevron-right-solid\"><\/use><\/svg>                            <\/div>\r\n                                                <a href=\"https:\/\/suomenash.fi\/sv\/skydd-maste-inforas-mot-exponering-for-tobaksrok-i-hemmet\/\" target=\"_self\" class=\"stretched-link\"><\/a>\r\n                    <\/div>\r\n\r\n        \r\n                <\/div>\r\n\r\n        \r\n            <\/div>\r\n        <\/div>\r\n        <div class=\"swiper-button-next\"><\/div>\r\n        <div class=\"swiper-button-prev\"><\/div>\r\n    <\/div>\r\n    \r\n    <\/div>","protected":false},"excerpt":{"rendered":"Vi bryr oss \u2013 d\u00e4rf\u00f6r p\u00e5verkar vi","protected":false},"author":2,"featured_media":6910,"parent":0,"menu_order":0,"comment_status":"closed","ping_status":"closed","template":"","meta":{"_acf_changed":false,"footnotes":""},"categories":[],"tags":[],"coauthors":[9],"class_list":["post-146","page","type-page","status-publish","has-post-thumbnail","hentry"],"acf":[],"yoast_head":"<!-- This site is optimized with the Yoast SEO plugin v27.4 - https:\/\/yoast.com\/product\/yoast-seo-wordpress\/ -->\n<title>Vi bryr oss \u2013 d\u00e4rf\u00f6r p\u00e5verkar vi - Suomen ASH ry | Suomen ASH ry<\/title>\n<meta name=\"robots\" content=\"index, follow, max-snippet:-1, max-image-preview:large, max-video-preview:-1\" \/>\n<link rel=\"canonical\" href=\"https:\/\/suomenash.fi\/sv\/\" \/>\n<meta property=\"og:locale\" content=\"sv_SE\" \/>\n<meta property=\"og:type\" content=\"article\" \/>\n<meta property=\"og:title\" content=\"Vi bryr oss \u2013 d\u00e4rf\u00f6r p\u00e5verkar vi - Suomen ASH ry\" \/>\n<meta property=\"og:description\" content=\"Vi bryr oss \u2013 d\u00e4rf\u00f6r p\u00e5verkar vi\" \/>\n<meta property=\"og:url\" content=\"https:\/\/suomenash.fi\/sv\/\" \/>\n<meta property=\"og:site_name\" content=\"Suomen ASH ry\" \/>\n<meta property=\"article:modified_time\" content=\"2026-02-06T07:26:35+00:00\" \/>\n<meta property=\"og:image\" content=\"https:\/\/suomenash.fi\/wp-content\/uploads\/2019\/10\/shutterstock_435305458_etusivu-rajattu.jpg\" \/>\n\t<meta property=\"og:image:width\" content=\"7000\" \/>\n\t<meta property=\"og:image:height\" content=\"3065\" \/>\n\t<meta property=\"og:image:type\" content=\"image\/jpeg\" \/>\n<meta name=\"twitter:card\" content=\"summary_large_image\" \/>\n<meta name=\"twitter:label1\" content=\"Ber\u00e4knad l\u00e4stid\" \/>\n\t<meta name=\"twitter:data1\" content=\"1 minut\" \/>\n\t<meta name=\"twitter:label2\" content=\"Skriven av\" \/>\n\t<meta name=\"twitter:data2\" content=\"ashadm\" \/>\n<script type=\"application\/ld+json\" class=\"yoast-schema-graph\">{\"@context\":\"https:\\\/\\\/schema.org\",\"@graph\":[{\"@type\":\"WebPage\",\"@id\":\"https:\\\/\\\/suomenash.fi\\\/sv\\\/\",\"url\":\"https:\\\/\\\/suomenash.fi\\\/sv\\\/\",\"name\":\"Vi bryr oss \u2013 d\u00e4rf\u00f6r p\u00e5verkar vi - Suomen ASH ry\",\"isPartOf\":{\"@id\":\"https:\\\/\\\/suomenash.fi\\\/#website\"},\"primaryImageOfPage\":{\"@id\":\"https:\\\/\\\/suomenash.fi\\\/sv\\\/#primaryimage\"},\"image\":{\"@id\":\"https:\\\/\\\/suomenash.fi\\\/sv\\\/#primaryimage\"},\"thumbnailUrl\":\"https:\\\/\\\/suomenash.fi\\\/wp-content\\\/uploads\\\/2019\\\/10\\\/shutterstock_435305458_etusivu-rajattu.jpg\",\"datePublished\":\"2017-11-06T12:09:21+00:00\",\"dateModified\":\"2026-02-06T07:26:35+00:00\",\"breadcrumb\":{\"@id\":\"https:\\\/\\\/suomenash.fi\\\/sv\\\/#breadcrumb\"},\"inLanguage\":\"sv-SE\",\"potentialAction\":[{\"@type\":\"ReadAction\",\"target\":[\"https:\\\/\\\/suomenash.fi\\\/sv\\\/\"]}]},{\"@type\":\"ImageObject\",\"inLanguage\":\"sv-SE\",\"@id\":\"https:\\\/\\\/suomenash.fi\\\/sv\\\/#primaryimage\",\"url\":\"https:\\\/\\\/suomenash.fi\\\/wp-content\\\/uploads\\\/2019\\\/10\\\/shutterstock_435305458_etusivu-rajattu.jpg\",\"contentUrl\":\"https:\\\/\\\/suomenash.fi\\\/wp-content\\\/uploads\\\/2019\\\/10\\\/shutterstock_435305458_etusivu-rajattu.jpg\",\"width\":7000,\"height\":3065},{\"@type\":\"BreadcrumbList\",\"@id\":\"https:\\\/\\\/suomenash.fi\\\/sv\\\/#breadcrumb\",\"itemListElement\":[{\"@type\":\"ListItem\",\"position\":1,\"name\":\"Home\",\"item\":\"https:\\\/\\\/suomenash.fi\\\/sv\\\/\"},{\"@type\":\"ListItem\",\"position\":2,\"name\":\"Vi bryr oss \u2013 d\u00e4rf\u00f6r p\u00e5verkar vi\"}]},{\"@type\":\"WebSite\",\"@id\":\"https:\\\/\\\/suomenash.fi\\\/#website\",\"url\":\"https:\\\/\\\/suomenash.fi\\\/\",\"name\":\"Suomen ASH ry\",\"description\":\"Just another WordPress site\",\"potentialAction\":[{\"@type\":\"SearchAction\",\"target\":{\"@type\":\"EntryPoint\",\"urlTemplate\":\"https:\\\/\\\/suomenash.fi\\\/?s={search_term_string}\"},\"query-input\":{\"@type\":\"PropertyValueSpecification\",\"valueRequired\":true,\"valueName\":\"search_term_string\"}}],\"inLanguage\":\"sv-SE\"}]}<\/script>\n<!-- \/ Yoast SEO plugin. -->","yoast_head_json":{"title":"Vi bryr oss \u2013 d\u00e4rf\u00f6r p\u00e5verkar vi - Suomen ASH ry | Suomen ASH ry","robots":{"index":"index","follow":"follow","max-snippet":"max-snippet:-1","max-image-preview":"max-image-preview:large","max-video-preview":"max-video-preview:-1"},"canonical":"https:\/\/suomenash.fi\/sv\/","og_locale":"sv_SE","og_type":"article","og_title":"Vi bryr oss \u2013 d\u00e4rf\u00f6r p\u00e5verkar vi - Suomen ASH ry","og_description":"Vi bryr oss \u2013 d\u00e4rf\u00f6r p\u00e5verkar vi","og_url":"https:\/\/suomenash.fi\/sv\/","og_site_name":"Suomen ASH ry","article_modified_time":"2026-02-06T07:26:35+00:00","og_image":[{"width":7000,"height":3065,"url":"https:\/\/suomenash.fi\/wp-content\/uploads\/2019\/10\/shutterstock_435305458_etusivu-rajattu.jpg","type":"image\/jpeg"}],"twitter_card":"summary_large_image","twitter_misc":{"Ber\u00e4knad l\u00e4stid":"1 minut","Skriven av":"ashadm"},"schema":{"@context":"https:\/\/schema.org","@graph":[{"@type":"WebPage","@id":"https:\/\/suomenash.fi\/sv\/","url":"https:\/\/suomenash.fi\/sv\/","name":"Vi bryr oss \u2013 d\u00e4rf\u00f6r p\u00e5verkar vi - Suomen ASH ry","isPartOf":{"@id":"https:\/\/suomenash.fi\/#website"},"primaryImageOfPage":{"@id":"https:\/\/suomenash.fi\/sv\/#primaryimage"},"image":{"@id":"https:\/\/suomenash.fi\/sv\/#primaryimage"},"thumbnailUrl":"https:\/\/suomenash.fi\/wp-content\/uploads\/2019\/10\/shutterstock_435305458_etusivu-rajattu.jpg","datePublished":"2017-11-06T12:09:21+00:00","dateModified":"2026-02-06T07:26:35+00:00","breadcrumb":{"@id":"https:\/\/suomenash.fi\/sv\/#breadcrumb"},"inLanguage":"sv-SE","potentialAction":[{"@type":"ReadAction","target":["https:\/\/suomenash.fi\/sv\/"]}]},{"@type":"ImageObject","inLanguage":"sv-SE","@id":"https:\/\/suomenash.fi\/sv\/#primaryimage","url":"https:\/\/suomenash.fi\/wp-content\/uploads\/2019\/10\/shutterstock_435305458_etusivu-rajattu.jpg","contentUrl":"https:\/\/suomenash.fi\/wp-content\/uploads\/2019\/10\/shutterstock_435305458_etusivu-rajattu.jpg","width":7000,"height":3065},{"@type":"BreadcrumbList","@id":"https:\/\/suomenash.fi\/sv\/#breadcrumb","itemListElement":[{"@type":"ListItem","position":1,"name":"Home","item":"https:\/\/suomenash.fi\/sv\/"},{"@type":"ListItem","position":2,"name":"Vi bryr oss \u2013 d\u00e4rf\u00f6r p\u00e5verkar vi"}]},{"@type":"WebSite","@id":"https:\/\/suomenash.fi\/#website","url":"https:\/\/suomenash.fi\/","name":"Suomen ASH ry","description":"Just another WordPress site","potentialAction":[{"@type":"SearchAction","target":{"@type":"EntryPoint","urlTemplate":"https:\/\/suomenash.fi\/?s={search_term_string}"},"query-input":{"@type":"PropertyValueSpecification","valueRequired":true,"valueName":"search_term_string"}}],"inLanguage":"sv-SE"}]}},"_links":{"self":[{"href":"https:\/\/suomenash.fi\/sv\/wp-json\/wp\/v2\/pages\/146","targetHints":{"allow":["GET"]}}],"collection":[{"href":"https:\/\/suomenash.fi\/sv\/wp-json\/wp\/v2\/pages"}],"about":[{"href":"https:\/\/suomenash.fi\/sv\/wp-json\/wp\/v2\/types\/page"}],"author":[{"embeddable":true,"href":"https:\/\/suomenash.fi\/sv\/wp-json\/wp\/v2\/users\/2"}],"replies":[{"embeddable":true,"href":"https:\/\/suomenash.fi\/sv\/wp-json\/wp\/v2\/comments?post=146"}],"version-history":[{"count":9,"href":"https:\/\/suomenash.fi\/sv\/wp-json\/wp\/v2\/pages\/146\/revisions"}],"predecessor-version":[{"id":23751,"href":"https:\/\/suomenash.fi\/sv\/wp-json\/wp\/v2\/pages\/146\/revisions\/23751"}],"wp:featuredmedia":[{"embeddable":true,"href":"https:\/\/suomenash.fi\/sv\/wp-json\/wp\/v2\/media\/6910"}],"wp:attachment":[{"href":"https:\/\/suomenash.fi\/sv\/wp-json\/wp\/v2\/media?parent=146"}],"wp:term":[{"taxonomy":"category","embeddable":true,"href":"https:\/\/suomenash.fi\/sv\/wp-json\/wp\/v2\/categories?post=146"},{"taxonomy":"post_tag","embeddable":true,"href":"https:\/\/suomenash.fi\/sv\/wp-json\/wp\/v2\/tags?post=146"},{"taxonomy":"author","embeddable":true,"href":"https:\/\/suomenash.fi\/sv\/wp-json\/wp\/v2\/coauthors?post=146"}],"curies":[{"name":"wp","href":"https:\/\/api.w.org\/{rel}","templated":true}]}}