{"id":10663,"date":"2020-11-25T13:55:28","date_gmt":"2020-11-25T11:55:28","guid":{"rendered":"https:\/\/suomenash.upcloud-1.web-veistamo.fi\/?page_id=10663"},"modified":"2023-11-15T14:39:35","modified_gmt":"2023-11-15T12:39:35","slug":"rokning-och-coronaviruset","status":"publish","type":"page","link":"https:\/\/suomenash.fi\/sv\/rokning-och-coronaviruset\/","title":{"rendered":"R\u00f6kning och coronaviruset"},"content":{"rendered":"<h1 class=\"page-title\">R\u00f6kning och coronaviruset<\/h1>\n<div class=\"wp-block-columns is-layout-flex wp-container-core-columns-is-layout-28f84493 wp-block-columns-is-layout-flex\">\n<div class=\"wp-block-column is-layout-flow wp-block-column-is-layout-flow\" style=\"flex-basis:100%\">\n<p><strong>Forskning visar att r\u00f6kare har st\u00f6rre risk f\u00f6r lunginfektioner, bl.a. <a href=\"https:\/\/jamanetwork.com\/journals\/jamainternalmedicine\/fullarticle\/217624\" target=\"_blank\" rel=\"noopener noreferrer\">lunginflammation och influensa<\/a>, \u00e4n icke-r\u00f6kare. Coronaviruset angriper i f\u00f6rsta hand lungorna som \u00e4r f\u00f6rsvagade hos r\u00f6kare. R\u00f6kning leder ocks\u00e5 till allvarliga hj\u00e4rtsjukdomar och f\u00f6rsvagar kroppens f\u00f6rsvar.<\/strong><\/p>\n<p><a href=\"https:\/\/www.cdc.gov\/coronavirus\/2019-ncov\/need-extra-precautions\/people-with-medical-conditions.html?CDC_AA_refVal=https%3A%2F%2Fwww.cdc.gov%2Fcoronavirus%2F2019-ncov%2Fneed-extra-precautions%2Fgroups-at-higher-risk.html\" target=\"_blank\" rel=\"noopener noreferrer\">USA:s nationella folkh\u00e4lsomyndighet<\/a> CDC och V\u00e4rldsh\u00e4lsoorganisationen <a href=\"https:\/\/www.who.int\/health-topics\/coronavirus#tab=tab_1\" target=\"_blank\" rel=\"noopener noreferrer\">WHO<\/a> har funnit att kronisk lungsjukdom, hj\u00e4rt- och k\u00e4rlsjukdomar eller diabetes kan \u00f6ka risken f\u00f6r allvarliga former av coronainfektion.<\/p>\n<p>Det \u00e4r inte endast de giftiga kemikalierna i tobaken som \u00f6kar risken f\u00f6r coronainsjuknade. WHO p\u00e5minner om att r\u00f6karna som utf\u00f6r upprepade g\u00e5nger r\u00f6relsen d\u00e4r handen ber\u00f6r munnen kan g\u00f6ra r\u00f6kare extra s\u00e5rbara f\u00f6r corona. Eftersom r\u00f6kare av e-cigarretter utf\u00f6r samma hand-munr\u00f6relse som r\u00f6kare av vanliga cigarretter, anses e-cigarretter likv\u00e4l vara en risk f\u00f6r dem som insjuknar i corona. <a href=\"https:\/\/www.sciencedirect.com\/science\/article\/pii\/S1054139X20303992\" target=\"_blank\" rel=\"noopener noreferrer\">Anv\u00e4ndningen av e-cigarretter<\/a> kan \u00f6ka risken f\u00f6r luftv\u00e4gssjukdomar och allvarliga former av corona s\u00e4rskilt hos unga personer. Forskningen visar allt tydligare att k\u00e4nnbar exposition f\u00f6r nikotin och andra kemikalier i e-cigarretter kan leda till st\u00f6rd lungfunktion och uts\u00e4tta folk f\u00f6r st\u00f6rre risk f\u00f6r <a href=\"https:\/\/www.sciencedirect.com\/science\/article\/pii\/S1054139X20303992\" target=\"_blank\" rel=\"noopener noreferrer\">coronaviruskomplikationer<\/a>.<\/p>\n<p>Ocks\u00e5 de som anv\u00e4nder vattenpipa har oftare luftv\u00e4gssjukdomar \u00e4n de som inte anv\u00e4nder vattenpipa. WHO rekommenderar f\u00f6rbud mot vattenpipa p\u00e5 offentliga platser.<\/p>\n<h2>Sakkunniga rekommenderar r\u00f6kstopp<\/h2>\n<p>ASH Finland uppmanar till permanent r\u00f6kstopp. N\u00e4r du slutar r\u00f6ka f\u00f6rb\u00e4ttras din motst\u00e5ndskraft och din risk f\u00f6r allvarlig coronainfektion minskar. R\u00f6kfrihet ger permanent nytta som best\u00e5r ocks\u00e5 efter att coronapandemin g\u00e5tt \u00f6ver. Internationella organisationer skriver p\u00e5 sina n\u00e4tsidor ocks\u00e5 om sambandet mellan r\u00f6kstopp och coronaviruset. <a href=\"https:\/\/www.evidentlycochrane.net\/smoking-and-coronavirus\/\" target=\"_blank\" rel=\"noopener noreferrer\">Cochrane<\/a>-gruppens \u00f6versiktssidor uppdateras exempelvis regelbundet.<\/p>\n<p>L\u00e4s g\u00e4rna vad sakkunniga ber\u00e4ttar om coronaviruset och tobaksr\u00f6kning. Vi publicerar nyheter om detta ocks\u00e5 i sociala media under \u00e4mnesordet #coronaochtobak.<\/p>\n<h2>Coronaepidemin kan sporra till \u00e4ndringar<\/h2>\n<p><a href=\"https:\/\/suomenash.fi\/wp-content\/uploads\/2020\/03\/Pekka-Puska_rajattu.jpg\"><img loading=\"lazy\" decoding=\"async\" width=\"279\" height=\"300\" class=\"size-medium wp-image-8608 alignleft\" src=\"https:\/\/suomenash.fi\/wp-content\/uploads\/2020\/03\/Pekka-Puska_rajattu-279x300.jpg\" alt=\"\" srcset=\"https:\/\/suomenash.fi\/wp-content\/uploads\/2020\/03\/Pekka-Puska_rajattu-279x300.jpg 279w, https:\/\/suomenash.fi\/wp-content\/uploads\/2020\/03\/Pekka-Puska_rajattu.jpg 419w\" sizes=\"auto, (max-width: 279px) 100vw, 279px\" \/><\/a>\u201dCoronasjukdomen \u00e4r s\u00e5 ny f\u00f6r oss att forskningresultaten \u00e4r tillsvidare begr\u00e4nsade. d. Det \u00e4r dock uppenbart att r\u00f6kare har en f\u00f6rh\u00f6jd risk f\u00f6r allvarliga komplikationer av coronainfektion. Ocks\u00e5 e-cigarretter medf\u00f6r en risk.<\/p>\n<p>Coronaviruset angriper lungorna vars f\u00f6rsvarsmekanismer f\u00f6rsvagas av tobaksr\u00f6kning. Enligt en forskningsrapport fr\u00e5n Kina har r\u00f6kare en 14-faldig risk f\u00f6r coronakomplikationer j\u00e4mf\u00f6rt med icke-r\u00f6kare. Riskf\u00f6rh\u00e5llandet varierar visserligen mellan olika utredningar, men trots detta \u00e4r det uppenbart att corona och r\u00f6kning \u00e4r en farlig kombination. Ocks\u00e5 passiv r\u00f6kning kan h\u00f6ja risken f\u00f6r coronakomplikationer.<\/p>\n<p>Ofta \u00e4ndrar m\u00e4nniskor sina levnadsvanor vid olika brytningspunkter i livet. F\u00f6r m\u00e5nga betyder coronapandemin en enorm \u00e4ndring i livet j\u00e4mf\u00f6rt med hur det varit. D\u00e4rf\u00f6r kan pandemin bli en impuls att sluta r\u00f6ka \u2013 detta s\u00e4rskilt av den orsaken att r\u00f6kning \u00f6kar risken f\u00f6r sv\u00e5r sjukdom. Om du redan funderat p\u00e5 att sluta \u2013 nu \u00e4r \u00f6gonblicket inne!<\/p>\n<p>Den skadliga inverkan av kemikalierna i tobaksr\u00f6ken upph\u00f6r genast d\u00e5 tobaksr\u00f6kningen slutar. Samtidigt b\u00f6rjan lungornas normala funktion \u00e5terh\u00e4mtas.\u201d<\/p>\n<p><strong>Professor Pekka Puska, styrelseordf\u00f6rande f\u00f6r ASH Finland r.f.<\/strong><\/p>\n<h2>Corona och r\u00f6kning \u2013 dubbel risk f\u00f6r hj\u00e4rtat<\/h2>\n<p><a href=\"https:\/\/suomenash.fi\/wp-content\/uploads\/2020\/03\/Anna-Mari-Hekkala-2_rajattu.jpg\"><img loading=\"lazy\" decoding=\"async\" width=\"300\" height=\"300\" class=\"size-medium wp-image-8602 alignleft\" src=\"https:\/\/suomenash.fi\/wp-content\/uploads\/2020\/03\/Anna-Mari-Hekkala-2_rajattu-300x300.jpg\" alt=\"\" srcset=\"https:\/\/suomenash.fi\/wp-content\/uploads\/2020\/03\/Anna-Mari-Hekkala-2_rajattu-300x300.jpg 300w, https:\/\/suomenash.fi\/wp-content\/uploads\/2020\/03\/Anna-Mari-Hekkala-2_rajattu-150x150.jpg 150w, https:\/\/suomenash.fi\/wp-content\/uploads\/2020\/03\/Anna-Mari-Hekkala-2_rajattu.jpg 450w\" sizes=\"auto, (max-width: 300px) 100vw, 300px\" \/><\/a>\u201dCoronainfektion leder till ett inflammationstillst\u00e5nd som i sin tur kan leda till hj\u00e4rtinfarkt, s\u00e4rskilt hos patienter med kransk\u00e4rlssjukdom. Gifterna i tobaken sprider sig till art\u00e4rerna och skadar art\u00e4rernas innersta v\u00e4gg. Tobaken \u00f6kar ocks\u00e5 blodets koagulationsben\u00e4genhet vilket \u00f6kar ytterligare risken f\u00f6r hj\u00e4rtinfarkt. Patienter med lunginflammation har svagare syres\u00e4ttning i blodet och detta f\u00f6rs\u00e4mrar tillg\u00e5ngen p\u00e5 syre f\u00f6r hj\u00e4rtmuskeln ytterligare.<\/p>\n<p>Hj\u00e4rt- och lungh\u00e4lsan \u00e4r kopplade \u2013 d\u00e5 lungorna \u00e4r anstr\u00e4ngda, anstr\u00e4ngs ocks\u00e5 hj\u00e4rtat. Om hj\u00e4rtat \u00e4r sjukt sedan f\u00f6rr, t\u00e5l det inte anstr\u00e4ngning lika bra som om det vore friskt.<\/p>\n<p>Sluta r\u00f6ka f\u00f6r hj\u00e4rtats skull! R\u00f6kstopp gynnar hj\u00e4rtat och blodcirkulationen mycket snabbt. Allra f\u00f6rst \u00e5terg\u00e5r blodets koagulationsben\u00e4genhet till samma niv\u00e5 som det var innan du b\u00f6rjade r\u00f6ka. Under de allra f\u00f6rsta r\u00f6kfria dagarna minskar ocks\u00e5 ben\u00e4genheten f\u00f6r blodk\u00e4rlssammandragningar, d\u00e5 nikotinet uteblir. Sm\u00e5ningom lindras ocks\u00e5 skadorna som r\u00f6kningen orsakat p\u00e5 blodk\u00e4rlens innerv\u00e4ggar.<\/p>\n<p>N\u00e4r hj\u00e4rtat och blodk\u00e4rlen m\u00e5r b\u00e4ttre, blir det l\u00e4ttare f\u00f6r kroppen att \u00f6vervinna den extra anstr\u00e4ngning som infektionen medf\u00f6r.\u201d<\/p>\n<p><strong>Kardiolog Anna-Mari Hekkala, Hj\u00e4rtf\u00f6rbundet<\/strong><\/p>\n<h2>Bespara dina lungor nu \u2013 sluta r\u00f6ka<\/h2>\n<p><a href=\"https:\/\/suomenash.fi\/wp-content\/uploads\/2020\/03\/Tuula-Vasankari_rajattu.jpg\"><img loading=\"lazy\" decoding=\"async\" width=\"294\" height=\"300\" class=\"size-medium wp-image-8614 alignleft\" src=\"https:\/\/suomenash.fi\/wp-content\/uploads\/2020\/03\/Tuula-Vasankari_rajattu-294x300.jpg\" alt=\"\" srcset=\"https:\/\/suomenash.fi\/wp-content\/uploads\/2020\/03\/Tuula-Vasankari_rajattu-294x300.jpg 294w, https:\/\/suomenash.fi\/wp-content\/uploads\/2020\/03\/Tuula-Vasankari_rajattu.jpg 441w\" sizes=\"auto, (max-width: 294px) 100vw, 294px\" \/><\/a>\u201dCoronaepidemin \u00e4r en utm\u00e4rkt orsak att sluta r\u00f6ka. Du besparar dina lungor n\u00e4r du slutar r\u00f6ka. R\u00f6kning \u00f6kar de sv\u00e5ra formerna av coronavirussjukdomen. Hos m\u00e5nga m\u00e4nniskor som r\u00f6kt l\u00e4nge har lungfunktionen p\u00e5verkats. Denna p\u00e5verkan kan f\u00f6rv\u00e4rras ytterligare av coronainfektion.<\/p>\n<p>E-cigarretter \u00e4r inte heller bra. E-cigarretterna \u00e5stadkommer f\u00f6rmodligen samma, men lindrigare, inflammationsprocesser som tobak. Ocks\u00e5 e-cigarretter medf\u00f6r allts\u00e5 en risk. I dagens l\u00e4ge \u00e4r det s\u00e4rskilt viktigt att dina lungor andas frisk luft och inga gifter.<\/p>\n<p>Din lungh\u00e4lsa f\u00f6rb\u00e4ttras snabbt d\u00e5 du slutar r\u00f6ka. R\u00f6kfrihet ger nytta som best\u00e5r ocks\u00e5 sedan coronapandemin g\u00e5tt \u00f6ver.\u201d<\/p>\n<p><strong>Professor Tuula Vasankari, Filha r.f.<\/strong><\/p>\n<h2>&nbsp;<\/h2>\n<h2>R\u00f6kfrihet l\u00f6nar sig s\u00e4rskilt nu<\/h2>\n<p><a href=\"https:\/\/suomenash.fi\/wp-content\/uploads\/2020\/03\/Kari-Reijula.jpg\"><img loading=\"lazy\" decoding=\"async\" width=\"300\" height=\"300\" class=\"size-medium wp-image-8592 alignleft\" src=\"https:\/\/suomenash.fi\/wp-content\/uploads\/2020\/03\/Kari-Reijula-300x300.jpg\" alt=\"\" srcset=\"https:\/\/suomenash.fi\/wp-content\/uploads\/2020\/03\/Kari-Reijula-300x300.jpg 300w, https:\/\/suomenash.fi\/wp-content\/uploads\/2020\/03\/Kari-Reijula-150x150.jpg 150w, https:\/\/suomenash.fi\/wp-content\/uploads\/2020\/03\/Kari-Reijula-768x768.jpg 768w, https:\/\/suomenash.fi\/wp-content\/uploads\/2020\/03\/Kari-Reijula-1024x1024.jpg 1024w, https:\/\/suomenash.fi\/wp-content\/uploads\/2020\/03\/Kari-Reijula.jpg 1067w\" sizes=\"auto, (max-width: 300px) 100vw, 300px\" \/><\/a>\u201dCoronavirusinfektionen \u00e4r s\u00e4rskilt allvarlig f\u00f6r dig som har n\u00e5gon kronisk sjukdom s\u00e4rskilt i lungorna, hj\u00e4rtat eller blodcirkulationen eller om du har diabetes. Om du slutar r\u00f6ka nu, \u00f6kar dina chanser att klara av ocks\u00e5 en mer allvarlig coronainfektion. Om du \u00e4r r\u00f6kfri, blir det l\u00e4ttare f\u00f6r personalen p\u00e5 sjukhuset att sk\u00f6ta dig.<\/p>\n<p>Du kan f\u00e5 st\u00f6d f\u00f6r att sluta r\u00f6ka. Du kan s\u00e5ledes ringa f\u00f6retagsh\u00e4lsov\u00e5rden eller h\u00e4lsocentralen eller upps\u00f6ka dem p\u00e5 n\u00e4tet. Chatr\u00e5dgivning eller videomottagningar finns att f\u00e5 inom h\u00e4lsov\u00e5rden och hj\u00e4lper dig ocks\u00e5 att sluta r\u00f6ka. R\u00f6kstopp h\u00e4r och nu \u00e4r en utomordentlig orsak att kontakta h\u00e4lsov\u00e5rden! H\u00e4lsov\u00e5rdsprofessionella hj\u00e4lper dig bli kvitt tobaken med saklig r\u00e5dgingingg och vid behov med l\u00e4kemedel om l\u00e4karen anser det gynna dig.\u201d<\/p>\n<p><strong>Professor Kari Reijula, ordf\u00f6rande f\u00f6r n\u00e4tverket Ett r\u00f6kfritt Finland 2030<\/strong><\/p>\n<h2>&nbsp;<\/h2>\n<h2>St\u00f6d f\u00f6r att sluta r\u00f6ka<\/h2>\n<p>Det finns st\u00f6d och r\u00e5dgivning tillg\u00e4ngligt f\u00f6r att sluta anv\u00e4nda tobaks- och nikotinprodukter. Effektiva avv\u00e4njningstj\u00e4nster kan v\u00e4sentligt hj\u00e4lpa dem som str\u00e4var efter att bli fria fr\u00e5n nikotinberoende. <a href=\"https:\/\/suomenash.fi\/tupakka\/stumppaa-tahan\/\"><strong>L\u00e4s mer (p\u00e5 finska)<\/strong><\/a><\/p>\n<p>L\u00e4s ocks\u00e5 med. dr <strong>Maria Juuselas<\/strong> intervju: <a href=\"https:\/\/suomenash.fi\/uutiset\/2020\/nikotiinilla-ehka-vaikutusta-koronainfektioon\/\" target=\"_blank\" rel=\"noopener noreferrer\">Nikotiinilla ehk\u00e4 vaikutusta koronainfektioon<\/a>.<\/p>\n<p><a href=\"https:\/\/suomenash.fi\/wp-content\/uploads\/2020\/12\/Ge_dina_lungor_en_chans.png\"><img loading=\"lazy\" decoding=\"async\" class=\"alignnone wp-image-11338\" src=\"https:\/\/suomenash.fi\/wp-content\/uploads\/2020\/12\/Ge_dina_lungor_en_chans-1024x683.png\" alt=\"\" width=\"678\" height=\"452\" srcset=\"https:\/\/suomenash.fi\/wp-content\/uploads\/2020\/12\/Ge_dina_lungor_en_chans-1024x683.png 1024w, https:\/\/suomenash.fi\/wp-content\/uploads\/2020\/12\/Ge_dina_lungor_en_chans-300x200.png 300w, https:\/\/suomenash.fi\/wp-content\/uploads\/2020\/12\/Ge_dina_lungor_en_chans-768x512.png 768w, https:\/\/suomenash.fi\/wp-content\/uploads\/2020\/12\/Ge_dina_lungor_en_chans.png 1200w\" sizes=\"auto, (max-width: 678px) 100vw, 678px\" \/><\/a><\/p>\n<p>Evidently Cochrane: <a href=\"https:\/\/www.evidentlycochrane.net\/smoking-and-coronavirus\/\" target=\"_blank\" rel=\"noopener noreferrer\">Smoking and coronavirus (COVID-19): time to quit<\/a><br>Arch Intern Med. 2004;164:2206-2216: <a href=\"https:\/\/jamanetwork.com\/journals\/jamainternalmedicine\/fullarticle\/217624\" target=\"_blank\" rel=\"noopener noreferrer\">Cigarette Smoking and Infection <\/a><br>WHO: <a href=\"https:\/\/www.who.int\/health-topics\/coronavirus#tab=tab_1\" target=\"_blank\" rel=\"noopener noreferrer\">Coronavirus<\/a><br>WHO: <a href=\"https:\/\/www.who.int\/emergencies\/diseases\/novel-coronavirus-2019\/question-and-answers-hub\/q-a-detail\/q-a-on-smoking-and-covid-19\" target=\"_blank\" rel=\"noopener noreferrer\">Coronavirus disease (COVID-19): Tobacco<\/a><br>Journal of Adolescent Health 67 (2020):<a href=\"https:\/\/www.sciencedirect.com\/science\/article\/pii\/S1054139X20303992\" target=\"_blank\" rel=\"noopener noreferrer\"> Association Between Youth Smoking, Electronic Cigarette Use, and COVID-19<\/a><br>Centers for Disease Control and Prevention CDC: <a href=\"https:\/\/www.cdc.gov\/coronavirus\/2019-ncov\/need-extra-precautions\/people-with-medical-conditions.html?CDC_AA_refVal=https%3A%2F%2Fwww.cdc.gov%2Fcoronavirus%2F2019-ncov%2Fneed-extra-precautions%2Fgroups-at-higher-risk.html\" target=\"_blank\" rel=\"noopener noreferrer\">Coronavirus Disease 2019 (COVID-19) People with Certain Medical Conditions<\/a><\/p>\n<\/div>\n<\/div>\n","protected":false},"excerpt":{"rendered":"R\u00f6kning och coronaviruset Forskning visar att r\u00f6kare har st\u00f6rre risk f\u00f6r lunginfektioner, bl.a. lunginflammation och influensa, \u00e4n icke-r\u00f6kare. Coronaviruset angriper&#8230; <a class=\"view-article\" href=\"https:\/\/suomenash.fi\/sv\/rokning-och-coronaviruset\/\">View Article<\/a>","protected":false},"author":54,"featured_media":5916,"parent":0,"menu_order":0,"comment_status":"closed","ping_status":"closed","template":"","meta":{"_acf_changed":false,"footnotes":""},"categories":[],"tags":[],"coauthors":[231],"class_list":["post-10663","page","type-page","status-publish","has-post-thumbnail","hentry"],"acf":[],"yoast_head":"<!-- This site is optimized with the Yoast SEO plugin v27.3 - https:\/\/yoast.com\/product\/yoast-seo-wordpress\/ -->\n<title>R\u00f6kning och coronaviruset - Suomen ASH ry | Suomen ASH ry<\/title>\n<meta name=\"robots\" content=\"index, follow, max-snippet:-1, max-image-preview:large, max-video-preview:-1\" \/>\n<link rel=\"canonical\" href=\"https:\/\/suomenash.fi\/sv\/rokning-och-coronaviruset\/\" \/>\n<meta property=\"og:locale\" content=\"sv_SE\" \/>\n<meta property=\"og:type\" content=\"article\" \/>\n<meta property=\"og:title\" content=\"R\u00f6kning och coronaviruset - Suomen ASH ry\" \/>\n<meta property=\"og:description\" content=\"R\u00f6kning och coronaviruset Forskning visar att r\u00f6kare har st\u00f6rre risk f\u00f6r lunginfektioner, bl.a. lunginflammation och influensa, \u00e4n icke-r\u00f6kare. Coronaviruset angriper... View Article\" \/>\n<meta property=\"og:url\" content=\"https:\/\/suomenash.fi\/sv\/rokning-och-coronaviruset\/\" \/>\n<meta property=\"og:site_name\" content=\"Suomen ASH ry\" \/>\n<meta property=\"article:modified_time\" content=\"2023-11-15T12:39:35+00:00\" \/>\n<meta property=\"og:image\" content=\"https:\/\/suomenash.fi\/wp-content\/uploads\/2019\/05\/iStock-619636894.jpg\" \/>\n\t<meta property=\"og:image:width\" content=\"1181\" \/>\n\t<meta property=\"og:image:height\" content=\"787\" \/>\n\t<meta property=\"og:image:type\" content=\"image\/jpeg\" \/>\n<meta name=\"twitter:card\" content=\"summary_large_image\" \/>\n<meta name=\"twitter:label1\" content=\"Ber\u00e4knad l\u00e4stid\" \/>\n\t<meta name=\"twitter:data1\" content=\"6 minuter\" \/>\n\t<meta name=\"twitter:label2\" content=\"Skriven av\" \/>\n\t<meta name=\"twitter:data2\" content=\"Elina Ala-Heikkil\u00e4\" \/>\n<script type=\"application\/ld+json\" class=\"yoast-schema-graph\">{\"@context\":\"https:\\\/\\\/schema.org\",\"@graph\":[{\"@type\":\"WebPage\",\"@id\":\"https:\\\/\\\/suomenash.fi\\\/sv\\\/rokning-och-coronaviruset\\\/\",\"url\":\"https:\\\/\\\/suomenash.fi\\\/sv\\\/rokning-och-coronaviruset\\\/\",\"name\":\"R\u00f6kning och coronaviruset - Suomen ASH ry\",\"isPartOf\":{\"@id\":\"https:\\\/\\\/suomenash.fi\\\/#website\"},\"primaryImageOfPage\":{\"@id\":\"https:\\\/\\\/suomenash.fi\\\/sv\\\/rokning-och-coronaviruset\\\/#primaryimage\"},\"image\":{\"@id\":\"https:\\\/\\\/suomenash.fi\\\/sv\\\/rokning-och-coronaviruset\\\/#primaryimage\"},\"thumbnailUrl\":\"https:\\\/\\\/suomenash.fi\\\/wp-content\\\/uploads\\\/2019\\\/05\\\/iStock-619636894.jpg\",\"datePublished\":\"2020-11-25T11:55:28+00:00\",\"dateModified\":\"2023-11-15T12:39:35+00:00\",\"breadcrumb\":{\"@id\":\"https:\\\/\\\/suomenash.fi\\\/sv\\\/rokning-och-coronaviruset\\\/#breadcrumb\"},\"inLanguage\":\"sv-SE\",\"potentialAction\":[{\"@type\":\"ReadAction\",\"target\":[\"https:\\\/\\\/suomenash.fi\\\/sv\\\/rokning-och-coronaviruset\\\/\"]}]},{\"@type\":\"ImageObject\",\"inLanguage\":\"sv-SE\",\"@id\":\"https:\\\/\\\/suomenash.fi\\\/sv\\\/rokning-och-coronaviruset\\\/#primaryimage\",\"url\":\"https:\\\/\\\/suomenash.fi\\\/wp-content\\\/uploads\\\/2019\\\/05\\\/iStock-619636894.jpg\",\"contentUrl\":\"https:\\\/\\\/suomenash.fi\\\/wp-content\\\/uploads\\\/2019\\\/05\\\/iStock-619636894.jpg\",\"width\":1181,\"height\":787,\"caption\":\"Hospital corridor and doctor as a blurred defocused background\"},{\"@type\":\"BreadcrumbList\",\"@id\":\"https:\\\/\\\/suomenash.fi\\\/sv\\\/rokning-och-coronaviruset\\\/#breadcrumb\",\"itemListElement\":[{\"@type\":\"ListItem\",\"position\":1,\"name\":\"Home\",\"item\":\"https:\\\/\\\/suomenash.fi\\\/sv\\\/\"},{\"@type\":\"ListItem\",\"position\":2,\"name\":\"R\u00f6kning och coronaviruset\"}]},{\"@type\":\"WebSite\",\"@id\":\"https:\\\/\\\/suomenash.fi\\\/#website\",\"url\":\"https:\\\/\\\/suomenash.fi\\\/\",\"name\":\"Suomen ASH ry\",\"description\":\"Just another WordPress site\",\"potentialAction\":[{\"@type\":\"SearchAction\",\"target\":{\"@type\":\"EntryPoint\",\"urlTemplate\":\"https:\\\/\\\/suomenash.fi\\\/?s={search_term_string}\"},\"query-input\":{\"@type\":\"PropertyValueSpecification\",\"valueRequired\":true,\"valueName\":\"search_term_string\"}}],\"inLanguage\":\"sv-SE\"}]}<\/script>\n<!-- \/ Yoast SEO plugin. -->","yoast_head_json":{"title":"R\u00f6kning och coronaviruset - Suomen ASH ry | Suomen ASH ry","robots":{"index":"index","follow":"follow","max-snippet":"max-snippet:-1","max-image-preview":"max-image-preview:large","max-video-preview":"max-video-preview:-1"},"canonical":"https:\/\/suomenash.fi\/sv\/rokning-och-coronaviruset\/","og_locale":"sv_SE","og_type":"article","og_title":"R\u00f6kning och coronaviruset - Suomen ASH ry","og_description":"R\u00f6kning och coronaviruset Forskning visar att r\u00f6kare har st\u00f6rre risk f\u00f6r lunginfektioner, bl.a. lunginflammation och influensa, \u00e4n icke-r\u00f6kare. Coronaviruset angriper... View Article","og_url":"https:\/\/suomenash.fi\/sv\/rokning-och-coronaviruset\/","og_site_name":"Suomen ASH ry","article_modified_time":"2023-11-15T12:39:35+00:00","og_image":[{"width":1181,"height":787,"url":"https:\/\/suomenash.fi\/wp-content\/uploads\/2019\/05\/iStock-619636894.jpg","type":"image\/jpeg"}],"twitter_card":"summary_large_image","twitter_misc":{"Ber\u00e4knad l\u00e4stid":"6 minuter","Skriven av":"Elina Ala-Heikkil\u00e4"},"schema":{"@context":"https:\/\/schema.org","@graph":[{"@type":"WebPage","@id":"https:\/\/suomenash.fi\/sv\/rokning-och-coronaviruset\/","url":"https:\/\/suomenash.fi\/sv\/rokning-och-coronaviruset\/","name":"R\u00f6kning och coronaviruset - Suomen ASH ry","isPartOf":{"@id":"https:\/\/suomenash.fi\/#website"},"primaryImageOfPage":{"@id":"https:\/\/suomenash.fi\/sv\/rokning-och-coronaviruset\/#primaryimage"},"image":{"@id":"https:\/\/suomenash.fi\/sv\/rokning-och-coronaviruset\/#primaryimage"},"thumbnailUrl":"https:\/\/suomenash.fi\/wp-content\/uploads\/2019\/05\/iStock-619636894.jpg","datePublished":"2020-11-25T11:55:28+00:00","dateModified":"2023-11-15T12:39:35+00:00","breadcrumb":{"@id":"https:\/\/suomenash.fi\/sv\/rokning-och-coronaviruset\/#breadcrumb"},"inLanguage":"sv-SE","potentialAction":[{"@type":"ReadAction","target":["https:\/\/suomenash.fi\/sv\/rokning-och-coronaviruset\/"]}]},{"@type":"ImageObject","inLanguage":"sv-SE","@id":"https:\/\/suomenash.fi\/sv\/rokning-och-coronaviruset\/#primaryimage","url":"https:\/\/suomenash.fi\/wp-content\/uploads\/2019\/05\/iStock-619636894.jpg","contentUrl":"https:\/\/suomenash.fi\/wp-content\/uploads\/2019\/05\/iStock-619636894.jpg","width":1181,"height":787,"caption":"Hospital corridor and doctor as a blurred defocused background"},{"@type":"BreadcrumbList","@id":"https:\/\/suomenash.fi\/sv\/rokning-och-coronaviruset\/#breadcrumb","itemListElement":[{"@type":"ListItem","position":1,"name":"Home","item":"https:\/\/suomenash.fi\/sv\/"},{"@type":"ListItem","position":2,"name":"R\u00f6kning och coronaviruset"}]},{"@type":"WebSite","@id":"https:\/\/suomenash.fi\/#website","url":"https:\/\/suomenash.fi\/","name":"Suomen ASH ry","description":"Just another WordPress site","potentialAction":[{"@type":"SearchAction","target":{"@type":"EntryPoint","urlTemplate":"https:\/\/suomenash.fi\/?s={search_term_string}"},"query-input":{"@type":"PropertyValueSpecification","valueRequired":true,"valueName":"search_term_string"}}],"inLanguage":"sv-SE"}]}},"_links":{"self":[{"href":"https:\/\/suomenash.fi\/sv\/wp-json\/wp\/v2\/pages\/10663","targetHints":{"allow":["GET"]}}],"collection":[{"href":"https:\/\/suomenash.fi\/sv\/wp-json\/wp\/v2\/pages"}],"about":[{"href":"https:\/\/suomenash.fi\/sv\/wp-json\/wp\/v2\/types\/page"}],"author":[{"embeddable":true,"href":"https:\/\/suomenash.fi\/sv\/wp-json\/wp\/v2\/users\/54"}],"replies":[{"embeddable":true,"href":"https:\/\/suomenash.fi\/sv\/wp-json\/wp\/v2\/comments?post=10663"}],"version-history":[{"count":10,"href":"https:\/\/suomenash.fi\/sv\/wp-json\/wp\/v2\/pages\/10663\/revisions"}],"predecessor-version":[{"id":18120,"href":"https:\/\/suomenash.fi\/sv\/wp-json\/wp\/v2\/pages\/10663\/revisions\/18120"}],"wp:featuredmedia":[{"embeddable":true,"href":"https:\/\/suomenash.fi\/sv\/wp-json\/wp\/v2\/media\/5916"}],"wp:attachment":[{"href":"https:\/\/suomenash.fi\/sv\/wp-json\/wp\/v2\/media?parent=10663"}],"wp:term":[{"taxonomy":"category","embeddable":true,"href":"https:\/\/suomenash.fi\/sv\/wp-json\/wp\/v2\/categories?post=10663"},{"taxonomy":"post_tag","embeddable":true,"href":"https:\/\/suomenash.fi\/sv\/wp-json\/wp\/v2\/tags?post=10663"},{"taxonomy":"author","embeddable":true,"href":"https:\/\/suomenash.fi\/sv\/wp-json\/wp\/v2\/coauthors?post=10663"}],"curies":[{"name":"wp","href":"https:\/\/api.w.org\/{rel}","templated":true}]}}