{"id":2483,"date":"2018-03-26T10:56:16","date_gmt":"2018-03-26T08:56:16","guid":{"rendered":"https:\/\/suomenash.upcloud-1.web-veistamo.fi\/?page_id=2483"},"modified":"2024-03-21T11:57:38","modified_gmt":"2024-03-21T09:57:38","slug":"waterpipe","status":"publish","type":"page","link":"https:\/\/suomenash.fi\/en\/facts-about-smoking\/waterpipe\/","title":{"rendered":"Waterpipe"},"content":{"rendered":"<h1 class=\"page-title\">Waterpipe<\/h1>\n<p>Waterpipes are not commonly used among adults and the use among young people\u00a0 mostly experimental\u00a0 in Finland.<\/p>\n<p>Based on the <a href=\"http:\/\/julkaisut.valtioneuvosto.fi\/bitstream\/handle\/10024\/161741\/STM_2019_56_Nuorten_terveystapatutkimus_2019.pdf?sequence=1&amp;isAllowed=y\" target=\"_blank\" rel=\"noopener noreferrer\">Adolescent Health and Lifestyle Survey in 2019<\/a>, 21 per cent of 18-year-old boys and 20 per cent of girls have used waterpipe at least once. Among 16-year-olds, the corresponding figures are 13 per cent of boys and 8 per cent of girls.<\/p>\n<p>The Tobacco Act lists herbal products used in waterpipes as tobacco substitutes. The sales of tobacco substitutes to people under the age of 18 and the marketing of these products is prohibited. If\u00a0 tobacco is smoked in the waterpipe, the bans and restrictions governing\u00a0 cigarettes apply. Thus, the use of the waterpipe is prohibited in premises in which smoking is not allowed.<\/p>\n<p>However, the ban on charactering flavors or aromas that is applied to tobacco products is not applied to the waterpipe. In order to make it more appealing, fruit flavors, herbs and flowers, among other things, are often added to the tobacco mixture.<\/p>\n","protected":false},"excerpt":{"rendered":"Waterpipe Waterpipes are not commonly used among adults and the use among young people\u00a0 mostly experimental\u00a0 in Finland. Based on&#8230; <a class=\"view-article\" href=\"https:\/\/suomenash.fi\/en\/facts-about-smoking\/waterpipe\/\">View Article<\/a>","protected":false},"author":8,"featured_media":1892,"parent":2476,"menu_order":40,"comment_status":"closed","ping_status":"closed","template":"","meta":{"_acf_changed":false,"footnotes":""},"categories":[],"tags":[],"coauthors":[16],"class_list":["post-2483","page","type-page","status-publish","has-post-thumbnail","hentry"],"acf":[],"yoast_head":"<!-- This site is optimized with the Yoast SEO plugin v27.4 - https:\/\/yoast.com\/product\/yoast-seo-wordpress\/ -->\n<title>Waterpipe - Suomen ASH ry | Suomen ASH ry<\/title>\n<meta name=\"robots\" content=\"index, follow, max-snippet:-1, max-image-preview:large, max-video-preview:-1\" \/>\n<link rel=\"canonical\" href=\"https:\/\/suomenash.fi\/en\/facts-about-smoking\/waterpipe\/\" \/>\n<meta property=\"og:locale\" content=\"en_US\" \/>\n<meta property=\"og:type\" content=\"article\" \/>\n<meta property=\"og:title\" content=\"Waterpipe - Suomen ASH ry\" \/>\n<meta property=\"og:description\" content=\"Waterpipe Waterpipes are not commonly used among adults and the use among young people\u00a0 mostly experimental\u00a0 in Finland. Based on... View Article\" \/>\n<meta property=\"og:url\" content=\"https:\/\/suomenash.fi\/en\/facts-about-smoking\/waterpipe\/\" \/>\n<meta property=\"og:site_name\" content=\"Suomen ASH ry\" \/>\n<meta property=\"article:modified_time\" content=\"2024-03-21T09:57:38+00:00\" \/>\n<meta property=\"og:image\" content=\"https:\/\/suomenash.fi\/wp-content\/uploads\/2017\/11\/Suomen-ASH_ympariston-tupakansavu-e1515743872864.jpg\" \/>\n\t<meta property=\"og:image:width\" content=\"2000\" \/>\n\t<meta property=\"og:image:height\" content=\"1260\" \/>\n\t<meta property=\"og:image:type\" content=\"image\/jpeg\" \/>\n<meta name=\"twitter:card\" content=\"summary_large_image\" \/>\n<meta name=\"twitter:label1\" content=\"Est. reading time\" \/>\n\t<meta name=\"twitter:data1\" content=\"2 minutes\" \/>\n\t<meta name=\"twitter:label2\" content=\"Written by\" \/>\n\t<meta name=\"twitter:data2\" content=\"Pirjo\" \/>\n<script type=\"application\/ld+json\" class=\"yoast-schema-graph\">{\"@context\":\"https:\\\/\\\/schema.org\",\"@graph\":[{\"@type\":\"WebPage\",\"@id\":\"https:\\\/\\\/suomenash.fi\\\/en\\\/facts-about-smoking\\\/waterpipe\\\/\",\"url\":\"https:\\\/\\\/suomenash.fi\\\/en\\\/facts-about-smoking\\\/waterpipe\\\/\",\"name\":\"Waterpipe - Suomen ASH ry\",\"isPartOf\":{\"@id\":\"https:\\\/\\\/suomenash.fi\\\/#website\"},\"primaryImageOfPage\":{\"@id\":\"https:\\\/\\\/suomenash.fi\\\/en\\\/facts-about-smoking\\\/waterpipe\\\/#primaryimage\"},\"image\":{\"@id\":\"https:\\\/\\\/suomenash.fi\\\/en\\\/facts-about-smoking\\\/waterpipe\\\/#primaryimage\"},\"thumbnailUrl\":\"https:\\\/\\\/suomenash.fi\\\/wp-content\\\/uploads\\\/2017\\\/11\\\/Suomen-ASH_ympariston-tupakansavu-e1515743872864.jpg\",\"datePublished\":\"2018-03-26T08:56:16+00:00\",\"dateModified\":\"2024-03-21T09:57:38+00:00\",\"breadcrumb\":{\"@id\":\"https:\\\/\\\/suomenash.fi\\\/en\\\/facts-about-smoking\\\/waterpipe\\\/#breadcrumb\"},\"inLanguage\":\"en-US\",\"potentialAction\":[{\"@type\":\"ReadAction\",\"target\":[\"https:\\\/\\\/suomenash.fi\\\/en\\\/facts-about-smoking\\\/waterpipe\\\/\"]}]},{\"@type\":\"ImageObject\",\"inLanguage\":\"en-US\",\"@id\":\"https:\\\/\\\/suomenash.fi\\\/en\\\/facts-about-smoking\\\/waterpipe\\\/#primaryimage\",\"url\":\"https:\\\/\\\/suomenash.fi\\\/wp-content\\\/uploads\\\/2017\\\/11\\\/Suomen-ASH_ympariston-tupakansavu-e1515743872864.jpg\",\"contentUrl\":\"https:\\\/\\\/suomenash.fi\\\/wp-content\\\/uploads\\\/2017\\\/11\\\/Suomen-ASH_ympariston-tupakansavu-e1515743872864.jpg\",\"width\":2000,\"height\":1260,\"caption\":\"Ymp\u00e4rist\u00f6n tupakansavu, is\u00e4 ja lapsi puistossa\"},{\"@type\":\"BreadcrumbList\",\"@id\":\"https:\\\/\\\/suomenash.fi\\\/en\\\/facts-about-smoking\\\/waterpipe\\\/#breadcrumb\",\"itemListElement\":[{\"@type\":\"ListItem\",\"position\":1,\"name\":\"Home\",\"item\":\"https:\\\/\\\/suomenash.fi\\\/en\\\/\"},{\"@type\":\"ListItem\",\"position\":2,\"name\":\"Tobacco and nicotine\",\"item\":\"https:\\\/\\\/suomenash.fi\\\/en\\\/facts-about-smoking\\\/\"},{\"@type\":\"ListItem\",\"position\":3,\"name\":\"Waterpipe\"}]},{\"@type\":\"WebSite\",\"@id\":\"https:\\\/\\\/suomenash.fi\\\/#website\",\"url\":\"https:\\\/\\\/suomenash.fi\\\/\",\"name\":\"Suomen ASH ry\",\"description\":\"Just another WordPress site\",\"potentialAction\":[{\"@type\":\"SearchAction\",\"target\":{\"@type\":\"EntryPoint\",\"urlTemplate\":\"https:\\\/\\\/suomenash.fi\\\/?s={search_term_string}\"},\"query-input\":{\"@type\":\"PropertyValueSpecification\",\"valueRequired\":true,\"valueName\":\"search_term_string\"}}],\"inLanguage\":\"en-US\"}]}<\/script>\n<!-- \/ Yoast SEO plugin. -->","yoast_head_json":{"title":"Waterpipe - Suomen ASH ry | Suomen ASH ry","robots":{"index":"index","follow":"follow","max-snippet":"max-snippet:-1","max-image-preview":"max-image-preview:large","max-video-preview":"max-video-preview:-1"},"canonical":"https:\/\/suomenash.fi\/en\/facts-about-smoking\/waterpipe\/","og_locale":"en_US","og_type":"article","og_title":"Waterpipe - Suomen ASH ry","og_description":"Waterpipe Waterpipes are not commonly used among adults and the use among young people\u00a0 mostly experimental\u00a0 in Finland. Based on... View Article","og_url":"https:\/\/suomenash.fi\/en\/facts-about-smoking\/waterpipe\/","og_site_name":"Suomen ASH ry","article_modified_time":"2024-03-21T09:57:38+00:00","og_image":[{"width":2000,"height":1260,"url":"https:\/\/suomenash.fi\/wp-content\/uploads\/2017\/11\/Suomen-ASH_ympariston-tupakansavu-e1515743872864.jpg","type":"image\/jpeg"}],"twitter_card":"summary_large_image","twitter_misc":{"Est. reading time":"2 minutes","Written by":"Pirjo"},"schema":{"@context":"https:\/\/schema.org","@graph":[{"@type":"WebPage","@id":"https:\/\/suomenash.fi\/en\/facts-about-smoking\/waterpipe\/","url":"https:\/\/suomenash.fi\/en\/facts-about-smoking\/waterpipe\/","name":"Waterpipe - Suomen ASH ry","isPartOf":{"@id":"https:\/\/suomenash.fi\/#website"},"primaryImageOfPage":{"@id":"https:\/\/suomenash.fi\/en\/facts-about-smoking\/waterpipe\/#primaryimage"},"image":{"@id":"https:\/\/suomenash.fi\/en\/facts-about-smoking\/waterpipe\/#primaryimage"},"thumbnailUrl":"https:\/\/suomenash.fi\/wp-content\/uploads\/2017\/11\/Suomen-ASH_ympariston-tupakansavu-e1515743872864.jpg","datePublished":"2018-03-26T08:56:16+00:00","dateModified":"2024-03-21T09:57:38+00:00","breadcrumb":{"@id":"https:\/\/suomenash.fi\/en\/facts-about-smoking\/waterpipe\/#breadcrumb"},"inLanguage":"en-US","potentialAction":[{"@type":"ReadAction","target":["https:\/\/suomenash.fi\/en\/facts-about-smoking\/waterpipe\/"]}]},{"@type":"ImageObject","inLanguage":"en-US","@id":"https:\/\/suomenash.fi\/en\/facts-about-smoking\/waterpipe\/#primaryimage","url":"https:\/\/suomenash.fi\/wp-content\/uploads\/2017\/11\/Suomen-ASH_ympariston-tupakansavu-e1515743872864.jpg","contentUrl":"https:\/\/suomenash.fi\/wp-content\/uploads\/2017\/11\/Suomen-ASH_ympariston-tupakansavu-e1515743872864.jpg","width":2000,"height":1260,"caption":"Ymp\u00e4rist\u00f6n tupakansavu, is\u00e4 ja lapsi puistossa"},{"@type":"BreadcrumbList","@id":"https:\/\/suomenash.fi\/en\/facts-about-smoking\/waterpipe\/#breadcrumb","itemListElement":[{"@type":"ListItem","position":1,"name":"Home","item":"https:\/\/suomenash.fi\/en\/"},{"@type":"ListItem","position":2,"name":"Tobacco and nicotine","item":"https:\/\/suomenash.fi\/en\/facts-about-smoking\/"},{"@type":"ListItem","position":3,"name":"Waterpipe"}]},{"@type":"WebSite","@id":"https:\/\/suomenash.fi\/#website","url":"https:\/\/suomenash.fi\/","name":"Suomen ASH ry","description":"Just another WordPress site","potentialAction":[{"@type":"SearchAction","target":{"@type":"EntryPoint","urlTemplate":"https:\/\/suomenash.fi\/?s={search_term_string}"},"query-input":{"@type":"PropertyValueSpecification","valueRequired":true,"valueName":"search_term_string"}}],"inLanguage":"en-US"}]}},"_links":{"self":[{"href":"https:\/\/suomenash.fi\/en\/wp-json\/wp\/v2\/pages\/2483","targetHints":{"allow":["GET"]}}],"collection":[{"href":"https:\/\/suomenash.fi\/en\/wp-json\/wp\/v2\/pages"}],"about":[{"href":"https:\/\/suomenash.fi\/en\/wp-json\/wp\/v2\/types\/page"}],"author":[{"embeddable":true,"href":"https:\/\/suomenash.fi\/en\/wp-json\/wp\/v2\/users\/8"}],"replies":[{"embeddable":true,"href":"https:\/\/suomenash.fi\/en\/wp-json\/wp\/v2\/comments?post=2483"}],"version-history":[{"count":5,"href":"https:\/\/suomenash.fi\/en\/wp-json\/wp\/v2\/pages\/2483\/revisions"}],"predecessor-version":[{"id":19280,"href":"https:\/\/suomenash.fi\/en\/wp-json\/wp\/v2\/pages\/2483\/revisions\/19280"}],"up":[{"embeddable":true,"href":"https:\/\/suomenash.fi\/en\/wp-json\/wp\/v2\/pages\/2476"}],"wp:featuredmedia":[{"embeddable":true,"href":"https:\/\/suomenash.fi\/en\/wp-json\/wp\/v2\/media\/1892"}],"wp:attachment":[{"href":"https:\/\/suomenash.fi\/en\/wp-json\/wp\/v2\/media?parent=2483"}],"wp:term":[{"taxonomy":"category","embeddable":true,"href":"https:\/\/suomenash.fi\/en\/wp-json\/wp\/v2\/categories?post=2483"},{"taxonomy":"post_tag","embeddable":true,"href":"https:\/\/suomenash.fi\/en\/wp-json\/wp\/v2\/tags?post=2483"},{"taxonomy":"author","embeddable":true,"href":"https:\/\/suomenash.fi\/en\/wp-json\/wp\/v2\/coauthors?post=2483"}],"curies":[{"name":"wp","href":"https:\/\/api.w.org\/{rel}","templated":true}]}}